{"id":7447,"date":"2023-04-12T21:06:44","date_gmt":"2023-04-12T19:06:44","guid":{"rendered":"https:\/\/readytopole.pl\/?post_type=product&#038;p=7447"},"modified":"2024-12-30T14:28:01","modified_gmt":"2024-12-30T13:28:01","slug":"voucher-podarunkowy-elektroniczny","status":"publish","type":"product","link":"https:\/\/readytopole.pl\/en\/product\/voucher-podarunkowy-elektroniczny\/","title":{"rendered":"Gift voucher digital"},"content":{"rendered":"\t\t<div data-elementor-type=\"wp-post\" data-elementor-id=\"7447\" class=\"elementor elementor-7447\">\n\t\t\t\t\t\t<section class=\"elementor-section elementor-top-section elementor-element elementor-element-ebeabac elementor-section-height-min-height elementor-section-boxed elementor-section-height-default elementor-section-items-middle\" data-id=\"ebeabac\" data-element_type=\"section\" data-e-type=\"section\">\n\t\t\t\t\t\t<div class=\"elementor-container elementor-column-gap-default\">\n\t\t\t\t\t<div class=\"elementor-column elementor-col-100 elementor-top-column elementor-element elementor-element-1de733e6\" data-id=\"1de733e6\" data-element_type=\"column\" data-e-type=\"column\">\n\t\t\t<div class=\"elementor-widget-wrap elementor-element-populated\">\n\t\t\t\t\t\t<div class=\"elementor-element elementor-element-62751d7 elementor-widget elementor-widget-toggle\" data-id=\"62751d7\" data-element_type=\"widget\" data-e-type=\"widget\" data-widget_type=\"toggle.default\">\n\t\t\t\t<div class=\"elementor-widget-container\">\n\t\t\t\t\t\t\t<div class=\"elementor-toggle\">\n\t\t\t\t\t\t\t<div class=\"elementor-toggle-item\">\n\t\t\t\t\t<div id=\"elementor-tab-title-1031\" class=\"elementor-tab-title\" data-tab=\"1\" role=\"button\" aria-controls=\"elementor-tab-content-1031\" aria-expanded=\"false\">\n\t\t\t\t\t\t\t\t\t\t\t\t<span class=\"elementor-toggle-icon elementor-toggle-icon-right\" aria-hidden=\"true\">\n\t\t\t\t\t\t\t\t\t\t\t\t\t\t\t<span class=\"elementor-toggle-icon-closed\"><i class=\"fas fa-plus\"><\/i><\/span>\n\t\t\t\t\t\t\t\t<span class=\"elementor-toggle-icon-opened\"><i class=\"elementor-toggle-icon-opened fas fa-plus\"><\/i><\/span>\n\t\t\t\t\t\t\t\t\t\t\t\t\t<\/span>\n\t\t\t\t\t\t\t\t\t\t\t\t<a class=\"elementor-toggle-title\" tabindex=\"0\">Opis<\/a>\n\t\t\t\t\t<\/div>\n\n\t\t\t\t\t<div id=\"elementor-tab-content-1031\" class=\"elementor-tab-content elementor-clearfix\" data-tab=\"1\" role=\"region\" aria-labelledby=\"elementor-tab-title-1031\"><p>Nie mo\u017cesz zdecydowa\u0107 si\u0119 na prezent dla fanki pole dance lub exotic dance? Wybierz voucher podarunkowy do sklepu Ready to pole i spe\u0142nij marzenie bliskiej Ci osoby.<\/p><p>Czasami trudno nam si\u0119 zdecydowa\u0107 na jedn\u0105 konkretn\u0105 rzecz. Czasami nie mamy wystarczaj\u0105cej wiedzy co mog\u0142oby si\u0119 komu\u015b dok\u0142adnie spodoba\u0107. A czasami po prostu nie mamy czasu na d\u0142ugie poszukiwania idealnego prezentu.<br \/>Voucher podarunkowy na zakupy w sklepie Ready to pole to idealny prezent szyty na miar\u0119.<\/p><p>W wersji elektronicznej voucheru otrzymujesz bon na adres e-mailowy \u2013 Tw\u00f3j lub wskazanej przez Ciebie osoby. Daj nam tylko zna\u0107 w uwagach do zam\u00f3wienia.<br \/>Je\u017celi jednak wolisz wersj\u0119 wydrukowan\u0105 voucheru przejd\u017a <a href=\"https:\/\/readytopole.pl\/produkt\/voucher-podarunkowy-drukowany\/\"><strong><u>tutaj<\/u><\/strong><\/a>.<\/p><p>Kwot\u0119 voucheru podarunkowego elektronicznego mo\u017cesz wybra\u0107 sam: 100 z\u0142, 150 z\u0142, 200 z\u0142, 250 z\u0142, 300 z\u0142, 500 z\u0142.<\/p><\/div>\n\t\t\t\t<\/div>\n\t\t\t\t\t\t\t<div class=\"elementor-toggle-item\">\n\t\t\t\t\t<div id=\"elementor-tab-title-1032\" class=\"elementor-tab-title\" data-tab=\"2\" role=\"button\" aria-controls=\"elementor-tab-content-1032\" aria-expanded=\"false\">\n\t\t\t\t\t\t\t\t\t\t\t\t<span class=\"elementor-toggle-icon elementor-toggle-icon-right\" aria-hidden=\"true\">\n\t\t\t\t\t\t\t\t\t\t\t\t\t\t\t<span class=\"elementor-toggle-icon-closed\"><i class=\"fas fa-plus\"><\/i><\/span>\n\t\t\t\t\t\t\t\t<span class=\"elementor-toggle-icon-opened\"><i class=\"elementor-toggle-icon-opened fas fa-plus\"><\/i><\/span>\n\t\t\t\t\t\t\t\t\t\t\t\t\t<\/span>\n\t\t\t\t\t\t\t\t\t\t\t\t<a class=\"elementor-toggle-title\" tabindex=\"0\">Wysy\u0142ka i zwroty<\/a>\n\t\t\t\t\t<\/div>\n\n\t\t\t\t\t<div id=\"elementor-tab-content-1032\" class=\"elementor-tab-content elementor-clearfix\" data-tab=\"2\" role=\"region\" aria-labelledby=\"elementor-tab-title-1032\"><p>Voucher w wersji elektronicznej wysy\u0142any jest do Ciebie w formacie pdf na adres e-mailowy \u2013 Tw\u00f3j lub wskazanej przez Ciebie osoby. Daj nam tylko zna\u0107 w uwagach do zam\u00f3wienia.<br \/>Vouchery podarunkowe nie podlegaj\u0105 zwrotom. Przemy\u015bl sw\u00f3j zakup.<\/p><\/div>\n\t\t\t\t<\/div>\n\t\t\t\t\t\t\t<div class=\"elementor-toggle-item\">\n\t\t\t\t\t<div id=\"elementor-tab-title-1033\" class=\"elementor-tab-title\" data-tab=\"3\" role=\"button\" aria-controls=\"elementor-tab-content-1033\" aria-expanded=\"false\">\n\t\t\t\t\t\t\t\t\t\t\t\t<span class=\"elementor-toggle-icon elementor-toggle-icon-right\" aria-hidden=\"true\">\n\t\t\t\t\t\t\t\t\t\t\t\t\t\t\t<span class=\"elementor-toggle-icon-closed\"><i class=\"fas fa-plus\"><\/i><\/span>\n\t\t\t\t\t\t\t\t<span class=\"elementor-toggle-icon-opened\"><i class=\"elementor-toggle-icon-opened fas fa-plus\"><\/i><\/span>\n\t\t\t\t\t\t\t\t\t\t\t\t\t<\/span>\n\t\t\t\t\t\t\t\t\t\t\t\t<a class=\"elementor-toggle-title\" tabindex=\"0\">Cena<\/a>\n\t\t\t\t\t<\/div>\n\n\t\t\t\t\t<div id=\"elementor-tab-content-1033\" class=\"elementor-tab-content elementor-clearfix\" data-tab=\"3\" role=\"region\" aria-labelledby=\"elementor-tab-title-1033\"><p>Cena odpowiada kwocie voucheru.<\/p><p><!-- ustawienie czarnego obramowania tabeli w CSS --><\/p><\/div>\n\t\t\t\t<\/div>\n\t\t\t\t\t\t\t\t\t\t<script type=\"application\/ld+json\">{\"@context\":\"https:\\\/\\\/schema.org\",\"@type\":\"FAQPage\",\"mainEntity\":[{\"@type\":\"Question\",\"name\":\"Opis\",\"acceptedAnswer\":{\"@type\":\"Answer\",\"text\":\"<p>Nie mo\\u017cesz zdecydowa\\u0107 si\\u0119 na prezent dla fanki pole dance lub exotic dance? Wybierz voucher podarunkowy do sklepu Ready to pole i spe\\u0142nij marzenie bliskiej Ci osoby.<\\\/p><p>Czasami trudno nam si\\u0119 zdecydowa\\u0107 na jedn\\u0105 konkretn\\u0105 rzecz. Czasami nie mamy wystarczaj\\u0105cej wiedzy co mog\\u0142oby si\\u0119 komu\\u015b dok\\u0142adnie spodoba\\u0107. A czasami po prostu nie mamy czasu na d\\u0142ugie poszukiwania idealnego prezentu.<br \\\/>Voucher podarunkowy na zakupy w sklepie Ready to pole to idealny prezent szyty na miar\\u0119.<\\\/p><p>W wersji elektronicznej voucheru otrzymujesz bon na adres e-mailowy \\u2013 Tw\\u00f3j lub wskazanej przez Ciebie osoby. Daj nam tylko zna\\u0107 w uwagach do zam\\u00f3wienia.<br \\\/>Je\\u017celi jednak wolisz wersj\\u0119 wydrukowan\\u0105 voucheru przejd\\u017a <a href=\\\"https:\\\/\\\/readytopole.pl\\\/produkt\\\/voucher-podarunkowy-drukowany\\\/\\\"><strong><u>tutaj<\\\/u><\\\/strong><\\\/a>.<\\\/p><p>Kwot\\u0119 voucheru podarunkowego elektronicznego mo\\u017cesz wybra\\u0107 sam: 100 z\\u0142, 150 z\\u0142, 200 z\\u0142, 250 z\\u0142, 300 z\\u0142, 500 z\\u0142.<\\\/p>\"}},{\"@type\":\"Question\",\"name\":\"Wysy\\u0142ka i zwroty\",\"acceptedAnswer\":{\"@type\":\"Answer\",\"text\":\"<p>Voucher w wersji elektronicznej wysy\\u0142any jest do Ciebie w formacie pdf na adres e-mailowy \\u2013 Tw\\u00f3j lub wskazanej przez Ciebie osoby. Daj nam tylko zna\\u0107 w uwagach do zam\\u00f3wienia.<br \\\/>Vouchery podarunkowe nie podlegaj\\u0105 zwrotom. Przemy\\u015bl sw\\u00f3j zakup.<\\\/p>\"}},{\"@type\":\"Question\",\"name\":\"Cena\",\"acceptedAnswer\":{\"@type\":\"Answer\",\"text\":\"<p>Cena odpowiada kwocie voucheru.<\\\/p><p><!-- ustawienie czarnego obramowania tabeli w CSS --><\\\/p>\"}}]}<\/script>\n\t\t\t\t\t<\/div>\n\t\t\t\t\t\t<\/div>\n\t\t\t\t<\/div>\n\t\t\t\t\t<\/div>\n\t\t<\/div>\n\t\t\t\t\t<\/div>\n\t\t<\/section>\n\t\t\t\t<\/div>\n\t\t","protected":false},"excerpt":{"rendered":"<p>Opis Nie mo\u017cesz zdecydowa\u0107 si\u0119 na prezent dla fanki pole dance lub exotic dance? Wybierz voucher podarunkowy do sklepu Ready to pole i spe\u0142nij marzenie bliskiej Ci osoby. Czasami trudno nam si\u0119 zdecydowa\u0107 na jedn\u0105 konkretn\u0105 rzecz. Czasami nie mamy wystarczaj\u0105cej wiedzy co mog\u0142oby si\u0119 komu\u015b dok\u0142adnie spodoba\u0107. A czasami po prostu nie mamy czasu [&hellip;]<\/p>\n","protected":false},"featured_media":7532,"template":"elementor_theme","meta":{"site-sidebar-layout":"default","site-content-layout":"default","ast-site-content-layout":"default","site-content-style":"default","site-sidebar-style":"default","ast-global-header-display":"","ast-banner-title-visibility":"","ast-main-header-display":"","ast-hfb-above-header-display":"","ast-hfb-below-header-display":"","ast-hfb-mobile-header-display":"","site-post-title":"","ast-breadcrumbs-content":"","ast-featured-img":"","footer-sml-layout":"","ast-disable-related-posts":"","theme-transparent-header-meta":"default","adv-header-id-meta":"","stick-header-meta":"","header-above-stick-meta":"","header-main-stick-meta":"","header-below-stick-meta":"","astra-migrate-meta-layouts":"set","ast-page-background-enabled":"default","ast-page-background-meta":{"desktop":{"background-color":"","background-image":"","background-repeat":"repeat","background-position":"center center","background-size":"auto","background-attachment":"scroll","background-type":"","background-media":"","overlay-type":"","overlay-color":"","overlay-opacity":"","overlay-gradient":""},"tablet":{"background-color":"","background-image":"","background-repeat":"repeat","background-position":"center center","background-size":"auto","background-attachment":"scroll","background-type":"","background-media":"","overlay-type":"","overlay-color":"","overlay-opacity":"","overlay-gradient":""},"mobile":{"background-color":"","background-image":"","background-repeat":"repeat","background-position":"center center","background-size":"auto","background-attachment":"scroll","background-type":"","background-media":"","overlay-type":"","overlay-color":"","overlay-opacity":"","overlay-gradient":""}},"ast-content-background-meta":{"desktop":{"background-color":"var(--ast-global-color-5)","background-image":"","background-repeat":"repeat","background-position":"center center","background-size":"auto","background-attachment":"scroll","background-type":"","background-media":"","overlay-type":"","overlay-color":"","overlay-opacity":"","overlay-gradient":""},"tablet":{"background-color":"var(--ast-global-color-5)","background-image":"","background-repeat":"repeat","background-position":"center center","background-size":"auto","background-attachment":"scroll","background-type":"","background-media":"","overlay-type":"","overlay-color":"","overlay-opacity":"","overlay-gradient":""},"mobile":{"background-color":"var(--ast-global-color-5)","background-image":"","background-repeat":"repeat","background-position":"center center","background-size":"auto","background-attachment":"scroll","background-type":"","background-media":"","overlay-type":"","overlay-color":"","overlay-opacity":"","overlay-gradient":""}}},"product_brand":[],"product_cat":[113,112,109,106,98,70,71],"product_tag":[124,93,94,125],"class_list":{"0":"post-7447","1":"product","2":"type-product","3":"status-publish","4":"has-post-thumbnail","6":"product_cat-akcesoria-exotic-dance","7":"product_cat-akcesoria-pole-dance","8":"product_cat-buty-exotic-dance","9":"product_cat-buty-pole-dance","10":"product_cat-stroje-do-exotic-dance","11":"product_cat-stroje-pole-dance","12":"product_cat-vouchery","13":"product_tag-exotic","14":"product_tag-pole-dance","15":"product_tag-pole-wear","16":"product_tag-voucher","17":"desktop-align-left","18":"tablet-align-left","19":"mobile-align-left","21":"first","22":"instock","23":"taxable","24":"shipping-taxable","25":"purchasable","26":"product-type-variable"},"yoast_head":"<!-- This site is optimized with the Yoast SEO plugin v27.4 - https:\/\/yoast.com\/product\/yoast-seo-wordpress\/ -->\n<title>Voucher podarunkowy elektroniczny - Ready to pole<\/title>\n<meta name=\"description\" content=\"Nie mo\u017cesz zdecydowa\u0107 si\u0119 na prezent dla fanki pole dance lub exotic dance? Wybierz voucher do sklepu Ready to pole i spe\u0142nij marzenie bliskiej Ci osoby.\" \/>\n<meta name=\"robots\" content=\"index, follow, max-snippet:-1, max-image-preview:large, max-video-preview:-1\" \/>\n<link rel=\"canonical\" href=\"https:\/\/readytopole.pl\/en\/product\/voucher-podarunkowy-elektroniczny\/\" \/>\n<meta property=\"og:locale\" content=\"en_US\" \/>\n<meta property=\"og:type\" content=\"article\" \/>\n<meta property=\"og:title\" content=\"Voucher podarunkowy elektroniczny - Ready to pole\" \/>\n<meta property=\"og:description\" content=\"Nie mo\u017cesz zdecydowa\u0107 si\u0119 na prezent dla fanki pole dance lub exotic dance? Wybierz voucher do sklepu Ready to pole i spe\u0142nij marzenie bliskiej Ci osoby.\" \/>\n<meta property=\"og:url\" content=\"https:\/\/readytopole.pl\/en\/product\/voucher-podarunkowy-elektroniczny\/\" \/>\n<meta property=\"og:site_name\" content=\"Ready to Pole\" \/>\n<meta property=\"article:publisher\" content=\"https:\/\/www.facebook.com\/people\/readytopole\/100084322415310\/\" \/>\n<meta property=\"article:modified_time\" content=\"2024-12-30T13:28:01+00:00\" \/>\n<meta property=\"og:image\" content=\"https:\/\/readytopole.pl\/wp-content\/uploads\/2023\/04\/Voucher_podarunkowy.jpeg\" \/>\n\t<meta property=\"og:image:width\" content=\"1373\" \/>\n\t<meta property=\"og:image:height\" content=\"914\" \/>\n\t<meta property=\"og:image:type\" content=\"image\/jpeg\" \/>\n<meta name=\"twitter:card\" content=\"summary_large_image\" \/>\n<meta name=\"twitter:label1\" content=\"Est. reading time\" \/>\n\t<meta name=\"twitter:data1\" content=\"2 minutes\" \/>\n<script type=\"application\/ld+json\" class=\"yoast-schema-graph\">{\"@context\":\"https:\\\/\\\/schema.org\",\"@graph\":[{\"@type\":\"WebPage\",\"@id\":\"https:\\\/\\\/readytopole.pl\\\/produkt\\\/voucher-podarunkowy-elektroniczny\\\/\",\"url\":\"https:\\\/\\\/readytopole.pl\\\/produkt\\\/voucher-podarunkowy-elektroniczny\\\/\",\"name\":\"Voucher podarunkowy elektroniczny - Ready to pole\",\"isPartOf\":{\"@id\":\"https:\\\/\\\/readytopole.pl\\\/#website\"},\"primaryImageOfPage\":{\"@id\":\"https:\\\/\\\/readytopole.pl\\\/produkt\\\/voucher-podarunkowy-elektroniczny\\\/#primaryimage\"},\"image\":{\"@id\":\"https:\\\/\\\/readytopole.pl\\\/produkt\\\/voucher-podarunkowy-elektroniczny\\\/#primaryimage\"},\"thumbnailUrl\":\"https:\\\/\\\/readytopole.pl\\\/wp-content\\\/uploads\\\/2023\\\/04\\\/Voucher_podarunkowy.jpeg\",\"datePublished\":\"2023-04-12T19:06:44+00:00\",\"dateModified\":\"2024-12-30T13:28:01+00:00\",\"description\":\"Nie mo\u017cesz zdecydowa\u0107 si\u0119 na prezent dla fanki pole dance lub exotic dance? Wybierz voucher do sklepu Ready to pole i spe\u0142nij marzenie bliskiej Ci osoby.\",\"breadcrumb\":{\"@id\":\"https:\\\/\\\/readytopole.pl\\\/produkt\\\/voucher-podarunkowy-elektroniczny\\\/#breadcrumb\"},\"inLanguage\":\"en-US\",\"potentialAction\":[{\"@type\":\"ReadAction\",\"target\":[\"https:\\\/\\\/readytopole.pl\\\/produkt\\\/voucher-podarunkowy-elektroniczny\\\/\"]}]},{\"@type\":\"ImageObject\",\"inLanguage\":\"en-US\",\"@id\":\"https:\\\/\\\/readytopole.pl\\\/produkt\\\/voucher-podarunkowy-elektroniczny\\\/#primaryimage\",\"url\":\"https:\\\/\\\/readytopole.pl\\\/wp-content\\\/uploads\\\/2023\\\/04\\\/Voucher_podarunkowy.jpeg\",\"contentUrl\":\"https:\\\/\\\/readytopole.pl\\\/wp-content\\\/uploads\\\/2023\\\/04\\\/Voucher_podarunkowy.jpeg\",\"width\":1373,\"height\":914,\"caption\":\"Voucher podarunkowy do sklepu ready to pole\"},{\"@type\":\"BreadcrumbList\",\"@id\":\"https:\\\/\\\/readytopole.pl\\\/produkt\\\/voucher-podarunkowy-elektroniczny\\\/#breadcrumb\",\"itemListElement\":[{\"@type\":\"ListItem\",\"position\":1,\"name\":\"Strona g\u0142\u00f3wna\",\"item\":\"https:\\\/\\\/readytopole.pl\\\/\"},{\"@type\":\"ListItem\",\"position\":2,\"name\":\"Sklep\",\"item\":\"https:\\\/\\\/readytopole.pl\\\/sklep\\\/\"},{\"@type\":\"ListItem\",\"position\":3,\"name\":\"Voucher podarunkowy elektroniczny\"}]},{\"@type\":\"WebSite\",\"@id\":\"https:\\\/\\\/readytopole.pl\\\/#website\",\"url\":\"https:\\\/\\\/readytopole.pl\\\/\",\"name\":\"Ready to Pole | Polewear - Slow Fashion dla Pole Dance\",\"description\":\"Blog | Sklep z odzie\u017c\u0105 do Poledance\",\"publisher\":{\"@id\":\"https:\\\/\\\/readytopole.pl\\\/#organization\"},\"alternateName\":\"Ready to pole\",\"potentialAction\":[{\"@type\":\"SearchAction\",\"target\":{\"@type\":\"EntryPoint\",\"urlTemplate\":\"https:\\\/\\\/readytopole.pl\\\/?s={search_term_string}\"},\"query-input\":{\"@type\":\"PropertyValueSpecification\",\"valueRequired\":true,\"valueName\":\"search_term_string\"}}],\"inLanguage\":\"en-US\"},{\"@type\":\"Organization\",\"@id\":\"https:\\\/\\\/readytopole.pl\\\/#organization\",\"name\":\"Ready to pole\",\"alternateName\":\"Rtp\",\"url\":\"https:\\\/\\\/readytopole.pl\\\/\",\"logo\":{\"@type\":\"ImageObject\",\"inLanguage\":\"en-US\",\"@id\":\"https:\\\/\\\/readytopole.pl\\\/#\\\/schema\\\/logo\\\/image\\\/\",\"url\":\"https:\\\/\\\/readytopole.pl\\\/wp-content\\\/uploads\\\/2023\\\/02\\\/cropped-cropped-RTP-logotyp-gold-effect-v1.png\",\"contentUrl\":\"https:\\\/\\\/readytopole.pl\\\/wp-content\\\/uploads\\\/2023\\\/02\\\/cropped-cropped-RTP-logotyp-gold-effect-v1.png\",\"width\":1200,\"height\":1200,\"caption\":\"Ready to pole\"},\"image\":{\"@id\":\"https:\\\/\\\/readytopole.pl\\\/#\\\/schema\\\/logo\\\/image\\\/\"},\"sameAs\":[\"https:\\\/\\\/www.facebook.com\\\/people\\\/readytopole\\\/100084322415310\\\/\",\"https:\\\/\\\/www.instagram.com\\\/readytopole\\\/?igshid=YmMyMTA2M2Y=\"]}]}<\/script>\n<!-- \/ Yoast SEO plugin. -->","yoast_head_json":{"title":"Voucher podarunkowy elektroniczny - Ready to pole","description":"Nie mo\u017cesz zdecydowa\u0107 si\u0119 na prezent dla fanki pole dance lub exotic dance? Wybierz voucher do sklepu Ready to pole i spe\u0142nij marzenie bliskiej Ci osoby.","robots":{"index":"index","follow":"follow","max-snippet":"max-snippet:-1","max-image-preview":"max-image-preview:large","max-video-preview":"max-video-preview:-1"},"canonical":"https:\/\/readytopole.pl\/en\/product\/voucher-podarunkowy-elektroniczny\/","og_locale":"en_US","og_type":"article","og_title":"Voucher podarunkowy elektroniczny - Ready to pole","og_description":"Nie mo\u017cesz zdecydowa\u0107 si\u0119 na prezent dla fanki pole dance lub exotic dance? Wybierz voucher do sklepu Ready to pole i spe\u0142nij marzenie bliskiej Ci osoby.","og_url":"https:\/\/readytopole.pl\/en\/product\/voucher-podarunkowy-elektroniczny\/","og_site_name":"Ready to Pole","article_publisher":"https:\/\/www.facebook.com\/people\/readytopole\/100084322415310\/","article_modified_time":"2024-12-30T13:28:01+00:00","og_image":[{"width":1373,"height":914,"url":"https:\/\/readytopole.pl\/wp-content\/uploads\/2023\/04\/Voucher_podarunkowy.jpeg","type":"image\/jpeg"}],"twitter_card":"summary_large_image","twitter_misc":{"Est. reading time":"2 minutes"},"schema":{"@context":"https:\/\/schema.org","@graph":[{"@type":"WebPage","@id":"https:\/\/readytopole.pl\/produkt\/voucher-podarunkowy-elektroniczny\/","url":"https:\/\/readytopole.pl\/produkt\/voucher-podarunkowy-elektroniczny\/","name":"Voucher podarunkowy elektroniczny - Ready to pole","isPartOf":{"@id":"https:\/\/readytopole.pl\/#website"},"primaryImageOfPage":{"@id":"https:\/\/readytopole.pl\/produkt\/voucher-podarunkowy-elektroniczny\/#primaryimage"},"image":{"@id":"https:\/\/readytopole.pl\/produkt\/voucher-podarunkowy-elektroniczny\/#primaryimage"},"thumbnailUrl":"https:\/\/readytopole.pl\/wp-content\/uploads\/2023\/04\/Voucher_podarunkowy.jpeg","datePublished":"2023-04-12T19:06:44+00:00","dateModified":"2024-12-30T13:28:01+00:00","description":"Nie mo\u017cesz zdecydowa\u0107 si\u0119 na prezent dla fanki pole dance lub exotic dance? Wybierz voucher do sklepu Ready to pole i spe\u0142nij marzenie bliskiej Ci osoby.","breadcrumb":{"@id":"https:\/\/readytopole.pl\/produkt\/voucher-podarunkowy-elektroniczny\/#breadcrumb"},"inLanguage":"en-US","potentialAction":[{"@type":"ReadAction","target":["https:\/\/readytopole.pl\/produkt\/voucher-podarunkowy-elektroniczny\/"]}]},{"@type":"ImageObject","inLanguage":"en-US","@id":"https:\/\/readytopole.pl\/produkt\/voucher-podarunkowy-elektroniczny\/#primaryimage","url":"https:\/\/readytopole.pl\/wp-content\/uploads\/2023\/04\/Voucher_podarunkowy.jpeg","contentUrl":"https:\/\/readytopole.pl\/wp-content\/uploads\/2023\/04\/Voucher_podarunkowy.jpeg","width":1373,"height":914,"caption":"Voucher podarunkowy do sklepu ready to pole"},{"@type":"BreadcrumbList","@id":"https:\/\/readytopole.pl\/produkt\/voucher-podarunkowy-elektroniczny\/#breadcrumb","itemListElement":[{"@type":"ListItem","position":1,"name":"Strona g\u0142\u00f3wna","item":"https:\/\/readytopole.pl\/"},{"@type":"ListItem","position":2,"name":"Sklep","item":"https:\/\/readytopole.pl\/sklep\/"},{"@type":"ListItem","position":3,"name":"Voucher podarunkowy elektroniczny"}]},{"@type":"WebSite","@id":"https:\/\/readytopole.pl\/#website","url":"https:\/\/readytopole.pl\/","name":"Ready to Pole | Polewear - Slow Fashion dla Pole Dance","description":"Blog | Sklep z odzie\u017c\u0105 do Poledance","publisher":{"@id":"https:\/\/readytopole.pl\/#organization"},"alternateName":"Ready to pole","potentialAction":[{"@type":"SearchAction","target":{"@type":"EntryPoint","urlTemplate":"https:\/\/readytopole.pl\/?s={search_term_string}"},"query-input":{"@type":"PropertyValueSpecification","valueRequired":true,"valueName":"search_term_string"}}],"inLanguage":"en-US"},{"@type":"Organization","@id":"https:\/\/readytopole.pl\/#organization","name":"Ready to pole","alternateName":"Rtp","url":"https:\/\/readytopole.pl\/","logo":{"@type":"ImageObject","inLanguage":"en-US","@id":"https:\/\/readytopole.pl\/#\/schema\/logo\/image\/","url":"https:\/\/readytopole.pl\/wp-content\/uploads\/2023\/02\/cropped-cropped-RTP-logotyp-gold-effect-v1.png","contentUrl":"https:\/\/readytopole.pl\/wp-content\/uploads\/2023\/02\/cropped-cropped-RTP-logotyp-gold-effect-v1.png","width":1200,"height":1200,"caption":"Ready to pole"},"image":{"@id":"https:\/\/readytopole.pl\/#\/schema\/logo\/image\/"},"sameAs":["https:\/\/www.facebook.com\/people\/readytopole\/100084322415310\/","https:\/\/www.instagram.com\/readytopole\/?igshid=YmMyMTA2M2Y="]}]}},"_links":{"self":[{"href":"https:\/\/readytopole.pl\/en\/wp-json\/wp\/v2\/product\/7447","targetHints":{"allow":["GET"]}}],"collection":[{"href":"https:\/\/readytopole.pl\/en\/wp-json\/wp\/v2\/product"}],"about":[{"href":"https:\/\/readytopole.pl\/en\/wp-json\/wp\/v2\/types\/product"}],"version-history":[{"count":16,"href":"https:\/\/readytopole.pl\/en\/wp-json\/wp\/v2\/product\/7447\/revisions"}],"predecessor-version":[{"id":13632,"href":"https:\/\/readytopole.pl\/en\/wp-json\/wp\/v2\/product\/7447\/revisions\/13632"}],"wp:featuredmedia":[{"embeddable":true,"href":"https:\/\/readytopole.pl\/en\/wp-json\/wp\/v2\/media\/7532"}],"wp:attachment":[{"href":"https:\/\/readytopole.pl\/en\/wp-json\/wp\/v2\/media?parent=7447"}],"wp:term":[{"taxonomy":"product_brand","embeddable":true,"href":"https:\/\/readytopole.pl\/en\/wp-json\/wp\/v2\/product_brand?post=7447"},{"taxonomy":"product_cat","embeddable":true,"href":"https:\/\/readytopole.pl\/en\/wp-json\/wp\/v2\/product_cat?post=7447"},{"taxonomy":"product_tag","embeddable":true,"href":"https:\/\/readytopole.pl\/en\/wp-json\/wp\/v2\/product_tag?post=7447"}],"curies":[{"name":"wp","href":"https:\/\/api.w.org\/{rel}","templated":true}]}}