{"id":5270,"date":"2023-02-25T09:11:32","date_gmt":"2023-02-25T08:11:32","guid":{"rendered":"http:\/\/serwer179891.lh.pl\/autoinstalator\/serwer179891.lh.pl\/wordpress11337\/?post_type=product&#038;p=5270"},"modified":"2026-03-03T10:14:20","modified_gmt":"2026-03-03T09:14:20","slug":"top-rtp-n5-bezowy","status":"publish","type":"product","link":"https:\/\/readytopole.pl\/en\/product\/top-rtp-n5-bezowy\/","title":{"rendered":"Top Rtp N\u00b05 beige"},"content":{"rendered":"\t\t<div data-elementor-type=\"wp-post\" data-elementor-id=\"5270\" class=\"elementor elementor-5270\">\n\t\t\t\t\t\t<section class=\"elementor-section elementor-top-section elementor-element elementor-element-ebeabac elementor-section-height-min-height elementor-section-boxed elementor-section-height-default elementor-section-items-middle\" data-id=\"ebeabac\" data-element_type=\"section\" data-e-type=\"section\">\n\t\t\t\t\t\t<div class=\"elementor-container elementor-column-gap-default\">\n\t\t\t\t\t<div class=\"elementor-column elementor-col-100 elementor-top-column elementor-element elementor-element-1de733e6\" data-id=\"1de733e6\" data-element_type=\"column\" data-e-type=\"column\">\n\t\t\t<div class=\"elementor-widget-wrap elementor-element-populated\">\n\t\t\t\t\t\t<div class=\"elementor-element elementor-element-62751d7 elementor-widget elementor-widget-toggle\" data-id=\"62751d7\" data-element_type=\"widget\" data-e-type=\"widget\" data-widget_type=\"toggle.default\">\n\t\t\t\t<div class=\"elementor-widget-container\">\n\t\t\t\t\t\t\t<div class=\"elementor-toggle\">\n\t\t\t\t\t\t\t<div class=\"elementor-toggle-item\">\n\t\t\t\t\t<div id=\"elementor-tab-title-1031\" class=\"elementor-tab-title\" data-tab=\"1\" role=\"button\" aria-controls=\"elementor-tab-content-1031\" aria-expanded=\"false\">\n\t\t\t\t\t\t\t\t\t\t\t\t<span class=\"elementor-toggle-icon elementor-toggle-icon-right\" aria-hidden=\"true\">\n\t\t\t\t\t\t\t\t\t\t\t\t\t\t\t<span class=\"elementor-toggle-icon-closed\"><i class=\"fas fa-plus\"><\/i><\/span>\n\t\t\t\t\t\t\t\t<span class=\"elementor-toggle-icon-opened\"><i class=\"elementor-toggle-icon-opened fas fa-plus\"><\/i><\/span>\n\t\t\t\t\t\t\t\t\t\t\t\t\t<\/span>\n\t\t\t\t\t\t\t\t\t\t\t\t<a class=\"elementor-toggle-title\" tabindex=\"0\">Opis<\/a>\n\t\t\t\t\t<\/div>\n\n\t\t\t\t\t<div id=\"elementor-tab-content-1031\" class=\"elementor-tab-content elementor-clearfix\" data-tab=\"1\" role=\"region\" aria-labelledby=\"elementor-tab-title-1031\"><p>Delikatny top do pole dance w kolorze sweet toffe (be\u017cowym) z wyjmowanymi miseczkami. Podw\u00f3jne regulowane rami\u0105czka dla jeszcze lepszego dopasowania. Pod biustem elastyczna gumka, aby zak\u0142adanie i zdejmowanie nie sprawia\u0142o dyskomfortu. Przyjemny w dotyku materia\u0142 najwy\u017cszej jako\u015bci. Podszewka w takim samym kolorze jak warstwa zewn\u0119trzna. I najwa\u017cniejsze &#8211; w tym topie wszystko pozostanie na swoim miejscu w ka\u017cdej pozycji podczas Twoich trening\u00f3w pole dance.\u00a0<\/p><\/div>\n\t\t\t\t<\/div>\n\t\t\t\t\t\t\t<div class=\"elementor-toggle-item\">\n\t\t\t\t\t<div id=\"elementor-tab-title-1032\" class=\"elementor-tab-title\" data-tab=\"2\" role=\"button\" aria-controls=\"elementor-tab-content-1032\" aria-expanded=\"false\">\n\t\t\t\t\t\t\t\t\t\t\t\t<span class=\"elementor-toggle-icon elementor-toggle-icon-right\" aria-hidden=\"true\">\n\t\t\t\t\t\t\t\t\t\t\t\t\t\t\t<span class=\"elementor-toggle-icon-closed\"><i class=\"fas fa-plus\"><\/i><\/span>\n\t\t\t\t\t\t\t\t<span class=\"elementor-toggle-icon-opened\"><i class=\"elementor-toggle-icon-opened fas fa-plus\"><\/i><\/span>\n\t\t\t\t\t\t\t\t\t\t\t\t\t<\/span>\n\t\t\t\t\t\t\t\t\t\t\t\t<a class=\"elementor-toggle-title\" tabindex=\"0\">Wymiary<\/a>\n\t\t\t\t\t<\/div>\n\n\t\t\t\t\t<div id=\"elementor-tab-content-1032\" class=\"elementor-tab-content elementor-clearfix\" data-tab=\"2\" role=\"region\" aria-labelledby=\"elementor-tab-title-1032\"><p><style> td, th { border: 1px solid black;   text-align: center;} <\/style><\/p><p><!-- ustawienie czarnego obramowania tabeli w CSS --><\/p><div><table><tbody><tr><td width=\"151\"><p style=\"text-align: center;\"><strong>Rozmiar<\/strong><\/p><\/td><td style=\"text-align: center;\" width=\"123\"><p><strong>W biu\u015bcie<\/strong><\/p><\/td><td style=\"text-align: center;\" width=\"132\"><p><strong>Pod biustem<\/strong><\/p><\/td><td width=\"198\"><p style=\"text-align: center;\"><strong>Obw\u00f3d pod biustem<br \/><\/strong><strong>(mierzony na p\u0142asko):<\/strong><\/p><\/td><\/tr><tr><td width=\"151\"><p style=\"text-align: center;\"><strong>XS<\/strong><\/p><\/td><td style=\"text-align: center;\" width=\"123\"><p>75 \u2013 83<\/p><\/td><td style=\"text-align: center;\" width=\"132\"><p>65 \u2013 70<\/p><\/td><td width=\"198\"><p style=\"text-align: center;\">58<\/p><\/td><\/tr><tr><td width=\"151\"><p style=\"text-align: center;\"><strong>S<\/strong><\/p><\/td><td style=\"text-align: center;\" width=\"123\"><p>83 \u2013 90<\/p><\/td><td style=\"text-align: center;\" width=\"132\"><p>70 \u2013 75<\/p><\/td><td width=\"198\"><p style=\"text-align: center;\">62<\/p><\/td><\/tr><tr><td width=\"151\"><p style=\"text-align: center;\"><strong>M<\/strong><\/p><\/td><td style=\"text-align: center;\" width=\"123\"><p>90 \u2013 97<\/p><\/td><td style=\"text-align: center;\" width=\"132\"><p>75 \u2013 80<\/p><\/td><td width=\"198\"><p style=\"text-align: center;\">66<\/p><\/td><\/tr><tr><td width=\"151\"><p style=\"text-align: center;\"><strong>L<\/strong><\/p><\/td><td style=\"text-align: center;\" width=\"123\"><p>97 \u2013 104<\/p><\/td><td style=\"text-align: center;\" width=\"132\"><p>80 \u2013 90<\/p><\/td><td width=\"198\"><p style=\"text-align: center;\">&#8211;<\/p><\/td><\/tr><\/tbody><\/table><\/div><\/div>\n\t\t\t\t<\/div>\n\t\t\t\t\t\t\t<div class=\"elementor-toggle-item\">\n\t\t\t\t\t<div id=\"elementor-tab-title-1033\" class=\"elementor-tab-title\" data-tab=\"3\" role=\"button\" aria-controls=\"elementor-tab-content-1033\" aria-expanded=\"false\">\n\t\t\t\t\t\t\t\t\t\t\t\t<span class=\"elementor-toggle-icon elementor-toggle-icon-right\" aria-hidden=\"true\">\n\t\t\t\t\t\t\t\t\t\t\t\t\t\t\t<span class=\"elementor-toggle-icon-closed\"><i class=\"fas fa-plus\"><\/i><\/span>\n\t\t\t\t\t\t\t\t<span class=\"elementor-toggle-icon-opened\"><i class=\"elementor-toggle-icon-opened fas fa-plus\"><\/i><\/span>\n\t\t\t\t\t\t\t\t\t\t\t\t\t<\/span>\n\t\t\t\t\t\t\t\t\t\t\t\t<a class=\"elementor-toggle-title\" tabindex=\"0\">Informacje dodatkowe<\/a>\n\t\t\t\t\t<\/div>\n\n\t\t\t\t\t<div id=\"elementor-tab-content-1033\" class=\"elementor-tab-content elementor-clearfix\" data-tab=\"3\" role=\"region\" aria-labelledby=\"elementor-tab-title-1033\"><p>Zaprojektowano i wyprodukowano w Polsce.<br \/>Sk\u0142ad materia\u0142u: 82% poliester, 18% elastan<\/p><\/div>\n\t\t\t\t<\/div>\n\t\t\t\t\t\t\t<div class=\"elementor-toggle-item\">\n\t\t\t\t\t<div id=\"elementor-tab-title-1034\" class=\"elementor-tab-title\" data-tab=\"4\" role=\"button\" aria-controls=\"elementor-tab-content-1034\" aria-expanded=\"false\">\n\t\t\t\t\t\t\t\t\t\t\t\t<span class=\"elementor-toggle-icon elementor-toggle-icon-right\" aria-hidden=\"true\">\n\t\t\t\t\t\t\t\t\t\t\t\t\t\t\t<span class=\"elementor-toggle-icon-closed\"><i class=\"fas fa-plus\"><\/i><\/span>\n\t\t\t\t\t\t\t\t<span class=\"elementor-toggle-icon-opened\"><i class=\"elementor-toggle-icon-opened fas fa-plus\"><\/i><\/span>\n\t\t\t\t\t\t\t\t\t\t\t\t\t<\/span>\n\t\t\t\t\t\t\t\t\t\t\t\t<a class=\"elementor-toggle-title\" tabindex=\"0\">Wysy\u0142ka i zwroty<\/a>\n\t\t\t\t\t<\/div>\n\n\t\t\t\t\t<div id=\"elementor-tab-content-1034\" class=\"elementor-tab-content elementor-clearfix\" data-tab=\"4\" role=\"region\" aria-labelledby=\"elementor-tab-title-1034\"><p>Dok\u0142adamy wszelkich stara\u0144, aby przesy\u0142ka dotar\u0142a do Ciebie jak najszybciej. W wi\u0119kszo\u015bci zam\u00f3wienia realizujemy w 24h (dzie\u0144 roboczy). Maksymalny czas realizacji to 14 dni (w takim wypadku na pewno otrzymasz od nas tak\u0105 informacj\u0119). Przesy\u0142ki nadajemy za po\u015brednictwem kuriera, paczkomat\u00f3w oraz poczty. W celu sprawdzenia ceny wysy\u0142ek przejd\u017a do zak\u0142adki <a href=\"https:\/\/readytopole.pl\/dostawa\/\">Dostawa<\/a>, a w kwestii zwrot\u00f3w <a href=\"https:\/\/readytopole.pl\/wymiana-i-zwroty\/\">Zwroty<\/a> w stopce strony.<\/p><\/div>\n\t\t\t\t<\/div>\n\t\t\t\t\t\t\t\t\t\t<script type=\"application\/ld+json\">{\"@context\":\"https:\\\/\\\/schema.org\",\"@type\":\"FAQPage\",\"mainEntity\":[{\"@type\":\"Question\",\"name\":\"Opis\",\"acceptedAnswer\":{\"@type\":\"Answer\",\"text\":\"<p>Delikatny top do pole dance w kolorze sweet toffe (be\\u017cowym) z wyjmowanymi miseczkami. Podw\\u00f3jne regulowane rami\\u0105czka dla jeszcze lepszego dopasowania. Pod biustem elastyczna gumka, aby zak\\u0142adanie i zdejmowanie nie sprawia\\u0142o dyskomfortu. Przyjemny w dotyku materia\\u0142 najwy\\u017cszej jako\\u015bci. Podszewka w takim samym kolorze jak warstwa zewn\\u0119trzna. I najwa\\u017cniejsze &#8211; w tym topie wszystko pozostanie na swoim miejscu w ka\\u017cdej pozycji podczas Twoich trening\\u00f3w pole dance.\\u00a0<\\\/p>\"}},{\"@type\":\"Question\",\"name\":\"Wymiary\",\"acceptedAnswer\":{\"@type\":\"Answer\",\"text\":\"<p><style> td, th { border: 1px solid black;   text-align: center;} <\\\/style><\\\/p><p><!-- ustawienie czarnego obramowania tabeli w CSS --><\\\/p><div><table><tbody><tr><td width=\\\"151\\\"><p style=\\\"text-align: center;\\\"><strong>Rozmiar<\\\/strong><\\\/p><\\\/td><td style=\\\"text-align: center;\\\" width=\\\"123\\\"><p><strong>W biu\\u015bcie<\\\/strong><\\\/p><\\\/td><td style=\\\"text-align: center;\\\" width=\\\"132\\\"><p><strong>Pod biustem<\\\/strong><\\\/p><\\\/td><td width=\\\"198\\\"><p style=\\\"text-align: center;\\\"><strong>Obw\\u00f3d pod biustem<br \\\/><\\\/strong><strong>(mierzony na p\\u0142asko):<\\\/strong><\\\/p><\\\/td><\\\/tr><tr><td width=\\\"151\\\"><p style=\\\"text-align: center;\\\"><strong>XS<\\\/strong><\\\/p><\\\/td><td style=\\\"text-align: center;\\\" width=\\\"123\\\"><p>75 \\u2013 83<\\\/p><\\\/td><td style=\\\"text-align: center;\\\" width=\\\"132\\\"><p>65 \\u2013 70<\\\/p><\\\/td><td width=\\\"198\\\"><p style=\\\"text-align: center;\\\">58<\\\/p><\\\/td><\\\/tr><tr><td width=\\\"151\\\"><p style=\\\"text-align: center;\\\"><strong>S<\\\/strong><\\\/p><\\\/td><td style=\\\"text-align: center;\\\" width=\\\"123\\\"><p>83 \\u2013 90<\\\/p><\\\/td><td style=\\\"text-align: center;\\\" width=\\\"132\\\"><p>70 \\u2013 75<\\\/p><\\\/td><td width=\\\"198\\\"><p style=\\\"text-align: center;\\\">62<\\\/p><\\\/td><\\\/tr><tr><td width=\\\"151\\\"><p style=\\\"text-align: center;\\\"><strong>M<\\\/strong><\\\/p><\\\/td><td style=\\\"text-align: center;\\\" width=\\\"123\\\"><p>90 \\u2013 97<\\\/p><\\\/td><td style=\\\"text-align: center;\\\" width=\\\"132\\\"><p>75 \\u2013 80<\\\/p><\\\/td><td width=\\\"198\\\"><p style=\\\"text-align: center;\\\">66<\\\/p><\\\/td><\\\/tr><tr><td width=\\\"151\\\"><p style=\\\"text-align: center;\\\"><strong>L<\\\/strong><\\\/p><\\\/td><td style=\\\"text-align: center;\\\" width=\\\"123\\\"><p>97 \\u2013 104<\\\/p><\\\/td><td style=\\\"text-align: center;\\\" width=\\\"132\\\"><p>80 \\u2013 90<\\\/p><\\\/td><td width=\\\"198\\\"><p style=\\\"text-align: center;\\\">&#8211;<\\\/p><\\\/td><\\\/tr><\\\/tbody><\\\/table><\\\/div>\"}},{\"@type\":\"Question\",\"name\":\"Informacje dodatkowe\",\"acceptedAnswer\":{\"@type\":\"Answer\",\"text\":\"<p>Zaprojektowano i wyprodukowano w Polsce.<br \\\/>Sk\\u0142ad materia\\u0142u: 82% poliester, 18% elastan<\\\/p>\"}},{\"@type\":\"Question\",\"name\":\"Wysy\\u0142ka i zwroty\",\"acceptedAnswer\":{\"@type\":\"Answer\",\"text\":\"<p>Dok\\u0142adamy wszelkich stara\\u0144, aby przesy\\u0142ka dotar\\u0142a do Ciebie jak najszybciej. W wi\\u0119kszo\\u015bci zam\\u00f3wienia realizujemy w 24h (dzie\\u0144 roboczy). Maksymalny czas realizacji to 14 dni (w takim wypadku na pewno otrzymasz od nas tak\\u0105 informacj\\u0119). Przesy\\u0142ki nadajemy za po\\u015brednictwem kuriera, paczkomat\\u00f3w oraz poczty. W celu sprawdzenia ceny wysy\\u0142ek przejd\\u017a do zak\\u0142adki <a href=\\\"https:\\\/\\\/readytopole.pl\\\/dostawa\\\/\\\">Dostawa<\\\/a>, a w kwestii zwrot\\u00f3w <a href=\\\"https:\\\/\\\/readytopole.pl\\\/wymiana-i-zwroty\\\/\\\">Zwroty<\\\/a> w stopce strony.<\\\/p>\"}}]}<\/script>\n\t\t\t\t\t<\/div>\n\t\t\t\t\t\t<\/div>\n\t\t\t\t<\/div>\n\t\t\t\t\t<\/div>\n\t\t<\/div>\n\t\t\t\t\t<\/div>\n\t\t<\/section>\n\t\t\t\t<\/div>\n\t\t","protected":false},"excerpt":{"rendered":"<p>Bestsellerowy, uwielbiany przez pole dancerki styl kolekcji Rtp N\u00b05. Klasyka inspirowana CHANEL N\u00b05. Kwintesencja kobieco\u015bci i minimalistycznego designu.<\/p>","protected":false},"featured_media":7237,"template":"","meta":{"site-sidebar-layout":"default","site-content-layout":"default","ast-site-content-layout":"default","site-content-style":"default","site-sidebar-style":"default","ast-global-header-display":"","ast-banner-title-visibility":"","ast-main-header-display":"","ast-hfb-above-header-display":"","ast-hfb-below-header-display":"","ast-hfb-mobile-header-display":"disabled","site-post-title":"","ast-breadcrumbs-content":"","ast-featured-img":"","footer-sml-layout":"","ast-disable-related-posts":"","theme-transparent-header-meta":"default","adv-header-id-meta":"","stick-header-meta":"","header-above-stick-meta":"","header-main-stick-meta":"","header-below-stick-meta":"","astra-migrate-meta-layouts":"set","ast-page-background-enabled":"default","ast-page-background-meta":{"desktop":{"background-color":"","background-image":"","background-repeat":"repeat","background-position":"center center","background-size":"auto","background-attachment":"scroll","background-type":"","background-media":"","overlay-type":"","overlay-color":"","overlay-opacity":"","overlay-gradient":""},"tablet":{"background-color":"","background-image":"","background-repeat":"repeat","background-position":"center center","background-size":"auto","background-attachment":"scroll","background-type":"","background-media":"","overlay-type":"","overlay-color":"","overlay-opacity":"","overlay-gradient":""},"mobile":{"background-color":"","background-image":"","background-repeat":"repeat","background-position":"center center","background-size":"auto","background-attachment":"scroll","background-type":"","background-media":"","overlay-type":"","overlay-color":"","overlay-opacity":"","overlay-gradient":""}},"ast-content-background-meta":{"desktop":{"background-color":"var(--ast-global-color-5)","background-image":"","background-repeat":"repeat","background-position":"center center","background-size":"auto","background-attachment":"scroll","background-type":"","background-media":"","overlay-type":"","overlay-color":"","overlay-opacity":"","overlay-gradient":""},"tablet":{"background-color":"var(--ast-global-color-5)","background-image":"","background-repeat":"repeat","background-position":"center center","background-size":"auto","background-attachment":"scroll","background-type":"","background-media":"","overlay-type":"","overlay-color":"","overlay-opacity":"","overlay-gradient":""},"mobile":{"background-color":"var(--ast-global-color-5)","background-image":"","background-repeat":"repeat","background-position":"center center","background-size":"auto","background-attachment":"scroll","background-type":"","background-media":"","overlay-type":"","overlay-color":"","overlay-opacity":"","overlay-gradient":""}}},"product_brand":[],"product_cat":[98,70,189,100,66],"product_tag":[171,94,169,168,166],"class_list":{"0":"post-5270","1":"product","2":"type-product","3":"status-publish","4":"has-post-thumbnail","6":"product_cat-stroje-do-exotic-dance","7":"product_cat-stroje-pole-dance","8":"product_cat-top","9":"product_cat-topy-exotic-dance","10":"product_cat-topy-pole-dance","11":"product_tag-pole-dance-komplet","12":"product_tag-pole-wear","13":"product_tag-stroj-na-pole-dance","14":"product_tag-stroje-do-pole-dance","15":"product_tag-stroje-pole-dance","16":"desktop-align-left","17":"tablet-align-left","18":"mobile-align-left","20":"first","21":"instock","22":"taxable","23":"shipping-taxable","24":"purchasable","25":"product-type-variable"},"yoast_head":"<!-- This site is optimized with the Yoast SEO plugin v27.4 - https:\/\/yoast.com\/product\/yoast-seo-wordpress\/ -->\n<title>Top Rtp N\u00b05 be\u017cowy - Pole Dance - Ready to Pole<\/title>\n<meta name=\"description\" content=\"Delikatny top do pole dance w kolorze sweet toffe (be\u017cowym) z wyjmowanymi miseczkami. Podw\u00f3jne regulowane rami\u0105czka dla jeszcze lepszego dopasowania.\" \/>\n<meta name=\"robots\" content=\"index, follow, max-snippet:-1, max-image-preview:large, max-video-preview:-1\" \/>\n<link rel=\"canonical\" href=\"https:\/\/readytopole.pl\/en\/product\/top-rtp-n5-bezowy\/\" \/>\n<meta property=\"og:locale\" content=\"en_US\" \/>\n<meta property=\"og:type\" content=\"article\" \/>\n<meta property=\"og:title\" content=\"Top Rtp N\u00b05 be\u017cowy - Pole Dance - Ready to Pole\" \/>\n<meta property=\"og:description\" content=\"Delikatny top do pole dance w kolorze sweet toffe (be\u017cowym) z wyjmowanymi miseczkami. Podw\u00f3jne regulowane rami\u0105czka dla jeszcze lepszego dopasowania.\" \/>\n<meta property=\"og:url\" content=\"https:\/\/readytopole.pl\/en\/product\/top-rtp-n5-bezowy\/\" \/>\n<meta property=\"og:site_name\" content=\"Ready to Pole\" \/>\n<meta property=\"article:publisher\" content=\"https:\/\/www.facebook.com\/people\/readytopole\/100084322415310\/\" \/>\n<meta property=\"article:modified_time\" content=\"2026-03-03T09:14:20+00:00\" \/>\n<meta property=\"og:image\" content=\"https:\/\/readytopole.pl\/wp-content\/uploads\/2023\/03\/Komplet_Rtp_No5_bezowy_przod2-scaled.jpg\" \/>\n\t<meta property=\"og:image:width\" content=\"1536\" \/>\n\t<meta property=\"og:image:height\" content=\"1920\" \/>\n\t<meta property=\"og:image:type\" content=\"image\/jpeg\" \/>\n<meta name=\"twitter:card\" content=\"summary_large_image\" \/>\n<meta name=\"twitter:label1\" content=\"Est. reading time\" \/>\n\t<meta name=\"twitter:data1\" content=\"2 minutes\" \/>\n<script type=\"application\/ld+json\" class=\"yoast-schema-graph\">{\"@context\":\"https:\\\/\\\/schema.org\",\"@graph\":[{\"@type\":\"WebPage\",\"@id\":\"https:\\\/\\\/readytopole.pl\\\/produkt\\\/top-rtp-n5-bezowy\\\/\",\"url\":\"https:\\\/\\\/readytopole.pl\\\/produkt\\\/top-rtp-n5-bezowy\\\/\",\"name\":\"Top Rtp N\u00b05 be\u017cowy - Pole Dance - Ready to Pole\",\"isPartOf\":{\"@id\":\"https:\\\/\\\/readytopole.pl\\\/#website\"},\"primaryImageOfPage\":{\"@id\":\"https:\\\/\\\/readytopole.pl\\\/produkt\\\/top-rtp-n5-bezowy\\\/#primaryimage\"},\"image\":{\"@id\":\"https:\\\/\\\/readytopole.pl\\\/produkt\\\/top-rtp-n5-bezowy\\\/#primaryimage\"},\"thumbnailUrl\":\"https:\\\/\\\/readytopole.pl\\\/wp-content\\\/uploads\\\/2023\\\/03\\\/Komplet_Rtp_No5_bezowy_przod2-scaled.jpg\",\"datePublished\":\"2023-02-25T08:11:32+00:00\",\"dateModified\":\"2026-03-03T09:14:20+00:00\",\"description\":\"Delikatny top do pole dance w kolorze sweet toffe (be\u017cowym) z wyjmowanymi miseczkami. Podw\u00f3jne regulowane rami\u0105czka dla jeszcze lepszego dopasowania.\",\"breadcrumb\":{\"@id\":\"https:\\\/\\\/readytopole.pl\\\/produkt\\\/top-rtp-n5-bezowy\\\/#breadcrumb\"},\"inLanguage\":\"en-US\",\"potentialAction\":[{\"@type\":\"ReadAction\",\"target\":[\"https:\\\/\\\/readytopole.pl\\\/produkt\\\/top-rtp-n5-bezowy\\\/\"]}]},{\"@type\":\"ImageObject\",\"inLanguage\":\"en-US\",\"@id\":\"https:\\\/\\\/readytopole.pl\\\/produkt\\\/top-rtp-n5-bezowy\\\/#primaryimage\",\"url\":\"https:\\\/\\\/readytopole.pl\\\/wp-content\\\/uploads\\\/2023\\\/03\\\/Komplet_Rtp_No5_bezowy_przod2-scaled.jpg\",\"contentUrl\":\"https:\\\/\\\/readytopole.pl\\\/wp-content\\\/uploads\\\/2023\\\/03\\\/Komplet_Rtp_No5_bezowy_przod2-scaled.jpg\",\"width\":1536,\"height\":1920,\"caption\":\"top Rtp No5 be\u017cowy widok z przodu\"},{\"@type\":\"BreadcrumbList\",\"@id\":\"https:\\\/\\\/readytopole.pl\\\/produkt\\\/top-rtp-n5-bezowy\\\/#breadcrumb\",\"itemListElement\":[{\"@type\":\"ListItem\",\"position\":1,\"name\":\"Strona g\u0142\u00f3wna\",\"item\":\"https:\\\/\\\/readytopole.pl\\\/\"},{\"@type\":\"ListItem\",\"position\":2,\"name\":\"Sklep\",\"item\":\"https:\\\/\\\/readytopole.pl\\\/sklep\\\/\"},{\"@type\":\"ListItem\",\"position\":3,\"name\":\"Top Rtp N\u00b05 be\u017cowy\"}]},{\"@type\":\"WebSite\",\"@id\":\"https:\\\/\\\/readytopole.pl\\\/#website\",\"url\":\"https:\\\/\\\/readytopole.pl\\\/\",\"name\":\"Ready to Pole | Polewear - Slow Fashion dla Pole Dance\",\"description\":\"Blog | Sklep z odzie\u017c\u0105 do Poledance\",\"publisher\":{\"@id\":\"https:\\\/\\\/readytopole.pl\\\/#organization\"},\"alternateName\":\"Ready to pole\",\"potentialAction\":[{\"@type\":\"SearchAction\",\"target\":{\"@type\":\"EntryPoint\",\"urlTemplate\":\"https:\\\/\\\/readytopole.pl\\\/?s={search_term_string}\"},\"query-input\":{\"@type\":\"PropertyValueSpecification\",\"valueRequired\":true,\"valueName\":\"search_term_string\"}}],\"inLanguage\":\"en-US\"},{\"@type\":\"Organization\",\"@id\":\"https:\\\/\\\/readytopole.pl\\\/#organization\",\"name\":\"Ready to pole\",\"alternateName\":\"Rtp\",\"url\":\"https:\\\/\\\/readytopole.pl\\\/\",\"logo\":{\"@type\":\"ImageObject\",\"inLanguage\":\"en-US\",\"@id\":\"https:\\\/\\\/readytopole.pl\\\/#\\\/schema\\\/logo\\\/image\\\/\",\"url\":\"https:\\\/\\\/readytopole.pl\\\/wp-content\\\/uploads\\\/2023\\\/02\\\/cropped-cropped-RTP-logotyp-gold-effect-v1.png\",\"contentUrl\":\"https:\\\/\\\/readytopole.pl\\\/wp-content\\\/uploads\\\/2023\\\/02\\\/cropped-cropped-RTP-logotyp-gold-effect-v1.png\",\"width\":1200,\"height\":1200,\"caption\":\"Ready to pole\"},\"image\":{\"@id\":\"https:\\\/\\\/readytopole.pl\\\/#\\\/schema\\\/logo\\\/image\\\/\"},\"sameAs\":[\"https:\\\/\\\/www.facebook.com\\\/people\\\/readytopole\\\/100084322415310\\\/\",\"https:\\\/\\\/www.instagram.com\\\/readytopole\\\/?igshid=YmMyMTA2M2Y=\"]}]}<\/script>\n<!-- \/ Yoast SEO plugin. -->","yoast_head_json":{"title":"Top Rtp N\u00b05 be\u017cowy - Pole Dance - Ready to Pole","description":"Delikatny top do pole dance w kolorze sweet toffe (be\u017cowym) z wyjmowanymi miseczkami. Podw\u00f3jne regulowane rami\u0105czka dla jeszcze lepszego dopasowania.","robots":{"index":"index","follow":"follow","max-snippet":"max-snippet:-1","max-image-preview":"max-image-preview:large","max-video-preview":"max-video-preview:-1"},"canonical":"https:\/\/readytopole.pl\/en\/product\/top-rtp-n5-bezowy\/","og_locale":"en_US","og_type":"article","og_title":"Top Rtp N\u00b05 be\u017cowy - Pole Dance - Ready to Pole","og_description":"Delikatny top do pole dance w kolorze sweet toffe (be\u017cowym) z wyjmowanymi miseczkami. Podw\u00f3jne regulowane rami\u0105czka dla jeszcze lepszego dopasowania.","og_url":"https:\/\/readytopole.pl\/en\/product\/top-rtp-n5-bezowy\/","og_site_name":"Ready to Pole","article_publisher":"https:\/\/www.facebook.com\/people\/readytopole\/100084322415310\/","article_modified_time":"2026-03-03T09:14:20+00:00","og_image":[{"width":1536,"height":1920,"url":"https:\/\/readytopole.pl\/wp-content\/uploads\/2023\/03\/Komplet_Rtp_No5_bezowy_przod2-scaled.jpg","type":"image\/jpeg"}],"twitter_card":"summary_large_image","twitter_misc":{"Est. reading time":"2 minutes"},"schema":{"@context":"https:\/\/schema.org","@graph":[{"@type":"WebPage","@id":"https:\/\/readytopole.pl\/produkt\/top-rtp-n5-bezowy\/","url":"https:\/\/readytopole.pl\/produkt\/top-rtp-n5-bezowy\/","name":"Top Rtp N\u00b05 be\u017cowy - Pole Dance - Ready to Pole","isPartOf":{"@id":"https:\/\/readytopole.pl\/#website"},"primaryImageOfPage":{"@id":"https:\/\/readytopole.pl\/produkt\/top-rtp-n5-bezowy\/#primaryimage"},"image":{"@id":"https:\/\/readytopole.pl\/produkt\/top-rtp-n5-bezowy\/#primaryimage"},"thumbnailUrl":"https:\/\/readytopole.pl\/wp-content\/uploads\/2023\/03\/Komplet_Rtp_No5_bezowy_przod2-scaled.jpg","datePublished":"2023-02-25T08:11:32+00:00","dateModified":"2026-03-03T09:14:20+00:00","description":"Delikatny top do pole dance w kolorze sweet toffe (be\u017cowym) z wyjmowanymi miseczkami. Podw\u00f3jne regulowane rami\u0105czka dla jeszcze lepszego dopasowania.","breadcrumb":{"@id":"https:\/\/readytopole.pl\/produkt\/top-rtp-n5-bezowy\/#breadcrumb"},"inLanguage":"en-US","potentialAction":[{"@type":"ReadAction","target":["https:\/\/readytopole.pl\/produkt\/top-rtp-n5-bezowy\/"]}]},{"@type":"ImageObject","inLanguage":"en-US","@id":"https:\/\/readytopole.pl\/produkt\/top-rtp-n5-bezowy\/#primaryimage","url":"https:\/\/readytopole.pl\/wp-content\/uploads\/2023\/03\/Komplet_Rtp_No5_bezowy_przod2-scaled.jpg","contentUrl":"https:\/\/readytopole.pl\/wp-content\/uploads\/2023\/03\/Komplet_Rtp_No5_bezowy_przod2-scaled.jpg","width":1536,"height":1920,"caption":"top Rtp No5 be\u017cowy widok z przodu"},{"@type":"BreadcrumbList","@id":"https:\/\/readytopole.pl\/produkt\/top-rtp-n5-bezowy\/#breadcrumb","itemListElement":[{"@type":"ListItem","position":1,"name":"Strona g\u0142\u00f3wna","item":"https:\/\/readytopole.pl\/"},{"@type":"ListItem","position":2,"name":"Sklep","item":"https:\/\/readytopole.pl\/sklep\/"},{"@type":"ListItem","position":3,"name":"Top Rtp N\u00b05 be\u017cowy"}]},{"@type":"WebSite","@id":"https:\/\/readytopole.pl\/#website","url":"https:\/\/readytopole.pl\/","name":"Ready to Pole | Polewear - Slow Fashion dla Pole Dance","description":"Blog | Sklep z odzie\u017c\u0105 do Poledance","publisher":{"@id":"https:\/\/readytopole.pl\/#organization"},"alternateName":"Ready to pole","potentialAction":[{"@type":"SearchAction","target":{"@type":"EntryPoint","urlTemplate":"https:\/\/readytopole.pl\/?s={search_term_string}"},"query-input":{"@type":"PropertyValueSpecification","valueRequired":true,"valueName":"search_term_string"}}],"inLanguage":"en-US"},{"@type":"Organization","@id":"https:\/\/readytopole.pl\/#organization","name":"Ready to pole","alternateName":"Rtp","url":"https:\/\/readytopole.pl\/","logo":{"@type":"ImageObject","inLanguage":"en-US","@id":"https:\/\/readytopole.pl\/#\/schema\/logo\/image\/","url":"https:\/\/readytopole.pl\/wp-content\/uploads\/2023\/02\/cropped-cropped-RTP-logotyp-gold-effect-v1.png","contentUrl":"https:\/\/readytopole.pl\/wp-content\/uploads\/2023\/02\/cropped-cropped-RTP-logotyp-gold-effect-v1.png","width":1200,"height":1200,"caption":"Ready to pole"},"image":{"@id":"https:\/\/readytopole.pl\/#\/schema\/logo\/image\/"},"sameAs":["https:\/\/www.facebook.com\/people\/readytopole\/100084322415310\/","https:\/\/www.instagram.com\/readytopole\/?igshid=YmMyMTA2M2Y="]}]}},"_links":{"self":[{"href":"https:\/\/readytopole.pl\/en\/wp-json\/wp\/v2\/product\/5270","targetHints":{"allow":["GET"]}}],"collection":[{"href":"https:\/\/readytopole.pl\/en\/wp-json\/wp\/v2\/product"}],"about":[{"href":"https:\/\/readytopole.pl\/en\/wp-json\/wp\/v2\/types\/product"}],"version-history":[{"count":53,"href":"https:\/\/readytopole.pl\/en\/wp-json\/wp\/v2\/product\/5270\/revisions"}],"predecessor-version":[{"id":21383,"href":"https:\/\/readytopole.pl\/en\/wp-json\/wp\/v2\/product\/5270\/revisions\/21383"}],"wp:featuredmedia":[{"embeddable":true,"href":"https:\/\/readytopole.pl\/en\/wp-json\/wp\/v2\/media\/7237"}],"wp:attachment":[{"href":"https:\/\/readytopole.pl\/en\/wp-json\/wp\/v2\/media?parent=5270"}],"wp:term":[{"taxonomy":"product_brand","embeddable":true,"href":"https:\/\/readytopole.pl\/en\/wp-json\/wp\/v2\/product_brand?post=5270"},{"taxonomy":"product_cat","embeddable":true,"href":"https:\/\/readytopole.pl\/en\/wp-json\/wp\/v2\/product_cat?post=5270"},{"taxonomy":"product_tag","embeddable":true,"href":"https:\/\/readytopole.pl\/en\/wp-json\/wp\/v2\/product_tag?post=5270"}],"curies":[{"name":"wp","href":"https:\/\/api.w.org\/{rel}","templated":true}]}}