{"id":21450,"date":"2026-03-06T10:18:46","date_gmt":"2026-03-06T09:18:46","guid":{"rendered":"https:\/\/readytopole.pl\/?post_type=product&#038;p=21450"},"modified":"2026-04-17T08:27:56","modified_gmt":"2026-04-17T06:27:56","slug":"top-libre-2-0-czerwony","status":"publish","type":"product","link":"https:\/\/readytopole.pl\/en\/product\/top-libre-2-0-czerwony\/","title":{"rendered":"Top Libre 2.0 czerwony"},"content":{"rendered":"\t\t<div data-elementor-type=\"wp-post\" data-elementor-id=\"21450\" class=\"elementor elementor-21450\">\n\t\t\t\t\t\t<section class=\"elementor-section elementor-top-section elementor-element elementor-element-ebeabac elementor-section-height-min-height elementor-section-boxed elementor-section-height-default elementor-section-items-middle\" data-id=\"ebeabac\" data-element_type=\"section\" data-e-type=\"section\">\n\t\t\t\t\t\t<div class=\"elementor-container elementor-column-gap-default\">\n\t\t\t\t\t<div class=\"elementor-column elementor-col-100 elementor-top-column elementor-element elementor-element-1de733e6\" data-id=\"1de733e6\" data-element_type=\"column\" data-e-type=\"column\">\n\t\t\t<div class=\"elementor-widget-wrap elementor-element-populated\">\n\t\t\t\t\t\t<div class=\"elementor-element elementor-element-62751d7 elementor-widget elementor-widget-toggle\" data-id=\"62751d7\" data-element_type=\"widget\" data-e-type=\"widget\" data-widget_type=\"toggle.default\">\n\t\t\t\t<div class=\"elementor-widget-container\">\n\t\t\t\t\t\t\t<div class=\"elementor-toggle\">\n\t\t\t\t\t\t\t<div class=\"elementor-toggle-item\">\n\t\t\t\t\t<div id=\"elementor-tab-title-1031\" class=\"elementor-tab-title\" data-tab=\"1\" role=\"button\" aria-controls=\"elementor-tab-content-1031\" aria-expanded=\"false\">\n\t\t\t\t\t\t\t\t\t\t\t\t<span class=\"elementor-toggle-icon elementor-toggle-icon-right\" aria-hidden=\"true\">\n\t\t\t\t\t\t\t\t\t\t\t\t\t\t\t<span class=\"elementor-toggle-icon-closed\"><i class=\"fas fa-plus\"><\/i><\/span>\n\t\t\t\t\t\t\t\t<span class=\"elementor-toggle-icon-opened\"><i class=\"elementor-toggle-icon-opened fas fa-plus\"><\/i><\/span>\n\t\t\t\t\t\t\t\t\t\t\t\t\t<\/span>\n\t\t\t\t\t\t\t\t\t\t\t\t<a class=\"elementor-toggle-title\" tabindex=\"0\">Opis<\/a>\n\t\t\t\t\t<\/div>\n\n\t\t\t\t\t<div id=\"elementor-tab-content-1031\" class=\"elementor-tab-content elementor-clearfix\" data-tab=\"1\" role=\"region\" aria-labelledby=\"elementor-tab-title-1031\"><p class=\"whitespace-normal break-words\"><strong>Top do pole dance Libre 2.0<\/strong> z regulowanymi paseczkami, kt\u00f3ry gwarantuje idealne dopasowanie i pe\u0142en komfort podczas treningu.<\/p><p><strong>Kluczowe cechy:<\/strong><\/p><ul><li><strong>Regulowane rami\u0105czka<\/strong> &#8211; idealne dopasowanie do ka\u017cdego biustu<\/li><li class=\"whitespace-normal break-words\"><strong>Dodatkowe kieszonki na miseczki<\/strong><\/li><li class=\"whitespace-normal break-words\"><strong>Stabilizuj\u0105ca guma pod biustem<\/strong> &#8211; trzyma top we w\u0142a\u015bciwym po\u0142o\u017ceniu bez przesuwania si\u0119<\/li><li class=\"whitespace-normal break-words\"><strong>Elegancki dekolt na plecach<\/strong> &#8211; pi\u0119knie podkre\u015bla kobiec\u0105 sylwetk\u0119<\/li><li class=\"whitespace-normal break-words\"><strong>Sprawdzony w pozycjach odwr\u00f3conych<\/strong> &#8211; wszystko zostaje na swoim miejscu<\/li><\/ul><p><strong>Rozmiar na zdj\u0119ciach:<\/strong> Monika ma na sobie rozmiar S.<\/p><p><strong>Dost\u0119pny w komplecie do pole dance<\/strong>\u00a0szortami Rtp no 5.<\/p><\/div>\n\t\t\t\t<\/div>\n\t\t\t\t\t\t\t<div class=\"elementor-toggle-item\">\n\t\t\t\t\t<div id=\"elementor-tab-title-1032\" class=\"elementor-tab-title\" data-tab=\"2\" role=\"button\" aria-controls=\"elementor-tab-content-1032\" aria-expanded=\"false\">\n\t\t\t\t\t\t\t\t\t\t\t\t<span class=\"elementor-toggle-icon elementor-toggle-icon-right\" aria-hidden=\"true\">\n\t\t\t\t\t\t\t\t\t\t\t\t\t\t\t<span class=\"elementor-toggle-icon-closed\"><i class=\"fas fa-plus\"><\/i><\/span>\n\t\t\t\t\t\t\t\t<span class=\"elementor-toggle-icon-opened\"><i class=\"elementor-toggle-icon-opened fas fa-plus\"><\/i><\/span>\n\t\t\t\t\t\t\t\t\t\t\t\t\t<\/span>\n\t\t\t\t\t\t\t\t\t\t\t\t<a class=\"elementor-toggle-title\" tabindex=\"0\">Wymiary<\/a>\n\t\t\t\t\t<\/div>\n\n\t\t\t\t\t<div id=\"elementor-tab-content-1032\" class=\"elementor-tab-content elementor-clearfix\" data-tab=\"2\" role=\"region\" aria-labelledby=\"elementor-tab-title-1032\"><p><style> td, th { border: 1px solid black;   text-align: center;} <\/style><\/p><p><!-- ustawienie czarnego obramowania tabeli w CSS --><\/p><div><table width=\"430\"><tbody><tr><td width=\"78\"><strong>Rozmiar<\/strong><\/td><td width=\"121\"><strong>Pod biustem<\/strong><\/td><td width=\"224\"><strong>Guma pod biustem (mierzona na p\u0142asko):<\/strong><\/td><\/tr><tr><td width=\"78\"><strong>XS<\/strong><\/td><td width=\"121\">60 \u2013 70<\/td><td width=\"224\">58<\/td><\/tr><tr><td width=\"78\"><strong>S<\/strong><\/td><td width=\"121\">66 \u2013 76<\/td><td width=\"224\">62<\/td><\/tr><tr><td width=\"78\"><strong>M<\/strong><\/td><td width=\"121\">70 \u2013 82<\/td><td width=\"224\">66<\/td><\/tr><tr><td width=\"78\"><strong>L<\/strong><\/td><td width=\"121\">76 \u2013 90<\/td><td width=\"224\">70<\/td><\/tr><\/tbody><\/table><\/div><\/div>\n\t\t\t\t<\/div>\n\t\t\t\t\t\t\t<div class=\"elementor-toggle-item\">\n\t\t\t\t\t<div id=\"elementor-tab-title-1033\" class=\"elementor-tab-title\" data-tab=\"3\" role=\"button\" aria-controls=\"elementor-tab-content-1033\" aria-expanded=\"false\">\n\t\t\t\t\t\t\t\t\t\t\t\t<span class=\"elementor-toggle-icon elementor-toggle-icon-right\" aria-hidden=\"true\">\n\t\t\t\t\t\t\t\t\t\t\t\t\t\t\t<span class=\"elementor-toggle-icon-closed\"><i class=\"fas fa-plus\"><\/i><\/span>\n\t\t\t\t\t\t\t\t<span class=\"elementor-toggle-icon-opened\"><i class=\"elementor-toggle-icon-opened fas fa-plus\"><\/i><\/span>\n\t\t\t\t\t\t\t\t\t\t\t\t\t<\/span>\n\t\t\t\t\t\t\t\t\t\t\t\t<a class=\"elementor-toggle-title\" tabindex=\"0\">Informacje dodatkowe<\/a>\n\t\t\t\t\t<\/div>\n\n\t\t\t\t\t<div id=\"elementor-tab-content-1033\" class=\"elementor-tab-content elementor-clearfix\" data-tab=\"3\" role=\"region\" aria-labelledby=\"elementor-tab-title-1033\"><p>Zaprojektowane przez pole dancerk\u0119, wyprodukowano w ma\u0142ej lokalnej szwalni w Tr\u00f3jmie\u015bcie.<br \/>Sk\u0142ad materia\u0142u: 90% nylon, 10% spandex<\/p><\/div>\n\t\t\t\t<\/div>\n\t\t\t\t\t\t\t<div class=\"elementor-toggle-item\">\n\t\t\t\t\t<div id=\"elementor-tab-title-1034\" class=\"elementor-tab-title\" data-tab=\"4\" role=\"button\" aria-controls=\"elementor-tab-content-1034\" aria-expanded=\"false\">\n\t\t\t\t\t\t\t\t\t\t\t\t<span class=\"elementor-toggle-icon elementor-toggle-icon-right\" aria-hidden=\"true\">\n\t\t\t\t\t\t\t\t\t\t\t\t\t\t\t<span class=\"elementor-toggle-icon-closed\"><i class=\"fas fa-plus\"><\/i><\/span>\n\t\t\t\t\t\t\t\t<span class=\"elementor-toggle-icon-opened\"><i class=\"elementor-toggle-icon-opened fas fa-plus\"><\/i><\/span>\n\t\t\t\t\t\t\t\t\t\t\t\t\t<\/span>\n\t\t\t\t\t\t\t\t\t\t\t\t<a class=\"elementor-toggle-title\" tabindex=\"0\">Wysy\u0142ka i zwroty<\/a>\n\t\t\t\t\t<\/div>\n\n\t\t\t\t\t<div id=\"elementor-tab-content-1034\" class=\"elementor-tab-content elementor-clearfix\" data-tab=\"4\" role=\"region\" aria-labelledby=\"elementor-tab-title-1034\"><p>Dok\u0142adamy wszelkich stara\u0144, aby przesy\u0142ka dotar\u0142a do Ciebie jak najszybciej. W wi\u0119kszo\u015bci zam\u00f3wienia realizujemy w 24h (dzie\u0144 roboczy). Maksymalny czas realizacji to 14 dni (w takim wypadku na pewno otrzymasz od nas tak\u0105 informacj\u0119). Przesy\u0142ki nadajemy za po\u015brednictwem kuriera, paczkomat\u00f3w oraz poczty. W celu sprawdzenia ceny wysy\u0142ek przejd\u017a do zak\u0142adki <a href=\"https:\/\/readytopole.pl\/dostawa\/\">Dostawa<\/a>, a w kwestii zwrot\u00f3w <a href=\"https:\/\/readytopole.pl\/wymiana-i-zwroty\/\">Zwroty<\/a> w stopce strony.<\/p><\/div>\n\t\t\t\t<\/div>\n\t\t\t\t\t\t\t\t\t\t<script type=\"application\/ld+json\">{\"@context\":\"https:\\\/\\\/schema.org\",\"@type\":\"FAQPage\",\"mainEntity\":[{\"@type\":\"Question\",\"name\":\"Opis\",\"acceptedAnswer\":{\"@type\":\"Answer\",\"text\":\"<p class=\\\"whitespace-normal break-words\\\"><strong>Top do pole dance Libre 2.0<\\\/strong> z regulowanymi paseczkami, kt\\u00f3ry gwarantuje idealne dopasowanie i pe\\u0142en komfort podczas treningu.<\\\/p><p><strong>Kluczowe cechy:<\\\/strong><\\\/p><ul><li><strong>Regulowane rami\\u0105czka<\\\/strong> &#8211; idealne dopasowanie do ka\\u017cdego biustu<\\\/li><li class=\\\"whitespace-normal break-words\\\"><strong>Dodatkowe kieszonki na miseczki<\\\/strong><\\\/li><li class=\\\"whitespace-normal break-words\\\"><strong>Stabilizuj\\u0105ca guma pod biustem<\\\/strong> &#8211; trzyma top we w\\u0142a\\u015bciwym po\\u0142o\\u017ceniu bez przesuwania si\\u0119<\\\/li><li class=\\\"whitespace-normal break-words\\\"><strong>Elegancki dekolt na plecach<\\\/strong> &#8211; pi\\u0119knie podkre\\u015bla kobiec\\u0105 sylwetk\\u0119<\\\/li><li class=\\\"whitespace-normal break-words\\\"><strong>Sprawdzony w pozycjach odwr\\u00f3conych<\\\/strong> &#8211; wszystko zostaje na swoim miejscu<\\\/li><\\\/ul><p><strong>Rozmiar na zdj\\u0119ciach:<\\\/strong> Monika ma na sobie rozmiar S.<\\\/p><p><strong>Dost\\u0119pny w komplecie do pole dance<\\\/strong>\\u00a0szortami Rtp no 5.<\\\/p>\"}},{\"@type\":\"Question\",\"name\":\"Wymiary\",\"acceptedAnswer\":{\"@type\":\"Answer\",\"text\":\"<p><style> td, th { border: 1px solid black;   text-align: center;} <\\\/style><\\\/p><p><!-- ustawienie czarnego obramowania tabeli w CSS --><\\\/p><div><table width=\\\"430\\\"><tbody><tr><td width=\\\"78\\\"><strong>Rozmiar<\\\/strong><\\\/td><td width=\\\"121\\\"><strong>Pod biustem<\\\/strong><\\\/td><td width=\\\"224\\\"><strong>Guma pod biustem (mierzona na p\\u0142asko):<\\\/strong><\\\/td><\\\/tr><tr><td width=\\\"78\\\"><strong>XS<\\\/strong><\\\/td><td width=\\\"121\\\">60 \\u2013 70<\\\/td><td width=\\\"224\\\">58<\\\/td><\\\/tr><tr><td width=\\\"78\\\"><strong>S<\\\/strong><\\\/td><td width=\\\"121\\\">66 \\u2013 76<\\\/td><td width=\\\"224\\\">62<\\\/td><\\\/tr><tr><td width=\\\"78\\\"><strong>M<\\\/strong><\\\/td><td width=\\\"121\\\">70 \\u2013 82<\\\/td><td width=\\\"224\\\">66<\\\/td><\\\/tr><tr><td width=\\\"78\\\"><strong>L<\\\/strong><\\\/td><td width=\\\"121\\\">76 \\u2013 90<\\\/td><td width=\\\"224\\\">70<\\\/td><\\\/tr><\\\/tbody><\\\/table><\\\/div>\"}},{\"@type\":\"Question\",\"name\":\"Informacje dodatkowe\",\"acceptedAnswer\":{\"@type\":\"Answer\",\"text\":\"<p>Zaprojektowane przez pole dancerk\\u0119, wyprodukowano w ma\\u0142ej lokalnej szwalni w Tr\\u00f3jmie\\u015bcie.<br \\\/>Sk\\u0142ad materia\\u0142u: 90% nylon, 10% spandex<\\\/p>\"}},{\"@type\":\"Question\",\"name\":\"Wysy\\u0142ka i zwroty\",\"acceptedAnswer\":{\"@type\":\"Answer\",\"text\":\"<p>Dok\\u0142adamy wszelkich stara\\u0144, aby przesy\\u0142ka dotar\\u0142a do Ciebie jak najszybciej. W wi\\u0119kszo\\u015bci zam\\u00f3wienia realizujemy w 24h (dzie\\u0144 roboczy). Maksymalny czas realizacji to 14 dni (w takim wypadku na pewno otrzymasz od nas tak\\u0105 informacj\\u0119). Przesy\\u0142ki nadajemy za po\\u015brednictwem kuriera, paczkomat\\u00f3w oraz poczty. W celu sprawdzenia ceny wysy\\u0142ek przejd\\u017a do zak\\u0142adki <a href=\\\"https:\\\/\\\/readytopole.pl\\\/dostawa\\\/\\\">Dostawa<\\\/a>, a w kwestii zwrot\\u00f3w <a href=\\\"https:\\\/\\\/readytopole.pl\\\/wymiana-i-zwroty\\\/\\\">Zwroty<\\\/a> w stopce strony.<\\\/p>\"}}]}<\/script>\n\t\t\t\t\t<\/div>\n\t\t\t\t\t\t<\/div>\n\t\t\t\t<\/div>\n\t\t\t\t\t<\/div>\n\t\t<\/div>\n\t\t\t\t\t<\/div>\n\t\t<\/section>\n\t\t\t\t<\/div>\n\t\t","protected":false},"excerpt":{"rendered":"<p>Kolekcja Libre zach\u0119ca do \u0142amania granic, eksperymentowania, podnoszenia pewno\u015bci siebie. Synonim wolno\u015bci i kobiecego pi\u0119kna. Inspirowana zapachem Libre od Yves Saint Laurent.<\/p>","protected":false},"featured_media":21567,"template":"","meta":{"site-sidebar-layout":"default","site-content-layout":"default","ast-site-content-layout":"default","site-content-style":"default","site-sidebar-style":"default","ast-global-header-display":"","ast-banner-title-visibility":"","ast-main-header-display":"","ast-hfb-above-header-display":"","ast-hfb-below-header-display":"","ast-hfb-mobile-header-display":"","site-post-title":"","ast-breadcrumbs-content":"","ast-featured-img":"","footer-sml-layout":"","ast-disable-related-posts":"","theme-transparent-header-meta":"default","adv-header-id-meta":"","stick-header-meta":"","header-above-stick-meta":"","header-main-stick-meta":"","header-below-stick-meta":"","astra-migrate-meta-layouts":"set","ast-page-background-enabled":"default","ast-page-background-meta":{"desktop":{"background-color":"","background-image":"","background-repeat":"repeat","background-position":"center center","background-size":"auto","background-attachment":"scroll","background-type":"","background-media":"","overlay-type":"","overlay-color":"","overlay-opacity":"","overlay-gradient":""},"tablet":{"background-color":"","background-image":"","background-repeat":"repeat","background-position":"center center","background-size":"auto","background-attachment":"scroll","background-type":"","background-media":"","overlay-type":"","overlay-color":"","overlay-opacity":"","overlay-gradient":""},"mobile":{"background-color":"","background-image":"","background-repeat":"repeat","background-position":"center center","background-size":"auto","background-attachment":"scroll","background-type":"","background-media":"","overlay-type":"","overlay-color":"","overlay-opacity":"","overlay-gradient":""}},"ast-content-background-meta":{"desktop":{"background-color":"var(--ast-global-color-5)","background-image":"","background-repeat":"repeat","background-position":"center center","background-size":"auto","background-attachment":"scroll","background-type":"","background-media":"","overlay-type":"","overlay-color":"","overlay-opacity":"","overlay-gradient":""},"tablet":{"background-color":"var(--ast-global-color-5)","background-image":"","background-repeat":"repeat","background-position":"center center","background-size":"auto","background-attachment":"scroll","background-type":"","background-media":"","overlay-type":"","overlay-color":"","overlay-opacity":"","overlay-gradient":""},"mobile":{"background-color":"var(--ast-global-color-5)","background-image":"","background-repeat":"repeat","background-position":"center center","background-size":"auto","background-attachment":"scroll","background-type":"","background-media":"","overlay-type":"","overlay-color":"","overlay-opacity":"","overlay-gradient":""}}},"product_brand":[],"product_cat":[98,70,100,66],"product_tag":[171,94,169,168,166],"class_list":{"0":"post-21450","1":"product","2":"type-product","3":"status-publish","4":"has-post-thumbnail","6":"product_cat-stroje-do-exotic-dance","7":"product_cat-stroje-pole-dance","8":"product_cat-topy-exotic-dance","9":"product_cat-topy-pole-dance","10":"product_tag-pole-dance-komplet","11":"product_tag-pole-wear","12":"product_tag-stroj-na-pole-dance","13":"product_tag-stroje-do-pole-dance","14":"product_tag-stroje-pole-dance","15":"desktop-align-left","16":"tablet-align-left","17":"mobile-align-left","19":"first","20":"instock","21":"taxable","22":"shipping-taxable","23":"purchasable","24":"product-type-variable","25":"has-default-attributes"},"yoast_head":"<!-- This site is optimized with the Yoast SEO plugin v27.4 - https:\/\/yoast.com\/product\/yoast-seo-wordpress\/ -->\n<title>Top Libre 2.0 czerwony - Pole Dance - Ready to Pole<\/title>\n<meta name=\"description\" content=\"Czerwony top do pole dance Libre 2.0 - pi\u0119kny str\u00f3j szyty w lokalnej szwalni w Tr\u00f3jmie\u015bcie. Slow fashion najwy\u017cszej jako\u015bci.\" \/>\n<meta name=\"robots\" content=\"index, follow, max-snippet:-1, max-image-preview:large, max-video-preview:-1\" \/>\n<link rel=\"canonical\" href=\"https:\/\/readytopole.pl\/en\/product\/top-libre-2-0-czerwony\/\" \/>\n<meta property=\"og:locale\" content=\"en_US\" \/>\n<meta property=\"og:type\" content=\"article\" \/>\n<meta property=\"og:title\" content=\"Top Libre 2.0 czerwony - Pole Dance - Ready to Pole\" \/>\n<meta property=\"og:description\" content=\"Czerwony top do pole dance Libre 2.0 - pi\u0119kny str\u00f3j szyty w lokalnej szwalni w Tr\u00f3jmie\u015bcie. Slow fashion najwy\u017cszej jako\u015bci.\" \/>\n<meta property=\"og:url\" content=\"https:\/\/readytopole.pl\/en\/product\/top-libre-2-0-czerwony\/\" \/>\n<meta property=\"og:site_name\" content=\"Ready to Pole\" \/>\n<meta property=\"article:publisher\" content=\"https:\/\/www.facebook.com\/people\/readytopole\/100084322415310\/\" \/>\n<meta property=\"article:modified_time\" content=\"2026-04-17T06:27:56+00:00\" \/>\n<meta property=\"og:image\" content=\"https:\/\/readytopole.pl\/wp-content\/uploads\/2026\/03\/354A0987-scaled.jpg\" \/>\n\t<meta property=\"og:image:width\" content=\"1752\" \/>\n\t<meta property=\"og:image:height\" content=\"2560\" \/>\n\t<meta property=\"og:image:type\" content=\"image\/jpeg\" \/>\n<meta name=\"twitter:card\" content=\"summary_large_image\" \/>\n<meta name=\"twitter:label1\" content=\"Est. reading time\" \/>\n\t<meta name=\"twitter:data1\" content=\"2 minutes\" \/>\n<script type=\"application\/ld+json\" class=\"yoast-schema-graph\">{\"@context\":\"https:\\\/\\\/schema.org\",\"@graph\":[{\"@type\":\"WebPage\",\"@id\":\"https:\\\/\\\/readytopole.pl\\\/produkt\\\/top-libre-2-0-czerwony\\\/\",\"url\":\"https:\\\/\\\/readytopole.pl\\\/produkt\\\/top-libre-2-0-czerwony\\\/\",\"name\":\"Top Libre 2.0 czerwony - Pole Dance - Ready to Pole\",\"isPartOf\":{\"@id\":\"https:\\\/\\\/readytopole.pl\\\/#website\"},\"primaryImageOfPage\":{\"@id\":\"https:\\\/\\\/readytopole.pl\\\/produkt\\\/top-libre-2-0-czerwony\\\/#primaryimage\"},\"image\":{\"@id\":\"https:\\\/\\\/readytopole.pl\\\/produkt\\\/top-libre-2-0-czerwony\\\/#primaryimage\"},\"thumbnailUrl\":\"https:\\\/\\\/readytopole.pl\\\/wp-content\\\/uploads\\\/2026\\\/03\\\/354A0987-scaled.jpg\",\"datePublished\":\"2026-03-06T09:18:46+00:00\",\"dateModified\":\"2026-04-17T06:27:56+00:00\",\"description\":\"Czerwony top do pole dance Libre 2.0 - pi\u0119kny str\u00f3j szyty w lokalnej szwalni w Tr\u00f3jmie\u015bcie. Slow fashion najwy\u017cszej jako\u015bci.\",\"breadcrumb\":{\"@id\":\"https:\\\/\\\/readytopole.pl\\\/produkt\\\/top-libre-2-0-czerwony\\\/#breadcrumb\"},\"inLanguage\":\"en-US\",\"potentialAction\":[{\"@type\":\"ReadAction\",\"target\":[\"https:\\\/\\\/readytopole.pl\\\/produkt\\\/top-libre-2-0-czerwony\\\/\"]}]},{\"@type\":\"ImageObject\",\"inLanguage\":\"en-US\",\"@id\":\"https:\\\/\\\/readytopole.pl\\\/produkt\\\/top-libre-2-0-czerwony\\\/#primaryimage\",\"url\":\"https:\\\/\\\/readytopole.pl\\\/wp-content\\\/uploads\\\/2026\\\/03\\\/354A0987-scaled.jpg\",\"contentUrl\":\"https:\\\/\\\/readytopole.pl\\\/wp-content\\\/uploads\\\/2026\\\/03\\\/354A0987-scaled.jpg\",\"width\":1752,\"height\":2560},{\"@type\":\"BreadcrumbList\",\"@id\":\"https:\\\/\\\/readytopole.pl\\\/produkt\\\/top-libre-2-0-czerwony\\\/#breadcrumb\",\"itemListElement\":[{\"@type\":\"ListItem\",\"position\":1,\"name\":\"Strona g\u0142\u00f3wna\",\"item\":\"https:\\\/\\\/readytopole.pl\\\/\"},{\"@type\":\"ListItem\",\"position\":2,\"name\":\"Sklep\",\"item\":\"https:\\\/\\\/readytopole.pl\\\/sklep\\\/\"},{\"@type\":\"ListItem\",\"position\":3,\"name\":\"Top Libre 2.0 czerwony\"}]},{\"@type\":\"WebSite\",\"@id\":\"https:\\\/\\\/readytopole.pl\\\/#website\",\"url\":\"https:\\\/\\\/readytopole.pl\\\/\",\"name\":\"Ready to Pole | Polewear - Slow Fashion dla Pole Dance\",\"description\":\"Blog | Sklep z odzie\u017c\u0105 do Poledance\",\"publisher\":{\"@id\":\"https:\\\/\\\/readytopole.pl\\\/#organization\"},\"alternateName\":\"Ready to pole\",\"potentialAction\":[{\"@type\":\"SearchAction\",\"target\":{\"@type\":\"EntryPoint\",\"urlTemplate\":\"https:\\\/\\\/readytopole.pl\\\/?s={search_term_string}\"},\"query-input\":{\"@type\":\"PropertyValueSpecification\",\"valueRequired\":true,\"valueName\":\"search_term_string\"}}],\"inLanguage\":\"en-US\"},{\"@type\":\"Organization\",\"@id\":\"https:\\\/\\\/readytopole.pl\\\/#organization\",\"name\":\"Ready to pole\",\"alternateName\":\"Rtp\",\"url\":\"https:\\\/\\\/readytopole.pl\\\/\",\"logo\":{\"@type\":\"ImageObject\",\"inLanguage\":\"en-US\",\"@id\":\"https:\\\/\\\/readytopole.pl\\\/#\\\/schema\\\/logo\\\/image\\\/\",\"url\":\"https:\\\/\\\/readytopole.pl\\\/wp-content\\\/uploads\\\/2023\\\/02\\\/cropped-cropped-RTP-logotyp-gold-effect-v1.png\",\"contentUrl\":\"https:\\\/\\\/readytopole.pl\\\/wp-content\\\/uploads\\\/2023\\\/02\\\/cropped-cropped-RTP-logotyp-gold-effect-v1.png\",\"width\":1200,\"height\":1200,\"caption\":\"Ready to pole\"},\"image\":{\"@id\":\"https:\\\/\\\/readytopole.pl\\\/#\\\/schema\\\/logo\\\/image\\\/\"},\"sameAs\":[\"https:\\\/\\\/www.facebook.com\\\/people\\\/readytopole\\\/100084322415310\\\/\",\"https:\\\/\\\/www.instagram.com\\\/readytopole\\\/?igshid=YmMyMTA2M2Y=\"]}]}<\/script>\n<!-- \/ Yoast SEO plugin. -->","yoast_head_json":{"title":"Top Libre 2.0 czerwony - Pole Dance - Ready to Pole","description":"Czerwony top do pole dance Libre 2.0 - pi\u0119kny str\u00f3j szyty w lokalnej szwalni w Tr\u00f3jmie\u015bcie. Slow fashion najwy\u017cszej jako\u015bci.","robots":{"index":"index","follow":"follow","max-snippet":"max-snippet:-1","max-image-preview":"max-image-preview:large","max-video-preview":"max-video-preview:-1"},"canonical":"https:\/\/readytopole.pl\/en\/product\/top-libre-2-0-czerwony\/","og_locale":"en_US","og_type":"article","og_title":"Top Libre 2.0 czerwony - Pole Dance - Ready to Pole","og_description":"Czerwony top do pole dance Libre 2.0 - pi\u0119kny str\u00f3j szyty w lokalnej szwalni w Tr\u00f3jmie\u015bcie. Slow fashion najwy\u017cszej jako\u015bci.","og_url":"https:\/\/readytopole.pl\/en\/product\/top-libre-2-0-czerwony\/","og_site_name":"Ready to Pole","article_publisher":"https:\/\/www.facebook.com\/people\/readytopole\/100084322415310\/","article_modified_time":"2026-04-17T06:27:56+00:00","og_image":[{"width":1752,"height":2560,"url":"https:\/\/readytopole.pl\/wp-content\/uploads\/2026\/03\/354A0987-scaled.jpg","type":"image\/jpeg"}],"twitter_card":"summary_large_image","twitter_misc":{"Est. reading time":"2 minutes"},"schema":{"@context":"https:\/\/schema.org","@graph":[{"@type":"WebPage","@id":"https:\/\/readytopole.pl\/produkt\/top-libre-2-0-czerwony\/","url":"https:\/\/readytopole.pl\/produkt\/top-libre-2-0-czerwony\/","name":"Top Libre 2.0 czerwony - Pole Dance - Ready to Pole","isPartOf":{"@id":"https:\/\/readytopole.pl\/#website"},"primaryImageOfPage":{"@id":"https:\/\/readytopole.pl\/produkt\/top-libre-2-0-czerwony\/#primaryimage"},"image":{"@id":"https:\/\/readytopole.pl\/produkt\/top-libre-2-0-czerwony\/#primaryimage"},"thumbnailUrl":"https:\/\/readytopole.pl\/wp-content\/uploads\/2026\/03\/354A0987-scaled.jpg","datePublished":"2026-03-06T09:18:46+00:00","dateModified":"2026-04-17T06:27:56+00:00","description":"Czerwony top do pole dance Libre 2.0 - pi\u0119kny str\u00f3j szyty w lokalnej szwalni w Tr\u00f3jmie\u015bcie. Slow fashion najwy\u017cszej jako\u015bci.","breadcrumb":{"@id":"https:\/\/readytopole.pl\/produkt\/top-libre-2-0-czerwony\/#breadcrumb"},"inLanguage":"en-US","potentialAction":[{"@type":"ReadAction","target":["https:\/\/readytopole.pl\/produkt\/top-libre-2-0-czerwony\/"]}]},{"@type":"ImageObject","inLanguage":"en-US","@id":"https:\/\/readytopole.pl\/produkt\/top-libre-2-0-czerwony\/#primaryimage","url":"https:\/\/readytopole.pl\/wp-content\/uploads\/2026\/03\/354A0987-scaled.jpg","contentUrl":"https:\/\/readytopole.pl\/wp-content\/uploads\/2026\/03\/354A0987-scaled.jpg","width":1752,"height":2560},{"@type":"BreadcrumbList","@id":"https:\/\/readytopole.pl\/produkt\/top-libre-2-0-czerwony\/#breadcrumb","itemListElement":[{"@type":"ListItem","position":1,"name":"Strona g\u0142\u00f3wna","item":"https:\/\/readytopole.pl\/"},{"@type":"ListItem","position":2,"name":"Sklep","item":"https:\/\/readytopole.pl\/sklep\/"},{"@type":"ListItem","position":3,"name":"Top Libre 2.0 czerwony"}]},{"@type":"WebSite","@id":"https:\/\/readytopole.pl\/#website","url":"https:\/\/readytopole.pl\/","name":"Ready to Pole | Polewear - Slow Fashion dla Pole Dance","description":"Blog | Sklep z odzie\u017c\u0105 do Poledance","publisher":{"@id":"https:\/\/readytopole.pl\/#organization"},"alternateName":"Ready to pole","potentialAction":[{"@type":"SearchAction","target":{"@type":"EntryPoint","urlTemplate":"https:\/\/readytopole.pl\/?s={search_term_string}"},"query-input":{"@type":"PropertyValueSpecification","valueRequired":true,"valueName":"search_term_string"}}],"inLanguage":"en-US"},{"@type":"Organization","@id":"https:\/\/readytopole.pl\/#organization","name":"Ready to pole","alternateName":"Rtp","url":"https:\/\/readytopole.pl\/","logo":{"@type":"ImageObject","inLanguage":"en-US","@id":"https:\/\/readytopole.pl\/#\/schema\/logo\/image\/","url":"https:\/\/readytopole.pl\/wp-content\/uploads\/2023\/02\/cropped-cropped-RTP-logotyp-gold-effect-v1.png","contentUrl":"https:\/\/readytopole.pl\/wp-content\/uploads\/2023\/02\/cropped-cropped-RTP-logotyp-gold-effect-v1.png","width":1200,"height":1200,"caption":"Ready to pole"},"image":{"@id":"https:\/\/readytopole.pl\/#\/schema\/logo\/image\/"},"sameAs":["https:\/\/www.facebook.com\/people\/readytopole\/100084322415310\/","https:\/\/www.instagram.com\/readytopole\/?igshid=YmMyMTA2M2Y="]}]}},"_links":{"self":[{"href":"https:\/\/readytopole.pl\/en\/wp-json\/wp\/v2\/product\/21450","targetHints":{"allow":["GET"]}}],"collection":[{"href":"https:\/\/readytopole.pl\/en\/wp-json\/wp\/v2\/product"}],"about":[{"href":"https:\/\/readytopole.pl\/en\/wp-json\/wp\/v2\/types\/product"}],"version-history":[{"count":7,"href":"https:\/\/readytopole.pl\/en\/wp-json\/wp\/v2\/product\/21450\/revisions"}],"predecessor-version":[{"id":21460,"href":"https:\/\/readytopole.pl\/en\/wp-json\/wp\/v2\/product\/21450\/revisions\/21460"}],"wp:featuredmedia":[{"embeddable":true,"href":"https:\/\/readytopole.pl\/en\/wp-json\/wp\/v2\/media\/21567"}],"wp:attachment":[{"href":"https:\/\/readytopole.pl\/en\/wp-json\/wp\/v2\/media?parent=21450"}],"wp:term":[{"taxonomy":"product_brand","embeddable":true,"href":"https:\/\/readytopole.pl\/en\/wp-json\/wp\/v2\/product_brand?post=21450"},{"taxonomy":"product_cat","embeddable":true,"href":"https:\/\/readytopole.pl\/en\/wp-json\/wp\/v2\/product_cat?post=21450"},{"taxonomy":"product_tag","embeddable":true,"href":"https:\/\/readytopole.pl\/en\/wp-json\/wp\/v2\/product_tag?post=21450"}],"curies":[{"name":"wp","href":"https:\/\/api.w.org\/{rel}","templated":true}]}}