{"id":20736,"date":"2025-09-07T21:21:54","date_gmt":"2025-09-07T19:21:54","guid":{"rendered":"https:\/\/readytopole.pl\/?post_type=product&#038;p=20736"},"modified":"2026-04-17T11:49:08","modified_gmt":"2026-04-17T09:49:08","slug":"top-do-pole-dance-libre-czarny","status":"publish","type":"product","link":"https:\/\/readytopole.pl\/en\/product\/top-do-pole-dance-libre-czarny\/","title":{"rendered":"Top Libre 2.0 czarny"},"content":{"rendered":"\t\t<div data-elementor-type=\"wp-post\" data-elementor-id=\"20736\" class=\"elementor elementor-20736\">\n\t\t\t\t\t\t<section class=\"elementor-section elementor-top-section elementor-element elementor-element-ebeabac elementor-section-height-min-height elementor-section-boxed elementor-section-height-default elementor-section-items-middle\" data-id=\"ebeabac\" data-element_type=\"section\" data-e-type=\"section\">\n\t\t\t\t\t\t<div class=\"elementor-container elementor-column-gap-default\">\n\t\t\t\t\t<div class=\"elementor-column elementor-col-100 elementor-top-column elementor-element elementor-element-1de733e6\" data-id=\"1de733e6\" data-element_type=\"column\" data-e-type=\"column\">\n\t\t\t<div class=\"elementor-widget-wrap elementor-element-populated\">\n\t\t\t\t\t\t<div class=\"elementor-element elementor-element-62751d7 elementor-widget elementor-widget-toggle\" data-id=\"62751d7\" data-element_type=\"widget\" data-e-type=\"widget\" data-widget_type=\"toggle.default\">\n\t\t\t\t<div class=\"elementor-widget-container\">\n\t\t\t\t\t\t\t<div class=\"elementor-toggle\">\n\t\t\t\t\t\t\t<div class=\"elementor-toggle-item\">\n\t\t\t\t\t<div id=\"elementor-tab-title-1031\" class=\"elementor-tab-title\" data-tab=\"1\" role=\"button\" aria-controls=\"elementor-tab-content-1031\" aria-expanded=\"false\">\n\t\t\t\t\t\t\t\t\t\t\t\t<span class=\"elementor-toggle-icon elementor-toggle-icon-right\" aria-hidden=\"true\">\n\t\t\t\t\t\t\t\t\t\t\t\t\t\t\t<span class=\"elementor-toggle-icon-closed\"><i class=\"fas fa-plus\"><\/i><\/span>\n\t\t\t\t\t\t\t\t<span class=\"elementor-toggle-icon-opened\"><i class=\"elementor-toggle-icon-opened fas fa-plus\"><\/i><\/span>\n\t\t\t\t\t\t\t\t\t\t\t\t\t<\/span>\n\t\t\t\t\t\t\t\t\t\t\t\t<a class=\"elementor-toggle-title\" tabindex=\"0\">Opis<\/a>\n\t\t\t\t\t<\/div>\n\n\t\t\t\t\t<div id=\"elementor-tab-content-1031\" class=\"elementor-tab-content elementor-clearfix\" data-tab=\"1\" role=\"region\" aria-labelledby=\"elementor-tab-title-1031\"><p class=\"whitespace-normal break-words\"><strong>Top do pole dance Libre 2.0<\/strong> z regulowanymi paseczkami, kt\u00f3ry gwarantuje idealne dopasowanie i pe\u0142en komfort podczas treningu.<\/p><p><strong>Kluczowe cechy:<\/strong><\/p><ul><li><strong>Regulowane rami\u0105czka<\/strong> &#8211; idealne dopasowanie do ka\u017cdego biustu<\/li><li class=\"whitespace-normal break-words\"><strong>Dodatkowe kieszonki na miseczki<\/strong><\/li><li class=\"whitespace-normal break-words\"><strong>Stabilizuj\u0105ca guma pod biustem<\/strong> &#8211; trzyma top we w\u0142a\u015bciwym po\u0142o\u017ceniu bez przesuwania si\u0119<\/li><li class=\"whitespace-normal break-words\"><strong>Elegancki dekolt na plecach<\/strong> &#8211; pi\u0119knie podkre\u015bla kobiec\u0105 sylwetk\u0119<\/li><li class=\"whitespace-normal break-words\"><strong>Sprawdzony w pozycjach odwr\u00f3conych<\/strong> &#8211; wszystko zostaje na swoim miejscu<\/li><\/ul><p><strong>Rozmiar na zdj\u0119ciach:<\/strong> Maja ma na sobie rozmiar S.<\/p><p><strong>Dost\u0119pny w komplecie do pole dance:<\/strong> <a href=\"https:\/\/readytopole.pl\/produkt\/komplet-libre-2-0-czarny\/\">szortami Libre<\/a> lub <a href=\"https:\/\/readytopole.pl\/produkt\/komplet-libre-2-0-rtp-czarny\/\">szortami Rtp no 5<\/a>.<\/p><\/div>\n\t\t\t\t<\/div>\n\t\t\t\t\t\t\t<div class=\"elementor-toggle-item\">\n\t\t\t\t\t<div id=\"elementor-tab-title-1032\" class=\"elementor-tab-title\" data-tab=\"2\" role=\"button\" aria-controls=\"elementor-tab-content-1032\" aria-expanded=\"false\">\n\t\t\t\t\t\t\t\t\t\t\t\t<span class=\"elementor-toggle-icon elementor-toggle-icon-right\" aria-hidden=\"true\">\n\t\t\t\t\t\t\t\t\t\t\t\t\t\t\t<span class=\"elementor-toggle-icon-closed\"><i class=\"fas fa-plus\"><\/i><\/span>\n\t\t\t\t\t\t\t\t<span class=\"elementor-toggle-icon-opened\"><i class=\"elementor-toggle-icon-opened fas fa-plus\"><\/i><\/span>\n\t\t\t\t\t\t\t\t\t\t\t\t\t<\/span>\n\t\t\t\t\t\t\t\t\t\t\t\t<a class=\"elementor-toggle-title\" tabindex=\"0\">Wymiary<\/a>\n\t\t\t\t\t<\/div>\n\n\t\t\t\t\t<div id=\"elementor-tab-content-1032\" class=\"elementor-tab-content elementor-clearfix\" data-tab=\"2\" role=\"region\" aria-labelledby=\"elementor-tab-title-1032\"><p><style> td, th { border: 1px solid black;   text-align: center;} <\/style><\/p><p><!-- ustawienie czarnego obramowania tabeli w CSS --><\/p><div><table width=\"430\"><tbody><tr><td width=\"78\"><strong>Rozmiar<\/strong><\/td><td width=\"121\"><strong>Pod biustem<\/strong><\/td><td width=\"224\"><strong>Guma pod biustem (mierzona na p\u0142asko):<\/strong><\/td><\/tr><tr><td width=\"78\"><strong>XS<\/strong><\/td><td width=\"121\">60 \u2013 70<\/td><td width=\"224\">58<\/td><\/tr><tr><td width=\"78\"><strong>S<\/strong><\/td><td width=\"121\">66 \u2013 76<\/td><td width=\"224\">62<\/td><\/tr><tr><td width=\"78\"><strong>M<\/strong><\/td><td width=\"121\">70 \u2013 82<\/td><td width=\"224\">66<\/td><\/tr><tr><td width=\"78\"><strong>L<\/strong><\/td><td width=\"121\">76 \u2013 90<\/td><td width=\"224\">70<\/td><\/tr><\/tbody><\/table><\/div><\/div>\n\t\t\t\t<\/div>\n\t\t\t\t\t\t\t<div class=\"elementor-toggle-item\">\n\t\t\t\t\t<div id=\"elementor-tab-title-1033\" class=\"elementor-tab-title\" data-tab=\"3\" role=\"button\" aria-controls=\"elementor-tab-content-1033\" aria-expanded=\"false\">\n\t\t\t\t\t\t\t\t\t\t\t\t<span class=\"elementor-toggle-icon elementor-toggle-icon-right\" aria-hidden=\"true\">\n\t\t\t\t\t\t\t\t\t\t\t\t\t\t\t<span class=\"elementor-toggle-icon-closed\"><i class=\"fas fa-plus\"><\/i><\/span>\n\t\t\t\t\t\t\t\t<span class=\"elementor-toggle-icon-opened\"><i class=\"elementor-toggle-icon-opened fas fa-plus\"><\/i><\/span>\n\t\t\t\t\t\t\t\t\t\t\t\t\t<\/span>\n\t\t\t\t\t\t\t\t\t\t\t\t<a class=\"elementor-toggle-title\" tabindex=\"0\">Informacje dodatkowe<\/a>\n\t\t\t\t\t<\/div>\n\n\t\t\t\t\t<div id=\"elementor-tab-content-1033\" class=\"elementor-tab-content elementor-clearfix\" data-tab=\"3\" role=\"region\" aria-labelledby=\"elementor-tab-title-1033\"><p>Zaprojektowane przez pole dancerk\u0119, wyprodukowano w ma\u0142ej lokalnej szwalni w Tr\u00f3jmie\u015bcie.<br \/>Sk\u0142ad materia\u0142u: 90% nylon, 10% spandex<\/p><\/div>\n\t\t\t\t<\/div>\n\t\t\t\t\t\t\t<div class=\"elementor-toggle-item\">\n\t\t\t\t\t<div id=\"elementor-tab-title-1034\" class=\"elementor-tab-title\" data-tab=\"4\" role=\"button\" aria-controls=\"elementor-tab-content-1034\" aria-expanded=\"false\">\n\t\t\t\t\t\t\t\t\t\t\t\t<span class=\"elementor-toggle-icon elementor-toggle-icon-right\" aria-hidden=\"true\">\n\t\t\t\t\t\t\t\t\t\t\t\t\t\t\t<span class=\"elementor-toggle-icon-closed\"><i class=\"fas fa-plus\"><\/i><\/span>\n\t\t\t\t\t\t\t\t<span class=\"elementor-toggle-icon-opened\"><i class=\"elementor-toggle-icon-opened fas fa-plus\"><\/i><\/span>\n\t\t\t\t\t\t\t\t\t\t\t\t\t<\/span>\n\t\t\t\t\t\t\t\t\t\t\t\t<a class=\"elementor-toggle-title\" tabindex=\"0\">Wysy\u0142ka i zwroty<\/a>\n\t\t\t\t\t<\/div>\n\n\t\t\t\t\t<div id=\"elementor-tab-content-1034\" class=\"elementor-tab-content elementor-clearfix\" data-tab=\"4\" role=\"region\" aria-labelledby=\"elementor-tab-title-1034\"><p>Dok\u0142adamy wszelkich stara\u0144, aby przesy\u0142ka dotar\u0142a do Ciebie jak najszybciej. W wi\u0119kszo\u015bci zam\u00f3wienia realizujemy w 24h (dzie\u0144 roboczy). Maksymalny czas realizacji to 14 dni (w takim wypadku na pewno otrzymasz od nas tak\u0105 informacj\u0119). Przesy\u0142ki nadajemy za po\u015brednictwem kuriera, paczkomat\u00f3w oraz poczty. W celu sprawdzenia ceny wysy\u0142ek przejd\u017a do zak\u0142adki <a href=\"https:\/\/readytopole.pl\/dostawa\/\">Dostawa<\/a>, a w kwestii zwrot\u00f3w <a href=\"https:\/\/readytopole.pl\/wymiana-i-zwroty\/\">Zwroty<\/a> w stopce strony.<\/p><\/div>\n\t\t\t\t<\/div>\n\t\t\t\t\t\t\t\t\t\t<script type=\"application\/ld+json\">{\"@context\":\"https:\\\/\\\/schema.org\",\"@type\":\"FAQPage\",\"mainEntity\":[{\"@type\":\"Question\",\"name\":\"Opis\",\"acceptedAnswer\":{\"@type\":\"Answer\",\"text\":\"<p class=\\\"whitespace-normal break-words\\\"><strong>Top do pole dance Libre 2.0<\\\/strong> z regulowanymi paseczkami, kt\\u00f3ry gwarantuje idealne dopasowanie i pe\\u0142en komfort podczas treningu.<\\\/p><p><strong>Kluczowe cechy:<\\\/strong><\\\/p><ul><li><strong>Regulowane rami\\u0105czka<\\\/strong> &#8211; idealne dopasowanie do ka\\u017cdego biustu<\\\/li><li class=\\\"whitespace-normal break-words\\\"><strong>Dodatkowe kieszonki na miseczki<\\\/strong><\\\/li><li class=\\\"whitespace-normal break-words\\\"><strong>Stabilizuj\\u0105ca guma pod biustem<\\\/strong> &#8211; trzyma top we w\\u0142a\\u015bciwym po\\u0142o\\u017ceniu bez przesuwania si\\u0119<\\\/li><li class=\\\"whitespace-normal break-words\\\"><strong>Elegancki dekolt na plecach<\\\/strong> &#8211; pi\\u0119knie podkre\\u015bla kobiec\\u0105 sylwetk\\u0119<\\\/li><li class=\\\"whitespace-normal break-words\\\"><strong>Sprawdzony w pozycjach odwr\\u00f3conych<\\\/strong> &#8211; wszystko zostaje na swoim miejscu<\\\/li><\\\/ul><p><strong>Rozmiar na zdj\\u0119ciach:<\\\/strong> Maja ma na sobie rozmiar S.<\\\/p><p><strong>Dost\\u0119pny w komplecie do pole dance:<\\\/strong> <a href=\\\"https:\\\/\\\/readytopole.pl\\\/produkt\\\/komplet-libre-2-0-czarny\\\/\\\">szortami Libre<\\\/a> lub <a href=\\\"https:\\\/\\\/readytopole.pl\\\/produkt\\\/komplet-libre-2-0-rtp-czarny\\\/\\\">szortami Rtp no 5<\\\/a>.<\\\/p>\"}},{\"@type\":\"Question\",\"name\":\"Wymiary\",\"acceptedAnswer\":{\"@type\":\"Answer\",\"text\":\"<p><style> td, th { border: 1px solid black;   text-align: center;} <\\\/style><\\\/p><p><!-- ustawienie czarnego obramowania tabeli w CSS --><\\\/p><div><table width=\\\"430\\\"><tbody><tr><td width=\\\"78\\\"><strong>Rozmiar<\\\/strong><\\\/td><td width=\\\"121\\\"><strong>Pod biustem<\\\/strong><\\\/td><td width=\\\"224\\\"><strong>Guma pod biustem (mierzona na p\\u0142asko):<\\\/strong><\\\/td><\\\/tr><tr><td width=\\\"78\\\"><strong>XS<\\\/strong><\\\/td><td width=\\\"121\\\">60 \\u2013 70<\\\/td><td width=\\\"224\\\">58<\\\/td><\\\/tr><tr><td width=\\\"78\\\"><strong>S<\\\/strong><\\\/td><td width=\\\"121\\\">66 \\u2013 76<\\\/td><td width=\\\"224\\\">62<\\\/td><\\\/tr><tr><td width=\\\"78\\\"><strong>M<\\\/strong><\\\/td><td width=\\\"121\\\">70 \\u2013 82<\\\/td><td width=\\\"224\\\">66<\\\/td><\\\/tr><tr><td width=\\\"78\\\"><strong>L<\\\/strong><\\\/td><td width=\\\"121\\\">76 \\u2013 90<\\\/td><td width=\\\"224\\\">70<\\\/td><\\\/tr><\\\/tbody><\\\/table><\\\/div>\"}},{\"@type\":\"Question\",\"name\":\"Informacje dodatkowe\",\"acceptedAnswer\":{\"@type\":\"Answer\",\"text\":\"<p>Zaprojektowane przez pole dancerk\\u0119, wyprodukowano w ma\\u0142ej lokalnej szwalni w Tr\\u00f3jmie\\u015bcie.<br \\\/>Sk\\u0142ad materia\\u0142u: 90% nylon, 10% spandex<\\\/p>\"}},{\"@type\":\"Question\",\"name\":\"Wysy\\u0142ka i zwroty\",\"acceptedAnswer\":{\"@type\":\"Answer\",\"text\":\"<p>Dok\\u0142adamy wszelkich stara\\u0144, aby przesy\\u0142ka dotar\\u0142a do Ciebie jak najszybciej. W wi\\u0119kszo\\u015bci zam\\u00f3wienia realizujemy w 24h (dzie\\u0144 roboczy). Maksymalny czas realizacji to 14 dni (w takim wypadku na pewno otrzymasz od nas tak\\u0105 informacj\\u0119). Przesy\\u0142ki nadajemy za po\\u015brednictwem kuriera, paczkomat\\u00f3w oraz poczty. W celu sprawdzenia ceny wysy\\u0142ek przejd\\u017a do zak\\u0142adki <a href=\\\"https:\\\/\\\/readytopole.pl\\\/dostawa\\\/\\\">Dostawa<\\\/a>, a w kwestii zwrot\\u00f3w <a href=\\\"https:\\\/\\\/readytopole.pl\\\/wymiana-i-zwroty\\\/\\\">Zwroty<\\\/a> w stopce strony.<\\\/p>\"}}]}<\/script>\n\t\t\t\t\t<\/div>\n\t\t\t\t\t\t<\/div>\n\t\t\t\t<\/div>\n\t\t\t\t\t<\/div>\n\t\t<\/div>\n\t\t\t\t\t<\/div>\n\t\t<\/section>\n\t\t\t\t<\/div>\n\t\t","protected":false},"excerpt":{"rendered":"<p>Kolekcja Libre zach\u0119ca do \u0142amania granic, eksperymentowania, podnoszenia pewno\u015bci siebie. Synonim wolno\u015bci i kobiecego pi\u0119kna. Inspirowana zapachem Libre od Yves Saint Laurent.<\/p>","protected":false},"featured_media":20754,"template":"","meta":{"site-sidebar-layout":"default","site-content-layout":"default","ast-site-content-layout":"default","site-content-style":"default","site-sidebar-style":"default","ast-global-header-display":"","ast-banner-title-visibility":"","ast-main-header-display":"","ast-hfb-above-header-display":"","ast-hfb-below-header-display":"","ast-hfb-mobile-header-display":"","site-post-title":"","ast-breadcrumbs-content":"","ast-featured-img":"","footer-sml-layout":"","ast-disable-related-posts":"","theme-transparent-header-meta":"default","adv-header-id-meta":"","stick-header-meta":"","header-above-stick-meta":"","header-main-stick-meta":"","header-below-stick-meta":"","astra-migrate-meta-layouts":"set","ast-page-background-enabled":"default","ast-page-background-meta":{"desktop":{"background-color":"","background-image":"","background-repeat":"repeat","background-position":"center center","background-size":"auto","background-attachment":"scroll","background-type":"","background-media":"","overlay-type":"","overlay-color":"","overlay-opacity":"","overlay-gradient":""},"tablet":{"background-color":"","background-image":"","background-repeat":"repeat","background-position":"center center","background-size":"auto","background-attachment":"scroll","background-type":"","background-media":"","overlay-type":"","overlay-color":"","overlay-opacity":"","overlay-gradient":""},"mobile":{"background-color":"","background-image":"","background-repeat":"repeat","background-position":"center center","background-size":"auto","background-attachment":"scroll","background-type":"","background-media":"","overlay-type":"","overlay-color":"","overlay-opacity":"","overlay-gradient":""}},"ast-content-background-meta":{"desktop":{"background-color":"var(--ast-global-color-5)","background-image":"","background-repeat":"repeat","background-position":"center center","background-size":"auto","background-attachment":"scroll","background-type":"","background-media":"","overlay-type":"","overlay-color":"","overlay-opacity":"","overlay-gradient":""},"tablet":{"background-color":"var(--ast-global-color-5)","background-image":"","background-repeat":"repeat","background-position":"center center","background-size":"auto","background-attachment":"scroll","background-type":"","background-media":"","overlay-type":"","overlay-color":"","overlay-opacity":"","overlay-gradient":""},"mobile":{"background-color":"var(--ast-global-color-5)","background-image":"","background-repeat":"repeat","background-position":"center center","background-size":"auto","background-attachment":"scroll","background-type":"","background-media":"","overlay-type":"","overlay-color":"","overlay-opacity":"","overlay-gradient":""}}},"product_brand":[],"product_cat":[186,183,98,70,178,189,100,66],"product_tag":[170,93,171,94,169,167,168,166,95],"class_list":{"0":"post-20736","1":"product","2":"type-product","3":"status-publish","4":"has-post-thumbnail","6":"product_cat-exotic-dance","7":"product_cat-stroj-taniec-na-rurze","8":"product_cat-stroje-do-exotic-dance","9":"product_cat-stroje-pole-dance","10":"product_cat-taniec-na-rurze","11":"product_cat-top","12":"product_cat-topy-exotic-dance","13":"product_cat-topy-pole-dance","14":"product_tag-komplet-pole-dance","15":"product_tag-pole-dance","16":"product_tag-pole-dance-komplet","17":"product_tag-pole-wear","18":"product_tag-stroj-na-pole-dance","19":"product_tag-stroj-pole-dance","20":"product_tag-stroje-do-pole-dance","21":"product_tag-stroje-pole-dance","22":"product_tag-top","23":"desktop-align-left","24":"tablet-align-left","25":"mobile-align-left","27":"first","28":"instock","29":"taxable","30":"shipping-taxable","31":"purchasable","32":"product-type-variable"},"yoast_head":"<!-- This site is optimized with the Yoast SEO plugin v27.4 - https:\/\/yoast.com\/product\/yoast-seo-wordpress\/ -->\n<title>Top Libre 2.0 czarny - Pole Dance - Ready to Pole<\/title>\n<meta name=\"description\" content=\"Czarny top do pole dance Libr\u0119 2.0 - pi\u0119kny str\u00f3j szyty w lokalnej szwalni w Tr\u00f3jmie\u015bcie. Slow fashion najwy\u017cszej jako\u015bci.\" \/>\n<meta name=\"robots\" content=\"index, follow, max-snippet:-1, max-image-preview:large, max-video-preview:-1\" \/>\n<link rel=\"canonical\" href=\"https:\/\/readytopole.pl\/en\/product\/top-do-pole-dance-libre-czarny\/\" \/>\n<meta property=\"og:locale\" content=\"en_US\" \/>\n<meta property=\"og:type\" content=\"article\" \/>\n<meta property=\"og:title\" content=\"Top Libre 2.0 czarny - Pole Dance - Ready to Pole\" \/>\n<meta property=\"og:description\" content=\"Czarny top do pole dance Libr\u0119 2.0 - pi\u0119kny str\u00f3j szyty w lokalnej szwalni w Tr\u00f3jmie\u015bcie. Slow fashion najwy\u017cszej jako\u015bci.\" \/>\n<meta property=\"og:url\" content=\"https:\/\/readytopole.pl\/en\/product\/top-do-pole-dance-libre-czarny\/\" \/>\n<meta property=\"og:site_name\" content=\"Ready to Pole\" \/>\n<meta property=\"article:publisher\" content=\"https:\/\/www.facebook.com\/people\/readytopole\/100084322415310\/\" \/>\n<meta property=\"article:modified_time\" content=\"2026-04-17T09:49:08+00:00\" \/>\n<meta property=\"og:image\" content=\"https:\/\/readytopole.pl\/wp-content\/uploads\/2025\/09\/Komplet_Libre_Rtp_przod.webp\" \/>\n\t<meta property=\"og:image:width\" content=\"1200\" \/>\n\t<meta property=\"og:image:height\" content=\"1200\" \/>\n\t<meta property=\"og:image:type\" content=\"image\/webp\" \/>\n<meta name=\"twitter:card\" content=\"summary_large_image\" \/>\n<meta name=\"twitter:label1\" content=\"Est. reading time\" \/>\n\t<meta name=\"twitter:data1\" content=\"2 minutes\" \/>\n<script type=\"application\/ld+json\" class=\"yoast-schema-graph\">{\"@context\":\"https:\\\/\\\/schema.org\",\"@graph\":[{\"@type\":\"WebPage\",\"@id\":\"https:\\\/\\\/readytopole.pl\\\/produkt\\\/top-do-pole-dance-libre-czarny\\\/\",\"url\":\"https:\\\/\\\/readytopole.pl\\\/produkt\\\/top-do-pole-dance-libre-czarny\\\/\",\"name\":\"Top Libre 2.0 czarny - Pole Dance - Ready to Pole\",\"isPartOf\":{\"@id\":\"https:\\\/\\\/readytopole.pl\\\/#website\"},\"primaryImageOfPage\":{\"@id\":\"https:\\\/\\\/readytopole.pl\\\/produkt\\\/top-do-pole-dance-libre-czarny\\\/#primaryimage\"},\"image\":{\"@id\":\"https:\\\/\\\/readytopole.pl\\\/produkt\\\/top-do-pole-dance-libre-czarny\\\/#primaryimage\"},\"thumbnailUrl\":\"https:\\\/\\\/readytopole.pl\\\/wp-content\\\/uploads\\\/2025\\\/09\\\/Komplet_Libre_Rtp_przod.webp\",\"datePublished\":\"2025-09-07T19:21:54+00:00\",\"dateModified\":\"2026-04-17T09:49:08+00:00\",\"description\":\"Czarny top do pole dance Libr\u0119 2.0 - pi\u0119kny str\u00f3j szyty w lokalnej szwalni w Tr\u00f3jmie\u015bcie. Slow fashion najwy\u017cszej jako\u015bci.\",\"breadcrumb\":{\"@id\":\"https:\\\/\\\/readytopole.pl\\\/produkt\\\/top-do-pole-dance-libre-czarny\\\/#breadcrumb\"},\"inLanguage\":\"en-US\",\"potentialAction\":[{\"@type\":\"ReadAction\",\"target\":[\"https:\\\/\\\/readytopole.pl\\\/produkt\\\/top-do-pole-dance-libre-czarny\\\/\"]}]},{\"@type\":\"ImageObject\",\"inLanguage\":\"en-US\",\"@id\":\"https:\\\/\\\/readytopole.pl\\\/produkt\\\/top-do-pole-dance-libre-czarny\\\/#primaryimage\",\"url\":\"https:\\\/\\\/readytopole.pl\\\/wp-content\\\/uploads\\\/2025\\\/09\\\/Komplet_Libre_Rtp_przod.webp\",\"contentUrl\":\"https:\\\/\\\/readytopole.pl\\\/wp-content\\\/uploads\\\/2025\\\/09\\\/Komplet_Libre_Rtp_przod.webp\",\"width\":1200,\"height\":1200,\"caption\":\"Komplet do pole dance top Libre 2.0, szorty Rtp no 5 - bok\"},{\"@type\":\"BreadcrumbList\",\"@id\":\"https:\\\/\\\/readytopole.pl\\\/produkt\\\/top-do-pole-dance-libre-czarny\\\/#breadcrumb\",\"itemListElement\":[{\"@type\":\"ListItem\",\"position\":1,\"name\":\"Strona g\u0142\u00f3wna\",\"item\":\"https:\\\/\\\/readytopole.pl\\\/\"},{\"@type\":\"ListItem\",\"position\":2,\"name\":\"Sklep\",\"item\":\"https:\\\/\\\/readytopole.pl\\\/sklep\\\/\"},{\"@type\":\"ListItem\",\"position\":3,\"name\":\"Top Libre 2.0 czarny\"}]},{\"@type\":\"WebSite\",\"@id\":\"https:\\\/\\\/readytopole.pl\\\/#website\",\"url\":\"https:\\\/\\\/readytopole.pl\\\/\",\"name\":\"Ready to Pole | Polewear - Slow Fashion dla Pole Dance\",\"description\":\"Blog | Sklep z odzie\u017c\u0105 do Poledance\",\"publisher\":{\"@id\":\"https:\\\/\\\/readytopole.pl\\\/#organization\"},\"alternateName\":\"Ready to pole\",\"potentialAction\":[{\"@type\":\"SearchAction\",\"target\":{\"@type\":\"EntryPoint\",\"urlTemplate\":\"https:\\\/\\\/readytopole.pl\\\/?s={search_term_string}\"},\"query-input\":{\"@type\":\"PropertyValueSpecification\",\"valueRequired\":true,\"valueName\":\"search_term_string\"}}],\"inLanguage\":\"en-US\"},{\"@type\":\"Organization\",\"@id\":\"https:\\\/\\\/readytopole.pl\\\/#organization\",\"name\":\"Ready to pole\",\"alternateName\":\"Rtp\",\"url\":\"https:\\\/\\\/readytopole.pl\\\/\",\"logo\":{\"@type\":\"ImageObject\",\"inLanguage\":\"en-US\",\"@id\":\"https:\\\/\\\/readytopole.pl\\\/#\\\/schema\\\/logo\\\/image\\\/\",\"url\":\"https:\\\/\\\/readytopole.pl\\\/wp-content\\\/uploads\\\/2023\\\/02\\\/cropped-cropped-RTP-logotyp-gold-effect-v1.png\",\"contentUrl\":\"https:\\\/\\\/readytopole.pl\\\/wp-content\\\/uploads\\\/2023\\\/02\\\/cropped-cropped-RTP-logotyp-gold-effect-v1.png\",\"width\":1200,\"height\":1200,\"caption\":\"Ready to pole\"},\"image\":{\"@id\":\"https:\\\/\\\/readytopole.pl\\\/#\\\/schema\\\/logo\\\/image\\\/\"},\"sameAs\":[\"https:\\\/\\\/www.facebook.com\\\/people\\\/readytopole\\\/100084322415310\\\/\",\"https:\\\/\\\/www.instagram.com\\\/readytopole\\\/?igshid=YmMyMTA2M2Y=\"]}]}<\/script>\n<!-- \/ Yoast SEO plugin. -->","yoast_head_json":{"title":"Top Libre 2.0 czarny - Pole Dance - Ready to Pole","description":"Czarny top do pole dance Libr\u0119 2.0 - pi\u0119kny str\u00f3j szyty w lokalnej szwalni w Tr\u00f3jmie\u015bcie. Slow fashion najwy\u017cszej jako\u015bci.","robots":{"index":"index","follow":"follow","max-snippet":"max-snippet:-1","max-image-preview":"max-image-preview:large","max-video-preview":"max-video-preview:-1"},"canonical":"https:\/\/readytopole.pl\/en\/product\/top-do-pole-dance-libre-czarny\/","og_locale":"en_US","og_type":"article","og_title":"Top Libre 2.0 czarny - Pole Dance - Ready to Pole","og_description":"Czarny top do pole dance Libr\u0119 2.0 - pi\u0119kny str\u00f3j szyty w lokalnej szwalni w Tr\u00f3jmie\u015bcie. Slow fashion najwy\u017cszej jako\u015bci.","og_url":"https:\/\/readytopole.pl\/en\/product\/top-do-pole-dance-libre-czarny\/","og_site_name":"Ready to Pole","article_publisher":"https:\/\/www.facebook.com\/people\/readytopole\/100084322415310\/","article_modified_time":"2026-04-17T09:49:08+00:00","og_image":[{"width":1200,"height":1200,"url":"https:\/\/readytopole.pl\/wp-content\/uploads\/2025\/09\/Komplet_Libre_Rtp_przod.webp","type":"image\/webp"}],"twitter_card":"summary_large_image","twitter_misc":{"Est. reading time":"2 minutes"},"schema":{"@context":"https:\/\/schema.org","@graph":[{"@type":"WebPage","@id":"https:\/\/readytopole.pl\/produkt\/top-do-pole-dance-libre-czarny\/","url":"https:\/\/readytopole.pl\/produkt\/top-do-pole-dance-libre-czarny\/","name":"Top Libre 2.0 czarny - Pole Dance - Ready to Pole","isPartOf":{"@id":"https:\/\/readytopole.pl\/#website"},"primaryImageOfPage":{"@id":"https:\/\/readytopole.pl\/produkt\/top-do-pole-dance-libre-czarny\/#primaryimage"},"image":{"@id":"https:\/\/readytopole.pl\/produkt\/top-do-pole-dance-libre-czarny\/#primaryimage"},"thumbnailUrl":"https:\/\/readytopole.pl\/wp-content\/uploads\/2025\/09\/Komplet_Libre_Rtp_przod.webp","datePublished":"2025-09-07T19:21:54+00:00","dateModified":"2026-04-17T09:49:08+00:00","description":"Czarny top do pole dance Libr\u0119 2.0 - pi\u0119kny str\u00f3j szyty w lokalnej szwalni w Tr\u00f3jmie\u015bcie. Slow fashion najwy\u017cszej jako\u015bci.","breadcrumb":{"@id":"https:\/\/readytopole.pl\/produkt\/top-do-pole-dance-libre-czarny\/#breadcrumb"},"inLanguage":"en-US","potentialAction":[{"@type":"ReadAction","target":["https:\/\/readytopole.pl\/produkt\/top-do-pole-dance-libre-czarny\/"]}]},{"@type":"ImageObject","inLanguage":"en-US","@id":"https:\/\/readytopole.pl\/produkt\/top-do-pole-dance-libre-czarny\/#primaryimage","url":"https:\/\/readytopole.pl\/wp-content\/uploads\/2025\/09\/Komplet_Libre_Rtp_przod.webp","contentUrl":"https:\/\/readytopole.pl\/wp-content\/uploads\/2025\/09\/Komplet_Libre_Rtp_przod.webp","width":1200,"height":1200,"caption":"Komplet do pole dance top Libre 2.0, szorty Rtp no 5 - bok"},{"@type":"BreadcrumbList","@id":"https:\/\/readytopole.pl\/produkt\/top-do-pole-dance-libre-czarny\/#breadcrumb","itemListElement":[{"@type":"ListItem","position":1,"name":"Strona g\u0142\u00f3wna","item":"https:\/\/readytopole.pl\/"},{"@type":"ListItem","position":2,"name":"Sklep","item":"https:\/\/readytopole.pl\/sklep\/"},{"@type":"ListItem","position":3,"name":"Top Libre 2.0 czarny"}]},{"@type":"WebSite","@id":"https:\/\/readytopole.pl\/#website","url":"https:\/\/readytopole.pl\/","name":"Ready to Pole | Polewear - Slow Fashion dla Pole Dance","description":"Blog | Sklep z odzie\u017c\u0105 do Poledance","publisher":{"@id":"https:\/\/readytopole.pl\/#organization"},"alternateName":"Ready to pole","potentialAction":[{"@type":"SearchAction","target":{"@type":"EntryPoint","urlTemplate":"https:\/\/readytopole.pl\/?s={search_term_string}"},"query-input":{"@type":"PropertyValueSpecification","valueRequired":true,"valueName":"search_term_string"}}],"inLanguage":"en-US"},{"@type":"Organization","@id":"https:\/\/readytopole.pl\/#organization","name":"Ready to pole","alternateName":"Rtp","url":"https:\/\/readytopole.pl\/","logo":{"@type":"ImageObject","inLanguage":"en-US","@id":"https:\/\/readytopole.pl\/#\/schema\/logo\/image\/","url":"https:\/\/readytopole.pl\/wp-content\/uploads\/2023\/02\/cropped-cropped-RTP-logotyp-gold-effect-v1.png","contentUrl":"https:\/\/readytopole.pl\/wp-content\/uploads\/2023\/02\/cropped-cropped-RTP-logotyp-gold-effect-v1.png","width":1200,"height":1200,"caption":"Ready to pole"},"image":{"@id":"https:\/\/readytopole.pl\/#\/schema\/logo\/image\/"},"sameAs":["https:\/\/www.facebook.com\/people\/readytopole\/100084322415310\/","https:\/\/www.instagram.com\/readytopole\/?igshid=YmMyMTA2M2Y="]}]}},"_links":{"self":[{"href":"https:\/\/readytopole.pl\/en\/wp-json\/wp\/v2\/product\/20736","targetHints":{"allow":["GET"]}}],"collection":[{"href":"https:\/\/readytopole.pl\/en\/wp-json\/wp\/v2\/product"}],"about":[{"href":"https:\/\/readytopole.pl\/en\/wp-json\/wp\/v2\/types\/product"}],"version-history":[{"count":26,"href":"https:\/\/readytopole.pl\/en\/wp-json\/wp\/v2\/product\/20736\/revisions"}],"predecessor-version":[{"id":21751,"href":"https:\/\/readytopole.pl\/en\/wp-json\/wp\/v2\/product\/20736\/revisions\/21751"}],"wp:featuredmedia":[{"embeddable":true,"href":"https:\/\/readytopole.pl\/en\/wp-json\/wp\/v2\/media\/20754"}],"wp:attachment":[{"href":"https:\/\/readytopole.pl\/en\/wp-json\/wp\/v2\/media?parent=20736"}],"wp:term":[{"taxonomy":"product_brand","embeddable":true,"href":"https:\/\/readytopole.pl\/en\/wp-json\/wp\/v2\/product_brand?post=20736"},{"taxonomy":"product_cat","embeddable":true,"href":"https:\/\/readytopole.pl\/en\/wp-json\/wp\/v2\/product_cat?post=20736"},{"taxonomy":"product_tag","embeddable":true,"href":"https:\/\/readytopole.pl\/en\/wp-json\/wp\/v2\/product_tag?post=20736"}],"curies":[{"name":"wp","href":"https:\/\/api.w.org\/{rel}","templated":true}]}}