{"id":17661,"date":"2024-11-18T15:02:23","date_gmt":"2024-11-18T14:02:23","guid":{"rendered":"https:\/\/readytopole.pl\/?post_type=product&#038;p=17661"},"modified":"2026-03-05T12:16:29","modified_gmt":"2026-03-05T11:16:29","slug":"podwiazki-pole-dance","status":"publish","type":"product","link":"https:\/\/readytopole.pl\/en\/product\/podwiazki-pole-dance\/","title":{"rendered":"Podwi\u0105zki pole dance"},"content":{"rendered":"\t\t<div data-elementor-type=\"wp-post\" data-elementor-id=\"17661\" class=\"elementor elementor-17661\">\n\t\t\t\t\t\t<section class=\"elementor-section elementor-top-section elementor-element elementor-element-ebeabac elementor-section-height-min-height elementor-section-boxed elementor-section-height-default elementor-section-items-middle\" data-id=\"ebeabac\" data-element_type=\"section\" data-e-type=\"section\">\n\t\t\t\t\t\t<div class=\"elementor-container elementor-column-gap-default\">\n\t\t\t\t\t<div class=\"elementor-column elementor-col-100 elementor-top-column elementor-element elementor-element-1de733e6\" data-id=\"1de733e6\" data-element_type=\"column\" data-e-type=\"column\">\n\t\t\t<div class=\"elementor-widget-wrap elementor-element-populated\">\n\t\t\t\t\t\t<div class=\"elementor-element elementor-element-62751d7 elementor-widget elementor-widget-toggle\" data-id=\"62751d7\" data-element_type=\"widget\" data-e-type=\"widget\" data-widget_type=\"toggle.default\">\n\t\t\t\t<div class=\"elementor-widget-container\">\n\t\t\t\t\t\t\t<div class=\"elementor-toggle\">\n\t\t\t\t\t\t\t<div class=\"elementor-toggle-item\">\n\t\t\t\t\t<div id=\"elementor-tab-title-1031\" class=\"elementor-tab-title\" data-tab=\"1\" role=\"button\" aria-controls=\"elementor-tab-content-1031\" aria-expanded=\"false\">\n\t\t\t\t\t\t\t\t\t\t\t\t<span class=\"elementor-toggle-icon elementor-toggle-icon-right\" aria-hidden=\"true\">\n\t\t\t\t\t\t\t\t\t\t\t\t\t\t\t<span class=\"elementor-toggle-icon-closed\"><i class=\"fas fa-plus\"><\/i><\/span>\n\t\t\t\t\t\t\t\t<span class=\"elementor-toggle-icon-opened\"><i class=\"elementor-toggle-icon-opened fas fa-plus\"><\/i><\/span>\n\t\t\t\t\t\t\t\t\t\t\t\t\t<\/span>\n\t\t\t\t\t\t\t\t\t\t\t\t<a class=\"elementor-toggle-title\" tabindex=\"0\">Opis<\/a>\n\t\t\t\t\t<\/div>\n\n\t\t\t\t\t<div id=\"elementor-tab-content-1031\" class=\"elementor-tab-content elementor-clearfix\" data-tab=\"1\" role=\"region\" aria-labelledby=\"elementor-tab-title-1031\"><p>Eleganckie i subtelne podwi\u0105zki na uda. Zaprojektowali\u015bmy je z wytrzyma\u0142ych pask\u00f3w, z kt\u00f3rych powstaj\u0105 r\u00f3wnie\u017c rami\u0105czka naszych top\u00f3w, idealnie harmonizuj\u0105 z kolekcjami <a href=\"https:\/\/readytopole.pl\/produkt\/komplet-rtp-n5-czarny\/\"><em>Rtp no 5<\/em><\/a> oraz <em><a href=\"https:\/\/readytopole.pl\/produkt\/body-devotion\/\">Devotion<\/a><\/em>.\u00a0<\/p><p><strong>Zestaw obejmuje<\/strong>: 2 podwi\u0105zki.<\/p><p><strong>Regulacja<\/strong>: dost\u0119pne warianty z jedn\u0105 lub dwiema regulacjami \u2013 wybierz opcj\u0119 dopasowan\u0105 do Twoich potrzeb.<\/p><\/div>\n\t\t\t\t<\/div>\n\t\t\t\t\t\t\t<div class=\"elementor-toggle-item\">\n\t\t\t\t\t<div id=\"elementor-tab-title-1032\" class=\"elementor-tab-title\" data-tab=\"2\" role=\"button\" aria-controls=\"elementor-tab-content-1032\" aria-expanded=\"false\">\n\t\t\t\t\t\t\t\t\t\t\t\t<span class=\"elementor-toggle-icon elementor-toggle-icon-right\" aria-hidden=\"true\">\n\t\t\t\t\t\t\t\t\t\t\t\t\t\t\t<span class=\"elementor-toggle-icon-closed\"><i class=\"fas fa-plus\"><\/i><\/span>\n\t\t\t\t\t\t\t\t<span class=\"elementor-toggle-icon-opened\"><i class=\"elementor-toggle-icon-opened fas fa-plus\"><\/i><\/span>\n\t\t\t\t\t\t\t\t\t\t\t\t\t<\/span>\n\t\t\t\t\t\t\t\t\t\t\t\t<a class=\"elementor-toggle-title\" tabindex=\"0\">Wymiary<\/a>\n\t\t\t\t\t<\/div>\n\n\t\t\t\t\t<div id=\"elementor-tab-content-1032\" class=\"elementor-tab-content elementor-clearfix\" data-tab=\"2\" role=\"region\" aria-labelledby=\"elementor-tab-title-1032\"><table style=\"font-weight: 400;\"><tbody><tr><td width=\"53\">\u00a0<\/td><td width=\"243\"><p>Min (obw\u00f3d mierzony na p\u0142asko)<\/p><\/td><td width=\"187\"><p>Max (max rozci\u0105gni\u0119cie)<\/p><\/td><\/tr><tr><td width=\"53\"><p>S\/M<\/p><\/td><td width=\"243\"><p>50 cm<\/p><\/td><td width=\"187\"><p>76 cm<\/p><\/td><\/tr><tr><td width=\"53\"><p>L\/XL<\/p><\/td><td width=\"243\"><p>60 cm<\/p><\/td><td width=\"187\"><p>90 cm<\/p><\/td><\/tr><\/tbody><\/table><\/div>\n\t\t\t\t<\/div>\n\t\t\t\t\t\t\t<div class=\"elementor-toggle-item\">\n\t\t\t\t\t<div id=\"elementor-tab-title-1033\" class=\"elementor-tab-title\" data-tab=\"3\" role=\"button\" aria-controls=\"elementor-tab-content-1033\" aria-expanded=\"false\">\n\t\t\t\t\t\t\t\t\t\t\t\t<span class=\"elementor-toggle-icon elementor-toggle-icon-right\" aria-hidden=\"true\">\n\t\t\t\t\t\t\t\t\t\t\t\t\t\t\t<span class=\"elementor-toggle-icon-closed\"><i class=\"fas fa-plus\"><\/i><\/span>\n\t\t\t\t\t\t\t\t<span class=\"elementor-toggle-icon-opened\"><i class=\"elementor-toggle-icon-opened fas fa-plus\"><\/i><\/span>\n\t\t\t\t\t\t\t\t\t\t\t\t\t<\/span>\n\t\t\t\t\t\t\t\t\t\t\t\t<a class=\"elementor-toggle-title\" tabindex=\"0\">Wysy\u0142ka i zwroty<\/a>\n\t\t\t\t\t<\/div>\n\n\t\t\t\t\t<div id=\"elementor-tab-content-1033\" class=\"elementor-tab-content elementor-clearfix\" data-tab=\"3\" role=\"region\" aria-labelledby=\"elementor-tab-title-1033\"><p>Dok\u0142adamy wszelkich stara\u0144, aby przesy\u0142ka dotar\u0142a do Ciebie jak najszybciej. W wi\u0119kszo\u015bci zam\u00f3wienia realizujemy w 24h (dzie\u0144 roboczy). Maksymalny czas realizacji to 14 dni (w takim wypadku na pewno otrzymasz od nas tak\u0105 informacj\u0119). Przesy\u0142ki nadajemy za po\u015brednictwem kuriera, paczkomat\u00f3w oraz poczty. W celu sprawdzenia ceny wysy\u0142ek przejd\u017a do zak\u0142adki <a href=\"https:\/\/readytopole.pl\/dostawa\/\">Dostawa<\/a>, a w kwestii zwrot\u00f3w <a href=\"https:\/\/readytopole.pl\/wymiana-i-zwroty\/\">Zwroty<\/a> w stopce strony.<\/p><\/div>\n\t\t\t\t<\/div>\n\t\t\t\t\t\t\t\t\t\t<script type=\"application\/ld+json\">{\"@context\":\"https:\\\/\\\/schema.org\",\"@type\":\"FAQPage\",\"mainEntity\":[{\"@type\":\"Question\",\"name\":\"Opis\",\"acceptedAnswer\":{\"@type\":\"Answer\",\"text\":\"<p>Eleganckie i subtelne podwi\\u0105zki na uda. Zaprojektowali\\u015bmy je z wytrzyma\\u0142ych pask\\u00f3w, z kt\\u00f3rych powstaj\\u0105 r\\u00f3wnie\\u017c rami\\u0105czka naszych top\\u00f3w, idealnie harmonizuj\\u0105 z kolekcjami <a href=\\\"https:\\\/\\\/readytopole.pl\\\/produkt\\\/komplet-rtp-n5-czarny\\\/\\\"><em>Rtp no 5<\\\/em><\\\/a> oraz <em><a href=\\\"https:\\\/\\\/readytopole.pl\\\/produkt\\\/body-devotion\\\/\\\">Devotion<\\\/a><\\\/em>.\\u00a0<\\\/p><p><strong>Zestaw obejmuje<\\\/strong>: 2 podwi\\u0105zki.<\\\/p><p><strong>Regulacja<\\\/strong>: dost\\u0119pne warianty z jedn\\u0105 lub dwiema regulacjami \\u2013 wybierz opcj\\u0119 dopasowan\\u0105 do Twoich potrzeb.<\\\/p>\"}},{\"@type\":\"Question\",\"name\":\"Wymiary\",\"acceptedAnswer\":{\"@type\":\"Answer\",\"text\":\"<table style=\\\"font-weight: 400;\\\"><tbody><tr><td width=\\\"53\\\">\\u00a0<\\\/td><td width=\\\"243\\\"><p>Min (obw\\u00f3d mierzony na p\\u0142asko)<\\\/p><\\\/td><td width=\\\"187\\\"><p>Max (max rozci\\u0105gni\\u0119cie)<\\\/p><\\\/td><\\\/tr><tr><td width=\\\"53\\\"><p>S\\\/M<\\\/p><\\\/td><td width=\\\"243\\\"><p>50 cm<\\\/p><\\\/td><td width=\\\"187\\\"><p>76 cm<\\\/p><\\\/td><\\\/tr><tr><td width=\\\"53\\\"><p>L\\\/XL<\\\/p><\\\/td><td width=\\\"243\\\"><p>60 cm<\\\/p><\\\/td><td width=\\\"187\\\"><p>90 cm<\\\/p><\\\/td><\\\/tr><\\\/tbody><\\\/table>\"}},{\"@type\":\"Question\",\"name\":\"Wysy\\u0142ka i zwroty\",\"acceptedAnswer\":{\"@type\":\"Answer\",\"text\":\"<p>Dok\\u0142adamy wszelkich stara\\u0144, aby przesy\\u0142ka dotar\\u0142a do Ciebie jak najszybciej. W wi\\u0119kszo\\u015bci zam\\u00f3wienia realizujemy w 24h (dzie\\u0144 roboczy). Maksymalny czas realizacji to 14 dni (w takim wypadku na pewno otrzymasz od nas tak\\u0105 informacj\\u0119). Przesy\\u0142ki nadajemy za po\\u015brednictwem kuriera, paczkomat\\u00f3w oraz poczty. W celu sprawdzenia ceny wysy\\u0142ek przejd\\u017a do zak\\u0142adki <a href=\\\"https:\\\/\\\/readytopole.pl\\\/dostawa\\\/\\\">Dostawa<\\\/a>, a w kwestii zwrot\\u00f3w <a href=\\\"https:\\\/\\\/readytopole.pl\\\/wymiana-i-zwroty\\\/\\\">Zwroty<\\\/a> w stopce strony.<\\\/p>\"}}]}<\/script>\n\t\t\t\t\t<\/div>\n\t\t\t\t\t\t<\/div>\n\t\t\t\t<\/div>\n\t\t\t\t\t<\/div>\n\t\t<\/div>\n\t\t\t\t\t<\/div>\n\t\t<\/section>\n\t\t\t\t<\/div>\n\t\t","protected":false},"excerpt":{"rendered":"<p>Opis Eleganckie i subtelne podwi\u0105zki na uda. Zaprojektowali\u015bmy je z wytrzyma\u0142ych pask\u00f3w, z kt\u00f3rych powstaj\u0105 r\u00f3wnie\u017c rami\u0105czka naszych top\u00f3w, idealnie harmonizuj\u0105 z kolekcjami Rtp no 5 oraz Devotion. Zestaw obejmuje: 2 podwi\u0105zki. Regulacja: dost\u0119pne warianty z jedn\u0105 lub dwiema regulacjami \u2013 wybierz opcj\u0119 dopasowan\u0105 do Twoich potrzeb. Wymiary Min (obw\u00f3d mierzony na p\u0142asko) Max (max [&hellip;]<\/p>\n","protected":false},"featured_media":18134,"template":"","meta":{"site-sidebar-layout":"default","site-content-layout":"default","ast-site-content-layout":"default","site-content-style":"default","site-sidebar-style":"default","ast-global-header-display":"","ast-banner-title-visibility":"","ast-main-header-display":"","ast-hfb-above-header-display":"","ast-hfb-below-header-display":"","ast-hfb-mobile-header-display":"","site-post-title":"","ast-breadcrumbs-content":"","ast-featured-img":"","footer-sml-layout":"","ast-disable-related-posts":"","theme-transparent-header-meta":"default","adv-header-id-meta":"","stick-header-meta":"","header-above-stick-meta":"","header-main-stick-meta":"","header-below-stick-meta":"","astra-migrate-meta-layouts":"set","ast-page-background-enabled":"default","ast-page-background-meta":{"desktop":{"background-color":"","background-image":"","background-repeat":"repeat","background-position":"center center","background-size":"auto","background-attachment":"scroll","background-type":"","background-media":"","overlay-type":"","overlay-color":"","overlay-opacity":"","overlay-gradient":""},"tablet":{"background-color":"","background-image":"","background-repeat":"repeat","background-position":"center center","background-size":"auto","background-attachment":"scroll","background-type":"","background-media":"","overlay-type":"","overlay-color":"","overlay-opacity":"","overlay-gradient":""},"mobile":{"background-color":"","background-image":"","background-repeat":"repeat","background-position":"center center","background-size":"auto","background-attachment":"scroll","background-type":"","background-media":"","overlay-type":"","overlay-color":"","overlay-opacity":"","overlay-gradient":""}},"ast-content-background-meta":{"desktop":{"background-color":"var(--ast-global-color-5)","background-image":"","background-repeat":"repeat","background-position":"center center","background-size":"auto","background-attachment":"scroll","background-type":"","background-media":"","overlay-type":"","overlay-color":"","overlay-opacity":"","overlay-gradient":""},"tablet":{"background-color":"var(--ast-global-color-5)","background-image":"","background-repeat":"repeat","background-position":"center center","background-size":"auto","background-attachment":"scroll","background-type":"","background-media":"","overlay-type":"","overlay-color":"","overlay-opacity":"","overlay-gradient":""},"mobile":{"background-color":"var(--ast-global-color-5)","background-image":"","background-repeat":"repeat","background-position":"center center","background-size":"auto","background-attachment":"scroll","background-type":"","background-media":"","overlay-type":"","overlay-color":"","overlay-opacity":"","overlay-gradient":""}}},"product_brand":[],"product_cat":[113,186,165],"product_tag":[246,245,244],"class_list":{"0":"post-17661","1":"product","2":"type-product","3":"status-publish","4":"has-post-thumbnail","6":"product_cat-akcesoria-exotic-dance","7":"product_cat-exotic-dance","8":"product_cat-harness-podwiazki-chokery","9":"product_tag-akcesoria-exotic-pole-dance","10":"product_tag-harness-pole-dance","11":"product_tag-podwiazki-pole-dance","12":"desktop-align-left","13":"tablet-align-left","14":"mobile-align-left","16":"first","17":"outofstock","18":"taxable","19":"shipping-taxable","20":"purchasable","21":"product-type-variable"},"yoast_head":"<!-- This site is optimized with the Yoast SEO plugin v27.4 - https:\/\/yoast.com\/product\/yoast-seo-wordpress\/ -->\n<title>Podwi\u0105zki pole dance - Pole Dance - Ready to Pole<\/title>\n<meta name=\"description\" content=\"Eleganckie i subtelne podwi\u0105zki do pole dance oraz exotic pole dance. Dope\u0142nij swoj\u0105 stylizacj\u0119. Sprawd\u017a nasze unikatowe modele.\" \/>\n<meta name=\"robots\" content=\"index, follow, max-snippet:-1, max-image-preview:large, max-video-preview:-1\" \/>\n<link rel=\"canonical\" href=\"https:\/\/readytopole.pl\/en\/product\/podwiazki-pole-dance\/\" \/>\n<meta property=\"og:locale\" content=\"en_US\" \/>\n<meta property=\"og:type\" content=\"article\" \/>\n<meta property=\"og:title\" content=\"Podwi\u0105zki pole dance - Pole Dance - Ready to Pole\" \/>\n<meta property=\"og:description\" content=\"Eleganckie i subtelne podwi\u0105zki do pole dance oraz exotic pole dance. Dope\u0142nij swoj\u0105 stylizacj\u0119. Sprawd\u017a nasze unikatowe modele.\" \/>\n<meta property=\"og:url\" content=\"https:\/\/readytopole.pl\/en\/product\/podwiazki-pole-dance\/\" \/>\n<meta property=\"og:site_name\" content=\"Ready to Pole\" \/>\n<meta property=\"article:publisher\" content=\"https:\/\/www.facebook.com\/people\/readytopole\/100084322415310\/\" \/>\n<meta property=\"article:modified_time\" content=\"2026-03-05T11:16:29+00:00\" \/>\n<meta property=\"og:image\" content=\"https:\/\/readytopole.pl\/wp-content\/uploads\/2024\/11\/Podwiazki_pole_dance_pojedyncze.webp\" \/>\n\t<meta property=\"og:image:width\" content=\"1024\" \/>\n\t<meta property=\"og:image:height\" content=\"1434\" \/>\n\t<meta property=\"og:image:type\" content=\"image\/webp\" \/>\n<meta name=\"twitter:card\" content=\"summary_large_image\" \/>\n<meta name=\"twitter:label1\" content=\"Est. reading time\" \/>\n\t<meta name=\"twitter:data1\" content=\"1 minute\" \/>\n<script type=\"application\/ld+json\" class=\"yoast-schema-graph\">{\"@context\":\"https:\\\/\\\/schema.org\",\"@graph\":[{\"@type\":\"WebPage\",\"@id\":\"https:\\\/\\\/readytopole.pl\\\/produkt\\\/podwiazki-pole-dance\\\/\",\"url\":\"https:\\\/\\\/readytopole.pl\\\/produkt\\\/podwiazki-pole-dance\\\/\",\"name\":\"Podwi\u0105zki pole dance - Pole Dance - Ready to Pole\",\"isPartOf\":{\"@id\":\"https:\\\/\\\/readytopole.pl\\\/#website\"},\"primaryImageOfPage\":{\"@id\":\"https:\\\/\\\/readytopole.pl\\\/produkt\\\/podwiazki-pole-dance\\\/#primaryimage\"},\"image\":{\"@id\":\"https:\\\/\\\/readytopole.pl\\\/produkt\\\/podwiazki-pole-dance\\\/#primaryimage\"},\"thumbnailUrl\":\"https:\\\/\\\/readytopole.pl\\\/wp-content\\\/uploads\\\/2024\\\/11\\\/Podwiazki_pole_dance_pojedyncze.webp\",\"datePublished\":\"2024-11-18T14:02:23+00:00\",\"dateModified\":\"2026-03-05T11:16:29+00:00\",\"description\":\"Eleganckie i subtelne podwi\u0105zki do pole dance oraz exotic pole dance. Dope\u0142nij swoj\u0105 stylizacj\u0119. Sprawd\u017a nasze unikatowe modele.\",\"breadcrumb\":{\"@id\":\"https:\\\/\\\/readytopole.pl\\\/produkt\\\/podwiazki-pole-dance\\\/#breadcrumb\"},\"inLanguage\":\"en-US\",\"potentialAction\":[{\"@type\":\"ReadAction\",\"target\":[\"https:\\\/\\\/readytopole.pl\\\/produkt\\\/podwiazki-pole-dance\\\/\"]}]},{\"@type\":\"ImageObject\",\"inLanguage\":\"en-US\",\"@id\":\"https:\\\/\\\/readytopole.pl\\\/produkt\\\/podwiazki-pole-dance\\\/#primaryimage\",\"url\":\"https:\\\/\\\/readytopole.pl\\\/wp-content\\\/uploads\\\/2024\\\/11\\\/Podwiazki_pole_dance_pojedyncze.webp\",\"contentUrl\":\"https:\\\/\\\/readytopole.pl\\\/wp-content\\\/uploads\\\/2024\\\/11\\\/Podwiazki_pole_dance_pojedyncze.webp\",\"width\":1024,\"height\":1434,\"caption\":\"Podwi\u0105zki pole dance marki Ready to pole\"},{\"@type\":\"BreadcrumbList\",\"@id\":\"https:\\\/\\\/readytopole.pl\\\/produkt\\\/podwiazki-pole-dance\\\/#breadcrumb\",\"itemListElement\":[{\"@type\":\"ListItem\",\"position\":1,\"name\":\"Strona g\u0142\u00f3wna\",\"item\":\"https:\\\/\\\/readytopole.pl\\\/\"},{\"@type\":\"ListItem\",\"position\":2,\"name\":\"Sklep\",\"item\":\"https:\\\/\\\/readytopole.pl\\\/sklep\\\/\"},{\"@type\":\"ListItem\",\"position\":3,\"name\":\"Podwi\u0105zki pole dance\"}]},{\"@type\":\"WebSite\",\"@id\":\"https:\\\/\\\/readytopole.pl\\\/#website\",\"url\":\"https:\\\/\\\/readytopole.pl\\\/\",\"name\":\"Ready to Pole | Polewear - Slow Fashion dla Pole Dance\",\"description\":\"Blog | Sklep z odzie\u017c\u0105 do Poledance\",\"publisher\":{\"@id\":\"https:\\\/\\\/readytopole.pl\\\/#organization\"},\"alternateName\":\"Ready to pole\",\"potentialAction\":[{\"@type\":\"SearchAction\",\"target\":{\"@type\":\"EntryPoint\",\"urlTemplate\":\"https:\\\/\\\/readytopole.pl\\\/?s={search_term_string}\"},\"query-input\":{\"@type\":\"PropertyValueSpecification\",\"valueRequired\":true,\"valueName\":\"search_term_string\"}}],\"inLanguage\":\"en-US\"},{\"@type\":\"Organization\",\"@id\":\"https:\\\/\\\/readytopole.pl\\\/#organization\",\"name\":\"Ready to pole\",\"alternateName\":\"Rtp\",\"url\":\"https:\\\/\\\/readytopole.pl\\\/\",\"logo\":{\"@type\":\"ImageObject\",\"inLanguage\":\"en-US\",\"@id\":\"https:\\\/\\\/readytopole.pl\\\/#\\\/schema\\\/logo\\\/image\\\/\",\"url\":\"https:\\\/\\\/readytopole.pl\\\/wp-content\\\/uploads\\\/2023\\\/02\\\/cropped-cropped-RTP-logotyp-gold-effect-v1.png\",\"contentUrl\":\"https:\\\/\\\/readytopole.pl\\\/wp-content\\\/uploads\\\/2023\\\/02\\\/cropped-cropped-RTP-logotyp-gold-effect-v1.png\",\"width\":1200,\"height\":1200,\"caption\":\"Ready to pole\"},\"image\":{\"@id\":\"https:\\\/\\\/readytopole.pl\\\/#\\\/schema\\\/logo\\\/image\\\/\"},\"sameAs\":[\"https:\\\/\\\/www.facebook.com\\\/people\\\/readytopole\\\/100084322415310\\\/\",\"https:\\\/\\\/www.instagram.com\\\/readytopole\\\/?igshid=YmMyMTA2M2Y=\"]}]}<\/script>\n<!-- \/ Yoast SEO plugin. -->","yoast_head_json":{"title":"Podwi\u0105zki pole dance - Pole Dance - Ready to Pole","description":"Eleganckie i subtelne podwi\u0105zki do pole dance oraz exotic pole dance. Dope\u0142nij swoj\u0105 stylizacj\u0119. Sprawd\u017a nasze unikatowe modele.","robots":{"index":"index","follow":"follow","max-snippet":"max-snippet:-1","max-image-preview":"max-image-preview:large","max-video-preview":"max-video-preview:-1"},"canonical":"https:\/\/readytopole.pl\/en\/product\/podwiazki-pole-dance\/","og_locale":"en_US","og_type":"article","og_title":"Podwi\u0105zki pole dance - Pole Dance - Ready to Pole","og_description":"Eleganckie i subtelne podwi\u0105zki do pole dance oraz exotic pole dance. Dope\u0142nij swoj\u0105 stylizacj\u0119. Sprawd\u017a nasze unikatowe modele.","og_url":"https:\/\/readytopole.pl\/en\/product\/podwiazki-pole-dance\/","og_site_name":"Ready to Pole","article_publisher":"https:\/\/www.facebook.com\/people\/readytopole\/100084322415310\/","article_modified_time":"2026-03-05T11:16:29+00:00","og_image":[{"width":1024,"height":1434,"url":"https:\/\/readytopole.pl\/wp-content\/uploads\/2024\/11\/Podwiazki_pole_dance_pojedyncze.webp","type":"image\/webp"}],"twitter_card":"summary_large_image","twitter_misc":{"Est. reading time":"1 minute"},"schema":{"@context":"https:\/\/schema.org","@graph":[{"@type":"WebPage","@id":"https:\/\/readytopole.pl\/produkt\/podwiazki-pole-dance\/","url":"https:\/\/readytopole.pl\/produkt\/podwiazki-pole-dance\/","name":"Podwi\u0105zki pole dance - Pole Dance - Ready to Pole","isPartOf":{"@id":"https:\/\/readytopole.pl\/#website"},"primaryImageOfPage":{"@id":"https:\/\/readytopole.pl\/produkt\/podwiazki-pole-dance\/#primaryimage"},"image":{"@id":"https:\/\/readytopole.pl\/produkt\/podwiazki-pole-dance\/#primaryimage"},"thumbnailUrl":"https:\/\/readytopole.pl\/wp-content\/uploads\/2024\/11\/Podwiazki_pole_dance_pojedyncze.webp","datePublished":"2024-11-18T14:02:23+00:00","dateModified":"2026-03-05T11:16:29+00:00","description":"Eleganckie i subtelne podwi\u0105zki do pole dance oraz exotic pole dance. Dope\u0142nij swoj\u0105 stylizacj\u0119. Sprawd\u017a nasze unikatowe modele.","breadcrumb":{"@id":"https:\/\/readytopole.pl\/produkt\/podwiazki-pole-dance\/#breadcrumb"},"inLanguage":"en-US","potentialAction":[{"@type":"ReadAction","target":["https:\/\/readytopole.pl\/produkt\/podwiazki-pole-dance\/"]}]},{"@type":"ImageObject","inLanguage":"en-US","@id":"https:\/\/readytopole.pl\/produkt\/podwiazki-pole-dance\/#primaryimage","url":"https:\/\/readytopole.pl\/wp-content\/uploads\/2024\/11\/Podwiazki_pole_dance_pojedyncze.webp","contentUrl":"https:\/\/readytopole.pl\/wp-content\/uploads\/2024\/11\/Podwiazki_pole_dance_pojedyncze.webp","width":1024,"height":1434,"caption":"Podwi\u0105zki pole dance marki Ready to pole"},{"@type":"BreadcrumbList","@id":"https:\/\/readytopole.pl\/produkt\/podwiazki-pole-dance\/#breadcrumb","itemListElement":[{"@type":"ListItem","position":1,"name":"Strona g\u0142\u00f3wna","item":"https:\/\/readytopole.pl\/"},{"@type":"ListItem","position":2,"name":"Sklep","item":"https:\/\/readytopole.pl\/sklep\/"},{"@type":"ListItem","position":3,"name":"Podwi\u0105zki pole dance"}]},{"@type":"WebSite","@id":"https:\/\/readytopole.pl\/#website","url":"https:\/\/readytopole.pl\/","name":"Ready to Pole | Polewear - Slow Fashion dla Pole Dance","description":"Blog | Sklep z odzie\u017c\u0105 do Poledance","publisher":{"@id":"https:\/\/readytopole.pl\/#organization"},"alternateName":"Ready to pole","potentialAction":[{"@type":"SearchAction","target":{"@type":"EntryPoint","urlTemplate":"https:\/\/readytopole.pl\/?s={search_term_string}"},"query-input":{"@type":"PropertyValueSpecification","valueRequired":true,"valueName":"search_term_string"}}],"inLanguage":"en-US"},{"@type":"Organization","@id":"https:\/\/readytopole.pl\/#organization","name":"Ready to pole","alternateName":"Rtp","url":"https:\/\/readytopole.pl\/","logo":{"@type":"ImageObject","inLanguage":"en-US","@id":"https:\/\/readytopole.pl\/#\/schema\/logo\/image\/","url":"https:\/\/readytopole.pl\/wp-content\/uploads\/2023\/02\/cropped-cropped-RTP-logotyp-gold-effect-v1.png","contentUrl":"https:\/\/readytopole.pl\/wp-content\/uploads\/2023\/02\/cropped-cropped-RTP-logotyp-gold-effect-v1.png","width":1200,"height":1200,"caption":"Ready to pole"},"image":{"@id":"https:\/\/readytopole.pl\/#\/schema\/logo\/image\/"},"sameAs":["https:\/\/www.facebook.com\/people\/readytopole\/100084322415310\/","https:\/\/www.instagram.com\/readytopole\/?igshid=YmMyMTA2M2Y="]}]}},"_links":{"self":[{"href":"https:\/\/readytopole.pl\/en\/wp-json\/wp\/v2\/product\/17661","targetHints":{"allow":["GET"]}}],"collection":[{"href":"https:\/\/readytopole.pl\/en\/wp-json\/wp\/v2\/product"}],"about":[{"href":"https:\/\/readytopole.pl\/en\/wp-json\/wp\/v2\/types\/product"}],"version-history":[{"count":27,"href":"https:\/\/readytopole.pl\/en\/wp-json\/wp\/v2\/product\/17661\/revisions"}],"predecessor-version":[{"id":21426,"href":"https:\/\/readytopole.pl\/en\/wp-json\/wp\/v2\/product\/17661\/revisions\/21426"}],"wp:featuredmedia":[{"embeddable":true,"href":"https:\/\/readytopole.pl\/en\/wp-json\/wp\/v2\/media\/18134"}],"wp:attachment":[{"href":"https:\/\/readytopole.pl\/en\/wp-json\/wp\/v2\/media?parent=17661"}],"wp:term":[{"taxonomy":"product_brand","embeddable":true,"href":"https:\/\/readytopole.pl\/en\/wp-json\/wp\/v2\/product_brand?post=17661"},{"taxonomy":"product_cat","embeddable":true,"href":"https:\/\/readytopole.pl\/en\/wp-json\/wp\/v2\/product_cat?post=17661"},{"taxonomy":"product_tag","embeddable":true,"href":"https:\/\/readytopole.pl\/en\/wp-json\/wp\/v2\/product_tag?post=17661"}],"curies":[{"name":"wp","href":"https:\/\/api.w.org\/{rel}","templated":true}]}}