{"id":17622,"date":"2024-11-13T10:12:20","date_gmt":"2024-11-13T09:12:20","guid":{"rendered":"https:\/\/readytopole.pl\/?post_type=product&#038;p=17622"},"modified":"2024-12-30T14:22:28","modified_gmt":"2024-12-30T13:22:28","slug":"pakowanie-na-prezent","status":"publish","type":"product","link":"https:\/\/readytopole.pl\/en\/product\/pakowanie-na-prezent\/","title":{"rendered":"Pakowanie na prezent"},"content":{"rendered":"<div data-elementor-type=\"wp-post\" data-elementor-id=\"17622\" class=\"elementor elementor-17622\">\n\t\t\t\t\t\t<section class=\"elementor-section elementor-top-section elementor-element elementor-element-997e575 elementor-section-height-min-height elementor-section-boxed elementor-section-height-default elementor-section-items-middle\" data-id=\"997e575\" data-element_type=\"section\" data-e-type=\"section\">\n\t\t\t\t\t\t<div class=\"elementor-container elementor-column-gap-default\">\n\t\t\t\t\t<div class=\"elementor-column elementor-col-100 elementor-top-column elementor-element elementor-element-91e70f0\" data-id=\"91e70f0\" data-element_type=\"column\" data-e-type=\"column\">\n\t\t\t<div class=\"elementor-widget-wrap elementor-element-populated\">\n\t\t\t\t\t\t<div class=\"elementor-element elementor-element-aa163b1 elementor-widget elementor-widget-heading\" data-id=\"aa163b1\" data-element_type=\"widget\" data-e-type=\"widget\" data-widget_type=\"heading.default\">\n\t\t\t\t<div class=\"elementor-widget-container\">\n\t\t\t\t\t<h2 class=\"elementor-heading-title elementor-size-default\">Podaruj magi\u0119 chwili \u2013 wyj\u0105tkowe opakowanie na ka\u017cd\u0105 okazj\u0119!<\/h2>\t\t\t\t<\/div>\n\t\t\t\t<\/div>\n\t\t\t\t<div class=\"elementor-element elementor-element-6eef8e6 elementor-widget elementor-widget-text-editor\" data-id=\"6eef8e6\" data-element_type=\"widget\" data-e-type=\"widget\" data-widget_type=\"text-editor.default\">\n\t\t\t\t<div class=\"elementor-widget-container\">\n\t\t\t\t\t\t\t\t\t<p>Skorzystaj z opcji pakowania na prezent i spraw, by Tw\u00f3j upominek zachwyca\u0142 jeszcze przed otwarciem.<\/p><p>Wybierz jeden z eleganckich kolor\u00f3w opakowania: <strong>butelkowa ziele\u0144, czerwony (purple red) lub z<\/strong><strong>\u0142oty.\u00a0<\/strong><\/p><p>Dodatkowo, w okresie \u015bwi\u0105tecznym Tw\u00f3j prezent zostanie zapakowany w eleganckim \u015bwi\u0105tecznym wydaniu kt\u00f3re podkre\u015bl\u0105 magi\u0119 tego wyj\u0105tkowego czasu.<\/p><p>Pakowanie na prezent zawiera:<\/p><p><strong>&#8211; ozdobny papier<\/strong> (wybierz jeden z dost\u0119pnych kolor\u00f3w lub zaznacz &#8220;dowolny&#8221;),<\/p><p><strong>&#8211; wst\u0105\u017ck\u0119<\/strong> (dopasowan\u0105 do koloru papieru),<\/p><p><strong>&#8211; ga\u0142\u0105zk\u0119 lub inny dekoracyjny element,<\/strong><\/p><p><strong>&#8211; li\u015bcik z dedykacj\u0105<\/strong> (mo\u017cesz doda\u0107 dedykacj\u0119 lub kilka mi\u0142ych s\u0142\u00f3w \u2013 w uwagach do zam\u00f3wienia napisz, co chcesz przekaza\u0107, a my umie\u015bcimy Twoj\u0105 wiadomo\u015b\u0107 w eleganckim li\u015bciku do\u0142\u0105czonym do przesy\u0142ki).\u00a0<\/p><p><strong>\u00a0<\/strong><\/p><p><strong>Podaruj bliskim rado\u015b\u0107, a my zajmiemy si\u0119 detalami.<\/strong><\/p>\t\t\t\t\t\t\t\t<\/div>\n\t\t\t\t<\/div>\n\t\t\t\t\t<\/div>\n\t\t<\/div>\n\t\t\t\t\t<\/div>\n\t\t<\/section>\n\t\t\t\t<\/div>","protected":false},"excerpt":{"rendered":"<p>Podaruj magi\u0119 chwili \u2013 wyj\u0105tkowe opakowanie na ka\u017cd\u0105 okazj\u0119! Skorzystaj z opcji pakowania na prezent i spraw, by Tw\u00f3j upominek zachwyca\u0142 jeszcze przed otwarciem. Wybierz jeden z eleganckich kolor\u00f3w opakowania: butelkowa ziele\u0144, czerwony (purple red) lub z\u0142oty.\u00a0 Dodatkowo, w okresie \u015bwi\u0105tecznym Tw\u00f3j prezent zostanie zapakowany w eleganckim \u015bwi\u0105tecznym wydaniu kt\u00f3re podkre\u015bl\u0105 magi\u0119 tego wyj\u0105tkowego czasu. [&hellip;]<\/p>\n","protected":false},"featured_media":17786,"template":"","meta":{"site-sidebar-layout":"no-sidebar","site-content-layout":"page-builder","ast-site-content-layout":"full-width-container","site-content-style":"default","site-sidebar-style":"default","ast-global-header-display":"","ast-banner-title-visibility":"","ast-main-header-display":"","ast-hfb-above-header-display":"","ast-hfb-below-header-display":"","ast-hfb-mobile-header-display":"","site-post-title":"","ast-breadcrumbs-content":"","ast-featured-img":"","footer-sml-layout":"","ast-disable-related-posts":"","theme-transparent-header-meta":"default","adv-header-id-meta":"","stick-header-meta":"","header-above-stick-meta":"","header-main-stick-meta":"","header-below-stick-meta":"","astra-migrate-meta-layouts":"set","ast-page-background-enabled":"default","ast-page-background-meta":{"desktop":{"background-color":"","background-image":"","background-repeat":"repeat","background-position":"center center","background-size":"auto","background-attachment":"scroll","background-type":"","background-media":"","overlay-type":"","overlay-color":"","overlay-opacity":"","overlay-gradient":""},"tablet":{"background-color":"","background-image":"","background-repeat":"repeat","background-position":"center center","background-size":"auto","background-attachment":"scroll","background-type":"","background-media":"","overlay-type":"","overlay-color":"","overlay-opacity":"","overlay-gradient":""},"mobile":{"background-color":"","background-image":"","background-repeat":"repeat","background-position":"center center","background-size":"auto","background-attachment":"scroll","background-type":"","background-media":"","overlay-type":"","overlay-color":"","overlay-opacity":"","overlay-gradient":""}},"ast-content-background-meta":{"desktop":{"background-color":"var(--ast-global-color-5)","background-image":"","background-repeat":"repeat","background-position":"center center","background-size":"auto","background-attachment":"scroll","background-type":"","background-media":"","overlay-type":"","overlay-color":"","overlay-opacity":"","overlay-gradient":""},"tablet":{"background-color":"var(--ast-global-color-5)","background-image":"","background-repeat":"repeat","background-position":"center center","background-size":"auto","background-attachment":"scroll","background-type":"","background-media":"","overlay-type":"","overlay-color":"","overlay-opacity":"","overlay-gradient":""},"mobile":{"background-color":"var(--ast-global-color-5)","background-image":"","background-repeat":"repeat","background-position":"center center","background-size":"auto","background-attachment":"scroll","background-type":"","background-media":"","overlay-type":"","overlay-color":"","overlay-opacity":"","overlay-gradient":""}}},"product_brand":[],"product_cat":[113,112,15,243],"product_tag":[],"class_list":{"0":"post-17622","1":"product","2":"type-product","3":"status-publish","4":"has-post-thumbnail","6":"product_cat-akcesoria-exotic-dance","7":"product_cat-akcesoria-pole-dance","8":"product_cat-bez-kategorii","9":"product_cat-pakowanie","10":"desktop-align-left","11":"tablet-align-left","12":"mobile-align-left","14":"first","15":"instock","16":"taxable","17":"shipping-taxable","18":"purchasable","19":"product-type-variable","20":"has-default-attributes"},"yoast_head":"<!-- This site is optimized with the Yoast SEO plugin v27.4 - https:\/\/yoast.com\/product\/yoast-seo-wordpress\/ -->\n<title>Pakowanie na prezent - Ready to pole<\/title>\n<meta name=\"description\" content=\"Pakowanie na prezent to doskona\u0142y spos\u00f3b, aby nada\u0107 Twojemu zam\u00f3wieniu wyj\u0105tkowego charakteru. Podaruj bliskim rado\u015b\u0107, a my zajmiemy si\u0119 detalami.\" \/>\n<meta name=\"robots\" content=\"index, follow, max-snippet:-1, max-image-preview:large, max-video-preview:-1\" \/>\n<link rel=\"canonical\" href=\"https:\/\/readytopole.pl\/en\/product\/pakowanie-na-prezent\/\" \/>\n<meta property=\"og:locale\" content=\"en_US\" \/>\n<meta property=\"og:type\" content=\"article\" \/>\n<meta property=\"og:title\" content=\"Pakowanie na prezent - Ready to pole\" \/>\n<meta property=\"og:description\" content=\"Pakowanie na prezent to doskona\u0142y spos\u00f3b, aby nada\u0107 Twojemu zam\u00f3wieniu wyj\u0105tkowego charakteru. Podaruj bliskim rado\u015b\u0107, a my zajmiemy si\u0119 detalami.\" \/>\n<meta property=\"og:url\" content=\"https:\/\/readytopole.pl\/en\/product\/pakowanie-na-prezent\/\" \/>\n<meta property=\"og:site_name\" content=\"Ready to Pole\" \/>\n<meta property=\"article:publisher\" content=\"https:\/\/www.facebook.com\/people\/readytopole\/100084322415310\/\" \/>\n<meta property=\"article:modified_time\" content=\"2024-12-30T13:22:28+00:00\" \/>\n<meta property=\"og:image\" content=\"https:\/\/readytopole.pl\/wp-content\/uploads\/2024\/11\/WEBP_Zapakuj_na_prezent_Readytopole_zloty-scaled.webp\" \/>\n\t<meta property=\"og:image:width\" content=\"1920\" \/>\n\t<meta property=\"og:image:height\" content=\"2560\" \/>\n\t<meta property=\"og:image:type\" content=\"image\/webp\" \/>\n<meta name=\"twitter:card\" content=\"summary_large_image\" \/>\n<meta name=\"twitter:label1\" content=\"Est. reading time\" \/>\n\t<meta name=\"twitter:data1\" content=\"1 minute\" \/>\n<script type=\"application\/ld+json\" class=\"yoast-schema-graph\">{\"@context\":\"https:\\\/\\\/schema.org\",\"@graph\":[{\"@type\":\"WebPage\",\"@id\":\"https:\\\/\\\/readytopole.pl\\\/produkt\\\/pakowanie-na-prezent\\\/\",\"url\":\"https:\\\/\\\/readytopole.pl\\\/produkt\\\/pakowanie-na-prezent\\\/\",\"name\":\"Pakowanie na prezent - Ready to pole\",\"isPartOf\":{\"@id\":\"https:\\\/\\\/readytopole.pl\\\/#website\"},\"primaryImageOfPage\":{\"@id\":\"https:\\\/\\\/readytopole.pl\\\/produkt\\\/pakowanie-na-prezent\\\/#primaryimage\"},\"image\":{\"@id\":\"https:\\\/\\\/readytopole.pl\\\/produkt\\\/pakowanie-na-prezent\\\/#primaryimage\"},\"thumbnailUrl\":\"https:\\\/\\\/readytopole.pl\\\/wp-content\\\/uploads\\\/2024\\\/11\\\/WEBP_Zapakuj_na_prezent_Readytopole_zloty-scaled.webp\",\"datePublished\":\"2024-11-13T09:12:20+00:00\",\"dateModified\":\"2024-12-30T13:22:28+00:00\",\"description\":\"Pakowanie na prezent to doskona\u0142y spos\u00f3b, aby nada\u0107 Twojemu zam\u00f3wieniu wyj\u0105tkowego charakteru. Podaruj bliskim rado\u015b\u0107, a my zajmiemy si\u0119 detalami.\",\"breadcrumb\":{\"@id\":\"https:\\\/\\\/readytopole.pl\\\/produkt\\\/pakowanie-na-prezent\\\/#breadcrumb\"},\"inLanguage\":\"en-US\",\"potentialAction\":[{\"@type\":\"ReadAction\",\"target\":[\"https:\\\/\\\/readytopole.pl\\\/produkt\\\/pakowanie-na-prezent\\\/\"]}]},{\"@type\":\"ImageObject\",\"inLanguage\":\"en-US\",\"@id\":\"https:\\\/\\\/readytopole.pl\\\/produkt\\\/pakowanie-na-prezent\\\/#primaryimage\",\"url\":\"https:\\\/\\\/readytopole.pl\\\/wp-content\\\/uploads\\\/2024\\\/11\\\/WEBP_Zapakuj_na_prezent_Readytopole_zloty-scaled.webp\",\"contentUrl\":\"https:\\\/\\\/readytopole.pl\\\/wp-content\\\/uploads\\\/2024\\\/11\\\/WEBP_Zapakuj_na_prezent_Readytopole_zloty-scaled.webp\",\"width\":1920,\"height\":2560,\"caption\":\"Pakowanie na prezent z\u0142oty Ready to pole\"},{\"@type\":\"BreadcrumbList\",\"@id\":\"https:\\\/\\\/readytopole.pl\\\/produkt\\\/pakowanie-na-prezent\\\/#breadcrumb\",\"itemListElement\":[{\"@type\":\"ListItem\",\"position\":1,\"name\":\"Strona g\u0142\u00f3wna\",\"item\":\"https:\\\/\\\/readytopole.pl\\\/\"},{\"@type\":\"ListItem\",\"position\":2,\"name\":\"Sklep\",\"item\":\"https:\\\/\\\/readytopole.pl\\\/sklep\\\/\"},{\"@type\":\"ListItem\",\"position\":3,\"name\":\"Pakowanie na prezent\"}]},{\"@type\":\"WebSite\",\"@id\":\"https:\\\/\\\/readytopole.pl\\\/#website\",\"url\":\"https:\\\/\\\/readytopole.pl\\\/\",\"name\":\"Ready to Pole | Polewear - Slow Fashion dla Pole Dance\",\"description\":\"Blog | Sklep z odzie\u017c\u0105 do Poledance\",\"publisher\":{\"@id\":\"https:\\\/\\\/readytopole.pl\\\/#organization\"},\"alternateName\":\"Ready to pole\",\"potentialAction\":[{\"@type\":\"SearchAction\",\"target\":{\"@type\":\"EntryPoint\",\"urlTemplate\":\"https:\\\/\\\/readytopole.pl\\\/?s={search_term_string}\"},\"query-input\":{\"@type\":\"PropertyValueSpecification\",\"valueRequired\":true,\"valueName\":\"search_term_string\"}}],\"inLanguage\":\"en-US\"},{\"@type\":\"Organization\",\"@id\":\"https:\\\/\\\/readytopole.pl\\\/#organization\",\"name\":\"Ready to pole\",\"alternateName\":\"Rtp\",\"url\":\"https:\\\/\\\/readytopole.pl\\\/\",\"logo\":{\"@type\":\"ImageObject\",\"inLanguage\":\"en-US\",\"@id\":\"https:\\\/\\\/readytopole.pl\\\/#\\\/schema\\\/logo\\\/image\\\/\",\"url\":\"https:\\\/\\\/readytopole.pl\\\/wp-content\\\/uploads\\\/2023\\\/02\\\/cropped-cropped-RTP-logotyp-gold-effect-v1.png\",\"contentUrl\":\"https:\\\/\\\/readytopole.pl\\\/wp-content\\\/uploads\\\/2023\\\/02\\\/cropped-cropped-RTP-logotyp-gold-effect-v1.png\",\"width\":1200,\"height\":1200,\"caption\":\"Ready to pole\"},\"image\":{\"@id\":\"https:\\\/\\\/readytopole.pl\\\/#\\\/schema\\\/logo\\\/image\\\/\"},\"sameAs\":[\"https:\\\/\\\/www.facebook.com\\\/people\\\/readytopole\\\/100084322415310\\\/\",\"https:\\\/\\\/www.instagram.com\\\/readytopole\\\/?igshid=YmMyMTA2M2Y=\"]}]}<\/script>\n<!-- \/ Yoast SEO plugin. -->","yoast_head_json":{"title":"Pakowanie na prezent - Ready to pole","description":"Pakowanie na prezent to doskona\u0142y spos\u00f3b, aby nada\u0107 Twojemu zam\u00f3wieniu wyj\u0105tkowego charakteru. Podaruj bliskim rado\u015b\u0107, a my zajmiemy si\u0119 detalami.","robots":{"index":"index","follow":"follow","max-snippet":"max-snippet:-1","max-image-preview":"max-image-preview:large","max-video-preview":"max-video-preview:-1"},"canonical":"https:\/\/readytopole.pl\/en\/product\/pakowanie-na-prezent\/","og_locale":"en_US","og_type":"article","og_title":"Pakowanie na prezent - Ready to pole","og_description":"Pakowanie na prezent to doskona\u0142y spos\u00f3b, aby nada\u0107 Twojemu zam\u00f3wieniu wyj\u0105tkowego charakteru. Podaruj bliskim rado\u015b\u0107, a my zajmiemy si\u0119 detalami.","og_url":"https:\/\/readytopole.pl\/en\/product\/pakowanie-na-prezent\/","og_site_name":"Ready to Pole","article_publisher":"https:\/\/www.facebook.com\/people\/readytopole\/100084322415310\/","article_modified_time":"2024-12-30T13:22:28+00:00","og_image":[{"width":1920,"height":2560,"url":"https:\/\/readytopole.pl\/wp-content\/uploads\/2024\/11\/WEBP_Zapakuj_na_prezent_Readytopole_zloty-scaled.webp","type":"image\/webp"}],"twitter_card":"summary_large_image","twitter_misc":{"Est. reading time":"1 minute"},"schema":{"@context":"https:\/\/schema.org","@graph":[{"@type":"WebPage","@id":"https:\/\/readytopole.pl\/produkt\/pakowanie-na-prezent\/","url":"https:\/\/readytopole.pl\/produkt\/pakowanie-na-prezent\/","name":"Pakowanie na prezent - Ready to pole","isPartOf":{"@id":"https:\/\/readytopole.pl\/#website"},"primaryImageOfPage":{"@id":"https:\/\/readytopole.pl\/produkt\/pakowanie-na-prezent\/#primaryimage"},"image":{"@id":"https:\/\/readytopole.pl\/produkt\/pakowanie-na-prezent\/#primaryimage"},"thumbnailUrl":"https:\/\/readytopole.pl\/wp-content\/uploads\/2024\/11\/WEBP_Zapakuj_na_prezent_Readytopole_zloty-scaled.webp","datePublished":"2024-11-13T09:12:20+00:00","dateModified":"2024-12-30T13:22:28+00:00","description":"Pakowanie na prezent to doskona\u0142y spos\u00f3b, aby nada\u0107 Twojemu zam\u00f3wieniu wyj\u0105tkowego charakteru. Podaruj bliskim rado\u015b\u0107, a my zajmiemy si\u0119 detalami.","breadcrumb":{"@id":"https:\/\/readytopole.pl\/produkt\/pakowanie-na-prezent\/#breadcrumb"},"inLanguage":"en-US","potentialAction":[{"@type":"ReadAction","target":["https:\/\/readytopole.pl\/produkt\/pakowanie-na-prezent\/"]}]},{"@type":"ImageObject","inLanguage":"en-US","@id":"https:\/\/readytopole.pl\/produkt\/pakowanie-na-prezent\/#primaryimage","url":"https:\/\/readytopole.pl\/wp-content\/uploads\/2024\/11\/WEBP_Zapakuj_na_prezent_Readytopole_zloty-scaled.webp","contentUrl":"https:\/\/readytopole.pl\/wp-content\/uploads\/2024\/11\/WEBP_Zapakuj_na_prezent_Readytopole_zloty-scaled.webp","width":1920,"height":2560,"caption":"Pakowanie na prezent z\u0142oty Ready to pole"},{"@type":"BreadcrumbList","@id":"https:\/\/readytopole.pl\/produkt\/pakowanie-na-prezent\/#breadcrumb","itemListElement":[{"@type":"ListItem","position":1,"name":"Strona g\u0142\u00f3wna","item":"https:\/\/readytopole.pl\/"},{"@type":"ListItem","position":2,"name":"Sklep","item":"https:\/\/readytopole.pl\/sklep\/"},{"@type":"ListItem","position":3,"name":"Pakowanie na prezent"}]},{"@type":"WebSite","@id":"https:\/\/readytopole.pl\/#website","url":"https:\/\/readytopole.pl\/","name":"Ready to Pole | Polewear - Slow Fashion dla Pole Dance","description":"Blog | Sklep z odzie\u017c\u0105 do Poledance","publisher":{"@id":"https:\/\/readytopole.pl\/#organization"},"alternateName":"Ready to pole","potentialAction":[{"@type":"SearchAction","target":{"@type":"EntryPoint","urlTemplate":"https:\/\/readytopole.pl\/?s={search_term_string}"},"query-input":{"@type":"PropertyValueSpecification","valueRequired":true,"valueName":"search_term_string"}}],"inLanguage":"en-US"},{"@type":"Organization","@id":"https:\/\/readytopole.pl\/#organization","name":"Ready to pole","alternateName":"Rtp","url":"https:\/\/readytopole.pl\/","logo":{"@type":"ImageObject","inLanguage":"en-US","@id":"https:\/\/readytopole.pl\/#\/schema\/logo\/image\/","url":"https:\/\/readytopole.pl\/wp-content\/uploads\/2023\/02\/cropped-cropped-RTP-logotyp-gold-effect-v1.png","contentUrl":"https:\/\/readytopole.pl\/wp-content\/uploads\/2023\/02\/cropped-cropped-RTP-logotyp-gold-effect-v1.png","width":1200,"height":1200,"caption":"Ready to pole"},"image":{"@id":"https:\/\/readytopole.pl\/#\/schema\/logo\/image\/"},"sameAs":["https:\/\/www.facebook.com\/people\/readytopole\/100084322415310\/","https:\/\/www.instagram.com\/readytopole\/?igshid=YmMyMTA2M2Y="]}]}},"_links":{"self":[{"href":"https:\/\/readytopole.pl\/en\/wp-json\/wp\/v2\/product\/17622","targetHints":{"allow":["GET"]}}],"collection":[{"href":"https:\/\/readytopole.pl\/en\/wp-json\/wp\/v2\/product"}],"about":[{"href":"https:\/\/readytopole.pl\/en\/wp-json\/wp\/v2\/types\/product"}],"version-history":[{"count":17,"href":"https:\/\/readytopole.pl\/en\/wp-json\/wp\/v2\/product\/17622\/revisions"}],"predecessor-version":[{"id":18591,"href":"https:\/\/readytopole.pl\/en\/wp-json\/wp\/v2\/product\/17622\/revisions\/18591"}],"wp:featuredmedia":[{"embeddable":true,"href":"https:\/\/readytopole.pl\/en\/wp-json\/wp\/v2\/media\/17786"}],"wp:attachment":[{"href":"https:\/\/readytopole.pl\/en\/wp-json\/wp\/v2\/media?parent=17622"}],"wp:term":[{"taxonomy":"product_brand","embeddable":true,"href":"https:\/\/readytopole.pl\/en\/wp-json\/wp\/v2\/product_brand?post=17622"},{"taxonomy":"product_cat","embeddable":true,"href":"https:\/\/readytopole.pl\/en\/wp-json\/wp\/v2\/product_cat?post=17622"},{"taxonomy":"product_tag","embeddable":true,"href":"https:\/\/readytopole.pl\/en\/wp-json\/wp\/v2\/product_tag?post=17622"}],"curies":[{"name":"wp","href":"https:\/\/api.w.org\/{rel}","templated":true}]}}