{"id":17467,"date":"2024-10-29T13:10:08","date_gmt":"2024-10-29T12:10:08","guid":{"rendered":"https:\/\/readytopole.pl\/?post_type=product&#038;p=17467"},"modified":"2025-08-29T17:50:12","modified_gmt":"2025-08-29T15:50:12","slug":"magnezja-ocun-chalk-liquid-200-ml","status":"publish","type":"product","link":"https:\/\/readytopole.pl\/en\/product\/magnezja-ocun-chalk-liquid-200-ml\/","title":{"rendered":"Magnezja Ocun Chalk Liquid 200 ml"},"content":{"rendered":"\t\t<div data-elementor-type=\"wp-post\" data-elementor-id=\"17467\" class=\"elementor elementor-17467\">\n\t\t\t\t\t\t<section class=\"elementor-section elementor-top-section elementor-element elementor-element-ebeabac elementor-section-height-min-height elementor-section-boxed elementor-section-height-default elementor-section-items-middle\" data-id=\"ebeabac\" data-element_type=\"section\" data-e-type=\"section\">\n\t\t\t\t\t\t<div class=\"elementor-container elementor-column-gap-default\">\n\t\t\t\t\t<div class=\"elementor-column elementor-col-100 elementor-top-column elementor-element elementor-element-1de733e6\" data-id=\"1de733e6\" data-element_type=\"column\" data-e-type=\"column\">\n\t\t\t<div class=\"elementor-widget-wrap elementor-element-populated\">\n\t\t\t\t\t\t<div class=\"elementor-element elementor-element-62751d7 elementor-widget elementor-widget-toggle\" data-id=\"62751d7\" data-element_type=\"widget\" data-e-type=\"widget\" data-widget_type=\"toggle.default\">\n\t\t\t\t<div class=\"elementor-widget-container\">\n\t\t\t\t\t\t\t<div class=\"elementor-toggle\">\n\t\t\t\t\t\t\t<div class=\"elementor-toggle-item\">\n\t\t\t\t\t<div id=\"elementor-tab-title-1031\" class=\"elementor-tab-title\" data-tab=\"1\" role=\"button\" aria-controls=\"elementor-tab-content-1031\" aria-expanded=\"false\">\n\t\t\t\t\t\t\t\t\t\t\t\t<span class=\"elementor-toggle-icon elementor-toggle-icon-right\" aria-hidden=\"true\">\n\t\t\t\t\t\t\t\t\t\t\t\t\t\t\t<span class=\"elementor-toggle-icon-closed\"><i class=\"fas fa-plus\"><\/i><\/span>\n\t\t\t\t\t\t\t\t<span class=\"elementor-toggle-icon-opened\"><i class=\"elementor-toggle-icon-opened fas fa-plus\"><\/i><\/span>\n\t\t\t\t\t\t\t\t\t\t\t\t\t<\/span>\n\t\t\t\t\t\t\t\t\t\t\t\t<a class=\"elementor-toggle-title\" tabindex=\"0\">Opis<\/a>\n\t\t\t\t\t<\/div>\n\n\t\t\t\t\t<div id=\"elementor-tab-content-1031\" class=\"elementor-tab-content elementor-clearfix\" data-tab=\"1\" role=\"region\" aria-labelledby=\"elementor-tab-title-1031\"><p>Ocun Chalk Liquid to nowoczesna magnezja w p\u0142ynie stworzona z my\u015bl\u0105 o entuzjastkach pole dance oraz exotic pole dance. Gwarantuje znakomit\u0105 przyczepno\u015b\u0107, nie brudz\u0105c przy tym ubra\u0144. Stanowi \u015bwietn\u0105 alternatyw\u0119 dla klasycznej magnezji w proszku. Poprawia pewno\u015b\u0107 chwytu i komfort \u0107wicze\u0144. Produkt szybko schnie i skutecznie poch\u0142ania wilgo\u0107, zapewniaj\u0105c d\u0142oniom sucho\u015b\u0107 podczas treningu.<\/p><p>Dost\u0119pna pojemno\u015b\u0107 magnezji Ocun: 200 ml<\/p><p>W naszym sklepie dost\u0119pne s\u0105 tak\u017ce <a href=\"https:\/\/readytopole.pl\/kategoria-produktu\/akcesoria-exotic-dance\/magnezja-grip-exotic-dance\/\">magnezje o pojemno\u015bci 100 ml<\/a> oraz \u00a0<a href=\"https:\/\/readytopole.pl\/kategoria-produktu\/akcesoria-exotic-dance\/magnezja-grip-exotic-dance\/\">gripy do pole dance<\/a>.\u00a0<\/p><\/div>\n\t\t\t\t<\/div>\n\t\t\t\t\t\t\t<div class=\"elementor-toggle-item\">\n\t\t\t\t\t<div id=\"elementor-tab-title-1032\" class=\"elementor-tab-title\" data-tab=\"2\" role=\"button\" aria-controls=\"elementor-tab-content-1032\" aria-expanded=\"false\">\n\t\t\t\t\t\t\t\t\t\t\t\t<span class=\"elementor-toggle-icon elementor-toggle-icon-right\" aria-hidden=\"true\">\n\t\t\t\t\t\t\t\t\t\t\t\t\t\t\t<span class=\"elementor-toggle-icon-closed\"><i class=\"fas fa-plus\"><\/i><\/span>\n\t\t\t\t\t\t\t\t<span class=\"elementor-toggle-icon-opened\"><i class=\"elementor-toggle-icon-opened fas fa-plus\"><\/i><\/span>\n\t\t\t\t\t\t\t\t\t\t\t\t\t<\/span>\n\t\t\t\t\t\t\t\t\t\t\t\t<a class=\"elementor-toggle-title\" tabindex=\"0\">Pojemno\u015b\u0107<\/a>\n\t\t\t\t\t<\/div>\n\n\t\t\t\t\t<div id=\"elementor-tab-content-1032\" class=\"elementor-tab-content elementor-clearfix\" data-tab=\"2\" role=\"region\" aria-labelledby=\"elementor-tab-title-1032\"><p>Pojemno\u015b\u0107 200 ml.\u00a0<\/p><\/div>\n\t\t\t\t<\/div>\n\t\t\t\t\t\t\t<div class=\"elementor-toggle-item\">\n\t\t\t\t\t<div id=\"elementor-tab-title-1033\" class=\"elementor-tab-title\" data-tab=\"3\" role=\"button\" aria-controls=\"elementor-tab-content-1033\" aria-expanded=\"false\">\n\t\t\t\t\t\t\t\t\t\t\t\t<span class=\"elementor-toggle-icon elementor-toggle-icon-right\" aria-hidden=\"true\">\n\t\t\t\t\t\t\t\t\t\t\t\t\t\t\t<span class=\"elementor-toggle-icon-closed\"><i class=\"fas fa-plus\"><\/i><\/span>\n\t\t\t\t\t\t\t\t<span class=\"elementor-toggle-icon-opened\"><i class=\"elementor-toggle-icon-opened fas fa-plus\"><\/i><\/span>\n\t\t\t\t\t\t\t\t\t\t\t\t\t<\/span>\n\t\t\t\t\t\t\t\t\t\t\t\t<a class=\"elementor-toggle-title\" tabindex=\"0\">Wysy\u0142ka i zwroty<\/a>\n\t\t\t\t\t<\/div>\n\n\t\t\t\t\t<div id=\"elementor-tab-content-1033\" class=\"elementor-tab-content elementor-clearfix\" data-tab=\"3\" role=\"region\" aria-labelledby=\"elementor-tab-title-1033\"><p>Dok\u0142adamy wszelkich stara\u0144, aby przesy\u0142ka dotar\u0142a do Ciebie jak najszybciej. W wi\u0119kszo\u015bci zam\u00f3wienia realizujemy w 24h (dzie\u0144 roboczy). Maksymalny czas realizacji to 14 dni (w takim wypadku na pewno otrzymasz od nas tak\u0105 informacj\u0119). Przesy\u0142ki nadajemy za po\u015brednictwem kuriera, paczkomat\u00f3w oraz poczty. W celu sprawdzenia ceny wysy\u0142ek przejd\u017a do zak\u0142adki <a href=\"https:\/\/readytopole.pl\/dostawa\/\">Dostawa<\/a>, a w kwestii zwrot\u00f3w <a href=\"https:\/\/readytopole.pl\/wymiana-i-zwroty\/\">Zwroty<\/a> w stopce strony.<\/p><\/div>\n\t\t\t\t<\/div>\n\t\t\t\t\t\t\t\t\t\t<script type=\"application\/ld+json\">{\"@context\":\"https:\\\/\\\/schema.org\",\"@type\":\"FAQPage\",\"mainEntity\":[{\"@type\":\"Question\",\"name\":\"Opis\",\"acceptedAnswer\":{\"@type\":\"Answer\",\"text\":\"<p>Ocun Chalk Liquid to nowoczesna magnezja w p\\u0142ynie stworzona z my\\u015bl\\u0105 o entuzjastkach pole dance oraz exotic pole dance. Gwarantuje znakomit\\u0105 przyczepno\\u015b\\u0107, nie brudz\\u0105c przy tym ubra\\u0144. Stanowi \\u015bwietn\\u0105 alternatyw\\u0119 dla klasycznej magnezji w proszku. Poprawia pewno\\u015b\\u0107 chwytu i komfort \\u0107wicze\\u0144. Produkt szybko schnie i skutecznie poch\\u0142ania wilgo\\u0107, zapewniaj\\u0105c d\\u0142oniom sucho\\u015b\\u0107 podczas treningu.<\\\/p><p>Dost\\u0119pna pojemno\\u015b\\u0107 magnezji Ocun: 200 ml<\\\/p><p>W naszym sklepie dost\\u0119pne s\\u0105 tak\\u017ce <a href=\\\"https:\\\/\\\/readytopole.pl\\\/kategoria-produktu\\\/akcesoria-exotic-dance\\\/magnezja-grip-exotic-dance\\\/\\\">magnezje o pojemno\\u015bci 100 ml<\\\/a> oraz \\u00a0<a href=\\\"https:\\\/\\\/readytopole.pl\\\/kategoria-produktu\\\/akcesoria-exotic-dance\\\/magnezja-grip-exotic-dance\\\/\\\">gripy do pole dance<\\\/a>.\\u00a0<\\\/p>\"}},{\"@type\":\"Question\",\"name\":\"Pojemno\\u015b\\u0107\",\"acceptedAnswer\":{\"@type\":\"Answer\",\"text\":\"<p>Pojemno\\u015b\\u0107 200 ml.\\u00a0<\\\/p>\"}},{\"@type\":\"Question\",\"name\":\"Wysy\\u0142ka i zwroty\",\"acceptedAnswer\":{\"@type\":\"Answer\",\"text\":\"<p>Dok\\u0142adamy wszelkich stara\\u0144, aby przesy\\u0142ka dotar\\u0142a do Ciebie jak najszybciej. W wi\\u0119kszo\\u015bci zam\\u00f3wienia realizujemy w 24h (dzie\\u0144 roboczy). Maksymalny czas realizacji to 14 dni (w takim wypadku na pewno otrzymasz od nas tak\\u0105 informacj\\u0119). Przesy\\u0142ki nadajemy za po\\u015brednictwem kuriera, paczkomat\\u00f3w oraz poczty. W celu sprawdzenia ceny wysy\\u0142ek przejd\\u017a do zak\\u0142adki <a href=\\\"https:\\\/\\\/readytopole.pl\\\/dostawa\\\/\\\">Dostawa<\\\/a>, a w kwestii zwrot\\u00f3w <a href=\\\"https:\\\/\\\/readytopole.pl\\\/wymiana-i-zwroty\\\/\\\">Zwroty<\\\/a> w stopce strony.<\\\/p>\"}}]}<\/script>\n\t\t\t\t\t<\/div>\n\t\t\t\t\t\t<\/div>\n\t\t\t\t<\/div>\n\t\t\t\t\t<\/div>\n\t\t<\/div>\n\t\t\t\t\t<\/div>\n\t\t<\/section>\n\t\t\t\t<\/div>\n\t\t","protected":false},"excerpt":{"rendered":"<p>Opis Ocun Chalk Liquid to nowoczesna magnezja w p\u0142ynie stworzona z my\u015bl\u0105 o entuzjastkach pole dance oraz exotic pole dance. Gwarantuje znakomit\u0105 przyczepno\u015b\u0107, nie brudz\u0105c przy tym ubra\u0144. Stanowi \u015bwietn\u0105 alternatyw\u0119 dla klasycznej magnezji w proszku. Poprawia pewno\u015b\u0107 chwytu i komfort \u0107wicze\u0144. Produkt szybko schnie i skutecznie poch\u0142ania wilgo\u0107, zapewniaj\u0105c d\u0142oniom sucho\u015b\u0107 podczas treningu. Dost\u0119pna [&hellip;]<\/p>\n","protected":false},"featured_media":12261,"template":"","meta":{"site-sidebar-layout":"default","site-content-layout":"default","ast-site-content-layout":"default","site-content-style":"default","site-sidebar-style":"default","ast-global-header-display":"","ast-banner-title-visibility":"","ast-main-header-display":"","ast-hfb-above-header-display":"","ast-hfb-below-header-display":"","ast-hfb-mobile-header-display":"","site-post-title":"","ast-breadcrumbs-content":"","ast-featured-img":"","footer-sml-layout":"","ast-disable-related-posts":"","theme-transparent-header-meta":"default","adv-header-id-meta":"","stick-header-meta":"","header-above-stick-meta":"","header-main-stick-meta":"","header-below-stick-meta":"","astra-migrate-meta-layouts":"set","ast-page-background-enabled":"default","ast-page-background-meta":{"desktop":{"background-color":"","background-image":"","background-repeat":"repeat","background-position":"center center","background-size":"auto","background-attachment":"scroll","background-type":"","background-media":"","overlay-type":"","overlay-color":"","overlay-opacity":"","overlay-gradient":""},"tablet":{"background-color":"","background-image":"","background-repeat":"repeat","background-position":"center center","background-size":"auto","background-attachment":"scroll","background-type":"","background-media":"","overlay-type":"","overlay-color":"","overlay-opacity":"","overlay-gradient":""},"mobile":{"background-color":"","background-image":"","background-repeat":"repeat","background-position":"center center","background-size":"auto","background-attachment":"scroll","background-type":"","background-media":"","overlay-type":"","overlay-color":"","overlay-opacity":"","overlay-gradient":""}},"ast-content-background-meta":{"desktop":{"background-color":"var(--ast-global-color-5)","background-image":"","background-repeat":"repeat","background-position":"center center","background-size":"auto","background-attachment":"scroll","background-type":"","background-media":"","overlay-type":"","overlay-color":"","overlay-opacity":"","overlay-gradient":""},"tablet":{"background-color":"var(--ast-global-color-5)","background-image":"","background-repeat":"repeat","background-position":"center center","background-size":"auto","background-attachment":"scroll","background-type":"","background-media":"","overlay-type":"","overlay-color":"","overlay-opacity":"","overlay-gradient":""},"mobile":{"background-color":"var(--ast-global-color-5)","background-image":"","background-repeat":"repeat","background-position":"center center","background-size":"auto","background-attachment":"scroll","background-type":"","background-media":"","overlay-type":"","overlay-color":"","overlay-opacity":"","overlay-gradient":""}}},"product_brand":[],"product_cat":[113,112,15,114,115],"product_tag":[173,172,174,175],"class_list":{"0":"post-17467","1":"product","2":"type-product","3":"status-publish","4":"has-post-thumbnail","6":"product_cat-akcesoria-exotic-dance","7":"product_cat-akcesoria-pole-dance","8":"product_cat-bez-kategorii","9":"product_cat-magnezja-grip-pole-dance","10":"product_cat-magnezja-grip-exotic-dance","11":"product_tag-grip-exotic-dance","12":"product_tag-grip-pole-dance","13":"product_tag-grip-pole-dance-kkeep-grip","14":"product_tag-grip-w-plynie","15":"desktop-align-left","16":"tablet-align-left","17":"mobile-align-left","19":"first","20":"outofstock","21":"sale","22":"taxable","23":"shipping-taxable","24":"purchasable","25":"product-type-variable"},"yoast_head":"<!-- This site is optimized with the Yoast SEO plugin v27.4 - https:\/\/yoast.com\/product\/yoast-seo-wordpress\/ -->\n<title>Magnezja Ocun Chalk Liquid 200 ml - Pole Dance - Ready to Pole<\/title>\n<meta name=\"description\" content=\"Zwi\u0119ksz przyczepno\u015b\u0107 podczas trening\u00f3w pole dance dzi\u0119ki magnezji Ocun. Profesjonalna formu\u0142a dla pewnego chwytu. Dost\u0119pna pojemno\u015b\u0107 100 ml i 200 ml\" \/>\n<meta name=\"robots\" content=\"index, follow, max-snippet:-1, max-image-preview:large, max-video-preview:-1\" \/>\n<link rel=\"canonical\" href=\"https:\/\/readytopole.pl\/en\/product\/magnezja-ocun-chalk-liquid-200-ml\/\" \/>\n<meta property=\"og:locale\" content=\"en_US\" \/>\n<meta property=\"og:type\" content=\"article\" \/>\n<meta property=\"og:title\" content=\"Magnezja Ocun Chalk Liquid 200 ml - Pole Dance - Ready to Pole\" \/>\n<meta property=\"og:description\" content=\"Zwi\u0119ksz przyczepno\u015b\u0107 podczas trening\u00f3w pole dance dzi\u0119ki magnezji Ocun. Profesjonalna formu\u0142a dla pewnego chwytu. Dost\u0119pna pojemno\u015b\u0107 100 ml i 200 ml\" \/>\n<meta property=\"og:url\" content=\"https:\/\/readytopole.pl\/en\/product\/magnezja-ocun-chalk-liquid-200-ml\/\" \/>\n<meta property=\"og:site_name\" content=\"Ready to Pole\" \/>\n<meta property=\"article:publisher\" content=\"https:\/\/www.facebook.com\/people\/readytopole\/100084322415310\/\" \/>\n<meta property=\"article:modified_time\" content=\"2025-08-29T15:50:12+00:00\" \/>\n<meta property=\"og:image\" content=\"https:\/\/readytopole.pl\/wp-content\/uploads\/2024\/05\/magnezja-ocun-chalk-liquid-200ml-2ea8a6b1fe2343528087cf7fb4391de7-755a5e91.jpg\" \/>\n\t<meta property=\"og:image:width\" content=\"536\" \/>\n\t<meta property=\"og:image:height\" content=\"536\" \/>\n\t<meta property=\"og:image:type\" content=\"image\/jpeg\" \/>\n<meta name=\"twitter:card\" content=\"summary_large_image\" \/>\n<meta name=\"twitter:label1\" content=\"Est. reading time\" \/>\n\t<meta name=\"twitter:data1\" content=\"1 minute\" \/>\n<script type=\"application\/ld+json\" class=\"yoast-schema-graph\">{\"@context\":\"https:\\\/\\\/schema.org\",\"@graph\":[{\"@type\":\"WebPage\",\"@id\":\"https:\\\/\\\/readytopole.pl\\\/produkt\\\/magnezja-ocun-chalk-liquid-200-ml\\\/\",\"url\":\"https:\\\/\\\/readytopole.pl\\\/produkt\\\/magnezja-ocun-chalk-liquid-200-ml\\\/\",\"name\":\"Magnezja Ocun Chalk Liquid 200 ml - Pole Dance - Ready to Pole\",\"isPartOf\":{\"@id\":\"https:\\\/\\\/readytopole.pl\\\/#website\"},\"primaryImageOfPage\":{\"@id\":\"https:\\\/\\\/readytopole.pl\\\/produkt\\\/magnezja-ocun-chalk-liquid-200-ml\\\/#primaryimage\"},\"image\":{\"@id\":\"https:\\\/\\\/readytopole.pl\\\/produkt\\\/magnezja-ocun-chalk-liquid-200-ml\\\/#primaryimage\"},\"thumbnailUrl\":\"https:\\\/\\\/readytopole.pl\\\/wp-content\\\/uploads\\\/2024\\\/05\\\/magnezja-ocun-chalk-liquid-200ml-2ea8a6b1fe2343528087cf7fb4391de7-755a5e91.jpg\",\"datePublished\":\"2024-10-29T12:10:08+00:00\",\"dateModified\":\"2025-08-29T15:50:12+00:00\",\"description\":\"Zwi\u0119ksz przyczepno\u015b\u0107 podczas trening\u00f3w pole dance dzi\u0119ki magnezji Ocun. Profesjonalna formu\u0142a dla pewnego chwytu. Dost\u0119pna pojemno\u015b\u0107 100 ml i 200 ml\",\"breadcrumb\":{\"@id\":\"https:\\\/\\\/readytopole.pl\\\/produkt\\\/magnezja-ocun-chalk-liquid-200-ml\\\/#breadcrumb\"},\"inLanguage\":\"en-US\",\"potentialAction\":[{\"@type\":\"ReadAction\",\"target\":[\"https:\\\/\\\/readytopole.pl\\\/produkt\\\/magnezja-ocun-chalk-liquid-200-ml\\\/\"]}]},{\"@type\":\"ImageObject\",\"inLanguage\":\"en-US\",\"@id\":\"https:\\\/\\\/readytopole.pl\\\/produkt\\\/magnezja-ocun-chalk-liquid-200-ml\\\/#primaryimage\",\"url\":\"https:\\\/\\\/readytopole.pl\\\/wp-content\\\/uploads\\\/2024\\\/05\\\/magnezja-ocun-chalk-liquid-200ml-2ea8a6b1fe2343528087cf7fb4391de7-755a5e91.jpg\",\"contentUrl\":\"https:\\\/\\\/readytopole.pl\\\/wp-content\\\/uploads\\\/2024\\\/05\\\/magnezja-ocun-chalk-liquid-200ml-2ea8a6b1fe2343528087cf7fb4391de7-755a5e91.jpg\",\"width\":536,\"height\":536,\"caption\":\"Magnezja Ocun\"},{\"@type\":\"BreadcrumbList\",\"@id\":\"https:\\\/\\\/readytopole.pl\\\/produkt\\\/magnezja-ocun-chalk-liquid-200-ml\\\/#breadcrumb\",\"itemListElement\":[{\"@type\":\"ListItem\",\"position\":1,\"name\":\"Strona g\u0142\u00f3wna\",\"item\":\"https:\\\/\\\/readytopole.pl\\\/\"},{\"@type\":\"ListItem\",\"position\":2,\"name\":\"Sklep\",\"item\":\"https:\\\/\\\/readytopole.pl\\\/sklep\\\/\"},{\"@type\":\"ListItem\",\"position\":3,\"name\":\"Magnezja Ocun Chalk Liquid 200 ml\"}]},{\"@type\":\"WebSite\",\"@id\":\"https:\\\/\\\/readytopole.pl\\\/#website\",\"url\":\"https:\\\/\\\/readytopole.pl\\\/\",\"name\":\"Ready to Pole | Polewear - Slow Fashion dla Pole Dance\",\"description\":\"Blog | Sklep z odzie\u017c\u0105 do Poledance\",\"publisher\":{\"@id\":\"https:\\\/\\\/readytopole.pl\\\/#organization\"},\"alternateName\":\"Ready to pole\",\"potentialAction\":[{\"@type\":\"SearchAction\",\"target\":{\"@type\":\"EntryPoint\",\"urlTemplate\":\"https:\\\/\\\/readytopole.pl\\\/?s={search_term_string}\"},\"query-input\":{\"@type\":\"PropertyValueSpecification\",\"valueRequired\":true,\"valueName\":\"search_term_string\"}}],\"inLanguage\":\"en-US\"},{\"@type\":\"Organization\",\"@id\":\"https:\\\/\\\/readytopole.pl\\\/#organization\",\"name\":\"Ready to pole\",\"alternateName\":\"Rtp\",\"url\":\"https:\\\/\\\/readytopole.pl\\\/\",\"logo\":{\"@type\":\"ImageObject\",\"inLanguage\":\"en-US\",\"@id\":\"https:\\\/\\\/readytopole.pl\\\/#\\\/schema\\\/logo\\\/image\\\/\",\"url\":\"https:\\\/\\\/readytopole.pl\\\/wp-content\\\/uploads\\\/2023\\\/02\\\/cropped-cropped-RTP-logotyp-gold-effect-v1.png\",\"contentUrl\":\"https:\\\/\\\/readytopole.pl\\\/wp-content\\\/uploads\\\/2023\\\/02\\\/cropped-cropped-RTP-logotyp-gold-effect-v1.png\",\"width\":1200,\"height\":1200,\"caption\":\"Ready to pole\"},\"image\":{\"@id\":\"https:\\\/\\\/readytopole.pl\\\/#\\\/schema\\\/logo\\\/image\\\/\"},\"sameAs\":[\"https:\\\/\\\/www.facebook.com\\\/people\\\/readytopole\\\/100084322415310\\\/\",\"https:\\\/\\\/www.instagram.com\\\/readytopole\\\/?igshid=YmMyMTA2M2Y=\"]}]}<\/script>\n<!-- \/ Yoast SEO plugin. -->","yoast_head_json":{"title":"Magnezja Ocun Chalk Liquid 200 ml - Pole Dance - Ready to Pole","description":"Zwi\u0119ksz przyczepno\u015b\u0107 podczas trening\u00f3w pole dance dzi\u0119ki magnezji Ocun. Profesjonalna formu\u0142a dla pewnego chwytu. Dost\u0119pna pojemno\u015b\u0107 100 ml i 200 ml","robots":{"index":"index","follow":"follow","max-snippet":"max-snippet:-1","max-image-preview":"max-image-preview:large","max-video-preview":"max-video-preview:-1"},"canonical":"https:\/\/readytopole.pl\/en\/product\/magnezja-ocun-chalk-liquid-200-ml\/","og_locale":"en_US","og_type":"article","og_title":"Magnezja Ocun Chalk Liquid 200 ml - Pole Dance - Ready to Pole","og_description":"Zwi\u0119ksz przyczepno\u015b\u0107 podczas trening\u00f3w pole dance dzi\u0119ki magnezji Ocun. Profesjonalna formu\u0142a dla pewnego chwytu. Dost\u0119pna pojemno\u015b\u0107 100 ml i 200 ml","og_url":"https:\/\/readytopole.pl\/en\/product\/magnezja-ocun-chalk-liquid-200-ml\/","og_site_name":"Ready to Pole","article_publisher":"https:\/\/www.facebook.com\/people\/readytopole\/100084322415310\/","article_modified_time":"2025-08-29T15:50:12+00:00","og_image":[{"width":536,"height":536,"url":"https:\/\/readytopole.pl\/wp-content\/uploads\/2024\/05\/magnezja-ocun-chalk-liquid-200ml-2ea8a6b1fe2343528087cf7fb4391de7-755a5e91.jpg","type":"image\/jpeg"}],"twitter_card":"summary_large_image","twitter_misc":{"Est. reading time":"1 minute"},"schema":{"@context":"https:\/\/schema.org","@graph":[{"@type":"WebPage","@id":"https:\/\/readytopole.pl\/produkt\/magnezja-ocun-chalk-liquid-200-ml\/","url":"https:\/\/readytopole.pl\/produkt\/magnezja-ocun-chalk-liquid-200-ml\/","name":"Magnezja Ocun Chalk Liquid 200 ml - Pole Dance - Ready to Pole","isPartOf":{"@id":"https:\/\/readytopole.pl\/#website"},"primaryImageOfPage":{"@id":"https:\/\/readytopole.pl\/produkt\/magnezja-ocun-chalk-liquid-200-ml\/#primaryimage"},"image":{"@id":"https:\/\/readytopole.pl\/produkt\/magnezja-ocun-chalk-liquid-200-ml\/#primaryimage"},"thumbnailUrl":"https:\/\/readytopole.pl\/wp-content\/uploads\/2024\/05\/magnezja-ocun-chalk-liquid-200ml-2ea8a6b1fe2343528087cf7fb4391de7-755a5e91.jpg","datePublished":"2024-10-29T12:10:08+00:00","dateModified":"2025-08-29T15:50:12+00:00","description":"Zwi\u0119ksz przyczepno\u015b\u0107 podczas trening\u00f3w pole dance dzi\u0119ki magnezji Ocun. Profesjonalna formu\u0142a dla pewnego chwytu. Dost\u0119pna pojemno\u015b\u0107 100 ml i 200 ml","breadcrumb":{"@id":"https:\/\/readytopole.pl\/produkt\/magnezja-ocun-chalk-liquid-200-ml\/#breadcrumb"},"inLanguage":"en-US","potentialAction":[{"@type":"ReadAction","target":["https:\/\/readytopole.pl\/produkt\/magnezja-ocun-chalk-liquid-200-ml\/"]}]},{"@type":"ImageObject","inLanguage":"en-US","@id":"https:\/\/readytopole.pl\/produkt\/magnezja-ocun-chalk-liquid-200-ml\/#primaryimage","url":"https:\/\/readytopole.pl\/wp-content\/uploads\/2024\/05\/magnezja-ocun-chalk-liquid-200ml-2ea8a6b1fe2343528087cf7fb4391de7-755a5e91.jpg","contentUrl":"https:\/\/readytopole.pl\/wp-content\/uploads\/2024\/05\/magnezja-ocun-chalk-liquid-200ml-2ea8a6b1fe2343528087cf7fb4391de7-755a5e91.jpg","width":536,"height":536,"caption":"Magnezja Ocun"},{"@type":"BreadcrumbList","@id":"https:\/\/readytopole.pl\/produkt\/magnezja-ocun-chalk-liquid-200-ml\/#breadcrumb","itemListElement":[{"@type":"ListItem","position":1,"name":"Strona g\u0142\u00f3wna","item":"https:\/\/readytopole.pl\/"},{"@type":"ListItem","position":2,"name":"Sklep","item":"https:\/\/readytopole.pl\/sklep\/"},{"@type":"ListItem","position":3,"name":"Magnezja Ocun Chalk Liquid 200 ml"}]},{"@type":"WebSite","@id":"https:\/\/readytopole.pl\/#website","url":"https:\/\/readytopole.pl\/","name":"Ready to Pole | Polewear - Slow Fashion dla Pole Dance","description":"Blog | Sklep z odzie\u017c\u0105 do Poledance","publisher":{"@id":"https:\/\/readytopole.pl\/#organization"},"alternateName":"Ready to pole","potentialAction":[{"@type":"SearchAction","target":{"@type":"EntryPoint","urlTemplate":"https:\/\/readytopole.pl\/?s={search_term_string}"},"query-input":{"@type":"PropertyValueSpecification","valueRequired":true,"valueName":"search_term_string"}}],"inLanguage":"en-US"},{"@type":"Organization","@id":"https:\/\/readytopole.pl\/#organization","name":"Ready to pole","alternateName":"Rtp","url":"https:\/\/readytopole.pl\/","logo":{"@type":"ImageObject","inLanguage":"en-US","@id":"https:\/\/readytopole.pl\/#\/schema\/logo\/image\/","url":"https:\/\/readytopole.pl\/wp-content\/uploads\/2023\/02\/cropped-cropped-RTP-logotyp-gold-effect-v1.png","contentUrl":"https:\/\/readytopole.pl\/wp-content\/uploads\/2023\/02\/cropped-cropped-RTP-logotyp-gold-effect-v1.png","width":1200,"height":1200,"caption":"Ready to pole"},"image":{"@id":"https:\/\/readytopole.pl\/#\/schema\/logo\/image\/"},"sameAs":["https:\/\/www.facebook.com\/people\/readytopole\/100084322415310\/","https:\/\/www.instagram.com\/readytopole\/?igshid=YmMyMTA2M2Y="]}]}},"_links":{"self":[{"href":"https:\/\/readytopole.pl\/en\/wp-json\/wp\/v2\/product\/17467","targetHints":{"allow":["GET"]}}],"collection":[{"href":"https:\/\/readytopole.pl\/en\/wp-json\/wp\/v2\/product"}],"about":[{"href":"https:\/\/readytopole.pl\/en\/wp-json\/wp\/v2\/types\/product"}],"version-history":[{"count":18,"href":"https:\/\/readytopole.pl\/en\/wp-json\/wp\/v2\/product\/17467\/revisions"}],"predecessor-version":[{"id":20724,"href":"https:\/\/readytopole.pl\/en\/wp-json\/wp\/v2\/product\/17467\/revisions\/20724"}],"wp:featuredmedia":[{"embeddable":true,"href":"https:\/\/readytopole.pl\/en\/wp-json\/wp\/v2\/media\/12261"}],"wp:attachment":[{"href":"https:\/\/readytopole.pl\/en\/wp-json\/wp\/v2\/media?parent=17467"}],"wp:term":[{"taxonomy":"product_brand","embeddable":true,"href":"https:\/\/readytopole.pl\/en\/wp-json\/wp\/v2\/product_brand?post=17467"},{"taxonomy":"product_cat","embeddable":true,"href":"https:\/\/readytopole.pl\/en\/wp-json\/wp\/v2\/product_cat?post=17467"},{"taxonomy":"product_tag","embeddable":true,"href":"https:\/\/readytopole.pl\/en\/wp-json\/wp\/v2\/product_tag?post=17467"}],"curies":[{"name":"wp","href":"https:\/\/api.w.org\/{rel}","templated":true}]}}