{"id":11323,"date":"2024-01-30T20:41:56","date_gmt":"2024-01-30T19:41:56","guid":{"rendered":"https:\/\/readytopole.pl\/?post_type=product&#038;p=11323"},"modified":"2025-08-29T17:29:10","modified_gmt":"2025-08-29T15:29:10","slug":"top-daisy-love","status":"publish","type":"product","link":"https:\/\/readytopole.pl\/en\/product\/top-daisy-love\/","title":{"rendered":"Top Daisy Love"},"content":{"rendered":"\t\t<div data-elementor-type=\"wp-post\" data-elementor-id=\"11323\" class=\"elementor elementor-11323\">\n\t\t\t\t\t\t<section class=\"elementor-section elementor-top-section elementor-element elementor-element-ebeabac elementor-section-height-min-height elementor-section-boxed elementor-section-height-default elementor-section-items-middle\" data-id=\"ebeabac\" data-element_type=\"section\" data-e-type=\"section\">\n\t\t\t\t\t\t<div class=\"elementor-container elementor-column-gap-default\">\n\t\t\t\t\t<div class=\"elementor-column elementor-col-100 elementor-top-column elementor-element elementor-element-1de733e6\" data-id=\"1de733e6\" data-element_type=\"column\" data-e-type=\"column\">\n\t\t\t<div class=\"elementor-widget-wrap elementor-element-populated\">\n\t\t\t\t\t\t<div class=\"elementor-element elementor-element-62751d7 elementor-widget elementor-widget-toggle\" data-id=\"62751d7\" data-element_type=\"widget\" data-e-type=\"widget\" data-widget_type=\"toggle.default\">\n\t\t\t\t<div class=\"elementor-widget-container\">\n\t\t\t\t\t\t\t<div class=\"elementor-toggle\">\n\t\t\t\t\t\t\t<div class=\"elementor-toggle-item\">\n\t\t\t\t\t<div id=\"elementor-tab-title-1031\" class=\"elementor-tab-title\" data-tab=\"1\" role=\"button\" aria-controls=\"elementor-tab-content-1031\" aria-expanded=\"false\">\n\t\t\t\t\t\t\t\t\t\t\t\t<span class=\"elementor-toggle-icon elementor-toggle-icon-right\" aria-hidden=\"true\">\n\t\t\t\t\t\t\t\t\t\t\t\t\t\t\t<span class=\"elementor-toggle-icon-closed\"><i class=\"fas fa-plus\"><\/i><\/span>\n\t\t\t\t\t\t\t\t<span class=\"elementor-toggle-icon-opened\"><i class=\"elementor-toggle-icon-opened fas fa-plus\"><\/i><\/span>\n\t\t\t\t\t\t\t\t\t\t\t\t\t<\/span>\n\t\t\t\t\t\t\t\t\t\t\t\t<a class=\"elementor-toggle-title\" tabindex=\"0\">Opis<\/a>\n\t\t\t\t\t<\/div>\n\n\t\t\t\t\t<div id=\"elementor-tab-content-1031\" class=\"elementor-tab-content elementor-clearfix\" data-tab=\"1\" role=\"region\" aria-labelledby=\"elementor-tab-title-1031\"><p>Elegancki i ponadczasowy top do pole dance. Posiada <strong>regulowane rami\u0105czka<\/strong> oraz <strong>wyjmowane miseczki<\/strong>. Jego ponadczasowy kolor <strong>creamy white<\/strong> podkre\u015bli ka\u017cd\u0105 urod\u0119. Materia\u0142, z kt\u00f3rego zosta\u0142 stworzony to modal, przewiewny, elastyczny i przemi\u0142y w dotyku. Delikatnie <strong>otula cia\u0142o jak bawe\u0142na, <\/strong>a funkcjonalnie<strong> przypomina sportow\u0105 lycr\u0119<\/strong>. Poch\u0142ania wilgo\u0107, a jednocze\u015bnie jest przewiewny.\u00a0<\/p><p>Poczujesz si\u0119 w nim luksusowo i kobieco.\u00a0<\/p><p><strong>Milena ma na sobie rozmiar S.\u00a0<\/strong><\/p><\/div>\n\t\t\t\t<\/div>\n\t\t\t\t\t\t\t<div class=\"elementor-toggle-item\">\n\t\t\t\t\t<div id=\"elementor-tab-title-1032\" class=\"elementor-tab-title\" data-tab=\"2\" role=\"button\" aria-controls=\"elementor-tab-content-1032\" aria-expanded=\"false\">\n\t\t\t\t\t\t\t\t\t\t\t\t<span class=\"elementor-toggle-icon elementor-toggle-icon-right\" aria-hidden=\"true\">\n\t\t\t\t\t\t\t\t\t\t\t\t\t\t\t<span class=\"elementor-toggle-icon-closed\"><i class=\"fas fa-plus\"><\/i><\/span>\n\t\t\t\t\t\t\t\t<span class=\"elementor-toggle-icon-opened\"><i class=\"elementor-toggle-icon-opened fas fa-plus\"><\/i><\/span>\n\t\t\t\t\t\t\t\t\t\t\t\t\t<\/span>\n\t\t\t\t\t\t\t\t\t\t\t\t<a class=\"elementor-toggle-title\" tabindex=\"0\">Wymiary<\/a>\n\t\t\t\t\t<\/div>\n\n\t\t\t\t\t<div id=\"elementor-tab-content-1032\" class=\"elementor-tab-content elementor-clearfix\" data-tab=\"2\" role=\"region\" aria-labelledby=\"elementor-tab-title-1032\"><p><style> td, th { border: 1px solid black;   text-align: center;} <\/style><\/p><p><!-- ustawienie czarnego obramowania tabeli w CSS --><\/p><div><table width=\"430\"><tbody><tr><td width=\"78\"><p><strong>Rozmiar<\/strong><\/p><\/td><td width=\"121\"><p><strong>Pod biustem<\/strong><\/p><\/td><td width=\"224\"><p><strong>Obw\u00f3d pod biustem (mierzony na p\u0142asko):<\/strong><\/p><\/td><\/tr><tr><td width=\"78\"><p><strong>XS<\/strong><\/p><\/td><td width=\"121\"><p>60 \u2013 72<\/p><\/td><td width=\"224\"><p>60<\/p><\/td><\/tr><tr><td width=\"78\"><p><strong>S<\/strong><\/p><\/td><td width=\"121\"><p>72 \u2013 80<\/p><\/td><td width=\"224\"><p>64<\/p><\/td><\/tr><tr><td width=\"78\"><p><strong>M<\/strong><\/p><\/td><td width=\"121\"><p>80 \u2013 88<\/p><\/td><td width=\"224\"><p>68<\/p><\/td><\/tr><\/tbody><\/table><\/div><\/div>\n\t\t\t\t<\/div>\n\t\t\t\t\t\t\t<div class=\"elementor-toggle-item\">\n\t\t\t\t\t<div id=\"elementor-tab-title-1033\" class=\"elementor-tab-title\" data-tab=\"3\" role=\"button\" aria-controls=\"elementor-tab-content-1033\" aria-expanded=\"false\">\n\t\t\t\t\t\t\t\t\t\t\t\t<span class=\"elementor-toggle-icon elementor-toggle-icon-right\" aria-hidden=\"true\">\n\t\t\t\t\t\t\t\t\t\t\t\t\t\t\t<span class=\"elementor-toggle-icon-closed\"><i class=\"fas fa-plus\"><\/i><\/span>\n\t\t\t\t\t\t\t\t<span class=\"elementor-toggle-icon-opened\"><i class=\"elementor-toggle-icon-opened fas fa-plus\"><\/i><\/span>\n\t\t\t\t\t\t\t\t\t\t\t\t\t<\/span>\n\t\t\t\t\t\t\t\t\t\t\t\t<a class=\"elementor-toggle-title\" tabindex=\"0\">Informacje dodatkowe<\/a>\n\t\t\t\t\t<\/div>\n\n\t\t\t\t\t<div id=\"elementor-tab-content-1033\" class=\"elementor-tab-content elementor-clearfix\" data-tab=\"3\" role=\"region\" aria-labelledby=\"elementor-tab-title-1033\"><p>Zaprojektowano i wyprodukowano w Polsce.<br \/>Sk\u0142ad materia\u0142u: 95% modal, 5% elastan.<\/p><\/div>\n\t\t\t\t<\/div>\n\t\t\t\t\t\t\t<div class=\"elementor-toggle-item\">\n\t\t\t\t\t<div id=\"elementor-tab-title-1034\" class=\"elementor-tab-title\" data-tab=\"4\" role=\"button\" aria-controls=\"elementor-tab-content-1034\" aria-expanded=\"false\">\n\t\t\t\t\t\t\t\t\t\t\t\t<span class=\"elementor-toggle-icon elementor-toggle-icon-right\" aria-hidden=\"true\">\n\t\t\t\t\t\t\t\t\t\t\t\t\t\t\t<span class=\"elementor-toggle-icon-closed\"><i class=\"fas fa-plus\"><\/i><\/span>\n\t\t\t\t\t\t\t\t<span class=\"elementor-toggle-icon-opened\"><i class=\"elementor-toggle-icon-opened fas fa-plus\"><\/i><\/span>\n\t\t\t\t\t\t\t\t\t\t\t\t\t<\/span>\n\t\t\t\t\t\t\t\t\t\t\t\t<a class=\"elementor-toggle-title\" tabindex=\"0\">Wysy\u0142ka i zwroty<\/a>\n\t\t\t\t\t<\/div>\n\n\t\t\t\t\t<div id=\"elementor-tab-content-1034\" class=\"elementor-tab-content elementor-clearfix\" data-tab=\"4\" role=\"region\" aria-labelledby=\"elementor-tab-title-1034\"><p>Dok\u0142adamy wszelkich stara\u0144, aby przesy\u0142ka dotar\u0142a do Ciebie jak najszybciej. W wi\u0119kszo\u015bci zam\u00f3wienia realizujemy w 24h (dzie\u0144 roboczy). Maksymalny czas realizacji to 14 dni (w takim wypadku na pewno otrzymasz od nas tak\u0105 informacj\u0119). Przesy\u0142ki nadajemy za po\u015brednictwem kuriera, paczkomat\u00f3w oraz poczty. W celu sprawdzenia ceny wysy\u0142ek przejd\u017a do zak\u0142adki <a href=\"https:\/\/readytopole.pl\/dostawa\/\">Dostawa<\/a>, a w kwestii zwrot\u00f3w <a href=\"https:\/\/readytopole.pl\/wymiana-i-zwroty\/\">Zwroty<\/a> w stopce strony.<\/p><\/div>\n\t\t\t\t<\/div>\n\t\t\t\t\t\t\t\t\t\t<script type=\"application\/ld+json\">{\"@context\":\"https:\\\/\\\/schema.org\",\"@type\":\"FAQPage\",\"mainEntity\":[{\"@type\":\"Question\",\"name\":\"Opis\",\"acceptedAnswer\":{\"@type\":\"Answer\",\"text\":\"<p>Elegancki i ponadczasowy top do pole dance. Posiada <strong>regulowane rami\\u0105czka<\\\/strong> oraz <strong>wyjmowane miseczki<\\\/strong>. Jego ponadczasowy kolor <strong>creamy white<\\\/strong> podkre\\u015bli ka\\u017cd\\u0105 urod\\u0119. Materia\\u0142, z kt\\u00f3rego zosta\\u0142 stworzony to modal, przewiewny, elastyczny i przemi\\u0142y w dotyku. Delikatnie <strong>otula cia\\u0142o jak bawe\\u0142na, <\\\/strong>a funkcjonalnie<strong> przypomina sportow\\u0105 lycr\\u0119<\\\/strong>. Poch\\u0142ania wilgo\\u0107, a jednocze\\u015bnie jest przewiewny.\\u00a0<\\\/p><p>Poczujesz si\\u0119 w nim luksusowo i kobieco.\\u00a0<\\\/p><p><strong>Milena ma na sobie rozmiar S.\\u00a0<\\\/strong><\\\/p>\"}},{\"@type\":\"Question\",\"name\":\"Wymiary\",\"acceptedAnswer\":{\"@type\":\"Answer\",\"text\":\"<p><style> td, th { border: 1px solid black;   text-align: center;} <\\\/style><\\\/p><p><!-- ustawienie czarnego obramowania tabeli w CSS --><\\\/p><div><table width=\\\"430\\\"><tbody><tr><td width=\\\"78\\\"><p><strong>Rozmiar<\\\/strong><\\\/p><\\\/td><td width=\\\"121\\\"><p><strong>Pod biustem<\\\/strong><\\\/p><\\\/td><td width=\\\"224\\\"><p><strong>Obw\\u00f3d pod biustem (mierzony na p\\u0142asko):<\\\/strong><\\\/p><\\\/td><\\\/tr><tr><td width=\\\"78\\\"><p><strong>XS<\\\/strong><\\\/p><\\\/td><td width=\\\"121\\\"><p>60 \\u2013 72<\\\/p><\\\/td><td width=\\\"224\\\"><p>60<\\\/p><\\\/td><\\\/tr><tr><td width=\\\"78\\\"><p><strong>S<\\\/strong><\\\/p><\\\/td><td width=\\\"121\\\"><p>72 \\u2013 80<\\\/p><\\\/td><td width=\\\"224\\\"><p>64<\\\/p><\\\/td><\\\/tr><tr><td width=\\\"78\\\"><p><strong>M<\\\/strong><\\\/p><\\\/td><td width=\\\"121\\\"><p>80 \\u2013 88<\\\/p><\\\/td><td width=\\\"224\\\"><p>68<\\\/p><\\\/td><\\\/tr><\\\/tbody><\\\/table><\\\/div>\"}},{\"@type\":\"Question\",\"name\":\"Informacje dodatkowe\",\"acceptedAnswer\":{\"@type\":\"Answer\",\"text\":\"<p>Zaprojektowano i wyprodukowano w Polsce.<br \\\/>Sk\\u0142ad materia\\u0142u: 95% modal, 5% elastan.<\\\/p>\"}},{\"@type\":\"Question\",\"name\":\"Wysy\\u0142ka i zwroty\",\"acceptedAnswer\":{\"@type\":\"Answer\",\"text\":\"<p>Dok\\u0142adamy wszelkich stara\\u0144, aby przesy\\u0142ka dotar\\u0142a do Ciebie jak najszybciej. W wi\\u0119kszo\\u015bci zam\\u00f3wienia realizujemy w 24h (dzie\\u0144 roboczy). Maksymalny czas realizacji to 14 dni (w takim wypadku na pewno otrzymasz od nas tak\\u0105 informacj\\u0119). Przesy\\u0142ki nadajemy za po\\u015brednictwem kuriera, paczkomat\\u00f3w oraz poczty. W celu sprawdzenia ceny wysy\\u0142ek przejd\\u017a do zak\\u0142adki <a href=\\\"https:\\\/\\\/readytopole.pl\\\/dostawa\\\/\\\">Dostawa<\\\/a>, a w kwestii zwrot\\u00f3w <a href=\\\"https:\\\/\\\/readytopole.pl\\\/wymiana-i-zwroty\\\/\\\">Zwroty<\\\/a> w stopce strony.<\\\/p>\"}}]}<\/script>\n\t\t\t\t\t<\/div>\n\t\t\t\t\t\t<\/div>\n\t\t\t\t<\/div>\n\t\t\t\t\t<\/div>\n\t\t<\/div>\n\t\t\t\t\t<\/div>\n\t\t<\/section>\n\t\t\t\t<\/div>\n\t\t","protected":false},"excerpt":{"rendered":"<p>Dziewcz\u0119co delikatna, m\u0142odzie\u0144cza i jednocze\u015bnie wyrafinowana kolekcja Daisy Love inspirowana zapachem Daisy Love Marc Jacobs. Kolekcja ol\u015bniewaj\u0105ca jak uroda Daisy z The Great Gatsby.<\/p>","protected":false},"featured_media":16200,"template":"","meta":{"site-sidebar-layout":"default","site-content-layout":"default","ast-site-content-layout":"default","site-content-style":"default","site-sidebar-style":"default","ast-global-header-display":"","ast-banner-title-visibility":"","ast-main-header-display":"","ast-hfb-above-header-display":"","ast-hfb-below-header-display":"","ast-hfb-mobile-header-display":"","site-post-title":"","ast-breadcrumbs-content":"","ast-featured-img":"","footer-sml-layout":"","ast-disable-related-posts":"","theme-transparent-header-meta":"default","adv-header-id-meta":"","stick-header-meta":"","header-above-stick-meta":"","header-main-stick-meta":"","header-below-stick-meta":"","astra-migrate-meta-layouts":"set","ast-page-background-enabled":"default","ast-page-background-meta":{"desktop":{"background-color":"","background-image":"","background-repeat":"repeat","background-position":"center center","background-size":"auto","background-attachment":"scroll","background-type":"","background-media":"","overlay-type":"","overlay-color":"","overlay-opacity":"","overlay-gradient":""},"tablet":{"background-color":"","background-image":"","background-repeat":"repeat","background-position":"center center","background-size":"auto","background-attachment":"scroll","background-type":"","background-media":"","overlay-type":"","overlay-color":"","overlay-opacity":"","overlay-gradient":""},"mobile":{"background-color":"","background-image":"","background-repeat":"repeat","background-position":"center center","background-size":"auto","background-attachment":"scroll","background-type":"","background-media":"","overlay-type":"","overlay-color":"","overlay-opacity":"","overlay-gradient":""}},"ast-content-background-meta":{"desktop":{"background-color":"var(--ast-global-color-5)","background-image":"","background-repeat":"repeat","background-position":"center center","background-size":"auto","background-attachment":"scroll","background-type":"","background-media":"","overlay-type":"","overlay-color":"","overlay-opacity":"","overlay-gradient":""},"tablet":{"background-color":"var(--ast-global-color-5)","background-image":"","background-repeat":"repeat","background-position":"center center","background-size":"auto","background-attachment":"scroll","background-type":"","background-media":"","overlay-type":"","overlay-color":"","overlay-opacity":"","overlay-gradient":""},"mobile":{"background-color":"var(--ast-global-color-5)","background-image":"","background-repeat":"repeat","background-position":"center center","background-size":"auto","background-attachment":"scroll","background-type":"","background-media":"","overlay-type":"","overlay-color":"","overlay-opacity":"","overlay-gradient":""}}},"product_brand":[],"product_cat":[186,183,98,70,178,189,100,66,200],"product_tag":[171,94,169,168,166],"class_list":{"0":"post-11323","1":"product","2":"type-product","3":"status-publish","4":"has-post-thumbnail","6":"product_cat-exotic-dance","7":"product_cat-stroj-taniec-na-rurze","8":"product_cat-stroje-do-exotic-dance","9":"product_cat-stroje-pole-dance","10":"product_cat-taniec-na-rurze","11":"product_cat-top","12":"product_cat-topy-exotic-dance","13":"product_cat-topy-pole-dance","14":"product_cat-wyprzedaz","15":"product_tag-pole-dance-komplet","16":"product_tag-pole-wear","17":"product_tag-stroj-na-pole-dance","18":"product_tag-stroje-do-pole-dance","19":"product_tag-stroje-pole-dance","20":"desktop-align-left","21":"tablet-align-left","22":"mobile-align-left","24":"first","25":"instock","26":"sale","27":"taxable","28":"shipping-taxable","29":"purchasable","30":"product-type-variable"},"yoast_head":"<!-- This site is optimized with the Yoast SEO plugin v27.4 - https:\/\/yoast.com\/product\/yoast-seo-wordpress\/ -->\n<title>Top Daisy Love - Pole Dance - Ready to Pole<\/title>\n<meta name=\"description\" content=\"Elegancki i ponadczasowy top do pole dance. Posiada regulowane rami\u0105czka oraz wyjmowane miseczki. Stworzony, aby\u015b mog\u0142a poczu\u0107 si\u0119 pewnie i stylowo.\" \/>\n<meta name=\"robots\" content=\"index, follow, max-snippet:-1, max-image-preview:large, max-video-preview:-1\" \/>\n<link rel=\"canonical\" href=\"https:\/\/readytopole.pl\/en\/product\/top-daisy-love\/\" \/>\n<meta property=\"og:locale\" content=\"en_US\" \/>\n<meta property=\"og:type\" content=\"article\" \/>\n<meta property=\"og:title\" content=\"Top Daisy Love - Pole Dance - Ready to Pole\" \/>\n<meta property=\"og:description\" content=\"Elegancki i ponadczasowy top do pole dance. Posiada regulowane rami\u0105czka oraz wyjmowane miseczki. Stworzony, aby\u015b mog\u0142a poczu\u0107 si\u0119 pewnie i stylowo.\" \/>\n<meta property=\"og:url\" content=\"https:\/\/readytopole.pl\/en\/product\/top-daisy-love\/\" \/>\n<meta property=\"og:site_name\" content=\"Ready to Pole\" \/>\n<meta property=\"article:publisher\" content=\"https:\/\/www.facebook.com\/people\/readytopole\/100084322415310\/\" \/>\n<meta property=\"article:modified_time\" content=\"2025-08-29T15:29:10+00:00\" \/>\n<meta property=\"og:image\" content=\"https:\/\/readytopole.pl\/wp-content\/uploads\/2024\/08\/ReadyToPole_Daisy_Love_tyl_4.webp\" \/>\n\t<meta property=\"og:image:width\" content=\"1024\" \/>\n\t<meta property=\"og:image:height\" content=\"1536\" \/>\n\t<meta property=\"og:image:type\" content=\"image\/webp\" \/>\n<meta name=\"twitter:card\" content=\"summary_large_image\" \/>\n<meta name=\"twitter:label1\" content=\"Est. reading time\" \/>\n\t<meta name=\"twitter:data1\" content=\"1 minute\" \/>\n<script type=\"application\/ld+json\" class=\"yoast-schema-graph\">{\"@context\":\"https:\\\/\\\/schema.org\",\"@graph\":[{\"@type\":\"WebPage\",\"@id\":\"https:\\\/\\\/readytopole.pl\\\/produkt\\\/top-daisy-love\\\/\",\"url\":\"https:\\\/\\\/readytopole.pl\\\/produkt\\\/top-daisy-love\\\/\",\"name\":\"Top Daisy Love - Pole Dance - Ready to Pole\",\"isPartOf\":{\"@id\":\"https:\\\/\\\/readytopole.pl\\\/#website\"},\"primaryImageOfPage\":{\"@id\":\"https:\\\/\\\/readytopole.pl\\\/produkt\\\/top-daisy-love\\\/#primaryimage\"},\"image\":{\"@id\":\"https:\\\/\\\/readytopole.pl\\\/produkt\\\/top-daisy-love\\\/#primaryimage\"},\"thumbnailUrl\":\"https:\\\/\\\/readytopole.pl\\\/wp-content\\\/uploads\\\/2024\\\/08\\\/ReadyToPole_Daisy_Love_tyl_4.webp\",\"datePublished\":\"2024-01-30T19:41:56+00:00\",\"dateModified\":\"2025-08-29T15:29:10+00:00\",\"description\":\"Elegancki i ponadczasowy top do pole dance. Posiada regulowane rami\u0105czka oraz wyjmowane miseczki. Stworzony, aby\u015b mog\u0142a poczu\u0107 si\u0119 pewnie i stylowo.\",\"breadcrumb\":{\"@id\":\"https:\\\/\\\/readytopole.pl\\\/produkt\\\/top-daisy-love\\\/#breadcrumb\"},\"inLanguage\":\"en-US\",\"potentialAction\":[{\"@type\":\"ReadAction\",\"target\":[\"https:\\\/\\\/readytopole.pl\\\/produkt\\\/top-daisy-love\\\/\"]}]},{\"@type\":\"ImageObject\",\"inLanguage\":\"en-US\",\"@id\":\"https:\\\/\\\/readytopole.pl\\\/produkt\\\/top-daisy-love\\\/#primaryimage\",\"url\":\"https:\\\/\\\/readytopole.pl\\\/wp-content\\\/uploads\\\/2024\\\/08\\\/ReadyToPole_Daisy_Love_tyl_4.webp\",\"contentUrl\":\"https:\\\/\\\/readytopole.pl\\\/wp-content\\\/uploads\\\/2024\\\/08\\\/ReadyToPole_Daisy_Love_tyl_4.webp\",\"width\":1024,\"height\":1536,\"caption\":\"Daisy Love marki Ready to pole ty\u0142\"},{\"@type\":\"BreadcrumbList\",\"@id\":\"https:\\\/\\\/readytopole.pl\\\/produkt\\\/top-daisy-love\\\/#breadcrumb\",\"itemListElement\":[{\"@type\":\"ListItem\",\"position\":1,\"name\":\"Strona g\u0142\u00f3wna\",\"item\":\"https:\\\/\\\/readytopole.pl\\\/\"},{\"@type\":\"ListItem\",\"position\":2,\"name\":\"Sklep\",\"item\":\"https:\\\/\\\/readytopole.pl\\\/sklep\\\/\"},{\"@type\":\"ListItem\",\"position\":3,\"name\":\"Top Daisy Love\"}]},{\"@type\":\"WebSite\",\"@id\":\"https:\\\/\\\/readytopole.pl\\\/#website\",\"url\":\"https:\\\/\\\/readytopole.pl\\\/\",\"name\":\"Ready to Pole | Polewear - Slow Fashion dla Pole Dance\",\"description\":\"Blog | Sklep z odzie\u017c\u0105 do Poledance\",\"publisher\":{\"@id\":\"https:\\\/\\\/readytopole.pl\\\/#organization\"},\"alternateName\":\"Ready to pole\",\"potentialAction\":[{\"@type\":\"SearchAction\",\"target\":{\"@type\":\"EntryPoint\",\"urlTemplate\":\"https:\\\/\\\/readytopole.pl\\\/?s={search_term_string}\"},\"query-input\":{\"@type\":\"PropertyValueSpecification\",\"valueRequired\":true,\"valueName\":\"search_term_string\"}}],\"inLanguage\":\"en-US\"},{\"@type\":\"Organization\",\"@id\":\"https:\\\/\\\/readytopole.pl\\\/#organization\",\"name\":\"Ready to pole\",\"alternateName\":\"Rtp\",\"url\":\"https:\\\/\\\/readytopole.pl\\\/\",\"logo\":{\"@type\":\"ImageObject\",\"inLanguage\":\"en-US\",\"@id\":\"https:\\\/\\\/readytopole.pl\\\/#\\\/schema\\\/logo\\\/image\\\/\",\"url\":\"https:\\\/\\\/readytopole.pl\\\/wp-content\\\/uploads\\\/2023\\\/02\\\/cropped-cropped-RTP-logotyp-gold-effect-v1.png\",\"contentUrl\":\"https:\\\/\\\/readytopole.pl\\\/wp-content\\\/uploads\\\/2023\\\/02\\\/cropped-cropped-RTP-logotyp-gold-effect-v1.png\",\"width\":1200,\"height\":1200,\"caption\":\"Ready to pole\"},\"image\":{\"@id\":\"https:\\\/\\\/readytopole.pl\\\/#\\\/schema\\\/logo\\\/image\\\/\"},\"sameAs\":[\"https:\\\/\\\/www.facebook.com\\\/people\\\/readytopole\\\/100084322415310\\\/\",\"https:\\\/\\\/www.instagram.com\\\/readytopole\\\/?igshid=YmMyMTA2M2Y=\"]}]}<\/script>\n<!-- \/ Yoast SEO plugin. -->","yoast_head_json":{"title":"Top Daisy Love - Pole Dance - Ready to Pole","description":"Elegancki i ponadczasowy top do pole dance. Posiada regulowane rami\u0105czka oraz wyjmowane miseczki. Stworzony, aby\u015b mog\u0142a poczu\u0107 si\u0119 pewnie i stylowo.","robots":{"index":"index","follow":"follow","max-snippet":"max-snippet:-1","max-image-preview":"max-image-preview:large","max-video-preview":"max-video-preview:-1"},"canonical":"https:\/\/readytopole.pl\/en\/product\/top-daisy-love\/","og_locale":"en_US","og_type":"article","og_title":"Top Daisy Love - Pole Dance - Ready to Pole","og_description":"Elegancki i ponadczasowy top do pole dance. Posiada regulowane rami\u0105czka oraz wyjmowane miseczki. Stworzony, aby\u015b mog\u0142a poczu\u0107 si\u0119 pewnie i stylowo.","og_url":"https:\/\/readytopole.pl\/en\/product\/top-daisy-love\/","og_site_name":"Ready to Pole","article_publisher":"https:\/\/www.facebook.com\/people\/readytopole\/100084322415310\/","article_modified_time":"2025-08-29T15:29:10+00:00","og_image":[{"width":1024,"height":1536,"url":"https:\/\/readytopole.pl\/wp-content\/uploads\/2024\/08\/ReadyToPole_Daisy_Love_tyl_4.webp","type":"image\/webp"}],"twitter_card":"summary_large_image","twitter_misc":{"Est. reading time":"1 minute"},"schema":{"@context":"https:\/\/schema.org","@graph":[{"@type":"WebPage","@id":"https:\/\/readytopole.pl\/produkt\/top-daisy-love\/","url":"https:\/\/readytopole.pl\/produkt\/top-daisy-love\/","name":"Top Daisy Love - Pole Dance - Ready to Pole","isPartOf":{"@id":"https:\/\/readytopole.pl\/#website"},"primaryImageOfPage":{"@id":"https:\/\/readytopole.pl\/produkt\/top-daisy-love\/#primaryimage"},"image":{"@id":"https:\/\/readytopole.pl\/produkt\/top-daisy-love\/#primaryimage"},"thumbnailUrl":"https:\/\/readytopole.pl\/wp-content\/uploads\/2024\/08\/ReadyToPole_Daisy_Love_tyl_4.webp","datePublished":"2024-01-30T19:41:56+00:00","dateModified":"2025-08-29T15:29:10+00:00","description":"Elegancki i ponadczasowy top do pole dance. Posiada regulowane rami\u0105czka oraz wyjmowane miseczki. Stworzony, aby\u015b mog\u0142a poczu\u0107 si\u0119 pewnie i stylowo.","breadcrumb":{"@id":"https:\/\/readytopole.pl\/produkt\/top-daisy-love\/#breadcrumb"},"inLanguage":"en-US","potentialAction":[{"@type":"ReadAction","target":["https:\/\/readytopole.pl\/produkt\/top-daisy-love\/"]}]},{"@type":"ImageObject","inLanguage":"en-US","@id":"https:\/\/readytopole.pl\/produkt\/top-daisy-love\/#primaryimage","url":"https:\/\/readytopole.pl\/wp-content\/uploads\/2024\/08\/ReadyToPole_Daisy_Love_tyl_4.webp","contentUrl":"https:\/\/readytopole.pl\/wp-content\/uploads\/2024\/08\/ReadyToPole_Daisy_Love_tyl_4.webp","width":1024,"height":1536,"caption":"Daisy Love marki Ready to pole ty\u0142"},{"@type":"BreadcrumbList","@id":"https:\/\/readytopole.pl\/produkt\/top-daisy-love\/#breadcrumb","itemListElement":[{"@type":"ListItem","position":1,"name":"Strona g\u0142\u00f3wna","item":"https:\/\/readytopole.pl\/"},{"@type":"ListItem","position":2,"name":"Sklep","item":"https:\/\/readytopole.pl\/sklep\/"},{"@type":"ListItem","position":3,"name":"Top Daisy Love"}]},{"@type":"WebSite","@id":"https:\/\/readytopole.pl\/#website","url":"https:\/\/readytopole.pl\/","name":"Ready to Pole | Polewear - Slow Fashion dla Pole Dance","description":"Blog | Sklep z odzie\u017c\u0105 do Poledance","publisher":{"@id":"https:\/\/readytopole.pl\/#organization"},"alternateName":"Ready to pole","potentialAction":[{"@type":"SearchAction","target":{"@type":"EntryPoint","urlTemplate":"https:\/\/readytopole.pl\/?s={search_term_string}"},"query-input":{"@type":"PropertyValueSpecification","valueRequired":true,"valueName":"search_term_string"}}],"inLanguage":"en-US"},{"@type":"Organization","@id":"https:\/\/readytopole.pl\/#organization","name":"Ready to pole","alternateName":"Rtp","url":"https:\/\/readytopole.pl\/","logo":{"@type":"ImageObject","inLanguage":"en-US","@id":"https:\/\/readytopole.pl\/#\/schema\/logo\/image\/","url":"https:\/\/readytopole.pl\/wp-content\/uploads\/2023\/02\/cropped-cropped-RTP-logotyp-gold-effect-v1.png","contentUrl":"https:\/\/readytopole.pl\/wp-content\/uploads\/2023\/02\/cropped-cropped-RTP-logotyp-gold-effect-v1.png","width":1200,"height":1200,"caption":"Ready to pole"},"image":{"@id":"https:\/\/readytopole.pl\/#\/schema\/logo\/image\/"},"sameAs":["https:\/\/www.facebook.com\/people\/readytopole\/100084322415310\/","https:\/\/www.instagram.com\/readytopole\/?igshid=YmMyMTA2M2Y="]}]}},"_links":{"self":[{"href":"https:\/\/readytopole.pl\/en\/wp-json\/wp\/v2\/product\/11323","targetHints":{"allow":["GET"]}}],"collection":[{"href":"https:\/\/readytopole.pl\/en\/wp-json\/wp\/v2\/product"}],"about":[{"href":"https:\/\/readytopole.pl\/en\/wp-json\/wp\/v2\/types\/product"}],"version-history":[{"count":18,"href":"https:\/\/readytopole.pl\/en\/wp-json\/wp\/v2\/product\/11323\/revisions"}],"predecessor-version":[{"id":20694,"href":"https:\/\/readytopole.pl\/en\/wp-json\/wp\/v2\/product\/11323\/revisions\/20694"}],"wp:featuredmedia":[{"embeddable":true,"href":"https:\/\/readytopole.pl\/en\/wp-json\/wp\/v2\/media\/16200"}],"wp:attachment":[{"href":"https:\/\/readytopole.pl\/en\/wp-json\/wp\/v2\/media?parent=11323"}],"wp:term":[{"taxonomy":"product_brand","embeddable":true,"href":"https:\/\/readytopole.pl\/en\/wp-json\/wp\/v2\/product_brand?post=11323"},{"taxonomy":"product_cat","embeddable":true,"href":"https:\/\/readytopole.pl\/en\/wp-json\/wp\/v2\/product_cat?post=11323"},{"taxonomy":"product_tag","embeddable":true,"href":"https:\/\/readytopole.pl\/en\/wp-json\/wp\/v2\/product_tag?post=11323"}],"curies":[{"name":"wp","href":"https:\/\/api.w.org\/{rel}","templated":true}]}}