{"id":5051,"date":"2023-02-13T19:36:54","date_gmt":"2023-02-13T18:36:54","guid":{"rendered":"http:\/\/serwer179891.lh.pl\/autoinstalator\/serwer179891.lh.pl\/wordpress11337\/?page_id=5051"},"modified":"2026-02-24T13:22:39","modified_gmt":"2026-02-24T12:22:39","slug":"wymiana-i-zwroty","status":"publish","type":"page","link":"https:\/\/readytopole.pl\/en\/wymiana-i-zwroty\/","title":{"rendered":"Wymiana i zwroty"},"content":{"rendered":"<div data-elementor-type=\"wp-page\" data-elementor-id=\"5051\" class=\"elementor elementor-5051\">\n\t\t\t\t\t\t<section class=\"elementor-section elementor-top-section elementor-element elementor-element-eda828b elementor-section-boxed elementor-section-height-default elementor-section-height-default\" data-id=\"eda828b\" data-element_type=\"section\" data-e-type=\"section\">\n\t\t\t\t\t\t<div class=\"elementor-container elementor-column-gap-default\">\n\t\t\t\t\t<div class=\"elementor-column elementor-col-100 elementor-top-column elementor-element elementor-element-e4f5b4f\" data-id=\"e4f5b4f\" data-element_type=\"column\" data-e-type=\"column\">\n\t\t\t<div class=\"elementor-widget-wrap elementor-element-populated\">\n\t\t\t\t\t\t<div class=\"elementor-element elementor-element-daf06b2 elementor-widget elementor-widget-heading\" data-id=\"daf06b2\" data-element_type=\"widget\" data-e-type=\"widget\" data-widget_type=\"heading.default\">\n\t\t\t\t<div class=\"elementor-widget-container\">\n\t\t\t\t\t<h1 class=\"elementor-heading-title elementor-size-default\">Refunds<\/h1>\t\t\t\t<\/div>\n\t\t\t\t<\/div>\n\t\t\t\t<div class=\"elementor-element elementor-element-234c690 elementor-widget elementor-widget-text-editor\" data-id=\"234c690\" data-element_type=\"widget\" data-e-type=\"widget\" data-widget_type=\"text-editor.default\">\n\t\t\t\t<div class=\"elementor-widget-container\">\n\t\t\t\t\t\t\t\t\t<p>Ka\u017cdy produkt kupiony w sklepie <a href=\"https:\/\/readytopole.pl\/en\/\">Ready to pole<\/a> podlega wymianie lub zwrotowi w ci\u0105gu 14 dni od otrzymania przesy\u0142ki.<\/p><p>Je\u015bli chcesz zwr\u00f3ci\u0107 lub wymieni\u0107 zakupione produkty, skontaktuj si\u0119 z nami, a do\u0142o\u017cymy wszelkich stara\u0144, aby rozwi\u0105za\u0107 spraw\u0119 jak najszybciej i najwygodniej dla Ciebie. Ka\u017cde zam\u00f3wienie traktujemy indywidualnie, szukaj\u0105c rozwi\u0105za\u0144, kt\u00f3re najlepiej odpowiadaj\u0105 Twoim potrzebom. W wielu przypadkach udaje si\u0119 znale\u017a\u0107 satysfakcjonuj\u0105ce rozwi\u0105zanie bez konieczno\u015bci zwrotu produkt\u00f3w.<\/p><p>Je\u015bli jednak nie chcesz si\u0119 z nami kontaktowa\u0107 w celu dokonania standardowej wymiany lub zwrotu nale\u017cy <strong>spakowa\u0107 je wraz z wype\u0142nionym formularzem zwrotu,<\/strong> kt\u00f3ry znajdziesz<strong> <a href=\"https:\/\/readytopole.pl\/wp-content\/uploads\/2026\/02\/zwroty-rtp-pdf-na-www.pdf\">tutaj<\/a>.<\/strong><\/p><p>Zwroty mo\u017cesz zrealizowa\u0107 za pomoc\u0105 automatycznych zwrot\u00f3w klikaj\u0105c:<\/p><p><a href=\"https:\/\/readytopole.pl\/en\/zwrot\/\"><b><u>Automatyczny zwrot<\/u><\/b><\/a><\/p><p>lub<\/p><p>samodzielnie wysy\u0142aj\u0105c produkty\u00a0<span style=\"font-style: inherit; font-weight: inherit; background-color: var(--ast-global-color-5);\">na poni\u017cszy adres:<\/span><\/p><p style=\"padding-left: 40px;\">Ready to pole s.c.<br \/>Nadle\u015bniczego Sobies\u0142awa Mo\u015bcickiego 2<br \/>83-300 Kartuzy<br \/>NIP: 5892109481<\/p><p style=\"padding-left: 40px;\">e-mail: zwroty@readytopole.pl, tel. 513-045-299, 697-404-406<\/p><p style=\"padding-left: 40px;\">Paczkomat POP-KTZ6, M\u015bciwoja II 13, Kartuzy 83-300<\/p><p>Produkty, kt\u00f3re zamierzasz zwr\u00f3ci\u0107 lub wymieni\u0107 nie mog\u0105 posiada\u0107 \u015blad\u00f3w u\u017cytkowania oraz musz\u0105 posiada\u0107 oryginaln\u0105 metk\u0119. Natomiast opakowanie w kt\u00f3rym wysy\u0142amy produkty nie musi zosta\u0107 zwr\u00f3cone.<\/p><p>Na podstawie formularza zwrotu zweryfikujemy twoje zam\u00f3wienie i zwr\u00f3cimy Ci nale\u017cn\u0105 kwot\u0119.<\/p><p>Koszt przesy\u0142ki krajowej w ramach zwrotu lub wymiany produktu przy wykorzystaniu<b> Automatycznego zwrotu<\/b>\u00a0<strong><span style=\"text-decoration: underline;\">do punktu InPost<\/span> <\/strong>(nadanie w paczkomacie InPost) <strong>jest<\/strong> <b>darmowy<\/b>.<\/p><p><span style=\"text-decoration: underline;\">Przy wyborze innej opcji wysy\u0142ki zwrotu lub przesy\u0142ki zagranicznej jej koszt ponosi Klient.<\/span><\/p><p>W razie jakichkolwiek pyta\u0144 s\u0142u\u017cymy pomoc\u0105. Napisz do nas na adres kontakt@readytopole.pl lub skontaktuj si\u0119 za pomoc\u0105\u00a0<a href=\"https:\/\/readytopole.pl\/en\/kontakt\/\" target=\"_blank\" rel=\"noopener\">formularza kontaktowego<\/a>.\u00a0<\/p>\t\t\t\t\t\t\t\t<\/div>\n\t\t\t\t<\/div>\n\t\t\t\t\t<\/div>\n\t\t<\/div>\n\t\t\t\t\t<\/div>\n\t\t<\/section>\n\t\t\t\t<section class=\"elementor-section elementor-top-section elementor-element elementor-element-9d104b2 elementor-section-boxed elementor-section-height-default elementor-section-height-default\" data-id=\"9d104b2\" data-element_type=\"section\" data-e-type=\"section\">\n\t\t\t\t\t\t<div class=\"elementor-container elementor-column-gap-default\">\n\t\t\t\t\t<div class=\"elementor-column elementor-col-100 elementor-top-column elementor-element elementor-element-5025992\" data-id=\"5025992\" data-element_type=\"column\" data-e-type=\"column\">\n\t\t\t<div class=\"elementor-widget-wrap elementor-element-populated\">\n\t\t\t\t\t\t<div class=\"elementor-element elementor-element-5ae1572 elementor-widget elementor-widget-spacer\" data-id=\"5ae1572\" data-element_type=\"widget\" data-e-type=\"widget\" data-widget_type=\"spacer.default\">\n\t\t\t\t<div class=\"elementor-widget-container\">\n\t\t\t\t\t\t\t<div class=\"elementor-spacer\">\n\t\t\t<div class=\"elementor-spacer-inner\"><\/div>\n\t\t<\/div>\n\t\t\t\t\t\t<\/div>\n\t\t\t\t<\/div>\n\t\t\t\t\t<\/div>\n\t\t<\/div>\n\t\t\t\t\t<\/div>\n\t\t<\/section>\n\t\t\t\t<\/div>","protected":false},"excerpt":{"rendered":"<p>Zwroty Ka\u017cdy produkt kupiony w sklepie Ready to pole podlega wymianie lub zwrotowi w ci\u0105gu 14 dni od otrzymania przesy\u0142ki. Je\u015bli chcesz zwr\u00f3ci\u0107 lub wymieni\u0107 zakupione produkty, skontaktuj si\u0119 z nami, a do\u0142o\u017cymy wszelkich stara\u0144, aby rozwi\u0105za\u0107 spraw\u0119 jak najszybciej i najwygodniej dla Ciebie. Ka\u017cde zam\u00f3wienie traktujemy indywidualnie, szukaj\u0105c rozwi\u0105za\u0144, kt\u00f3re najlepiej odpowiadaj\u0105 Twoim potrzebom. [&hellip;]<\/p>\n","protected":false},"author":1,"featured_media":13528,"parent":0,"menu_order":0,"comment_status":"closed","ping_status":"closed","template":"","meta":{"site-sidebar-layout":"no-sidebar","site-content-layout":"page-builder","ast-site-content-layout":"full-width-container","site-content-style":"unboxed","site-sidebar-style":"unboxed","ast-global-header-display":"","ast-banner-title-visibility":"","ast-main-header-display":"","ast-hfb-above-header-display":"","ast-hfb-below-header-display":"","ast-hfb-mobile-header-display":"","site-post-title":"disabled","ast-breadcrumbs-content":"","ast-featured-img":"disabled","footer-sml-layout":"","ast-disable-related-posts":"","theme-transparent-header-meta":"","adv-header-id-meta":"","stick-header-meta":"","header-above-stick-meta":"","header-main-stick-meta":"","header-below-stick-meta":"","astra-migrate-meta-layouts":"set","ast-page-background-enabled":"default","ast-page-background-meta":{"desktop":{"background-color":"","background-image":"","background-repeat":"repeat","background-position":"center center","background-size":"auto","background-attachment":"scroll","background-type":"","background-media":"","overlay-type":"","overlay-color":"","overlay-opacity":"","overlay-gradient":""},"tablet":{"background-color":"","background-image":"","background-repeat":"repeat","background-position":"center center","background-size":"auto","background-attachment":"scroll","background-type":"","background-media":"","overlay-type":"","overlay-color":"","overlay-opacity":"","overlay-gradient":""},"mobile":{"background-color":"","background-image":"","background-repeat":"repeat","background-position":"center center","background-size":"auto","background-attachment":"scroll","background-type":"","background-media":"","overlay-type":"","overlay-color":"","overlay-opacity":"","overlay-gradient":""}},"ast-content-background-meta":{"desktop":{"background-color":"var(--ast-global-color-5)","background-image":"","background-repeat":"repeat","background-position":"center center","background-size":"auto","background-attachment":"scroll","background-type":"","background-media":"","overlay-type":"","overlay-color":"","overlay-opacity":"","overlay-gradient":""},"tablet":{"background-color":"var(--ast-global-color-5)","background-image":"","background-repeat":"repeat","background-position":"center center","background-size":"auto","background-attachment":"scroll","background-type":"","background-media":"","overlay-type":"","overlay-color":"","overlay-opacity":"","overlay-gradient":""},"mobile":{"background-color":"var(--ast-global-color-5)","background-image":"","background-repeat":"repeat","background-position":"center center","background-size":"auto","background-attachment":"scroll","background-type":"","background-media":"","overlay-type":"","overlay-color":"","overlay-opacity":"","overlay-gradient":""}},"footnotes":""},"class_list":["post-5051","page","type-page","status-publish","has-post-thumbnail","hentry"],"yoast_head":"<!-- This site is optimized with the Yoast SEO plugin v27.4 - https:\/\/yoast.com\/product\/yoast-seo-wordpress\/ -->\n<title>Wymiana i zwroty - Ready to Pole<\/title>\n<meta name=\"description\" content=\"Wymiana i zwroty w Ready to pole s\u0105 darmowe! Skorzystaj z opcji automatycznych zwrot\u00f3w. Zaoszcz\u0119d\u017a czas i pieni\u0105dze.\" \/>\n<meta name=\"robots\" content=\"index, follow, max-snippet:-1, max-image-preview:large, max-video-preview:-1\" \/>\n<link rel=\"canonical\" href=\"https:\/\/readytopole.pl\/en\/wymiana-i-zwroty\/\" \/>\n<meta property=\"og:locale\" content=\"en_US\" \/>\n<meta property=\"og:type\" content=\"article\" \/>\n<meta property=\"og:title\" content=\"Wymiana i zwroty - Ready to Pole\" \/>\n<meta property=\"og:description\" content=\"Wymiana i zwroty w Ready to pole s\u0105 darmowe! Skorzystaj z opcji automatycznych zwrot\u00f3w. Zaoszcz\u0119d\u017a czas i pieni\u0105dze.\" \/>\n<meta property=\"og:url\" content=\"https:\/\/readytopole.pl\/en\/wymiana-i-zwroty\/\" \/>\n<meta property=\"og:site_name\" content=\"Ready to Pole\" \/>\n<meta property=\"article:publisher\" content=\"https:\/\/www.facebook.com\/people\/readytopole\/100084322415310\/\" \/>\n<meta property=\"article:modified_time\" content=\"2026-02-24T12:22:39+00:00\" \/>\n<meta property=\"og:image\" content=\"https:\/\/readytopole.pl\/wp-content\/uploads\/2023\/02\/RTP-logotyp-gold-effect-v1.png\" \/>\n\t<meta property=\"og:image:width\" content=\"1200\" \/>\n\t<meta property=\"og:image:height\" content=\"1200\" \/>\n\t<meta property=\"og:image:type\" content=\"image\/png\" \/>\n<meta name=\"twitter:card\" content=\"summary_large_image\" \/>\n<meta name=\"twitter:label1\" content=\"Est. reading time\" \/>\n\t<meta name=\"twitter:data1\" content=\"2 minutes\" \/>\n<script type=\"application\/ld+json\" class=\"yoast-schema-graph\">{\"@context\":\"https:\\\/\\\/schema.org\",\"@graph\":[{\"@type\":\"WebPage\",\"@id\":\"https:\\\/\\\/readytopole.pl\\\/wymiana-i-zwroty\\\/\",\"url\":\"https:\\\/\\\/readytopole.pl\\\/wymiana-i-zwroty\\\/\",\"name\":\"Wymiana i zwroty - Ready to Pole\",\"isPartOf\":{\"@id\":\"https:\\\/\\\/readytopole.pl\\\/#website\"},\"primaryImageOfPage\":{\"@id\":\"https:\\\/\\\/readytopole.pl\\\/wymiana-i-zwroty\\\/#primaryimage\"},\"image\":{\"@id\":\"https:\\\/\\\/readytopole.pl\\\/wymiana-i-zwroty\\\/#primaryimage\"},\"thumbnailUrl\":\"https:\\\/\\\/readytopole.pl\\\/wp-content\\\/uploads\\\/2024\\\/06\\\/Darmowe_zwroty_Ready_to_pole.heic\",\"datePublished\":\"2023-02-13T18:36:54+00:00\",\"dateModified\":\"2026-02-24T12:22:39+00:00\",\"description\":\"Wymiana i zwroty w Ready to pole s\u0105 darmowe! Skorzystaj z opcji automatycznych zwrot\u00f3w. Zaoszcz\u0119d\u017a czas i pieni\u0105dze.\",\"breadcrumb\":{\"@id\":\"https:\\\/\\\/readytopole.pl\\\/wymiana-i-zwroty\\\/#breadcrumb\"},\"inLanguage\":\"en-US\",\"potentialAction\":[{\"@type\":\"ReadAction\",\"target\":[\"https:\\\/\\\/readytopole.pl\\\/wymiana-i-zwroty\\\/\"]}]},{\"@type\":\"ImageObject\",\"inLanguage\":\"en-US\",\"@id\":\"https:\\\/\\\/readytopole.pl\\\/wymiana-i-zwroty\\\/#primaryimage\",\"url\":\"https:\\\/\\\/readytopole.pl\\\/wp-content\\\/uploads\\\/2024\\\/06\\\/Darmowe_zwroty_Ready_to_pole.heic\",\"contentUrl\":\"https:\\\/\\\/readytopole.pl\\\/wp-content\\\/uploads\\\/2024\\\/06\\\/Darmowe_zwroty_Ready_to_pole.heic\",\"caption\":\"Darmowe zwroty w sklepie Ready to pole\"},{\"@type\":\"BreadcrumbList\",\"@id\":\"https:\\\/\\\/readytopole.pl\\\/wymiana-i-zwroty\\\/#breadcrumb\",\"itemListElement\":[{\"@type\":\"ListItem\",\"position\":1,\"name\":\"Strona g\u0142\u00f3wna\",\"item\":\"https:\\\/\\\/readytopole.pl\\\/\"},{\"@type\":\"ListItem\",\"position\":2,\"name\":\"Wymiana i zwroty\"}]},{\"@type\":\"WebSite\",\"@id\":\"https:\\\/\\\/readytopole.pl\\\/#website\",\"url\":\"https:\\\/\\\/readytopole.pl\\\/\",\"name\":\"Ready to Pole | Polewear - Slow Fashion dla Pole Dance\",\"description\":\"Blog | Sklep z odzie\u017c\u0105 do Poledance\",\"publisher\":{\"@id\":\"https:\\\/\\\/readytopole.pl\\\/#organization\"},\"alternateName\":\"Ready to pole\",\"potentialAction\":[{\"@type\":\"SearchAction\",\"target\":{\"@type\":\"EntryPoint\",\"urlTemplate\":\"https:\\\/\\\/readytopole.pl\\\/?s={search_term_string}\"},\"query-input\":{\"@type\":\"PropertyValueSpecification\",\"valueRequired\":true,\"valueName\":\"search_term_string\"}}],\"inLanguage\":\"en-US\"},{\"@type\":\"Organization\",\"@id\":\"https:\\\/\\\/readytopole.pl\\\/#organization\",\"name\":\"Ready to pole\",\"alternateName\":\"Rtp\",\"url\":\"https:\\\/\\\/readytopole.pl\\\/\",\"logo\":{\"@type\":\"ImageObject\",\"inLanguage\":\"en-US\",\"@id\":\"https:\\\/\\\/readytopole.pl\\\/#\\\/schema\\\/logo\\\/image\\\/\",\"url\":\"https:\\\/\\\/readytopole.pl\\\/wp-content\\\/uploads\\\/2023\\\/02\\\/cropped-cropped-RTP-logotyp-gold-effect-v1.png\",\"contentUrl\":\"https:\\\/\\\/readytopole.pl\\\/wp-content\\\/uploads\\\/2023\\\/02\\\/cropped-cropped-RTP-logotyp-gold-effect-v1.png\",\"width\":1200,\"height\":1200,\"caption\":\"Ready to pole\"},\"image\":{\"@id\":\"https:\\\/\\\/readytopole.pl\\\/#\\\/schema\\\/logo\\\/image\\\/\"},\"sameAs\":[\"https:\\\/\\\/www.facebook.com\\\/people\\\/readytopole\\\/100084322415310\\\/\",\"https:\\\/\\\/www.instagram.com\\\/readytopole\\\/?igshid=YmMyMTA2M2Y=\"]}]}<\/script>\n<!-- \/ Yoast SEO plugin. -->","yoast_head_json":{"title":"Wymiana i zwroty - Ready to Pole","description":"Wymiana i zwroty w Ready to pole s\u0105 darmowe! Skorzystaj z opcji automatycznych zwrot\u00f3w. Zaoszcz\u0119d\u017a czas i pieni\u0105dze.","robots":{"index":"index","follow":"follow","max-snippet":"max-snippet:-1","max-image-preview":"max-image-preview:large","max-video-preview":"max-video-preview:-1"},"canonical":"https:\/\/readytopole.pl\/en\/wymiana-i-zwroty\/","og_locale":"en_US","og_type":"article","og_title":"Wymiana i zwroty - Ready to Pole","og_description":"Wymiana i zwroty w Ready to pole s\u0105 darmowe! Skorzystaj z opcji automatycznych zwrot\u00f3w. Zaoszcz\u0119d\u017a czas i pieni\u0105dze.","og_url":"https:\/\/readytopole.pl\/en\/wymiana-i-zwroty\/","og_site_name":"Ready to Pole","article_publisher":"https:\/\/www.facebook.com\/people\/readytopole\/100084322415310\/","article_modified_time":"2026-02-24T12:22:39+00:00","og_image":[{"width":1200,"height":1200,"url":"https:\/\/readytopole.pl\/wp-content\/uploads\/2023\/02\/RTP-logotyp-gold-effect-v1.png","type":"image\/png"}],"twitter_card":"summary_large_image","twitter_misc":{"Est. reading time":"2 minutes"},"schema":{"@context":"https:\/\/schema.org","@graph":[{"@type":"WebPage","@id":"https:\/\/readytopole.pl\/wymiana-i-zwroty\/","url":"https:\/\/readytopole.pl\/wymiana-i-zwroty\/","name":"Wymiana i zwroty - Ready to Pole","isPartOf":{"@id":"https:\/\/readytopole.pl\/#website"},"primaryImageOfPage":{"@id":"https:\/\/readytopole.pl\/wymiana-i-zwroty\/#primaryimage"},"image":{"@id":"https:\/\/readytopole.pl\/wymiana-i-zwroty\/#primaryimage"},"thumbnailUrl":"https:\/\/readytopole.pl\/wp-content\/uploads\/2024\/06\/Darmowe_zwroty_Ready_to_pole.heic","datePublished":"2023-02-13T18:36:54+00:00","dateModified":"2026-02-24T12:22:39+00:00","description":"Wymiana i zwroty w Ready to pole s\u0105 darmowe! Skorzystaj z opcji automatycznych zwrot\u00f3w. Zaoszcz\u0119d\u017a czas i pieni\u0105dze.","breadcrumb":{"@id":"https:\/\/readytopole.pl\/wymiana-i-zwroty\/#breadcrumb"},"inLanguage":"en-US","potentialAction":[{"@type":"ReadAction","target":["https:\/\/readytopole.pl\/wymiana-i-zwroty\/"]}]},{"@type":"ImageObject","inLanguage":"en-US","@id":"https:\/\/readytopole.pl\/wymiana-i-zwroty\/#primaryimage","url":"https:\/\/readytopole.pl\/wp-content\/uploads\/2024\/06\/Darmowe_zwroty_Ready_to_pole.heic","contentUrl":"https:\/\/readytopole.pl\/wp-content\/uploads\/2024\/06\/Darmowe_zwroty_Ready_to_pole.heic","caption":"Darmowe zwroty w sklepie Ready to pole"},{"@type":"BreadcrumbList","@id":"https:\/\/readytopole.pl\/wymiana-i-zwroty\/#breadcrumb","itemListElement":[{"@type":"ListItem","position":1,"name":"Strona g\u0142\u00f3wna","item":"https:\/\/readytopole.pl\/"},{"@type":"ListItem","position":2,"name":"Wymiana i zwroty"}]},{"@type":"WebSite","@id":"https:\/\/readytopole.pl\/#website","url":"https:\/\/readytopole.pl\/","name":"Ready to Pole | Polewear - Slow Fashion dla Pole Dance","description":"Blog | Sklep z odzie\u017c\u0105 do Poledance","publisher":{"@id":"https:\/\/readytopole.pl\/#organization"},"alternateName":"Ready to pole","potentialAction":[{"@type":"SearchAction","target":{"@type":"EntryPoint","urlTemplate":"https:\/\/readytopole.pl\/?s={search_term_string}"},"query-input":{"@type":"PropertyValueSpecification","valueRequired":true,"valueName":"search_term_string"}}],"inLanguage":"en-US"},{"@type":"Organization","@id":"https:\/\/readytopole.pl\/#organization","name":"Ready to pole","alternateName":"Rtp","url":"https:\/\/readytopole.pl\/","logo":{"@type":"ImageObject","inLanguage":"en-US","@id":"https:\/\/readytopole.pl\/#\/schema\/logo\/image\/","url":"https:\/\/readytopole.pl\/wp-content\/uploads\/2023\/02\/cropped-cropped-RTP-logotyp-gold-effect-v1.png","contentUrl":"https:\/\/readytopole.pl\/wp-content\/uploads\/2023\/02\/cropped-cropped-RTP-logotyp-gold-effect-v1.png","width":1200,"height":1200,"caption":"Ready to pole"},"image":{"@id":"https:\/\/readytopole.pl\/#\/schema\/logo\/image\/"},"sameAs":["https:\/\/www.facebook.com\/people\/readytopole\/100084322415310\/","https:\/\/www.instagram.com\/readytopole\/?igshid=YmMyMTA2M2Y="]}]}},"_links":{"self":[{"href":"https:\/\/readytopole.pl\/en\/wp-json\/wp\/v2\/pages\/5051","targetHints":{"allow":["GET"]}}],"collection":[{"href":"https:\/\/readytopole.pl\/en\/wp-json\/wp\/v2\/pages"}],"about":[{"href":"https:\/\/readytopole.pl\/en\/wp-json\/wp\/v2\/types\/page"}],"author":[{"embeddable":true,"href":"https:\/\/readytopole.pl\/en\/wp-json\/wp\/v2\/users\/1"}],"replies":[{"embeddable":true,"href":"https:\/\/readytopole.pl\/en\/wp-json\/wp\/v2\/comments?post=5051"}],"version-history":[{"count":104,"href":"https:\/\/readytopole.pl\/en\/wp-json\/wp\/v2\/pages\/5051\/revisions"}],"predecessor-version":[{"id":21308,"href":"https:\/\/readytopole.pl\/en\/wp-json\/wp\/v2\/pages\/5051\/revisions\/21308"}],"wp:featuredmedia":[{"embeddable":true,"href":"https:\/\/readytopole.pl\/en\/wp-json\/wp\/v2\/media\/13528"}],"wp:attachment":[{"href":"https:\/\/readytopole.pl\/en\/wp-json\/wp\/v2\/media?parent=5051"}],"curies":[{"name":"wp","href":"https:\/\/api.w.org\/{rel}","templated":true}]}}