{"id":4614,"date":"2023-01-30T16:57:02","date_gmt":"2023-01-30T15:57:02","guid":{"rendered":"http:\/\/serwer179891.lh.pl\/autoinstalator\/serwer179891.lh.pl\/wordpress11337\/?page_id=4614"},"modified":"2025-05-27T21:42:22","modified_gmt":"2025-05-27T19:42:22","slug":"dostawa","status":"publish","type":"page","link":"https:\/\/readytopole.pl\/en\/dostawa\/","title":{"rendered":"Shipping"},"content":{"rendered":"<div data-elementor-type=\"wp-page\" data-elementor-id=\"4614\" class=\"elementor elementor-4614\">\n\t\t\t\t\t\t<section class=\"elementor-section elementor-top-section elementor-element elementor-element-bac1a7c elementor-section-boxed elementor-section-height-default elementor-section-height-default\" data-id=\"bac1a7c\" data-element_type=\"section\" data-e-type=\"section\">\n\t\t\t\t\t\t<div class=\"elementor-container elementor-column-gap-default\">\n\t\t\t\t\t<div class=\"elementor-column elementor-col-100 elementor-top-column elementor-element elementor-element-ffbae67\" data-id=\"ffbae67\" data-element_type=\"column\" data-e-type=\"column\">\n\t\t\t<div class=\"elementor-widget-wrap elementor-element-populated\">\n\t\t\t\t\t\t<div class=\"elementor-element elementor-element-1c50cfd elementor-widget elementor-widget-spacer\" data-id=\"1c50cfd\" data-element_type=\"widget\" data-e-type=\"widget\" data-widget_type=\"spacer.default\">\n\t\t\t\t<div class=\"elementor-widget-container\">\n\t\t\t\t\t\t\t<div class=\"elementor-spacer\">\n\t\t\t<div class=\"elementor-spacer-inner\"><\/div>\n\t\t<\/div>\n\t\t\t\t\t\t<\/div>\n\t\t\t\t<\/div>\n\t\t\t\t\t<\/div>\n\t\t<\/div>\n\t\t\t\t\t<\/div>\n\t\t<\/section>\n\t\t\t\t<section class=\"elementor-section elementor-top-section elementor-element elementor-element-4e302bd elementor-section-boxed elementor-section-height-default elementor-section-height-default\" data-id=\"4e302bd\" data-element_type=\"section\" data-e-type=\"section\">\n\t\t\t\t\t\t<div class=\"elementor-container elementor-column-gap-default\">\n\t\t\t\t\t<div class=\"elementor-column elementor-col-100 elementor-top-column elementor-element elementor-element-1a96701\" data-id=\"1a96701\" data-element_type=\"column\" data-e-type=\"column\">\n\t\t\t<div class=\"elementor-widget-wrap elementor-element-populated\">\n\t\t\t\t\t\t<div class=\"elementor-element elementor-element-ce4c1da elementor-widget elementor-widget-heading\" data-id=\"ce4c1da\" data-element_type=\"widget\" data-e-type=\"widget\" data-widget_type=\"heading.default\">\n\t\t\t\t<div class=\"elementor-widget-container\">\n\t\t\t\t\t<h1 class=\"elementor-heading-title elementor-size-default\">Shipping<\/h1>\t\t\t\t<\/div>\n\t\t\t\t<\/div>\n\t\t\t\t<div class=\"elementor-element elementor-element-0a7ac1a elementor-widget elementor-widget-text-editor\" data-id=\"0a7ac1a\" data-element_type=\"widget\" data-e-type=\"widget\" data-widget_type=\"text-editor.default\">\n\t\t\t\t<div class=\"elementor-widget-container\">\n\t\t\t\t\t\t\t\t\t<p>Dostawa produkt\u00f3w Ready to pole jest realizowana na kilka sposob\u00f3w. Poni\u017cej lista dost\u0119pnych opcji.<\/p><ul><li>\u2192\u00a0 InPost \u2013 dor\u0119czenie do paczkomatu \u2014 16,00 z\u0142<\/li><li>\u2192\u00a0 Orlen paczka \u2013 dor\u0119czenie do paczkomatu \u2014 11,00 z\u0142<\/li><li>\u2192 \u00a0DPD Pickup \u2013 dor\u0119czenie do punktu \u2014 12,50 z\u0142<\/li><li>\u2192\u00a0 Przesy\u0142ka kurierska \u2013 dor\u0119czenie na adres \u2013 16,00 z\u0142<\/li><li>\u2192\u00a0 Poczta Polska \u2013 dor\u0119czenie na adres 17,00 z\u0142<\/li><li>\u2192\u00a0 Przesy\u0142ka za pobraniem \u2013 26,00 z\u0142<\/li><\/ul><p>Zam\u00f3wienia o warto\u015bci powy\u017cej 400 z\u0142 wysy\u0142amy <strong>darmow\u0105 dostaw\u0105<\/strong> do Paczkomatu InPost. <br \/>Czas przygotowania zam\u00f3wienia do wysy\u0142ki to zazwyczaj 1 dzie\u0144 roboczy. <br \/>Dostawa produkt\u00f3w realizowana jest niezw\u0142ocznie po przygotowaniu przesy\u0142ki. W zale\u017cno\u015bci od wybranej opcji czas dostawy mo\u017ce si\u0119 nieznacznie r\u00f3\u017cni\u0107. Informacj\u0119 o przewidywanym czasie dostarczenia przesy\u0142ki otrzymasz od firmy kurierskiej, kt\u00f3ra zosta\u0142a wybrana podczas zakupu.<\/p><p>Nasze produkty wysy\u0142amy na teren ca\u0142ej Europy. W celu zam\u00f3wienia produktu poza granice Polski prosimy o kontakt poprzez formularz kontaktowy <a href=\"https:\/\/readytopole.pl\/en\/kontakt\/\">readytopole.pl\/kontakt<\/a>. <br \/>Przed realizacj\u0105 zam\u00f3wienia z wysy\u0142k\u0105 poza granice Polski musimy okre\u015bli\u0107 koszty wysy\u0142ki i doliczy\u0107 je do ceny zakupionych produkt\u00f3w.<\/p><p>Obserwuj nasz Instagram <a href=\"https:\/\/www.instagram.com\/readytopole\/?igshid=YmMyMTA2M2Y%3D\">@readytopole<\/a> oraz nasz fanpage <a href=\"https:\/\/www.facebook.com\/profile.php?id=100084322415310\">Ready to Pole<\/a>, aby nie przegapi\u0107 okresowych promocji zwi\u0105zanych z darmow\u0105 dostaw\u0105.<\/p><p>Zapraszamy serdecznie do zakup\u00f3w w naszym <a href=\"https:\/\/readytopole.pl\/en\/sklep\/\">shop<\/a>.<\/p>\t\t\t\t\t\t\t\t<\/div>\n\t\t\t\t<\/div>\n\t\t\t\t\t<\/div>\n\t\t<\/div>\n\t\t\t\t\t<\/div>\n\t\t<\/section>\n\t\t\t\t<\/div>","protected":false},"excerpt":{"rendered":"<p>Dostawa Dostawa produkt\u00f3w Ready to pole jest realizowana na kilka sposob\u00f3w. Poni\u017cej lista dost\u0119pnych opcji. \u2192\u00a0 InPost \u2013 dor\u0119czenie do paczkomatu \u2014 16,00 z\u0142 \u2192\u00a0 Orlen paczka \u2013 dor\u0119czenie do paczkomatu \u2014 11,00 z\u0142 \u2192 \u00a0DPD Pickup \u2013 dor\u0119czenie do punktu \u2014 12,50 z\u0142 \u2192\u00a0 Przesy\u0142ka kurierska \u2013 dor\u0119czenie na adres \u2013 16,00 z\u0142 \u2192\u00a0 [&hellip;]<\/p>\n","protected":false},"author":1,"featured_media":10798,"parent":0,"menu_order":0,"comment_status":"closed","ping_status":"closed","template":"","meta":{"site-sidebar-layout":"no-sidebar","site-content-layout":"page-builder","ast-site-content-layout":"full-width-container","site-content-style":"unboxed","site-sidebar-style":"unboxed","ast-global-header-display":"","ast-banner-title-visibility":"","ast-main-header-display":"","ast-hfb-above-header-display":"","ast-hfb-below-header-display":"","ast-hfb-mobile-header-display":"","site-post-title":"disabled","ast-breadcrumbs-content":"","ast-featured-img":"disabled","footer-sml-layout":"","ast-disable-related-posts":"","theme-transparent-header-meta":"","adv-header-id-meta":"","stick-header-meta":"","header-above-stick-meta":"","header-main-stick-meta":"","header-below-stick-meta":"","astra-migrate-meta-layouts":"set","ast-page-background-enabled":"default","ast-page-background-meta":{"desktop":{"background-color":"","background-image":"","background-repeat":"repeat","background-position":"center center","background-size":"auto","background-attachment":"scroll","background-type":"","background-media":"","overlay-type":"","overlay-color":"","overlay-opacity":"","overlay-gradient":""},"tablet":{"background-color":"","background-image":"","background-repeat":"repeat","background-position":"center center","background-size":"auto","background-attachment":"scroll","background-type":"","background-media":"","overlay-type":"","overlay-color":"","overlay-opacity":"","overlay-gradient":""},"mobile":{"background-color":"","background-image":"","background-repeat":"repeat","background-position":"center center","background-size":"auto","background-attachment":"scroll","background-type":"","background-media":"","overlay-type":"","overlay-color":"","overlay-opacity":"","overlay-gradient":""}},"ast-content-background-meta":{"desktop":{"background-color":"var(--ast-global-color-5)","background-image":"","background-repeat":"repeat","background-position":"center center","background-size":"auto","background-attachment":"scroll","background-type":"","background-media":"","overlay-type":"","overlay-color":"","overlay-opacity":"","overlay-gradient":""},"tablet":{"background-color":"var(--ast-global-color-5)","background-image":"","background-repeat":"repeat","background-position":"center center","background-size":"auto","background-attachment":"scroll","background-type":"","background-media":"","overlay-type":"","overlay-color":"","overlay-opacity":"","overlay-gradient":""},"mobile":{"background-color":"var(--ast-global-color-5)","background-image":"","background-repeat":"repeat","background-position":"center center","background-size":"auto","background-attachment":"scroll","background-type":"","background-media":"","overlay-type":"","overlay-color":"","overlay-opacity":"","overlay-gradient":""}},"footnotes":""},"class_list":["post-4614","page","type-page","status-publish","has-post-thumbnail","hentry"],"yoast_head":"<!-- This site is optimized with the Yoast SEO plugin v27.4 - https:\/\/yoast.com\/product\/yoast-seo-wordpress\/ -->\n<title>Dostawa - Ready to Pole<\/title>\n<meta name=\"description\" content=\"Sprawd\u017a dost\u0119pne opcje dostawy do paczkomatu, punktu lub bezpo\u015brednio na adres. Skorzystaj z darmowej dostawy od 300 z\u0142.\" \/>\n<meta name=\"robots\" content=\"index, follow, max-snippet:-1, max-image-preview:large, max-video-preview:-1\" \/>\n<link rel=\"canonical\" href=\"https:\/\/readytopole.pl\/en\/dostawa\/\" \/>\n<meta property=\"og:locale\" content=\"en_US\" \/>\n<meta property=\"og:type\" content=\"article\" \/>\n<meta property=\"og:title\" content=\"Dostawa - Ready to Pole\" \/>\n<meta property=\"og:description\" content=\"Sprawd\u017a dost\u0119pne opcje dostawy do paczkomatu, punktu lub bezpo\u015brednio na adres. Skorzystaj z darmowej dostawy od 300 z\u0142.\" \/>\n<meta property=\"og:url\" content=\"https:\/\/readytopole.pl\/en\/dostawa\/\" \/>\n<meta property=\"og:site_name\" content=\"Ready to Pole\" \/>\n<meta property=\"article:publisher\" content=\"https:\/\/www.facebook.com\/people\/readytopole\/100084322415310\/\" \/>\n<meta property=\"article:modified_time\" content=\"2025-05-27T19:42:22+00:00\" \/>\n<meta property=\"og:image\" content=\"https:\/\/readytopole.pl\/wp-content\/uploads\/2023\/12\/Zestaw_Libre_Milena_Derleta_Natalia_Sulak.jpeg\" \/>\n\t<meta property=\"og:image:width\" content=\"1365\" \/>\n\t<meta property=\"og:image:height\" content=\"2048\" \/>\n\t<meta property=\"og:image:type\" content=\"image\/jpeg\" \/>\n<meta name=\"twitter:card\" content=\"summary_large_image\" \/>\n<meta name=\"twitter:label1\" content=\"Est. reading time\" \/>\n\t<meta name=\"twitter:data1\" content=\"2 minutes\" \/>\n<script type=\"application\/ld+json\" class=\"yoast-schema-graph\">{\"@context\":\"https:\\\/\\\/schema.org\",\"@graph\":[{\"@type\":\"WebPage\",\"@id\":\"https:\\\/\\\/readytopole.pl\\\/dostawa\\\/\",\"url\":\"https:\\\/\\\/readytopole.pl\\\/dostawa\\\/\",\"name\":\"Dostawa - Ready to Pole\",\"isPartOf\":{\"@id\":\"https:\\\/\\\/readytopole.pl\\\/#website\"},\"primaryImageOfPage\":{\"@id\":\"https:\\\/\\\/readytopole.pl\\\/dostawa\\\/#primaryimage\"},\"image\":{\"@id\":\"https:\\\/\\\/readytopole.pl\\\/dostawa\\\/#primaryimage\"},\"thumbnailUrl\":\"https:\\\/\\\/readytopole.pl\\\/wp-content\\\/uploads\\\/2023\\\/12\\\/Zestaw_Libre_Milena_Derleta_Natalia_Sulak.jpeg\",\"datePublished\":\"2023-01-30T15:57:02+00:00\",\"dateModified\":\"2025-05-27T19:42:22+00:00\",\"description\":\"Sprawd\u017a dost\u0119pne opcje dostawy do paczkomatu, punktu lub bezpo\u015brednio na adres. Skorzystaj z darmowej dostawy od 300 z\u0142.\",\"breadcrumb\":{\"@id\":\"https:\\\/\\\/readytopole.pl\\\/dostawa\\\/#breadcrumb\"},\"inLanguage\":\"en-US\",\"potentialAction\":[{\"@type\":\"ReadAction\",\"target\":[\"https:\\\/\\\/readytopole.pl\\\/dostawa\\\/\"]}]},{\"@type\":\"ImageObject\",\"inLanguage\":\"en-US\",\"@id\":\"https:\\\/\\\/readytopole.pl\\\/dostawa\\\/#primaryimage\",\"url\":\"https:\\\/\\\/readytopole.pl\\\/wp-content\\\/uploads\\\/2023\\\/12\\\/Zestaw_Libre_Milena_Derleta_Natalia_Sulak.jpeg\",\"contentUrl\":\"https:\\\/\\\/readytopole.pl\\\/wp-content\\\/uploads\\\/2023\\\/12\\\/Zestaw_Libre_Milena_Derleta_Natalia_Sulak.jpeg\",\"width\":1365,\"height\":2048,\"caption\":\"Szerokie opcje dostawy w sklepie Ready to pole\"},{\"@type\":\"BreadcrumbList\",\"@id\":\"https:\\\/\\\/readytopole.pl\\\/dostawa\\\/#breadcrumb\",\"itemListElement\":[{\"@type\":\"ListItem\",\"position\":1,\"name\":\"Strona g\u0142\u00f3wna\",\"item\":\"https:\\\/\\\/readytopole.pl\\\/\"},{\"@type\":\"ListItem\",\"position\":2,\"name\":\"Dostawa\"}]},{\"@type\":\"WebSite\",\"@id\":\"https:\\\/\\\/readytopole.pl\\\/#website\",\"url\":\"https:\\\/\\\/readytopole.pl\\\/\",\"name\":\"Ready to Pole | Polewear - Slow Fashion dla Pole Dance\",\"description\":\"Blog | Sklep z odzie\u017c\u0105 do Poledance\",\"publisher\":{\"@id\":\"https:\\\/\\\/readytopole.pl\\\/#organization\"},\"alternateName\":\"Ready to pole\",\"potentialAction\":[{\"@type\":\"SearchAction\",\"target\":{\"@type\":\"EntryPoint\",\"urlTemplate\":\"https:\\\/\\\/readytopole.pl\\\/?s={search_term_string}\"},\"query-input\":{\"@type\":\"PropertyValueSpecification\",\"valueRequired\":true,\"valueName\":\"search_term_string\"}}],\"inLanguage\":\"en-US\"},{\"@type\":\"Organization\",\"@id\":\"https:\\\/\\\/readytopole.pl\\\/#organization\",\"name\":\"Ready to pole\",\"alternateName\":\"Rtp\",\"url\":\"https:\\\/\\\/readytopole.pl\\\/\",\"logo\":{\"@type\":\"ImageObject\",\"inLanguage\":\"en-US\",\"@id\":\"https:\\\/\\\/readytopole.pl\\\/#\\\/schema\\\/logo\\\/image\\\/\",\"url\":\"https:\\\/\\\/readytopole.pl\\\/wp-content\\\/uploads\\\/2023\\\/02\\\/cropped-cropped-RTP-logotyp-gold-effect-v1.png\",\"contentUrl\":\"https:\\\/\\\/readytopole.pl\\\/wp-content\\\/uploads\\\/2023\\\/02\\\/cropped-cropped-RTP-logotyp-gold-effect-v1.png\",\"width\":1200,\"height\":1200,\"caption\":\"Ready to pole\"},\"image\":{\"@id\":\"https:\\\/\\\/readytopole.pl\\\/#\\\/schema\\\/logo\\\/image\\\/\"},\"sameAs\":[\"https:\\\/\\\/www.facebook.com\\\/people\\\/readytopole\\\/100084322415310\\\/\",\"https:\\\/\\\/www.instagram.com\\\/readytopole\\\/?igshid=YmMyMTA2M2Y=\"]}]}<\/script>\n<!-- \/ Yoast SEO plugin. -->","yoast_head_json":{"title":"Dostawa - Ready to Pole","description":"Sprawd\u017a dost\u0119pne opcje dostawy do paczkomatu, punktu lub bezpo\u015brednio na adres. Skorzystaj z darmowej dostawy od 300 z\u0142.","robots":{"index":"index","follow":"follow","max-snippet":"max-snippet:-1","max-image-preview":"max-image-preview:large","max-video-preview":"max-video-preview:-1"},"canonical":"https:\/\/readytopole.pl\/en\/dostawa\/","og_locale":"en_US","og_type":"article","og_title":"Dostawa - Ready to Pole","og_description":"Sprawd\u017a dost\u0119pne opcje dostawy do paczkomatu, punktu lub bezpo\u015brednio na adres. Skorzystaj z darmowej dostawy od 300 z\u0142.","og_url":"https:\/\/readytopole.pl\/en\/dostawa\/","og_site_name":"Ready to Pole","article_publisher":"https:\/\/www.facebook.com\/people\/readytopole\/100084322415310\/","article_modified_time":"2025-05-27T19:42:22+00:00","og_image":[{"width":1365,"height":2048,"url":"https:\/\/readytopole.pl\/wp-content\/uploads\/2023\/12\/Zestaw_Libre_Milena_Derleta_Natalia_Sulak.jpeg","type":"image\/jpeg"}],"twitter_card":"summary_large_image","twitter_misc":{"Est. reading time":"2 minutes"},"schema":{"@context":"https:\/\/schema.org","@graph":[{"@type":"WebPage","@id":"https:\/\/readytopole.pl\/dostawa\/","url":"https:\/\/readytopole.pl\/dostawa\/","name":"Dostawa - Ready to Pole","isPartOf":{"@id":"https:\/\/readytopole.pl\/#website"},"primaryImageOfPage":{"@id":"https:\/\/readytopole.pl\/dostawa\/#primaryimage"},"image":{"@id":"https:\/\/readytopole.pl\/dostawa\/#primaryimage"},"thumbnailUrl":"https:\/\/readytopole.pl\/wp-content\/uploads\/2023\/12\/Zestaw_Libre_Milena_Derleta_Natalia_Sulak.jpeg","datePublished":"2023-01-30T15:57:02+00:00","dateModified":"2025-05-27T19:42:22+00:00","description":"Sprawd\u017a dost\u0119pne opcje dostawy do paczkomatu, punktu lub bezpo\u015brednio na adres. Skorzystaj z darmowej dostawy od 300 z\u0142.","breadcrumb":{"@id":"https:\/\/readytopole.pl\/dostawa\/#breadcrumb"},"inLanguage":"en-US","potentialAction":[{"@type":"ReadAction","target":["https:\/\/readytopole.pl\/dostawa\/"]}]},{"@type":"ImageObject","inLanguage":"en-US","@id":"https:\/\/readytopole.pl\/dostawa\/#primaryimage","url":"https:\/\/readytopole.pl\/wp-content\/uploads\/2023\/12\/Zestaw_Libre_Milena_Derleta_Natalia_Sulak.jpeg","contentUrl":"https:\/\/readytopole.pl\/wp-content\/uploads\/2023\/12\/Zestaw_Libre_Milena_Derleta_Natalia_Sulak.jpeg","width":1365,"height":2048,"caption":"Szerokie opcje dostawy w sklepie Ready to pole"},{"@type":"BreadcrumbList","@id":"https:\/\/readytopole.pl\/dostawa\/#breadcrumb","itemListElement":[{"@type":"ListItem","position":1,"name":"Strona g\u0142\u00f3wna","item":"https:\/\/readytopole.pl\/"},{"@type":"ListItem","position":2,"name":"Dostawa"}]},{"@type":"WebSite","@id":"https:\/\/readytopole.pl\/#website","url":"https:\/\/readytopole.pl\/","name":"Ready to Pole | Polewear - Slow Fashion dla Pole Dance","description":"Blog | Sklep z odzie\u017c\u0105 do Poledance","publisher":{"@id":"https:\/\/readytopole.pl\/#organization"},"alternateName":"Ready to pole","potentialAction":[{"@type":"SearchAction","target":{"@type":"EntryPoint","urlTemplate":"https:\/\/readytopole.pl\/?s={search_term_string}"},"query-input":{"@type":"PropertyValueSpecification","valueRequired":true,"valueName":"search_term_string"}}],"inLanguage":"en-US"},{"@type":"Organization","@id":"https:\/\/readytopole.pl\/#organization","name":"Ready to pole","alternateName":"Rtp","url":"https:\/\/readytopole.pl\/","logo":{"@type":"ImageObject","inLanguage":"en-US","@id":"https:\/\/readytopole.pl\/#\/schema\/logo\/image\/","url":"https:\/\/readytopole.pl\/wp-content\/uploads\/2023\/02\/cropped-cropped-RTP-logotyp-gold-effect-v1.png","contentUrl":"https:\/\/readytopole.pl\/wp-content\/uploads\/2023\/02\/cropped-cropped-RTP-logotyp-gold-effect-v1.png","width":1200,"height":1200,"caption":"Ready to pole"},"image":{"@id":"https:\/\/readytopole.pl\/#\/schema\/logo\/image\/"},"sameAs":["https:\/\/www.facebook.com\/people\/readytopole\/100084322415310\/","https:\/\/www.instagram.com\/readytopole\/?igshid=YmMyMTA2M2Y="]}]}},"_links":{"self":[{"href":"https:\/\/readytopole.pl\/en\/wp-json\/wp\/v2\/pages\/4614","targetHints":{"allow":["GET"]}}],"collection":[{"href":"https:\/\/readytopole.pl\/en\/wp-json\/wp\/v2\/pages"}],"about":[{"href":"https:\/\/readytopole.pl\/en\/wp-json\/wp\/v2\/types\/page"}],"author":[{"embeddable":true,"href":"https:\/\/readytopole.pl\/en\/wp-json\/wp\/v2\/users\/1"}],"replies":[{"embeddable":true,"href":"https:\/\/readytopole.pl\/en\/wp-json\/wp\/v2\/comments?post=4614"}],"version-history":[{"count":110,"href":"https:\/\/readytopole.pl\/en\/wp-json\/wp\/v2\/pages\/4614\/revisions"}],"predecessor-version":[{"id":19508,"href":"https:\/\/readytopole.pl\/en\/wp-json\/wp\/v2\/pages\/4614\/revisions\/19508"}],"wp:featuredmedia":[{"embeddable":true,"href":"https:\/\/readytopole.pl\/en\/wp-json\/wp\/v2\/media\/10798"}],"wp:attachment":[{"href":"https:\/\/readytopole.pl\/en\/wp-json\/wp\/v2\/media?parent=4614"}],"curies":[{"name":"wp","href":"https:\/\/api.w.org\/{rel}","templated":true}]}}