{"id":43,"date":"2017-12-17T10:06:43","date_gmt":"2017-12-17T09:06:43","guid":{"rendered":"http:\/\/serwer179891.lh.pl\/autoinstalator\/serwer179891.lh.pl\/wordpress11337\/index.php\/about\/"},"modified":"2026-02-24T13:15:11","modified_gmt":"2026-02-24T12:15:11","slug":"o-mnie","status":"publish","type":"page","link":"https:\/\/readytopole.pl\/en\/o-mnie\/","title":{"rendered":"About"},"content":{"rendered":"<div data-elementor-type=\"wp-post\" data-elementor-id=\"43\" class=\"elementor elementor-43\">\n\t\t\t\t\t\t<section class=\"elementor-section elementor-top-section elementor-element elementor-element-d650f9d elementor-section-boxed elementor-section-height-default elementor-section-height-default\" data-id=\"d650f9d\" data-element_type=\"section\" data-e-type=\"section\">\n\t\t\t\t\t\t<div class=\"elementor-container elementor-column-gap-default\">\n\t\t\t\t\t<div class=\"elementor-column elementor-col-100 elementor-top-column elementor-element elementor-element-ccea474\" data-id=\"ccea474\" data-element_type=\"column\" data-e-type=\"column\">\n\t\t\t<div class=\"elementor-widget-wrap\">\n\t\t\t\t\t\t\t<\/div>\n\t\t<\/div>\n\t\t\t\t\t<\/div>\n\t\t<\/section>\n\t\t\t\t<section class=\"elementor-section elementor-top-section elementor-element elementor-element-s0ctr1l elementor-section-boxed elementor-section-height-default elementor-section-height-default\" data-id=\"s0ctr1l\" data-element_type=\"section\" data-e-type=\"section\" data-settings=\"{&quot;background_background&quot;:&quot;classic&quot;}\">\n\t\t\t\t\t\t<div class=\"elementor-container elementor-column-gap-default\">\n\t\t\t\t\t<div class=\"elementor-column elementor-col-100 elementor-top-column elementor-element elementor-element-f088365\" data-id=\"f088365\" data-element_type=\"column\" data-e-type=\"column\">\n\t\t\t<div class=\"elementor-widget-wrap elementor-element-populated\">\n\t\t\t\t\t\t<div class=\"elementor-element elementor-element-01dd3f1 elementor-widget elementor-widget-text-editor\" data-id=\"01dd3f1\" data-element_type=\"widget\" data-e-type=\"widget\" data-widget_type=\"text-editor.default\">\n\t\t\t\t<div class=\"elementor-widget-container\">\n\t\t\t\t\t\t\t\t\t<p>Ready to pole to polska marka odzie\u017cy do pole dance, kt\u00f3r\u0105 tworzymy w filozofii slow fashion. Wysokiej jako\u015bci ubrania szyjemy lokalnie w Gda\u0144sku, wierz\u0105c g\u0142\u0119boko w przemy\u015blan\u0105 mod\u0119 nad szybk\u0105 konsumpcj\u0105 fast fashion.<\/p><p>Tworzymy ubrania dla kobiet, kt\u00f3re pragn\u0105 czu\u0107 si\u0119 na treningu atrakcyjnie i wyj\u0105tkowo \u2013 seksownie, lecz ze smakiem. Nasze projekty podkre\u015blaj\u0105 naturalne kszta\u0142ty, wyzwalaj\u0105 ukryt\u0105 kobieco\u015b\u0107 i buduj\u0105 autentyczn\u0105 pewno\u015b\u0107 siebie, gwarantuj\u0105c jednocze\u015bnie pe\u0142en komfort podczas najbardziej wymagaj\u0105cych trening\u00f3w pole dance.<\/p><p>D\u0105\u017cymy do harmonijnego po\u0142\u0105czenia funkcjonalno\u015bci z eleganckim, zmys\u0142owym krojem. Coco Chanel powiedzia\u0142a: <em>\u201eNajlepszy kolor na \u015bwiecie to taki, kt\u00f3ry dobrze na tobie wygl\u0105da.\u201d <\/em>Dlatego inspiruj\u0105 nas zar\u00f3wno minimalistyczne formy i ponadczasowe kolory, kt\u00f3re czasem wzbogacamy nieoczekiwanym detalem, jak r\u00f3wnie\u017c szalone pomys\u0142y, kt\u00f3re dodaj\u0105 nieco pikanterii do naszego \u017cycia, Chcemy da\u0107 Wam mo\u017cliwo\u015b\u0107 sprawdzenia, w jakich kolorach czujecie si\u0119 sob\u0105, prawdziw\u0105 \u201eJA\u201d. Odpowiednio dopasowany kr\u00f3j i kolor stroju to ju\u017c 90% sukcesu w wykonaniu nawet najbardziej skomplikowanej figury.<\/p><p>Z produkt\u00f3w Ready to pole r\u00f3wnie\u017c zbudujesz przemy\u015blan\u0105 szaf\u0119 kapsu\u0142ow\u0105, gdzie wi\u0119kszo\u015b\u0107 element\u00f3w wsp\u00f3\u0142gra z pozosta\u0142ymi, tworz\u0105c wiele mo\u017cliwo\u015bci stylizacji. To nie moda sezonowa, lecz \u015bwiadoma inwestycja w odzie\u017c treningow\u0105, kt\u00f3ra zachowa swoj\u0105 jako\u015b\u0107 i ponadczasowy charakter przez lata.<\/p><p>Ready to pole to spo\u0142eczno\u015b\u0107 kobiet z ca\u0142ej Polski, kt\u00f3re wybieraj\u0105 przemy\u015blan\u0105 mod\u0119 treningow\u0105, ceni\u0105 jako\u015b\u0107 nad ilo\u015bci\u0105 i wspieraj\u0105 lokalne rzemios\u0142o. To przestrze\u0144 dla tych, kt\u00f3re rozumiej\u0105, \u017ce prawdziwa elegancja rodzi si\u0119 z autentyczno\u015bci i \u015bwiadomych wybor\u00f3w.<\/p><p>Mamy g\u0142\u0119bok\u0105 nadziej\u0119, \u017ce ubrania do pole dance Ready to pole stan\u0105 si\u0119 cz\u0119\u015bci\u0105 Twojej podr\u00f3\u017cy ku pe\u0142nej akceptacji w\u0142asnej kobiecej mocy \u2013 tej, kt\u00f3ra rodzi si\u0119 z po\u0142\u0105czenia ruchu, pewno\u015bci siebie i przemy\u015blanych decyzji.<\/p>\t\t\t\t\t\t\t\t<\/div>\n\t\t\t\t<\/div>\n\t\t\t\t<div class=\"elementor-element elementor-element-4245b55 elementor-widget elementor-widget-image\" data-id=\"4245b55\" data-element_type=\"widget\" data-e-type=\"widget\" data-widget_type=\"image.default\">\n\t\t\t\t<div class=\"elementor-widget-container\">\n\t\t\t\t\t\t\t\t\t\t\t\t<figure class=\"wp-caption\">\n\t\t\t\t\t\t\t\t\t\t<img fetchpriority=\"high\" decoding=\"async\" width=\"1024\" height=\"536\" src=\"https:\/\/readytopole.pl\/wp-content\/uploads\/2026\/02\/zdjecie-poziome-o-mnie-1024x536.jpeg\" class=\"attachment-large size-large wp-image-21205\" alt=\"\" srcset=\"https:\/\/readytopole.pl\/wp-content\/uploads\/2026\/02\/zdjecie-poziome-o-mnie-1024x536.jpeg 1024w, https:\/\/readytopole.pl\/wp-content\/uploads\/2026\/02\/zdjecie-poziome-o-mnie-300x157.jpeg 300w, https:\/\/readytopole.pl\/wp-content\/uploads\/2026\/02\/zdjecie-poziome-o-mnie-768x402.jpeg 768w, https:\/\/readytopole.pl\/wp-content\/uploads\/2026\/02\/zdjecie-poziome-o-mnie-18x9.jpeg 18w, https:\/\/readytopole.pl\/wp-content\/uploads\/2026\/02\/zdjecie-poziome-o-mnie-600x314.jpeg 600w, https:\/\/readytopole.pl\/wp-content\/uploads\/2026\/02\/zdjecie-poziome-o-mnie.jpeg 1440w\" sizes=\"(max-width: 1024px) 100vw, 1024px\" \/>\t\t\t\t\t\t\t\t\t\t\t<figcaption class=\"widget-image-caption wp-caption-text\">Ania i Karolina - w\u0142a\u015bcicielki marki Ready to pole<\/figcaption>\n\t\t\t\t\t\t\t\t\t\t<\/figure>\n\t\t\t\t\t\t\t\t\t<\/div>\n\t\t\t\t<\/div>\n\t\t\t\t\t<\/div>\n\t\t<\/div>\n\t\t\t\t\t<\/div>\n\t\t<\/section>\n\t\t\t\t<section class=\"elementor-section elementor-top-section elementor-element elementor-element-d90d9e0 elementor-section-boxed elementor-section-height-default elementor-section-height-default\" data-id=\"d90d9e0\" data-element_type=\"section\" data-e-type=\"section\">\n\t\t\t\t\t\t<div class=\"elementor-container elementor-column-gap-default\">\n\t\t\t\t\t<div class=\"elementor-column elementor-col-100 elementor-top-column elementor-element elementor-element-8370c87\" data-id=\"8370c87\" data-element_type=\"column\" data-e-type=\"column\">\n\t\t\t<div class=\"elementor-widget-wrap elementor-element-populated\">\n\t\t\t\t\t\t<div class=\"elementor-element elementor-element-b66f39a elementor-widget elementor-widget-text-editor\" data-id=\"b66f39a\" data-element_type=\"widget\" data-e-type=\"widget\" data-widget_type=\"text-editor.default\">\n\t\t\t\t<div class=\"elementor-widget-container\">\n\t\t\t\t\t\t\t\t\t<p>Mark\u0119 Ready to pole tworzymy z g\u0142\u0119bokiego przekonania, \u017ce ka\u017cda kobieta powinna nosi\u0107 ubrania, kt\u00f3re wzmacniaj\u0105 jej pewno\u015b\u0107 siebie podczas treningu, powsta\u0142a marka, kt\u00f3r\u0105 pokocha\u0142y setki kobiet.<\/p><p>Konsekwentnie stawiamy na jako\u015b\u0107 nad ilo\u015bci\u0105 \u2013 ka\u017cdy element powstaje lokalnie w Tr\u00f3jmie\u015bcie zgodnie z filozofi\u0105 slow fashion.<\/p><p>Pole dance trenujemy od 2022 roku. Od razu okaza\u0142o si\u0119, \u017ce jest to nasza pasja. Na pocz\u0105tku by\u0142y same treningi, potem dosz\u0142y r\u00f3\u017cne warsztaty, sesje zdj\u0119ciowe i oczywi\u015bcie najwi\u0119kszy zlot pole dancerek w Polsce czyli PoleJam Ko\u0142obrzeg. Ju\u017c za pierwszym razem poczu\u0142y\u015bmy si\u0119 tam cz\u0119\u015bci\u0105 tej wspania\u0142ej spo\u0142eczno\u015bci. Wszystko by\u0142o dla nas nowe, ale dzi\u0119ki fantastycznym uczestniczkom i cudownej atmosferze, poczu\u0142y\u015bmy si\u0119 \u201ejak w domu\u201d. Po obejrzeniu pokazu mody stroj\u00f3w do pole dancu, zapali\u0142y nam si\u0119 gwiazdki w oczach i powiedzia\u0142y\u015bmy: \u201eza rok my te\u017c b\u0119dziemy jednymi z wystawc\u00f3w\u201d.<\/p><p>Bardzo wzi\u0119\u0142y\u015bmy sobie do serca powiedzenie Donatelli Versace: \u201eModa polega na marzeniach i na tym, aby sk\u0142ania\u0107 do marze\u0144 innych ludzi\u201d. Jednak do ich spe\u0142nienia potrzebny by\u0142 plan i oczywi\u015bcie za\u0142o\u017cenie firmy. Sprzyjaj\u0105ce okoliczno\u015bci sprawi\u0142y, \u017ce dzisiaj jeste\u015bmy w\u0142a\u015bcicielkami marki Ready To Pole i damy z siebie wszystko, aby marze\u0144 nie by\u0142o ko\u0144ca.<\/p>\t\t\t\t\t\t\t\t<\/div>\n\t\t\t\t<\/div>\n\t\t\t\t\t<\/div>\n\t\t<\/div>\n\t\t\t\t\t<\/div>\n\t\t<\/section>\n\t\t\t\t<section class=\"elementor-section elementor-top-section elementor-element elementor-element-d9db210 elementor-section-boxed elementor-section-height-default elementor-section-height-default\" data-id=\"d9db210\" data-element_type=\"section\" data-e-type=\"section\">\n\t\t\t\t\t\t<div class=\"elementor-container elementor-column-gap-default\">\n\t\t\t\t\t<div class=\"elementor-column elementor-col-100 elementor-top-column elementor-element elementor-element-70062bb\" data-id=\"70062bb\" data-element_type=\"column\" data-e-type=\"column\">\n\t\t\t<div class=\"elementor-widget-wrap elementor-element-populated\">\n\t\t\t\t\t\t<div class=\"elementor-element elementor-element-6315460 e-transform e-transform elementor-widget elementor-widget-image\" data-id=\"6315460\" data-element_type=\"widget\" data-e-type=\"widget\" data-settings=\"{&quot;_transform_flipX_effect&quot;:&quot;transform&quot;,&quot;_transform_rotate_3d&quot;:&quot;yes&quot;,&quot;_transform_rotateZ_effect&quot;:{&quot;unit&quot;:&quot;px&quot;,&quot;size&quot;:&quot;&quot;,&quot;sizes&quot;:[]},&quot;_transform_rotateZ_effect_tablet&quot;:{&quot;unit&quot;:&quot;deg&quot;,&quot;size&quot;:&quot;&quot;,&quot;sizes&quot;:[]},&quot;_transform_rotateZ_effect_mobile&quot;:{&quot;unit&quot;:&quot;deg&quot;,&quot;size&quot;:&quot;&quot;,&quot;sizes&quot;:[]},&quot;_transform_rotateX_effect&quot;:{&quot;unit&quot;:&quot;px&quot;,&quot;size&quot;:&quot;&quot;,&quot;sizes&quot;:[]},&quot;_transform_rotateX_effect_tablet&quot;:{&quot;unit&quot;:&quot;deg&quot;,&quot;size&quot;:&quot;&quot;,&quot;sizes&quot;:[]},&quot;_transform_rotateX_effect_mobile&quot;:{&quot;unit&quot;:&quot;deg&quot;,&quot;size&quot;:&quot;&quot;,&quot;sizes&quot;:[]},&quot;_transform_rotateY_effect&quot;:{&quot;unit&quot;:&quot;px&quot;,&quot;size&quot;:&quot;&quot;,&quot;sizes&quot;:[]},&quot;_transform_rotateY_effect_tablet&quot;:{&quot;unit&quot;:&quot;deg&quot;,&quot;size&quot;:&quot;&quot;,&quot;sizes&quot;:[]},&quot;_transform_rotateY_effect_mobile&quot;:{&quot;unit&quot;:&quot;deg&quot;,&quot;size&quot;:&quot;&quot;,&quot;sizes&quot;:[]},&quot;_transform_perspective_effect&quot;:{&quot;unit&quot;:&quot;px&quot;,&quot;size&quot;:&quot;&quot;,&quot;sizes&quot;:[]},&quot;_transform_perspective_effect_tablet&quot;:{&quot;unit&quot;:&quot;px&quot;,&quot;size&quot;:&quot;&quot;,&quot;sizes&quot;:[]},&quot;_transform_perspective_effect_mobile&quot;:{&quot;unit&quot;:&quot;px&quot;,&quot;size&quot;:&quot;&quot;,&quot;sizes&quot;:[]}}\" data-widget_type=\"image.default\">\n\t\t\t\t<div class=\"elementor-widget-container\">\n\t\t\t\t\t\t\t\t\t\t\t\t\t\t\t<img decoding=\"async\" width=\"1024\" height=\"771\" src=\"https:\/\/readytopole.pl\/wp-content\/uploads\/2026\/02\/zdjecie-poziome-o-mnie-3-1024x771.jpeg\" class=\"attachment-large size-large wp-image-21207\" alt=\"\" srcset=\"https:\/\/readytopole.pl\/wp-content\/uploads\/2026\/02\/zdjecie-poziome-o-mnie-3-1024x771.jpeg 1024w, https:\/\/readytopole.pl\/wp-content\/uploads\/2026\/02\/zdjecie-poziome-o-mnie-3-300x226.jpeg 300w, https:\/\/readytopole.pl\/wp-content\/uploads\/2026\/02\/zdjecie-poziome-o-mnie-3-768x578.jpeg 768w, https:\/\/readytopole.pl\/wp-content\/uploads\/2026\/02\/zdjecie-poziome-o-mnie-3-1536x1156.jpeg 1536w, https:\/\/readytopole.pl\/wp-content\/uploads\/2026\/02\/zdjecie-poziome-o-mnie-3-16x12.jpeg 16w, https:\/\/readytopole.pl\/wp-content\/uploads\/2026\/02\/zdjecie-poziome-o-mnie-3-600x452.jpeg 600w, https:\/\/readytopole.pl\/wp-content\/uploads\/2026\/02\/zdjecie-poziome-o-mnie-3.jpeg 1600w\" sizes=\"(max-width: 1024px) 100vw, 1024px\" \/>\t\t\t\t\t\t\t\t\t\t\t\t\t\t\t<\/div>\n\t\t\t\t<\/div>\n\t\t\t\t<div class=\"elementor-element elementor-element-f4454ec elementor-shape-circle e-grid-align-left e-grid-align-tablet-center elementor-grid-0 elementor-widget elementor-widget-social-icons\" data-id=\"f4454ec\" data-element_type=\"widget\" data-e-type=\"widget\" data-widget_type=\"social-icons.default\">\n\t\t\t\t<div class=\"elementor-widget-container\">\n\t\t\t\t\t\t\t<div class=\"elementor-social-icons-wrapper elementor-grid\" role=\"list\">\n\t\t\t\t\t\t\t<span class=\"elementor-grid-item\" role=\"listitem\">\n\t\t\t\t\t<a class=\"elementor-icon elementor-social-icon elementor-social-icon-facebook-f elementor-repeater-item-14bef83\" href=\"https:\/\/www.facebook.com\/profile.php?id=100084322415310\" target=\"_blank\">\n\t\t\t\t\t\t<span class=\"elementor-screen-only\">Facebook-f<\/span>\n\t\t\t\t\t\t<i aria-hidden=\"true\" class=\"fab fa-facebook-f\"><\/i>\t\t\t\t\t<\/a>\n\t\t\t\t<\/span>\n\t\t\t\t\t\t\t<span class=\"elementor-grid-item\" role=\"listitem\">\n\t\t\t\t\t<a class=\"elementor-icon elementor-social-icon elementor-social-icon-instagram elementor-repeater-item-a2102f5\" href=\"https:\/\/www.instagram.com\/readytopole\/\" target=\"_blank\">\n\t\t\t\t\t\t<span class=\"elementor-screen-only\">Instagram<\/span>\n\t\t\t\t\t\t<i aria-hidden=\"true\" class=\"fab fa-instagram\"><\/i>\t\t\t\t\t<\/a>\n\t\t\t\t<\/span>\n\t\t\t\t\t<\/div>\n\t\t\t\t\t\t<\/div>\n\t\t\t\t<\/div>\n\t\t\t\t\t<\/div>\n\t\t<\/div>\n\t\t\t\t\t<\/div>\n\t\t<\/section>\n\t\t\t\t<\/div>","protected":false},"excerpt":{"rendered":"<p>Ready to pole to polska marka odzie\u017cy do pole dance, kt\u00f3r\u0105 tworzymy w filozofii slow fashion. Wysokiej jako\u015bci ubrania szyjemy lokalnie w Gda\u0144sku, wierz\u0105c g\u0142\u0119boko w przemy\u015blan\u0105 mod\u0119 nad szybk\u0105 konsumpcj\u0105 fast fashion. Tworzymy ubrania dla kobiet, kt\u00f3re pragn\u0105 czu\u0107 si\u0119 na treningu atrakcyjnie i wyj\u0105tkowo \u2013 seksownie, lecz ze smakiem. Nasze projekty podkre\u015blaj\u0105 naturalne [&hellip;]<\/p>\n","protected":false},"author":1,"featured_media":0,"parent":0,"menu_order":0,"comment_status":"closed","ping_status":"closed","template":"","meta":{"site-sidebar-layout":"no-sidebar","site-content-layout":"page-builder","ast-site-content-layout":"full-width-container","site-content-style":"unboxed","site-sidebar-style":"unboxed","ast-global-header-display":"","ast-banner-title-visibility":"","ast-main-header-display":"","ast-hfb-above-header-display":"","ast-hfb-below-header-display":"","ast-hfb-mobile-header-display":"","site-post-title":"","ast-breadcrumbs-content":"","ast-featured-img":"disabled","footer-sml-layout":"","ast-disable-related-posts":"","theme-transparent-header-meta":"enabled","adv-header-id-meta":"","stick-header-meta":"","header-above-stick-meta":"","header-main-stick-meta":"","header-below-stick-meta":"","astra-migrate-meta-layouts":"set","ast-page-background-enabled":"default","ast-page-background-meta":{"desktop":{"background-color":"","background-image":"","background-repeat":"repeat","background-position":"center center","background-size":"auto","background-attachment":"scroll","background-type":"","background-media":"","overlay-type":"","overlay-color":"","overlay-opacity":"","overlay-gradient":""},"tablet":{"background-color":"","background-image":"","background-repeat":"repeat","background-position":"center center","background-size":"auto","background-attachment":"scroll","background-type":"","background-media":"","overlay-type":"","overlay-color":"","overlay-opacity":"","overlay-gradient":""},"mobile":{"background-color":"","background-image":"","background-repeat":"repeat","background-position":"center center","background-size":"auto","background-attachment":"scroll","background-type":"","background-media":"","overlay-type":"","overlay-color":"","overlay-opacity":"","overlay-gradient":""}},"ast-content-background-meta":{"desktop":{"background-color":"var(--ast-global-color-5)","background-image":"","background-repeat":"repeat","background-position":"center center","background-size":"auto","background-attachment":"scroll","background-type":"","background-media":"","overlay-type":"","overlay-color":"","overlay-opacity":"","overlay-gradient":""},"tablet":{"background-color":"var(--ast-global-color-5)","background-image":"","background-repeat":"repeat","background-position":"center center","background-size":"auto","background-attachment":"scroll","background-type":"","background-media":"","overlay-type":"","overlay-color":"","overlay-opacity":"","overlay-gradient":""},"mobile":{"background-color":"var(--ast-global-color-5)","background-image":"","background-repeat":"repeat","background-position":"center center","background-size":"auto","background-attachment":"scroll","background-type":"","background-media":"","overlay-type":"","overlay-color":"","overlay-opacity":"","overlay-gradient":""}},"footnotes":""},"class_list":["post-43","page","type-page","status-publish","hentry"],"yoast_head":"<!-- This site is optimized with the Yoast SEO plugin v27.4 - https:\/\/yoast.com\/product\/yoast-seo-wordpress\/ -->\n<title>Ready to pole | O mnie - Ready to Pole<\/title>\n<meta name=\"description\" content=\"Hej, tu Milena. Z mi\u0142o\u015bci do pole dance i exotic powsta\u0142a marka Ready to pole. Zapraszam na moj\u0105 stron\u0119 internetow\u0105 oraz do sklepu.\" \/>\n<meta name=\"robots\" content=\"index, follow, max-snippet:-1, max-image-preview:large, max-video-preview:-1\" \/>\n<link rel=\"canonical\" href=\"https:\/\/readytopole.pl\/en\/o-mnie\/\" \/>\n<meta property=\"og:locale\" content=\"en_US\" \/>\n<meta property=\"og:type\" content=\"article\" \/>\n<meta property=\"og:title\" content=\"Ready to pole | O mnie - Ready to Pole\" \/>\n<meta property=\"og:description\" content=\"Hej, tu Milena. Z mi\u0142o\u015bci do pole dance i exotic powsta\u0142a marka Ready to pole. Zapraszam na moj\u0105 stron\u0119 internetow\u0105 oraz do sklepu.\" \/>\n<meta property=\"og:url\" content=\"https:\/\/readytopole.pl\/en\/o-mnie\/\" \/>\n<meta property=\"og:site_name\" content=\"Ready to Pole\" \/>\n<meta property=\"article:publisher\" content=\"https:\/\/www.facebook.com\/people\/readytopole\/100084322415310\/\" \/>\n<meta property=\"article:modified_time\" content=\"2026-02-24T12:15:11+00:00\" \/>\n<meta property=\"og:image\" content=\"https:\/\/readytopole.pl\/wp-content\/uploads\/2026\/02\/zdjecie-poziome-o-mnie-1024x536.jpeg\" \/>\n<meta name=\"twitter:card\" content=\"summary_large_image\" \/>\n<meta name=\"twitter:label1\" content=\"Est. reading time\" \/>\n\t<meta name=\"twitter:data1\" content=\"4 minutes\" \/>\n<script type=\"application\/ld+json\" class=\"yoast-schema-graph\">{\"@context\":\"https:\\\/\\\/schema.org\",\"@graph\":[{\"@type\":[\"WebPage\",\"AboutPage\"],\"@id\":\"https:\\\/\\\/readytopole.pl\\\/o-mnie\\\/\",\"url\":\"https:\\\/\\\/readytopole.pl\\\/o-mnie\\\/\",\"name\":\"Ready to pole | O mnie - Ready to Pole\",\"isPartOf\":{\"@id\":\"https:\\\/\\\/readytopole.pl\\\/#website\"},\"primaryImageOfPage\":{\"@id\":\"https:\\\/\\\/readytopole.pl\\\/o-mnie\\\/#primaryimage\"},\"image\":{\"@id\":\"https:\\\/\\\/readytopole.pl\\\/o-mnie\\\/#primaryimage\"},\"thumbnailUrl\":\"https:\\\/\\\/readytopole.pl\\\/wp-content\\\/uploads\\\/2026\\\/02\\\/zdjecie-poziome-o-mnie-1024x536.jpeg\",\"datePublished\":\"2017-12-17T09:06:43+00:00\",\"dateModified\":\"2026-02-24T12:15:11+00:00\",\"description\":\"Hej, tu Milena. Z mi\u0142o\u015bci do pole dance i exotic powsta\u0142a marka Ready to pole. Zapraszam na moj\u0105 stron\u0119 internetow\u0105 oraz do sklepu.\",\"breadcrumb\":{\"@id\":\"https:\\\/\\\/readytopole.pl\\\/o-mnie\\\/#breadcrumb\"},\"inLanguage\":\"en-US\",\"potentialAction\":[{\"@type\":\"ReadAction\",\"target\":[\"https:\\\/\\\/readytopole.pl\\\/o-mnie\\\/\"]}]},{\"@type\":\"ImageObject\",\"inLanguage\":\"en-US\",\"@id\":\"https:\\\/\\\/readytopole.pl\\\/o-mnie\\\/#primaryimage\",\"url\":\"https:\\\/\\\/readytopole.pl\\\/wp-content\\\/uploads\\\/2026\\\/02\\\/zdjecie-poziome-o-mnie-1024x536.jpeg\",\"contentUrl\":\"https:\\\/\\\/readytopole.pl\\\/wp-content\\\/uploads\\\/2026\\\/02\\\/zdjecie-poziome-o-mnie-1024x536.jpeg\"},{\"@type\":\"BreadcrumbList\",\"@id\":\"https:\\\/\\\/readytopole.pl\\\/o-mnie\\\/#breadcrumb\",\"itemListElement\":[{\"@type\":\"ListItem\",\"position\":1,\"name\":\"Strona g\u0142\u00f3wna\",\"item\":\"https:\\\/\\\/readytopole.pl\\\/\"},{\"@type\":\"ListItem\",\"position\":2,\"name\":\"O mnie\"}]},{\"@type\":\"WebSite\",\"@id\":\"https:\\\/\\\/readytopole.pl\\\/#website\",\"url\":\"https:\\\/\\\/readytopole.pl\\\/\",\"name\":\"Ready to Pole | Polewear - Slow Fashion dla Pole Dance\",\"description\":\"Blog | Sklep z odzie\u017c\u0105 do Poledance\",\"publisher\":{\"@id\":\"https:\\\/\\\/readytopole.pl\\\/#organization\"},\"alternateName\":\"Ready to pole\",\"potentialAction\":[{\"@type\":\"SearchAction\",\"target\":{\"@type\":\"EntryPoint\",\"urlTemplate\":\"https:\\\/\\\/readytopole.pl\\\/?s={search_term_string}\"},\"query-input\":{\"@type\":\"PropertyValueSpecification\",\"valueRequired\":true,\"valueName\":\"search_term_string\"}}],\"inLanguage\":\"en-US\"},{\"@type\":\"Organization\",\"@id\":\"https:\\\/\\\/readytopole.pl\\\/#organization\",\"name\":\"Ready to pole\",\"alternateName\":\"Rtp\",\"url\":\"https:\\\/\\\/readytopole.pl\\\/\",\"logo\":{\"@type\":\"ImageObject\",\"inLanguage\":\"en-US\",\"@id\":\"https:\\\/\\\/readytopole.pl\\\/#\\\/schema\\\/logo\\\/image\\\/\",\"url\":\"https:\\\/\\\/readytopole.pl\\\/wp-content\\\/uploads\\\/2023\\\/02\\\/cropped-cropped-RTP-logotyp-gold-effect-v1.png\",\"contentUrl\":\"https:\\\/\\\/readytopole.pl\\\/wp-content\\\/uploads\\\/2023\\\/02\\\/cropped-cropped-RTP-logotyp-gold-effect-v1.png\",\"width\":1200,\"height\":1200,\"caption\":\"Ready to pole\"},\"image\":{\"@id\":\"https:\\\/\\\/readytopole.pl\\\/#\\\/schema\\\/logo\\\/image\\\/\"},\"sameAs\":[\"https:\\\/\\\/www.facebook.com\\\/people\\\/readytopole\\\/100084322415310\\\/\",\"https:\\\/\\\/www.instagram.com\\\/readytopole\\\/?igshid=YmMyMTA2M2Y=\"]}]}<\/script>\n<!-- \/ Yoast SEO plugin. -->","yoast_head_json":{"title":"Ready to pole | O mnie - Ready to Pole","description":"Hej, tu Milena. Z mi\u0142o\u015bci do pole dance i exotic powsta\u0142a marka Ready to pole. Zapraszam na moj\u0105 stron\u0119 internetow\u0105 oraz do sklepu.","robots":{"index":"index","follow":"follow","max-snippet":"max-snippet:-1","max-image-preview":"max-image-preview:large","max-video-preview":"max-video-preview:-1"},"canonical":"https:\/\/readytopole.pl\/en\/o-mnie\/","og_locale":"en_US","og_type":"article","og_title":"Ready to pole | O mnie - Ready to Pole","og_description":"Hej, tu Milena. Z mi\u0142o\u015bci do pole dance i exotic powsta\u0142a marka Ready to pole. Zapraszam na moj\u0105 stron\u0119 internetow\u0105 oraz do sklepu.","og_url":"https:\/\/readytopole.pl\/en\/o-mnie\/","og_site_name":"Ready to Pole","article_publisher":"https:\/\/www.facebook.com\/people\/readytopole\/100084322415310\/","article_modified_time":"2026-02-24T12:15:11+00:00","og_image":[{"url":"https:\/\/readytopole.pl\/wp-content\/uploads\/2026\/02\/zdjecie-poziome-o-mnie-1024x536.jpeg","type":"","width":"","height":""}],"twitter_card":"summary_large_image","twitter_misc":{"Est. reading time":"4 minutes"},"schema":{"@context":"https:\/\/schema.org","@graph":[{"@type":["WebPage","AboutPage"],"@id":"https:\/\/readytopole.pl\/o-mnie\/","url":"https:\/\/readytopole.pl\/o-mnie\/","name":"Ready to pole | O mnie - Ready to Pole","isPartOf":{"@id":"https:\/\/readytopole.pl\/#website"},"primaryImageOfPage":{"@id":"https:\/\/readytopole.pl\/o-mnie\/#primaryimage"},"image":{"@id":"https:\/\/readytopole.pl\/o-mnie\/#primaryimage"},"thumbnailUrl":"https:\/\/readytopole.pl\/wp-content\/uploads\/2026\/02\/zdjecie-poziome-o-mnie-1024x536.jpeg","datePublished":"2017-12-17T09:06:43+00:00","dateModified":"2026-02-24T12:15:11+00:00","description":"Hej, tu Milena. Z mi\u0142o\u015bci do pole dance i exotic powsta\u0142a marka Ready to pole. Zapraszam na moj\u0105 stron\u0119 internetow\u0105 oraz do sklepu.","breadcrumb":{"@id":"https:\/\/readytopole.pl\/o-mnie\/#breadcrumb"},"inLanguage":"en-US","potentialAction":[{"@type":"ReadAction","target":["https:\/\/readytopole.pl\/o-mnie\/"]}]},{"@type":"ImageObject","inLanguage":"en-US","@id":"https:\/\/readytopole.pl\/o-mnie\/#primaryimage","url":"https:\/\/readytopole.pl\/wp-content\/uploads\/2026\/02\/zdjecie-poziome-o-mnie-1024x536.jpeg","contentUrl":"https:\/\/readytopole.pl\/wp-content\/uploads\/2026\/02\/zdjecie-poziome-o-mnie-1024x536.jpeg"},{"@type":"BreadcrumbList","@id":"https:\/\/readytopole.pl\/o-mnie\/#breadcrumb","itemListElement":[{"@type":"ListItem","position":1,"name":"Strona g\u0142\u00f3wna","item":"https:\/\/readytopole.pl\/"},{"@type":"ListItem","position":2,"name":"O mnie"}]},{"@type":"WebSite","@id":"https:\/\/readytopole.pl\/#website","url":"https:\/\/readytopole.pl\/","name":"Ready to Pole | Polewear - Slow Fashion dla Pole Dance","description":"Blog | Sklep z odzie\u017c\u0105 do Poledance","publisher":{"@id":"https:\/\/readytopole.pl\/#organization"},"alternateName":"Ready to pole","potentialAction":[{"@type":"SearchAction","target":{"@type":"EntryPoint","urlTemplate":"https:\/\/readytopole.pl\/?s={search_term_string}"},"query-input":{"@type":"PropertyValueSpecification","valueRequired":true,"valueName":"search_term_string"}}],"inLanguage":"en-US"},{"@type":"Organization","@id":"https:\/\/readytopole.pl\/#organization","name":"Ready to pole","alternateName":"Rtp","url":"https:\/\/readytopole.pl\/","logo":{"@type":"ImageObject","inLanguage":"en-US","@id":"https:\/\/readytopole.pl\/#\/schema\/logo\/image\/","url":"https:\/\/readytopole.pl\/wp-content\/uploads\/2023\/02\/cropped-cropped-RTP-logotyp-gold-effect-v1.png","contentUrl":"https:\/\/readytopole.pl\/wp-content\/uploads\/2023\/02\/cropped-cropped-RTP-logotyp-gold-effect-v1.png","width":1200,"height":1200,"caption":"Ready to pole"},"image":{"@id":"https:\/\/readytopole.pl\/#\/schema\/logo\/image\/"},"sameAs":["https:\/\/www.facebook.com\/people\/readytopole\/100084322415310\/","https:\/\/www.instagram.com\/readytopole\/?igshid=YmMyMTA2M2Y="]}]}},"_links":{"self":[{"href":"https:\/\/readytopole.pl\/en\/wp-json\/wp\/v2\/pages\/43","targetHints":{"allow":["GET"]}}],"collection":[{"href":"https:\/\/readytopole.pl\/en\/wp-json\/wp\/v2\/pages"}],"about":[{"href":"https:\/\/readytopole.pl\/en\/wp-json\/wp\/v2\/types\/page"}],"author":[{"embeddable":true,"href":"https:\/\/readytopole.pl\/en\/wp-json\/wp\/v2\/users\/1"}],"replies":[{"embeddable":true,"href":"https:\/\/readytopole.pl\/en\/wp-json\/wp\/v2\/comments?post=43"}],"version-history":[{"count":250,"href":"https:\/\/readytopole.pl\/en\/wp-json\/wp\/v2\/pages\/43\/revisions"}],"predecessor-version":[{"id":21304,"href":"https:\/\/readytopole.pl\/en\/wp-json\/wp\/v2\/pages\/43\/revisions\/21304"}],"wp:attachment":[{"href":"https:\/\/readytopole.pl\/en\/wp-json\/wp\/v2\/media?parent=43"}],"curies":[{"name":"wp","href":"https:\/\/api.w.org\/{rel}","templated":true}]}}