{"id":16420,"date":"2024-09-18T13:47:24","date_gmt":"2024-09-18T11:47:24","guid":{"rendered":"https:\/\/readytopole.pl\/?page_id=16420"},"modified":"2024-09-18T16:08:18","modified_gmt":"2024-09-18T14:08:18","slug":"wspolpraca","status":"publish","type":"page","link":"https:\/\/readytopole.pl\/en\/wspolpraca\/","title":{"rendered":"Wsp\u00f3\u0142praca"},"content":{"rendered":"<div data-elementor-type=\"wp-page\" data-elementor-id=\"16420\" class=\"elementor elementor-16420\">\n\t\t\t\t\t\t<section class=\"elementor-section elementor-top-section elementor-element elementor-element-4e302bd elementor-section-boxed elementor-section-height-default elementor-section-height-default\" data-id=\"4e302bd\" data-element_type=\"section\" data-e-type=\"section\">\n\t\t\t\t\t\t<div class=\"elementor-container elementor-column-gap-default\">\n\t\t\t\t\t<div class=\"elementor-column elementor-col-100 elementor-top-column elementor-element elementor-element-1a96701\" data-id=\"1a96701\" data-element_type=\"column\" data-e-type=\"column\">\n\t\t\t<div class=\"elementor-widget-wrap elementor-element-populated\">\n\t\t\t\t\t\t<div class=\"elementor-element elementor-element-ce4c1da elementor-widget elementor-widget-heading\" data-id=\"ce4c1da\" data-element_type=\"widget\" data-e-type=\"widget\" data-widget_type=\"heading.default\">\n\t\t\t\t<div class=\"elementor-widget-container\">\n\t\t\t\t\t<h1 class=\"elementor-heading-title elementor-size-default\">Wsp\u00f3\u0142praca<\/h1>\t\t\t\t<\/div>\n\t\t\t\t<\/div>\n\t\t\t\t<div class=\"elementor-element elementor-element-0a7ac1a elementor-widget elementor-widget-text-editor\" data-id=\"0a7ac1a\" data-element_type=\"widget\" data-e-type=\"widget\" data-widget_type=\"text-editor.default\">\n\t\t\t\t<div class=\"elementor-widget-container\">\n\t\t\t\t\t\t\t\t\t<p><strong>Do\u0142\u0105cz do grona Ambasadorek marki Ready to Pole!<\/strong><\/p><p>Masz do\u015bwiadczenie w pole dance lub exotic? Jeste\u015b instruktork\u0105 albo aktywnie dzielisz si\u0119 swoj\u0105 pasj\u0105 i umiej\u0119tno\u015bciami w mediach spo\u0142eczno\u015bciowych? Sport to Twoja codzienno\u015b\u0107, a dzielenie si\u0119 tym, co kochasz, sprawia Ci rado\u015b\u0107?<\/p><p>Je\u015bli odpowiedzia\u0142a\u015b &#8220;tak&#8221; na te pytania i podobaj\u0105 Ci si\u0119 nasze ubrania do pole dance oraz stroje exotic, zapraszamy Ci\u0119 do kontaktu! Napisz do nas na adres: <strong>kontakt@readytopole.pl<\/strong>. Opowiedz nam o sobie i poka\u017c, jak inspirujesz innych swoj\u0105 pasj\u0105. Do\u0142\u0105cz linki do swoich social medi\u00f3w, aby\u015bmy mogli Ci\u0119 lepiej pozna\u0107.<\/p><p>Cho\u0107 oficjalne nabory na ambasadorki marki organizujemy w r\u00f3\u017cnych odst\u0119pach czasu, regularnie przegl\u0105damy wszystkie zg\u0142oszenia, kt\u00f3re do nas trafiaj\u0105.<\/p><p>Nie czekaj na zaproszenie \u2013 zwi\u0119ksz swoje szanse i skontaktuj si\u0119 z nami ju\u017c teraz. By\u0107 mo\u017ce to w\u0142a\u015bnie na Ciebie czekamy, by wsp\u00f3lnie szerzy\u0107 motto Ready to Pole <strong>Poczuj si\u0119 kobieco. <\/strong><\/p>\t\t\t\t\t\t\t\t<\/div>\n\t\t\t\t<\/div>\n\t\t\t\t\t<\/div>\n\t\t<\/div>\n\t\t\t\t\t<\/div>\n\t\t<\/section>\n\t\t\t\t<section class=\"elementor-section elementor-top-section elementor-element elementor-element-90b9826 elementor-section-boxed elementor-section-height-default elementor-section-height-default\" data-id=\"90b9826\" data-element_type=\"section\" data-e-type=\"section\">\n\t\t\t\t\t\t<div class=\"elementor-container elementor-column-gap-default\">\n\t\t\t\t\t<div class=\"elementor-column elementor-col-100 elementor-top-column elementor-element elementor-element-d9511d9\" data-id=\"d9511d9\" data-element_type=\"column\" data-e-type=\"column\">\n\t\t\t<div class=\"elementor-widget-wrap elementor-element-populated\">\n\t\t\t\t\t\t<div class=\"elementor-element elementor-element-eb5c814 elementor-widget elementor-widget-image\" data-id=\"eb5c814\" data-element_type=\"widget\" data-e-type=\"widget\" data-widget_type=\"image.default\">\n\t\t\t\t<div class=\"elementor-widget-container\">\n\t\t\t\t\t\t\t\t\t\t\t\t<figure class=\"wp-caption\">\n\t\t\t\t\t\t\t\t\t\t<img fetchpriority=\"high\" decoding=\"async\" width=\"1030\" height=\"1545\" src=\"https:\/\/readytopole.pl\/wp-content\/uploads\/2024\/09\/ReadytopoleWspolpraca.webp\" class=\"attachment-full size-full wp-image-16432\" alt=\"Ready to pole - Ambasadorki marki ready to pole w ubraniach do pole dance z kolekcji Rtp No 5\" srcset=\"https:\/\/readytopole.pl\/wp-content\/uploads\/2024\/09\/ReadytopoleWspolpraca.webp 1030w, https:\/\/readytopole.pl\/wp-content\/uploads\/2024\/09\/ReadytopoleWspolpraca-200x300.webp 200w, https:\/\/readytopole.pl\/wp-content\/uploads\/2024\/09\/ReadytopoleWspolpraca-683x1024.webp 683w, https:\/\/readytopole.pl\/wp-content\/uploads\/2024\/09\/ReadytopoleWspolpraca-768x1152.webp 768w, https:\/\/readytopole.pl\/wp-content\/uploads\/2024\/09\/ReadytopoleWspolpraca-1024x1536.webp 1024w, https:\/\/readytopole.pl\/wp-content\/uploads\/2024\/09\/ReadytopoleWspolpraca-8x12.webp 8w, https:\/\/readytopole.pl\/wp-content\/uploads\/2024\/09\/ReadytopoleWspolpraca-600x900.webp 600w\" sizes=\"(max-width: 1030px) 100vw, 1030px\" \/>\t\t\t\t\t\t\t\t\t\t\t<figcaption class=\"widget-image-caption wp-caption-text\">Anna Kuszczyk, Natalia Sulak-Posiada\u0142a, Milena Derleta. Fot. Julia Kubiak<\/figcaption>\n\t\t\t\t\t\t\t\t\t\t<\/figure>\n\t\t\t\t\t\t\t\t\t<\/div>\n\t\t\t\t<\/div>\n\t\t\t\t\t<\/div>\n\t\t<\/div>\n\t\t\t\t\t<\/div>\n\t\t<\/section>\n\t\t\t\t<\/div>","protected":false},"excerpt":{"rendered":"<p>Wsp\u00f3\u0142praca Do\u0142\u0105cz do grona Ambasadorek marki Ready to Pole! Masz do\u015bwiadczenie w pole dance lub exotic? Jeste\u015b instruktork\u0105 albo aktywnie dzielisz si\u0119 swoj\u0105 pasj\u0105 i umiej\u0119tno\u015bciami w mediach spo\u0142eczno\u015bciowych? Sport to Twoja codzienno\u015b\u0107, a dzielenie si\u0119 tym, co kochasz, sprawia Ci rado\u015b\u0107? Je\u015bli odpowiedzia\u0142a\u015b &#8220;tak&#8221; na te pytania i podobaj\u0105 Ci si\u0119 nasze ubrania do [&hellip;]<\/p>\n","protected":false},"author":1,"featured_media":10798,"parent":0,"menu_order":0,"comment_status":"closed","ping_status":"closed","template":"","meta":{"site-sidebar-layout":"no-sidebar","site-content-layout":"page-builder","ast-site-content-layout":"full-width-container","site-content-style":"unboxed","site-sidebar-style":"unboxed","ast-global-header-display":"","ast-banner-title-visibility":"","ast-main-header-display":"","ast-hfb-above-header-display":"","ast-hfb-below-header-display":"","ast-hfb-mobile-header-display":"","site-post-title":"disabled","ast-breadcrumbs-content":"","ast-featured-img":"disabled","footer-sml-layout":"","ast-disable-related-posts":"","theme-transparent-header-meta":"","adv-header-id-meta":"","stick-header-meta":"","header-above-stick-meta":"","header-main-stick-meta":"","header-below-stick-meta":"","astra-migrate-meta-layouts":"set","ast-page-background-enabled":"default","ast-page-background-meta":{"desktop":{"background-color":"","background-image":"","background-repeat":"repeat","background-position":"center center","background-size":"auto","background-attachment":"scroll","background-type":"","background-media":"","overlay-type":"","overlay-color":"","overlay-opacity":"","overlay-gradient":""},"tablet":{"background-color":"","background-image":"","background-repeat":"repeat","background-position":"center center","background-size":"auto","background-attachment":"scroll","background-type":"","background-media":"","overlay-type":"","overlay-color":"","overlay-opacity":"","overlay-gradient":""},"mobile":{"background-color":"","background-image":"","background-repeat":"repeat","background-position":"center center","background-size":"auto","background-attachment":"scroll","background-type":"","background-media":"","overlay-type":"","overlay-color":"","overlay-opacity":"","overlay-gradient":""}},"ast-content-background-meta":{"desktop":{"background-color":"var(--ast-global-color-5)","background-image":"","background-repeat":"repeat","background-position":"center center","background-size":"auto","background-attachment":"scroll","background-type":"","background-media":"","overlay-type":"","overlay-color":"","overlay-opacity":"","overlay-gradient":""},"tablet":{"background-color":"var(--ast-global-color-5)","background-image":"","background-repeat":"repeat","background-position":"center center","background-size":"auto","background-attachment":"scroll","background-type":"","background-media":"","overlay-type":"","overlay-color":"","overlay-opacity":"","overlay-gradient":""},"mobile":{"background-color":"var(--ast-global-color-5)","background-image":"","background-repeat":"repeat","background-position":"center center","background-size":"auto","background-attachment":"scroll","background-type":"","background-media":"","overlay-type":"","overlay-color":"","overlay-opacity":"","overlay-gradient":""}},"footnotes":""},"class_list":["post-16420","page","type-page","status-publish","has-post-thumbnail","hentry"],"yoast_head":"<!-- This site is optimized with the Yoast SEO plugin v27.4 - https:\/\/yoast.com\/product\/yoast-seo-wordpress\/ -->\n<title>Wsp\u00f3\u0142praca - Ready to Pole<\/title>\n<meta name=\"description\" content=\"Sprawd\u017a dost\u0119pne opcje dostawy do paczkomatu, punktu lub bezpo\u015brednio na adres. Skorzystaj z darmowej dostawy od 300 z\u0142.\" \/>\n<meta name=\"robots\" content=\"index, follow, max-snippet:-1, max-image-preview:large, max-video-preview:-1\" \/>\n<link rel=\"canonical\" href=\"https:\/\/readytopole.pl\/en\/wspolpraca\/\" \/>\n<meta property=\"og:locale\" content=\"en_US\" \/>\n<meta property=\"og:type\" content=\"article\" \/>\n<meta property=\"og:title\" content=\"Wsp\u00f3\u0142praca - Ready to Pole\" \/>\n<meta property=\"og:description\" content=\"Sprawd\u017a dost\u0119pne opcje dostawy do paczkomatu, punktu lub bezpo\u015brednio na adres. Skorzystaj z darmowej dostawy od 300 z\u0142.\" \/>\n<meta property=\"og:url\" content=\"https:\/\/readytopole.pl\/en\/wspolpraca\/\" \/>\n<meta property=\"og:site_name\" content=\"Ready to Pole\" \/>\n<meta property=\"article:publisher\" content=\"https:\/\/www.facebook.com\/people\/readytopole\/100084322415310\/\" \/>\n<meta property=\"article:modified_time\" content=\"2024-09-18T14:08:18+00:00\" \/>\n<meta property=\"og:image\" content=\"https:\/\/readytopole.pl\/wp-content\/uploads\/2023\/12\/Zestaw_Libre_Milena_Derleta_Natalia_Sulak.jpeg\" \/>\n\t<meta property=\"og:image:width\" content=\"1365\" \/>\n\t<meta property=\"og:image:height\" content=\"2048\" \/>\n\t<meta property=\"og:image:type\" content=\"image\/jpeg\" \/>\n<meta name=\"twitter:card\" content=\"summary_large_image\" \/>\n<meta name=\"twitter:label1\" content=\"Est. reading time\" \/>\n\t<meta name=\"twitter:data1\" content=\"2 minutes\" \/>\n<script type=\"application\/ld+json\" class=\"yoast-schema-graph\">{\"@context\":\"https:\\\/\\\/schema.org\",\"@graph\":[{\"@type\":\"WebPage\",\"@id\":\"https:\\\/\\\/readytopole.pl\\\/wspolpraca\\\/\",\"url\":\"https:\\\/\\\/readytopole.pl\\\/wspolpraca\\\/\",\"name\":\"Wsp\u00f3\u0142praca - Ready to Pole\",\"isPartOf\":{\"@id\":\"https:\\\/\\\/readytopole.pl\\\/#website\"},\"primaryImageOfPage\":{\"@id\":\"https:\\\/\\\/readytopole.pl\\\/wspolpraca\\\/#primaryimage\"},\"image\":{\"@id\":\"https:\\\/\\\/readytopole.pl\\\/wspolpraca\\\/#primaryimage\"},\"thumbnailUrl\":\"https:\\\/\\\/readytopole.pl\\\/wp-content\\\/uploads\\\/2023\\\/12\\\/Zestaw_Libre_Milena_Derleta_Natalia_Sulak.jpeg\",\"datePublished\":\"2024-09-18T11:47:24+00:00\",\"dateModified\":\"2024-09-18T14:08:18+00:00\",\"description\":\"Sprawd\u017a dost\u0119pne opcje dostawy do paczkomatu, punktu lub bezpo\u015brednio na adres. Skorzystaj z darmowej dostawy od 300 z\u0142.\",\"breadcrumb\":{\"@id\":\"https:\\\/\\\/readytopole.pl\\\/wspolpraca\\\/#breadcrumb\"},\"inLanguage\":\"en-US\",\"potentialAction\":[{\"@type\":\"ReadAction\",\"target\":[\"https:\\\/\\\/readytopole.pl\\\/wspolpraca\\\/\"]}]},{\"@type\":\"ImageObject\",\"inLanguage\":\"en-US\",\"@id\":\"https:\\\/\\\/readytopole.pl\\\/wspolpraca\\\/#primaryimage\",\"url\":\"https:\\\/\\\/readytopole.pl\\\/wp-content\\\/uploads\\\/2023\\\/12\\\/Zestaw_Libre_Milena_Derleta_Natalia_Sulak.jpeg\",\"contentUrl\":\"https:\\\/\\\/readytopole.pl\\\/wp-content\\\/uploads\\\/2023\\\/12\\\/Zestaw_Libre_Milena_Derleta_Natalia_Sulak.jpeg\",\"width\":1365,\"height\":2048,\"caption\":\"Szerokie opcje dostawy w sklepie Ready to pole\"},{\"@type\":\"BreadcrumbList\",\"@id\":\"https:\\\/\\\/readytopole.pl\\\/wspolpraca\\\/#breadcrumb\",\"itemListElement\":[{\"@type\":\"ListItem\",\"position\":1,\"name\":\"Strona g\u0142\u00f3wna\",\"item\":\"https:\\\/\\\/readytopole.pl\\\/\"},{\"@type\":\"ListItem\",\"position\":2,\"name\":\"Wsp\u00f3\u0142praca\"}]},{\"@type\":\"WebSite\",\"@id\":\"https:\\\/\\\/readytopole.pl\\\/#website\",\"url\":\"https:\\\/\\\/readytopole.pl\\\/\",\"name\":\"Ready to Pole | Polewear - Slow Fashion dla Pole Dance\",\"description\":\"Blog | Sklep z odzie\u017c\u0105 do Poledance\",\"publisher\":{\"@id\":\"https:\\\/\\\/readytopole.pl\\\/#organization\"},\"alternateName\":\"Ready to pole\",\"potentialAction\":[{\"@type\":\"SearchAction\",\"target\":{\"@type\":\"EntryPoint\",\"urlTemplate\":\"https:\\\/\\\/readytopole.pl\\\/?s={search_term_string}\"},\"query-input\":{\"@type\":\"PropertyValueSpecification\",\"valueRequired\":true,\"valueName\":\"search_term_string\"}}],\"inLanguage\":\"en-US\"},{\"@type\":\"Organization\",\"@id\":\"https:\\\/\\\/readytopole.pl\\\/#organization\",\"name\":\"Ready to pole\",\"alternateName\":\"Rtp\",\"url\":\"https:\\\/\\\/readytopole.pl\\\/\",\"logo\":{\"@type\":\"ImageObject\",\"inLanguage\":\"en-US\",\"@id\":\"https:\\\/\\\/readytopole.pl\\\/#\\\/schema\\\/logo\\\/image\\\/\",\"url\":\"https:\\\/\\\/readytopole.pl\\\/wp-content\\\/uploads\\\/2023\\\/02\\\/cropped-cropped-RTP-logotyp-gold-effect-v1.png\",\"contentUrl\":\"https:\\\/\\\/readytopole.pl\\\/wp-content\\\/uploads\\\/2023\\\/02\\\/cropped-cropped-RTP-logotyp-gold-effect-v1.png\",\"width\":1200,\"height\":1200,\"caption\":\"Ready to pole\"},\"image\":{\"@id\":\"https:\\\/\\\/readytopole.pl\\\/#\\\/schema\\\/logo\\\/image\\\/\"},\"sameAs\":[\"https:\\\/\\\/www.facebook.com\\\/people\\\/readytopole\\\/100084322415310\\\/\",\"https:\\\/\\\/www.instagram.com\\\/readytopole\\\/?igshid=YmMyMTA2M2Y=\"]}]}<\/script>\n<!-- \/ Yoast SEO plugin. -->","yoast_head_json":{"title":"Wsp\u00f3\u0142praca - Ready to Pole","description":"Sprawd\u017a dost\u0119pne opcje dostawy do paczkomatu, punktu lub bezpo\u015brednio na adres. Skorzystaj z darmowej dostawy od 300 z\u0142.","robots":{"index":"index","follow":"follow","max-snippet":"max-snippet:-1","max-image-preview":"max-image-preview:large","max-video-preview":"max-video-preview:-1"},"canonical":"https:\/\/readytopole.pl\/en\/wspolpraca\/","og_locale":"en_US","og_type":"article","og_title":"Wsp\u00f3\u0142praca - Ready to Pole","og_description":"Sprawd\u017a dost\u0119pne opcje dostawy do paczkomatu, punktu lub bezpo\u015brednio na adres. Skorzystaj z darmowej dostawy od 300 z\u0142.","og_url":"https:\/\/readytopole.pl\/en\/wspolpraca\/","og_site_name":"Ready to Pole","article_publisher":"https:\/\/www.facebook.com\/people\/readytopole\/100084322415310\/","article_modified_time":"2024-09-18T14:08:18+00:00","og_image":[{"width":1365,"height":2048,"url":"https:\/\/readytopole.pl\/wp-content\/uploads\/2023\/12\/Zestaw_Libre_Milena_Derleta_Natalia_Sulak.jpeg","type":"image\/jpeg"}],"twitter_card":"summary_large_image","twitter_misc":{"Est. reading time":"2 minutes"},"schema":{"@context":"https:\/\/schema.org","@graph":[{"@type":"WebPage","@id":"https:\/\/readytopole.pl\/wspolpraca\/","url":"https:\/\/readytopole.pl\/wspolpraca\/","name":"Wsp\u00f3\u0142praca - Ready to Pole","isPartOf":{"@id":"https:\/\/readytopole.pl\/#website"},"primaryImageOfPage":{"@id":"https:\/\/readytopole.pl\/wspolpraca\/#primaryimage"},"image":{"@id":"https:\/\/readytopole.pl\/wspolpraca\/#primaryimage"},"thumbnailUrl":"https:\/\/readytopole.pl\/wp-content\/uploads\/2023\/12\/Zestaw_Libre_Milena_Derleta_Natalia_Sulak.jpeg","datePublished":"2024-09-18T11:47:24+00:00","dateModified":"2024-09-18T14:08:18+00:00","description":"Sprawd\u017a dost\u0119pne opcje dostawy do paczkomatu, punktu lub bezpo\u015brednio na adres. Skorzystaj z darmowej dostawy od 300 z\u0142.","breadcrumb":{"@id":"https:\/\/readytopole.pl\/wspolpraca\/#breadcrumb"},"inLanguage":"en-US","potentialAction":[{"@type":"ReadAction","target":["https:\/\/readytopole.pl\/wspolpraca\/"]}]},{"@type":"ImageObject","inLanguage":"en-US","@id":"https:\/\/readytopole.pl\/wspolpraca\/#primaryimage","url":"https:\/\/readytopole.pl\/wp-content\/uploads\/2023\/12\/Zestaw_Libre_Milena_Derleta_Natalia_Sulak.jpeg","contentUrl":"https:\/\/readytopole.pl\/wp-content\/uploads\/2023\/12\/Zestaw_Libre_Milena_Derleta_Natalia_Sulak.jpeg","width":1365,"height":2048,"caption":"Szerokie opcje dostawy w sklepie Ready to pole"},{"@type":"BreadcrumbList","@id":"https:\/\/readytopole.pl\/wspolpraca\/#breadcrumb","itemListElement":[{"@type":"ListItem","position":1,"name":"Strona g\u0142\u00f3wna","item":"https:\/\/readytopole.pl\/"},{"@type":"ListItem","position":2,"name":"Wsp\u00f3\u0142praca"}]},{"@type":"WebSite","@id":"https:\/\/readytopole.pl\/#website","url":"https:\/\/readytopole.pl\/","name":"Ready to Pole | Polewear - Slow Fashion dla Pole Dance","description":"Blog | Sklep z odzie\u017c\u0105 do Poledance","publisher":{"@id":"https:\/\/readytopole.pl\/#organization"},"alternateName":"Ready to pole","potentialAction":[{"@type":"SearchAction","target":{"@type":"EntryPoint","urlTemplate":"https:\/\/readytopole.pl\/?s={search_term_string}"},"query-input":{"@type":"PropertyValueSpecification","valueRequired":true,"valueName":"search_term_string"}}],"inLanguage":"en-US"},{"@type":"Organization","@id":"https:\/\/readytopole.pl\/#organization","name":"Ready to pole","alternateName":"Rtp","url":"https:\/\/readytopole.pl\/","logo":{"@type":"ImageObject","inLanguage":"en-US","@id":"https:\/\/readytopole.pl\/#\/schema\/logo\/image\/","url":"https:\/\/readytopole.pl\/wp-content\/uploads\/2023\/02\/cropped-cropped-RTP-logotyp-gold-effect-v1.png","contentUrl":"https:\/\/readytopole.pl\/wp-content\/uploads\/2023\/02\/cropped-cropped-RTP-logotyp-gold-effect-v1.png","width":1200,"height":1200,"caption":"Ready to pole"},"image":{"@id":"https:\/\/readytopole.pl\/#\/schema\/logo\/image\/"},"sameAs":["https:\/\/www.facebook.com\/people\/readytopole\/100084322415310\/","https:\/\/www.instagram.com\/readytopole\/?igshid=YmMyMTA2M2Y="]}]}},"_links":{"self":[{"href":"https:\/\/readytopole.pl\/en\/wp-json\/wp\/v2\/pages\/16420","targetHints":{"allow":["GET"]}}],"collection":[{"href":"https:\/\/readytopole.pl\/en\/wp-json\/wp\/v2\/pages"}],"about":[{"href":"https:\/\/readytopole.pl\/en\/wp-json\/wp\/v2\/types\/page"}],"author":[{"embeddable":true,"href":"https:\/\/readytopole.pl\/en\/wp-json\/wp\/v2\/users\/1"}],"replies":[{"embeddable":true,"href":"https:\/\/readytopole.pl\/en\/wp-json\/wp\/v2\/comments?post=16420"}],"version-history":[{"count":17,"href":"https:\/\/readytopole.pl\/en\/wp-json\/wp\/v2\/pages\/16420\/revisions"}],"predecessor-version":[{"id":16442,"href":"https:\/\/readytopole.pl\/en\/wp-json\/wp\/v2\/pages\/16420\/revisions\/16442"}],"wp:featuredmedia":[{"embeddable":true,"href":"https:\/\/readytopole.pl\/en\/wp-json\/wp\/v2\/media\/10798"}],"wp:attachment":[{"href":"https:\/\/readytopole.pl\/en\/wp-json\/wp\/v2\/media?parent=16420"}],"curies":[{"name":"wp","href":"https:\/\/api.w.org\/{rel}","templated":true}]}}