{"id":16367,"date":"2024-09-17T14:41:37","date_gmt":"2024-09-17T12:41:37","guid":{"rendered":"https:\/\/readytopole.pl\/?page_id=16367"},"modified":"2026-02-18T15:45:54","modified_gmt":"2026-02-18T14:45:54","slug":"regulamin-voucherow","status":"publish","type":"page","link":"https:\/\/readytopole.pl\/en\/regulamin-voucherow\/","title":{"rendered":"Regulamin voucher\u00f3w"},"content":{"rendered":"<div data-elementor-type=\"wp-page\" data-elementor-id=\"16367\" class=\"elementor elementor-16367\">\n\t\t\t\t\t\t<section class=\"elementor-section elementor-top-section elementor-element elementor-element-4bfafe57 elementor-section-boxed elementor-section-height-default elementor-section-height-default\" data-id=\"4bfafe57\" data-element_type=\"section\" data-e-type=\"section\">\n\t\t\t\t\t\t<div class=\"elementor-container elementor-column-gap-default\">\n\t\t\t\t\t<div class=\"elementor-column elementor-col-100 elementor-top-column elementor-element elementor-element-135f15b3\" data-id=\"135f15b3\" data-element_type=\"column\" data-e-type=\"column\">\n\t\t\t<div class=\"elementor-widget-wrap elementor-element-populated\">\n\t\t\t\t\t\t<div class=\"elementor-element elementor-element-2fda38e7 elementor-widget elementor-widget-heading\" data-id=\"2fda38e7\" data-element_type=\"widget\" data-e-type=\"widget\" data-widget_type=\"heading.default\">\n\t\t\t\t<div class=\"elementor-widget-container\">\n\t\t\t\t\t<h1 class=\"elementor-heading-title elementor-size-default\">Regulamin korzystania z voucher\u00f3w w sklepie internetowym www.readytopole.pl<\/h1>\t\t\t\t<\/div>\n\t\t\t\t<\/div>\n\t\t\t\t<div class=\"elementor-element elementor-element-c1d6531 elementor-widget elementor-widget-heading\" data-id=\"c1d6531\" data-element_type=\"widget\" data-e-type=\"widget\" data-widget_type=\"heading.default\">\n\t\t\t\t<div class=\"elementor-widget-container\">\n\t\t\t\t\t<h3 class=\"elementor-heading-title elementor-size-default\">\u00a71. Postanowienia og\u00f3lne<\/h3>\t\t\t\t<\/div>\n\t\t\t\t<\/div>\n\t\t\t\t<div class=\"elementor-element elementor-element-51fb855c elementor-widget elementor-widget-text-editor\" data-id=\"51fb855c\" data-element_type=\"widget\" data-e-type=\"widget\" data-widget_type=\"text-editor.default\">\n\t\t\t\t<div class=\"elementor-widget-container\">\n\t\t\t\t\t\t\t\t\t<ol><li>Niniejszy regulamin (\u201eRegulamin\u201d) okre\u015bla zasady korzystania z voucher\u00f3w w sklepie internetowym\u00a0<a href=\"https:\/\/readytopole.pl\/en\/\">www.readytopole.pl<\/a>, prowadzonym przez firm\u0119\u00a0<strong>Ready to pole s.c.<\/strong>, z siedzib\u0105 przy ul. Nadle\u015bniczego Sobies\u0142awa Mo\u015bcickiego 2, 83-300 Kartuzy, NIP: 5892109481 (\u201eSprzedawca\u201d).<\/li><li>Voucher jest form\u0105 bonu upominkowego, kt\u00f3ry mo\u017ce zosta\u0107 wymieniony na towary oferowane w sklepie internetowym\u00a0<a href=\"https:\/\/readytopole.pl\/en\/\">www.readytopole.pl<\/a>.<\/li><li>Zakup vouchera jest r\u00f3wnoznaczny z akceptacj\u0105 niniejszego Regulaminu.<\/li><\/ol>\t\t\t\t\t\t\t\t<\/div>\n\t\t\t\t<\/div>\n\t\t\t\t<div class=\"elementor-element elementor-element-d798235 elementor-widget elementor-widget-heading\" data-id=\"d798235\" data-element_type=\"widget\" data-e-type=\"widget\" data-widget_type=\"heading.default\">\n\t\t\t\t<div class=\"elementor-widget-container\">\n\t\t\t\t\t<h3 class=\"elementor-heading-title elementor-size-default\">\u00a72. Rodzaje i warto\u015b\u0107 voucher\u00f3w<\/h3>\t\t\t\t<\/div>\n\t\t\t\t<\/div>\n\t\t\t\t<div class=\"elementor-element elementor-element-560f9fd5 elementor-widget elementor-widget-text-editor\" data-id=\"560f9fd5\" data-element_type=\"widget\" data-e-type=\"widget\" data-widget_type=\"text-editor.default\">\n\t\t\t\t<div class=\"elementor-widget-container\">\n\t\t\t\t\t\t\t\t\t<ol style=\"font-weight: 400;\"><li>Vouchery dost\u0119pne s\u0105 w wersjach o zr\u00f3\u017cnicowanych nomina\u0142ach, kt\u00f3re mo\u017cna wybra\u0107 podczas sk\u0142adania zam\u00f3wienia.<\/li><li>Vouchery mog\u0105 by\u0107 wydawane w formie papierowej lub elektronicznej (kod voucher).<\/li><li>Voucher przedstawia warto\u015b\u0107 pieni\u0119\u017cn\u0105, kt\u00f3ra mo\u017ce zosta\u0107 wykorzystana wy\u0142\u0105cznie na zakup towar\u00f3w w sklepie\u00a0<a href=\"https:\/\/readytopole.pl\/en\/\">www.readytopole.pl<\/a>.<\/li><\/ol>\t\t\t\t\t\t\t\t<\/div>\n\t\t\t\t<\/div>\n\t\t\t\t<div class=\"elementor-element elementor-element-9049c5c elementor-widget elementor-widget-heading\" data-id=\"9049c5c\" data-element_type=\"widget\" data-e-type=\"widget\" data-widget_type=\"heading.default\">\n\t\t\t\t<div class=\"elementor-widget-container\">\n\t\t\t\t\t<h3 class=\"elementor-heading-title elementor-size-default\">\u00a73. Zakup i wa\u017cno\u015b\u0107 voucher\u00f3w<\/h3>\t\t\t\t<\/div>\n\t\t\t\t<\/div>\n\t\t\t\t<div class=\"elementor-element elementor-element-236ad848 elementor-widget elementor-widget-text-editor\" data-id=\"236ad848\" data-element_type=\"widget\" data-e-type=\"widget\" data-widget_type=\"text-editor.default\">\n\t\t\t\t<div class=\"elementor-widget-container\">\n\t\t\t\t\t\t\t\t\t<ol><li>Voucher mo\u017cna zakupi\u0107 za po\u015brednictwem sklepu internetowego\u00a0<a href=\"https:\/\/readytopole.pl\/en\/\">www.readytopole.pl<\/a>, wybieraj\u0105c odpowiedni\u0105 opcj\u0119 podczas sk\u0142adania zam\u00f3wienia.<\/li><li>Ka\u017cdy voucher posiada unikalny kod identyfikacyjny, kt\u00f3ry umo\u017cliwia jego u\u017cycie podczas dokonywania zakup\u00f3w.<\/li><li>Voucher jest wa\u017cny przez okres 12 miesi\u0119cy od daty jego zakupu. Po up\u0142ywie tego okresu voucher traci wa\u017cno\u015b\u0107, a niewykorzystana warto\u015b\u0107 vouchera nie podlega zwrotowi ani wymianie na got\u00f3wk\u0119.<\/li><li>Voucher nie podlega wymianie na got\u00f3wk\u0119, a jego warto\u015b\u0107 nie jest oprocentowana.<\/li><\/ol>\t\t\t\t\t\t\t\t<\/div>\n\t\t\t\t<\/div>\n\t\t\t\t<div class=\"elementor-element elementor-element-b8a21f5 elementor-widget elementor-widget-heading\" data-id=\"b8a21f5\" data-element_type=\"widget\" data-e-type=\"widget\" data-widget_type=\"heading.default\">\n\t\t\t\t<div class=\"elementor-widget-container\">\n\t\t\t\t\t<h3 class=\"elementor-heading-title elementor-size-default\">\u00a74. Zasady korzystania z voucher\u00f3w<\/h3>\t\t\t\t<\/div>\n\t\t\t\t<\/div>\n\t\t\t\t<div class=\"elementor-element elementor-element-1341a25d elementor-widget elementor-widget-text-editor\" data-id=\"1341a25d\" data-element_type=\"widget\" data-e-type=\"widget\" data-widget_type=\"text-editor.default\">\n\t\t\t\t<div class=\"elementor-widget-container\">\n\t\t\t\t\t\t\t\t\t<ol style=\"font-weight: 400;\"><li>Voucher mo\u017ce by\u0107 wykorzystany wy\u0142\u0105cznie do zakupu towar\u00f3w dost\u0119pnych w sklepie internetowym\u00a0<a href=\"https:\/\/readytopole.pl\/en\/\">www.readytopole.pl<\/a>.<\/li><li>Aby skorzysta\u0107 z vouchera, nale\u017cy wprowadzi\u0107 unikalny kod podczas sk\u0142adania zam\u00f3wienia w sklepie internetowym.<\/li><li>Warto\u015b\u0107 zam\u00f3wienia mo\u017ce by\u0107 wy\u017csza ni\u017c warto\u015b\u0107 vouchera \u2013 w\u00f3wczas r\u00f3\u017cnica zostanie pokryta przez Kupuj\u0105cego za pomoc\u0105 jednej z dost\u0119pnych form p\u0142atno\u015bci.<\/li><li>W przypadku, gdy warto\u015b\u0107 zam\u00f3wienia jest ni\u017csza ni\u017c warto\u015b\u0107 vouchera, niewykorzystana kwota pozostaje do dalszego wykorzystania w okresie wa\u017cno\u015bci vouchera, jednak\u017ce reszta kwoty nie mo\u017ce zosta\u0107 wyp\u0142acona.<\/li><li>Jeden voucher mo\u017ce by\u0107 wykorzystany tylko raz na pe\u0142n\u0105 lub cz\u0119\u015bciow\u0105 p\u0142atno\u015b\u0107 za zam\u00f3wienie. Nie ma mo\u017cliwo\u015bci \u0142\u0105czenia kilku voucher\u00f3w w jednym zam\u00f3wieniu, chyba \u017ce Sprzedawca postanowi inaczej.<\/li><\/ol>\t\t\t\t\t\t\t\t<\/div>\n\t\t\t\t<\/div>\n\t\t\t\t<div class=\"elementor-element elementor-element-50d50f7 elementor-widget elementor-widget-heading\" data-id=\"50d50f7\" data-element_type=\"widget\" data-e-type=\"widget\" data-widget_type=\"heading.default\">\n\t\t\t\t<div class=\"elementor-widget-container\">\n\t\t\t\t\t<h3 class=\"elementor-heading-title elementor-size-default\">\u00a75. Ograniczenia i wykluczenia<\/h3>\t\t\t\t<\/div>\n\t\t\t\t<\/div>\n\t\t\t\t<div class=\"elementor-element elementor-element-7d3dfb8f elementor-widget elementor-widget-text-editor\" data-id=\"7d3dfb8f\" data-element_type=\"widget\" data-e-type=\"widget\" data-widget_type=\"text-editor.default\">\n\t\t\t\t<div class=\"elementor-widget-container\">\n\t\t\t\t\t\t\t\t\t<ol><li>Voucher nie mo\u017ce by\u0107 wykorzystany do zakupu innych voucher\u00f3w.<\/li><li>Voucher nie mo\u017ce by\u0107 wykorzystany do pokrycia koszt\u00f3w przesy\u0142ki, chyba \u017ce Sprzedawca postanowi inaczej.<\/li><li>Voucher nie mo\u017ce by\u0107 u\u017cyty w po\u0142\u0105czeniu z innymi promocjami, rabatami czy zni\u017ckami, chyba \u017ce regulamin promocji stanowi inaczej.<\/li><\/ol>\t\t\t\t\t\t\t\t<\/div>\n\t\t\t\t<\/div>\n\t\t\t\t<div class=\"elementor-element elementor-element-abd4a10 elementor-widget elementor-widget-heading\" data-id=\"abd4a10\" data-element_type=\"widget\" data-e-type=\"widget\" data-widget_type=\"heading.default\">\n\t\t\t\t<div class=\"elementor-widget-container\">\n\t\t\t\t\t<h3 class=\"elementor-heading-title elementor-size-default\">\u00a76. Zwroty i reklamacje<\/h3>\t\t\t\t<\/div>\n\t\t\t\t<\/div>\n\t\t\t\t<div class=\"elementor-element elementor-element-1837b0c3 elementor-widget elementor-widget-text-editor\" data-id=\"1837b0c3\" data-element_type=\"widget\" data-e-type=\"widget\" data-widget_type=\"text-editor.default\">\n\t\t\t\t<div class=\"elementor-widget-container\">\n\t\t\t\t\t\t\t\t\t<ol><li>W przypadku zwrotu towaru zakupionego za pomoc\u0105 vouchera, Kupuj\u0105cemu przys\u0142uguje zwrot warto\u015bci towaru w postaci nowego vouchera o warto\u015bci odpowiadaj\u0105cej zwracanemu towarowi.<\/li><li>Zwrot za towary zakupione z u\u017cyciem vouchera nie b\u0119dzie realizowany w formie got\u00f3wki ani innych form p\u0142atno\u015bci.<\/li><li>Reklamacje dotycz\u0105ce voucher\u00f3w nale\u017cy zg\u0142asza\u0107 poprzez formularz kontaktowy dost\u0119pny na stronie sklepu lub wysy\u0142aj\u0105c wiadomo\u015b\u0107 e-mail na adres\u00a0kontakt@readytopole.pl. Sprzedawca rozpatrzy reklamacj\u0119 w terminie do 14 dni od jej otrzymania.<\/li><li>W przypadku utraty lub uszkodzenia vouchera, Sprzedawca nie ponosi odpowiedzialno\u015bci i nie wydaje duplikatu vouchera.<\/li><\/ol>\t\t\t\t\t\t\t\t<\/div>\n\t\t\t\t<\/div>\n\t\t\t\t<div class=\"elementor-element elementor-element-7bb1eb3 elementor-widget elementor-widget-heading\" data-id=\"7bb1eb3\" data-element_type=\"widget\" data-e-type=\"widget\" data-widget_type=\"heading.default\">\n\t\t\t\t<div class=\"elementor-widget-container\">\n\t\t\t\t\t<h3 class=\"elementor-heading-title elementor-size-default\">\u00a77. Ochrona danych osobowych<\/h3>\t\t\t\t<\/div>\n\t\t\t\t<\/div>\n\t\t\t\t<div class=\"elementor-element elementor-element-3b671fe3 elementor-widget elementor-widget-text-editor\" data-id=\"3b671fe3\" data-element_type=\"widget\" data-e-type=\"widget\" data-widget_type=\"text-editor.default\">\n\t\t\t\t<div class=\"elementor-widget-container\">\n\t\t\t\t\t\t\t\t\t<ol><li>Administratorem danych osobowych Kupuj\u0105cego, uzyskanych w zwi\u0105zku z zakupem i korzystaniem z vouchera, jest\u00a0<strong>Ready to pole<\/strong> z siedzib\u0105 przy ul. Nadle\u015bniczego Sobies\u0142awa Mo\u015bcickiego 2, 83-300 Kartuzy.<\/li><li>Dane osobowe s\u0105 przetwarzane zgodnie z Polityk\u0105 Prywatno\u015bci dost\u0119pn\u0105 na stronie\u00a0<a href=\"https:\/\/readytopole.pl\/en\/\">www.readytopole.pl<\/a>\u00a0oraz obowi\u0105zuj\u0105cymi przepisami prawa o ochronie danych osobowych, w tym RODO.<\/li><\/ol>\t\t\t\t\t\t\t\t<\/div>\n\t\t\t\t<\/div>\n\t\t\t\t<div class=\"elementor-element elementor-element-36e283d elementor-widget elementor-widget-heading\" data-id=\"36e283d\" data-element_type=\"widget\" data-e-type=\"widget\" data-widget_type=\"heading.default\">\n\t\t\t\t<div class=\"elementor-widget-container\">\n\t\t\t\t\t<h3 class=\"elementor-heading-title elementor-size-default\">\u00a78. Postanowienia ko\u0144cowe<\/h3>\t\t\t\t<\/div>\n\t\t\t\t<\/div>\n\t\t\t\t<div class=\"elementor-element elementor-element-547f3a60 elementor-widget elementor-widget-text-editor\" data-id=\"547f3a60\" data-element_type=\"widget\" data-e-type=\"widget\" data-widget_type=\"text-editor.default\">\n\t\t\t\t<div class=\"elementor-widget-container\">\n\t\t\t\t\t\t\t\t\t<ol><li>Voucher stanowi w\u0142asno\u015b\u0107 nabywcy do momentu jego wykorzystania, z zastrze\u017ceniem postanowie\u0144 niniejszego Regulaminu.<\/li><li>Sprzedawca zastrzega sobie prawo do zmiany niniejszego Regulaminu. Zmiany te nie maj\u0105 wp\u0142ywu na warunki korzystania z voucher\u00f3w zakupionych przed ich wej\u015bciem w \u017cycie.<\/li><li>W sprawach nieuregulowanych niniejszym Regulaminem zastosowanie maj\u0105 odpowiednie przepisy prawa, w tym Kodeksu cywilnego oraz Ustawy z dnia 30 maja 2014 r. o prawach konsumenta.<\/li><\/ol>\t\t\t\t\t\t\t\t<\/div>\n\t\t\t\t<\/div>\n\t\t\t\t\t<\/div>\n\t\t<\/div>\n\t\t\t\t\t<\/div>\n\t\t<\/section>\n\t\t\t\t<\/div>","protected":false},"excerpt":{"rendered":"<p>Regulamin korzystania z voucher\u00f3w w sklepie internetowym www.readytopole.pl \u00a71. Postanowienia og\u00f3lne Niniejszy regulamin (\u201eRegulamin\u201d) okre\u015bla zasady korzystania z voucher\u00f3w w sklepie internetowym\u00a0www.readytopole.pl, prowadzonym przez firm\u0119\u00a0Ready to pole s.c., z siedzib\u0105 przy ul. Nadle\u015bniczego Sobies\u0142awa Mo\u015bcickiego 2, 83-300 Kartuzy, NIP: 5892109481 (\u201eSprzedawca\u201d). Voucher jest form\u0105 bonu upominkowego, kt\u00f3ry mo\u017ce zosta\u0107 wymieniony na towary oferowane w sklepie [&hellip;]<\/p>\n","protected":false},"author":1,"featured_media":16191,"parent":0,"menu_order":0,"comment_status":"closed","ping_status":"closed","template":"elementor_header_footer","meta":{"site-sidebar-layout":"default","site-content-layout":"","ast-site-content-layout":"default","site-content-style":"default","site-sidebar-style":"default","ast-global-header-display":"","ast-banner-title-visibility":"","ast-main-header-display":"","ast-hfb-above-header-display":"","ast-hfb-below-header-display":"","ast-hfb-mobile-header-display":"","site-post-title":"","ast-breadcrumbs-content":"","ast-featured-img":"","footer-sml-layout":"","ast-disable-related-posts":"","theme-transparent-header-meta":"","adv-header-id-meta":"","stick-header-meta":"","header-above-stick-meta":"","header-main-stick-meta":"","header-below-stick-meta":"","astra-migrate-meta-layouts":"set","ast-page-background-enabled":"default","ast-page-background-meta":{"desktop":{"background-color":"","background-image":"","background-repeat":"repeat","background-position":"center center","background-size":"auto","background-attachment":"scroll","background-type":"","background-media":"","overlay-type":"","overlay-color":"","overlay-opacity":"","overlay-gradient":""},"tablet":{"background-color":"","background-image":"","background-repeat":"repeat","background-position":"center center","background-size":"auto","background-attachment":"scroll","background-type":"","background-media":"","overlay-type":"","overlay-color":"","overlay-opacity":"","overlay-gradient":""},"mobile":{"background-color":"","background-image":"","background-repeat":"repeat","background-position":"center center","background-size":"auto","background-attachment":"scroll","background-type":"","background-media":"","overlay-type":"","overlay-color":"","overlay-opacity":"","overlay-gradient":""}},"ast-content-background-meta":{"desktop":{"background-color":"var(--ast-global-color-5)","background-image":"","background-repeat":"repeat","background-position":"center center","background-size":"auto","background-attachment":"scroll","background-type":"","background-media":"","overlay-type":"","overlay-color":"","overlay-opacity":"","overlay-gradient":""},"tablet":{"background-color":"var(--ast-global-color-5)","background-image":"","background-repeat":"repeat","background-position":"center center","background-size":"auto","background-attachment":"scroll","background-type":"","background-media":"","overlay-type":"","overlay-color":"","overlay-opacity":"","overlay-gradient":""},"mobile":{"background-color":"var(--ast-global-color-5)","background-image":"","background-repeat":"repeat","background-position":"center center","background-size":"auto","background-attachment":"scroll","background-type":"","background-media":"","overlay-type":"","overlay-color":"","overlay-opacity":"","overlay-gradient":""}},"footnotes":""},"class_list":["post-16367","page","type-page","status-publish","has-post-thumbnail","hentry"],"yoast_head":"<!-- This site is optimized with the Yoast SEO plugin v27.4 - https:\/\/yoast.com\/product\/yoast-seo-wordpress\/ -->\n<title>Regulamin voucher\u00f3w - Ready to Pole<\/title>\n<meta name=\"description\" content=\"Strona opisuj\u0105ca jaka jest polityka prywatno\u015bci naszego sklepu internetowego Ready to Pole.\" \/>\n<meta name=\"robots\" content=\"index, follow, max-snippet:-1, max-image-preview:large, max-video-preview:-1\" \/>\n<link rel=\"canonical\" href=\"https:\/\/readytopole.pl\/en\/regulamin-voucherow\/\" \/>\n<meta property=\"og:locale\" content=\"en_US\" \/>\n<meta property=\"og:type\" content=\"article\" \/>\n<meta property=\"og:title\" content=\"Regulamin voucher\u00f3w - Ready to Pole\" \/>\n<meta property=\"og:description\" content=\"Strona opisuj\u0105ca jaka jest polityka prywatno\u015bci naszego sklepu internetowego Ready to Pole.\" \/>\n<meta property=\"og:url\" content=\"https:\/\/readytopole.pl\/en\/regulamin-voucherow\/\" \/>\n<meta property=\"og:site_name\" content=\"Ready to Pole\" \/>\n<meta property=\"article:publisher\" content=\"https:\/\/www.facebook.com\/people\/readytopole\/100084322415310\/\" \/>\n<meta property=\"article:modified_time\" content=\"2026-02-18T14:45:54+00:00\" \/>\n<meta property=\"og:image\" content=\"https:\/\/readytopole.pl\/wp-content\/uploads\/2024\/08\/Voucher_podarunkowy.webp\" \/>\n\t<meta property=\"og:image:width\" content=\"1236\" \/>\n\t<meta property=\"og:image:height\" content=\"823\" \/>\n\t<meta property=\"og:image:type\" content=\"image\/webp\" \/>\n<meta name=\"twitter:card\" content=\"summary_large_image\" \/>\n<meta name=\"twitter:label1\" content=\"Est. reading time\" \/>\n\t<meta name=\"twitter:data1\" content=\"4 minutes\" \/>\n<script type=\"application\/ld+json\" class=\"yoast-schema-graph\">{\"@context\":\"https:\\\/\\\/schema.org\",\"@graph\":[{\"@type\":\"WebPage\",\"@id\":\"https:\\\/\\\/readytopole.pl\\\/regulamin-voucherow\\\/\",\"url\":\"https:\\\/\\\/readytopole.pl\\\/regulamin-voucherow\\\/\",\"name\":\"Regulamin voucher\u00f3w - Ready to Pole\",\"isPartOf\":{\"@id\":\"https:\\\/\\\/readytopole.pl\\\/#website\"},\"primaryImageOfPage\":{\"@id\":\"https:\\\/\\\/readytopole.pl\\\/regulamin-voucherow\\\/#primaryimage\"},\"image\":{\"@id\":\"https:\\\/\\\/readytopole.pl\\\/regulamin-voucherow\\\/#primaryimage\"},\"thumbnailUrl\":\"https:\\\/\\\/readytopole.pl\\\/wp-content\\\/uploads\\\/2024\\\/08\\\/Voucher_podarunkowy.webp\",\"datePublished\":\"2024-09-17T12:41:37+00:00\",\"dateModified\":\"2026-02-18T14:45:54+00:00\",\"description\":\"Strona opisuj\u0105ca jaka jest polityka prywatno\u015bci naszego sklepu internetowego Ready to Pole.\",\"breadcrumb\":{\"@id\":\"https:\\\/\\\/readytopole.pl\\\/regulamin-voucherow\\\/#breadcrumb\"},\"inLanguage\":\"en-US\",\"potentialAction\":[{\"@type\":\"ReadAction\",\"target\":[\"https:\\\/\\\/readytopole.pl\\\/regulamin-voucherow\\\/\"]}]},{\"@type\":\"ImageObject\",\"inLanguage\":\"en-US\",\"@id\":\"https:\\\/\\\/readytopole.pl\\\/regulamin-voucherow\\\/#primaryimage\",\"url\":\"https:\\\/\\\/readytopole.pl\\\/wp-content\\\/uploads\\\/2024\\\/08\\\/Voucher_podarunkowy.webp\",\"contentUrl\":\"https:\\\/\\\/readytopole.pl\\\/wp-content\\\/uploads\\\/2024\\\/08\\\/Voucher_podarunkowy.webp\",\"width\":1236,\"height\":823,\"caption\":\"Voucher podarunkowy Ready to pole\"},{\"@type\":\"BreadcrumbList\",\"@id\":\"https:\\\/\\\/readytopole.pl\\\/regulamin-voucherow\\\/#breadcrumb\",\"itemListElement\":[{\"@type\":\"ListItem\",\"position\":1,\"name\":\"Strona g\u0142\u00f3wna\",\"item\":\"https:\\\/\\\/readytopole.pl\\\/\"},{\"@type\":\"ListItem\",\"position\":2,\"name\":\"Regulamin voucher\u00f3w\"}]},{\"@type\":\"WebSite\",\"@id\":\"https:\\\/\\\/readytopole.pl\\\/#website\",\"url\":\"https:\\\/\\\/readytopole.pl\\\/\",\"name\":\"Ready to Pole | Polewear - Slow Fashion dla Pole Dance\",\"description\":\"Blog | Sklep z odzie\u017c\u0105 do Poledance\",\"publisher\":{\"@id\":\"https:\\\/\\\/readytopole.pl\\\/#organization\"},\"alternateName\":\"Ready to pole\",\"potentialAction\":[{\"@type\":\"SearchAction\",\"target\":{\"@type\":\"EntryPoint\",\"urlTemplate\":\"https:\\\/\\\/readytopole.pl\\\/?s={search_term_string}\"},\"query-input\":{\"@type\":\"PropertyValueSpecification\",\"valueRequired\":true,\"valueName\":\"search_term_string\"}}],\"inLanguage\":\"en-US\"},{\"@type\":\"Organization\",\"@id\":\"https:\\\/\\\/readytopole.pl\\\/#organization\",\"name\":\"Ready to pole\",\"alternateName\":\"Rtp\",\"url\":\"https:\\\/\\\/readytopole.pl\\\/\",\"logo\":{\"@type\":\"ImageObject\",\"inLanguage\":\"en-US\",\"@id\":\"https:\\\/\\\/readytopole.pl\\\/#\\\/schema\\\/logo\\\/image\\\/\",\"url\":\"https:\\\/\\\/readytopole.pl\\\/wp-content\\\/uploads\\\/2023\\\/02\\\/cropped-cropped-RTP-logotyp-gold-effect-v1.png\",\"contentUrl\":\"https:\\\/\\\/readytopole.pl\\\/wp-content\\\/uploads\\\/2023\\\/02\\\/cropped-cropped-RTP-logotyp-gold-effect-v1.png\",\"width\":1200,\"height\":1200,\"caption\":\"Ready to pole\"},\"image\":{\"@id\":\"https:\\\/\\\/readytopole.pl\\\/#\\\/schema\\\/logo\\\/image\\\/\"},\"sameAs\":[\"https:\\\/\\\/www.facebook.com\\\/people\\\/readytopole\\\/100084322415310\\\/\",\"https:\\\/\\\/www.instagram.com\\\/readytopole\\\/?igshid=YmMyMTA2M2Y=\"]}]}<\/script>\n<!-- \/ Yoast SEO plugin. -->","yoast_head_json":{"title":"Regulamin voucher\u00f3w - Ready to Pole","description":"Strona opisuj\u0105ca jaka jest polityka prywatno\u015bci naszego sklepu internetowego Ready to Pole.","robots":{"index":"index","follow":"follow","max-snippet":"max-snippet:-1","max-image-preview":"max-image-preview:large","max-video-preview":"max-video-preview:-1"},"canonical":"https:\/\/readytopole.pl\/en\/regulamin-voucherow\/","og_locale":"en_US","og_type":"article","og_title":"Regulamin voucher\u00f3w - Ready to Pole","og_description":"Strona opisuj\u0105ca jaka jest polityka prywatno\u015bci naszego sklepu internetowego Ready to Pole.","og_url":"https:\/\/readytopole.pl\/en\/regulamin-voucherow\/","og_site_name":"Ready to Pole","article_publisher":"https:\/\/www.facebook.com\/people\/readytopole\/100084322415310\/","article_modified_time":"2026-02-18T14:45:54+00:00","og_image":[{"width":1236,"height":823,"url":"https:\/\/readytopole.pl\/wp-content\/uploads\/2024\/08\/Voucher_podarunkowy.webp","type":"image\/webp"}],"twitter_card":"summary_large_image","twitter_misc":{"Est. reading time":"4 minutes"},"schema":{"@context":"https:\/\/schema.org","@graph":[{"@type":"WebPage","@id":"https:\/\/readytopole.pl\/regulamin-voucherow\/","url":"https:\/\/readytopole.pl\/regulamin-voucherow\/","name":"Regulamin voucher\u00f3w - Ready to Pole","isPartOf":{"@id":"https:\/\/readytopole.pl\/#website"},"primaryImageOfPage":{"@id":"https:\/\/readytopole.pl\/regulamin-voucherow\/#primaryimage"},"image":{"@id":"https:\/\/readytopole.pl\/regulamin-voucherow\/#primaryimage"},"thumbnailUrl":"https:\/\/readytopole.pl\/wp-content\/uploads\/2024\/08\/Voucher_podarunkowy.webp","datePublished":"2024-09-17T12:41:37+00:00","dateModified":"2026-02-18T14:45:54+00:00","description":"Strona opisuj\u0105ca jaka jest polityka prywatno\u015bci naszego sklepu internetowego Ready to Pole.","breadcrumb":{"@id":"https:\/\/readytopole.pl\/regulamin-voucherow\/#breadcrumb"},"inLanguage":"en-US","potentialAction":[{"@type":"ReadAction","target":["https:\/\/readytopole.pl\/regulamin-voucherow\/"]}]},{"@type":"ImageObject","inLanguage":"en-US","@id":"https:\/\/readytopole.pl\/regulamin-voucherow\/#primaryimage","url":"https:\/\/readytopole.pl\/wp-content\/uploads\/2024\/08\/Voucher_podarunkowy.webp","contentUrl":"https:\/\/readytopole.pl\/wp-content\/uploads\/2024\/08\/Voucher_podarunkowy.webp","width":1236,"height":823,"caption":"Voucher podarunkowy Ready to pole"},{"@type":"BreadcrumbList","@id":"https:\/\/readytopole.pl\/regulamin-voucherow\/#breadcrumb","itemListElement":[{"@type":"ListItem","position":1,"name":"Strona g\u0142\u00f3wna","item":"https:\/\/readytopole.pl\/"},{"@type":"ListItem","position":2,"name":"Regulamin voucher\u00f3w"}]},{"@type":"WebSite","@id":"https:\/\/readytopole.pl\/#website","url":"https:\/\/readytopole.pl\/","name":"Ready to Pole | Polewear - Slow Fashion dla Pole Dance","description":"Blog | Sklep z odzie\u017c\u0105 do Poledance","publisher":{"@id":"https:\/\/readytopole.pl\/#organization"},"alternateName":"Ready to pole","potentialAction":[{"@type":"SearchAction","target":{"@type":"EntryPoint","urlTemplate":"https:\/\/readytopole.pl\/?s={search_term_string}"},"query-input":{"@type":"PropertyValueSpecification","valueRequired":true,"valueName":"search_term_string"}}],"inLanguage":"en-US"},{"@type":"Organization","@id":"https:\/\/readytopole.pl\/#organization","name":"Ready to pole","alternateName":"Rtp","url":"https:\/\/readytopole.pl\/","logo":{"@type":"ImageObject","inLanguage":"en-US","@id":"https:\/\/readytopole.pl\/#\/schema\/logo\/image\/","url":"https:\/\/readytopole.pl\/wp-content\/uploads\/2023\/02\/cropped-cropped-RTP-logotyp-gold-effect-v1.png","contentUrl":"https:\/\/readytopole.pl\/wp-content\/uploads\/2023\/02\/cropped-cropped-RTP-logotyp-gold-effect-v1.png","width":1200,"height":1200,"caption":"Ready to pole"},"image":{"@id":"https:\/\/readytopole.pl\/#\/schema\/logo\/image\/"},"sameAs":["https:\/\/www.facebook.com\/people\/readytopole\/100084322415310\/","https:\/\/www.instagram.com\/readytopole\/?igshid=YmMyMTA2M2Y="]}]}},"_links":{"self":[{"href":"https:\/\/readytopole.pl\/en\/wp-json\/wp\/v2\/pages\/16367","targetHints":{"allow":["GET"]}}],"collection":[{"href":"https:\/\/readytopole.pl\/en\/wp-json\/wp\/v2\/pages"}],"about":[{"href":"https:\/\/readytopole.pl\/en\/wp-json\/wp\/v2\/types\/page"}],"author":[{"embeddable":true,"href":"https:\/\/readytopole.pl\/en\/wp-json\/wp\/v2\/users\/1"}],"replies":[{"embeddable":true,"href":"https:\/\/readytopole.pl\/en\/wp-json\/wp\/v2\/comments?post=16367"}],"version-history":[{"count":10,"href":"https:\/\/readytopole.pl\/en\/wp-json\/wp\/v2\/pages\/16367\/revisions"}],"predecessor-version":[{"id":21176,"href":"https:\/\/readytopole.pl\/en\/wp-json\/wp\/v2\/pages\/16367\/revisions\/21176"}],"wp:featuredmedia":[{"embeddable":true,"href":"https:\/\/readytopole.pl\/en\/wp-json\/wp\/v2\/media\/16191"}],"wp:attachment":[{"href":"https:\/\/readytopole.pl\/en\/wp-json\/wp\/v2\/media?parent=16367"}],"curies":[{"name":"wp","href":"https:\/\/api.w.org\/{rel}","templated":true}]}}