{"id":13807,"date":"2024-06-17T14:20:32","date_gmt":"2024-06-17T12:20:32","guid":{"rendered":"https:\/\/readytopole.pl\/?page_id=13807"},"modified":"2026-03-03T20:00:59","modified_gmt":"2026-03-03T19:00:59","slug":"showroom","status":"publish","type":"page","link":"https:\/\/readytopole.pl\/en\/showroom\/","title":{"rendered":"Showroomy"},"content":{"rendered":"<div data-elementor-type=\"wp-page\" data-elementor-id=\"13807\" class=\"elementor elementor-13807\">\n\t\t\t\t\t\t<section class=\"elementor-section elementor-top-section elementor-element elementor-element-eda828b elementor-section-boxed elementor-section-height-default elementor-section-height-default\" data-id=\"eda828b\" data-element_type=\"section\" data-e-type=\"section\">\n\t\t\t\t\t\t<div class=\"elementor-container elementor-column-gap-default\">\n\t\t\t\t\t<div class=\"elementor-column elementor-col-100 elementor-top-column elementor-element elementor-element-e4f5b4f\" data-id=\"e4f5b4f\" data-element_type=\"column\" data-e-type=\"column\">\n\t\t\t<div class=\"elementor-widget-wrap elementor-element-populated\">\n\t\t\t\t\t\t<div class=\"elementor-element elementor-element-daf06b2 elementor-widget elementor-widget-heading\" data-id=\"daf06b2\" data-element_type=\"widget\" data-e-type=\"widget\" data-widget_type=\"heading.default\">\n\t\t\t\t<div class=\"elementor-widget-container\">\n\t\t\t\t\t<h1 class=\"elementor-heading-title elementor-size-default\">Showroomy<\/h1>\t\t\t\t<\/div>\n\t\t\t\t<\/div>\n\t\t\t\t<div class=\"elementor-element elementor-element-234c690 elementor-widget elementor-widget-text-editor\" data-id=\"234c690\" data-element_type=\"widget\" data-e-type=\"widget\" data-widget_type=\"text-editor.default\">\n\t\t\t\t<div class=\"elementor-widget-container\">\n\t\t\t\t\t\t\t\t\t<p>Ubrania marki Ready to pole mo\u017cesz zmierzy\u0107 w showroomach:<\/p><ul><li><strong>&#8211; w Kielcach w <a href=\"https:\/\/spinup.pl\">SpinUp Pole Dance &amp; Fitness<\/a>, <\/strong>ul. Pocieszka 17,<\/li><li><strong>&#8211; okolice Tr\u00f3jmiasta<\/strong> &#8211; nie posiadamy showroomu, ale siedziba naszej marki mie\u015bci si\u0119 w okolicach Tr\u00f3jmiasta. Poza tym trenujemy w studiach pole dance w Gda\u0144sku i Kartuzach. Napisz do nas wiadomo\u015b\u0107 <a href=\"https:\/\/readytopole.pl\/en\/kontakt\/\">tutaj<\/a>, na <a href=\"https:\/\/www.facebook.com\/people\/readytopole\/100084322415310\/\">FB<\/a> lub <a href=\"https:\/\/www.instagram.com\/readytopole?igshid=YmMyMTA2M2Y%3D\">IG<\/a>, a powiemy Ci jak i gdzie mo\u017cna nas z\u0142apa\u0107,<\/li><li><strong>&#8211; w Twoim w\u0142asnym domu<\/strong> &#8211; nasze ubrania mo\u017cesz kupi\u0107, na spokojnie zmierzy\u0107 w domowym zaciszu, a je\u015bli rozmiar lub kr\u00f3j Ci si\u0119 nie spodoba masz 14 dni na wymian\u0119 lub zwrot. Szczeg\u00f3\u0142y znajdziesz <a href=\"https:\/\/readytopole.pl\/en\/wymiana-i-zwroty\/\">tutaj<\/a>. \u00a0<\/li><\/ul><p>Co jaki\u015b czas bywamy tak\u017ce z odwiedzinami w r\u00f3\u017cnych studiach pole dance w Polsce, gdzie masz okazj\u0119 przez 1-2 dni podczas takiego showroomu zobaczy\u0107 nasze ubrania na \u017cywo, przymierzy\u0107, sprawdzi\u0107 jako\u015b\u0107, dobra\u0107 odpowiedni rozmiar, a nawet przetestowa\u0107 czy wszystko podczas ruchu pozostaje na swoim miejscu.\u00a0<\/p><p><strong>Je\u017celi chcia\u0142aby\u015b, aby\u015bmy pojawili si\u0119 z showroomem w studiu, w kt\u00f3rym trenujesz, albo kt\u00f3rego jeste\u015b w\u0142a\u015bcicielk\u0105 napisz do nas, a prze\u015blemy Ci specjaln\u0105 ofert\u0119.\u00a0<\/strong><\/p><p>Cyklicznie staramy si\u0119 r\u00f3wnie\u017c pojawia\u0107 na lokalnych targach w r\u00f3\u017cnych miastach. Informacje o takich wydarzeniach pojawiaj\u0105 si\u0119 na naszym IG, FB lub poprzez newsletter.\u00a0<\/p><p>W razie jakichkolwiek pyta\u0144 s\u0142u\u017cymy pomoc\u0105. Napisz do nas na adres kontakt@readytopole.pl lub skontaktuj si\u0119 za pomoc\u0105\u00a0<a href=\"https:\/\/readytopole.pl\/en\/kontakt\/\" target=\"_blank\" rel=\"noopener\">formularza kontaktowego<\/a>.<\/p>\t\t\t\t\t\t\t\t<\/div>\n\t\t\t\t<\/div>\n\t\t\t\t\t<\/div>\n\t\t<\/div>\n\t\t\t\t\t<\/div>\n\t\t<\/section>\n\t\t\t\t<section class=\"elementor-section elementor-top-section elementor-element elementor-element-9d104b2 elementor-section-boxed elementor-section-height-default elementor-section-height-default\" data-id=\"9d104b2\" data-element_type=\"section\" data-e-type=\"section\">\n\t\t\t\t\t\t<div class=\"elementor-container elementor-column-gap-default\">\n\t\t\t\t\t<div class=\"elementor-column elementor-col-100 elementor-top-column elementor-element elementor-element-5025992\" data-id=\"5025992\" data-element_type=\"column\" data-e-type=\"column\">\n\t\t\t<div class=\"elementor-widget-wrap elementor-element-populated\">\n\t\t\t\t\t\t<div class=\"elementor-element elementor-element-5ae1572 elementor-widget elementor-widget-spacer\" data-id=\"5ae1572\" data-element_type=\"widget\" data-e-type=\"widget\" data-widget_type=\"spacer.default\">\n\t\t\t\t<div class=\"elementor-widget-container\">\n\t\t\t\t\t\t\t<div class=\"elementor-spacer\">\n\t\t\t<div class=\"elementor-spacer-inner\"><\/div>\n\t\t<\/div>\n\t\t\t\t\t\t<\/div>\n\t\t\t\t<\/div>\n\t\t\t\t\t<\/div>\n\t\t<\/div>\n\t\t\t\t\t<\/div>\n\t\t<\/section>\n\t\t\t\t<\/div>","protected":false},"excerpt":{"rendered":"<p>Showroomy Ubrania marki Ready to pole mo\u017cesz zmierzy\u0107 w showroomach: &#8211; w Kielcach w SpinUp Pole Dance &amp; Fitness, ul. Pocieszka 17, &#8211; okolice Tr\u00f3jmiasta &#8211; nie posiadamy showroomu, ale siedziba naszej marki mie\u015bci si\u0119 w okolicach Tr\u00f3jmiasta. Poza tym trenujemy w studiach pole dance w Gda\u0144sku i Kartuzach. Napisz do nas wiadomo\u015b\u0107 tutaj, na [&hellip;]<\/p>\n","protected":false},"author":1,"featured_media":5141,"parent":0,"menu_order":0,"comment_status":"closed","ping_status":"closed","template":"","meta":{"site-sidebar-layout":"no-sidebar","site-content-layout":"page-builder","ast-site-content-layout":"full-width-container","site-content-style":"unboxed","site-sidebar-style":"unboxed","ast-global-header-display":"","ast-banner-title-visibility":"","ast-main-header-display":"","ast-hfb-above-header-display":"","ast-hfb-below-header-display":"","ast-hfb-mobile-header-display":"","site-post-title":"","ast-breadcrumbs-content":"","ast-featured-img":"disabled","footer-sml-layout":"","ast-disable-related-posts":"","theme-transparent-header-meta":"","adv-header-id-meta":"","stick-header-meta":"","header-above-stick-meta":"","header-main-stick-meta":"","header-below-stick-meta":"","astra-migrate-meta-layouts":"set","ast-page-background-enabled":"default","ast-page-background-meta":{"desktop":{"background-color":"","background-image":"","background-repeat":"repeat","background-position":"center center","background-size":"auto","background-attachment":"scroll","background-type":"","background-media":"","overlay-type":"","overlay-color":"","overlay-opacity":"","overlay-gradient":""},"tablet":{"background-color":"","background-image":"","background-repeat":"repeat","background-position":"center center","background-size":"auto","background-attachment":"scroll","background-type":"","background-media":"","overlay-type":"","overlay-color":"","overlay-opacity":"","overlay-gradient":""},"mobile":{"background-color":"","background-image":"","background-repeat":"repeat","background-position":"center center","background-size":"auto","background-attachment":"scroll","background-type":"","background-media":"","overlay-type":"","overlay-color":"","overlay-opacity":"","overlay-gradient":""}},"ast-content-background-meta":{"desktop":{"background-color":"var(--ast-global-color-5)","background-image":"","background-repeat":"repeat","background-position":"center center","background-size":"auto","background-attachment":"scroll","background-type":"","background-media":"","overlay-type":"","overlay-color":"","overlay-opacity":"","overlay-gradient":""},"tablet":{"background-color":"var(--ast-global-color-5)","background-image":"","background-repeat":"repeat","background-position":"center center","background-size":"auto","background-attachment":"scroll","background-type":"","background-media":"","overlay-type":"","overlay-color":"","overlay-opacity":"","overlay-gradient":""},"mobile":{"background-color":"var(--ast-global-color-5)","background-image":"","background-repeat":"repeat","background-position":"center center","background-size":"auto","background-attachment":"scroll","background-type":"","background-media":"","overlay-type":"","overlay-color":"","overlay-opacity":"","overlay-gradient":""}},"footnotes":""},"class_list":["post-13807","page","type-page","status-publish","has-post-thumbnail","hentry"],"yoast_head":"<!-- This site is optimized with the Yoast SEO plugin v27.4 - https:\/\/yoast.com\/product\/yoast-seo-wordpress\/ -->\n<title>Showroomy - Ready to Pole<\/title>\n<meta name=\"description\" content=\"Czy wiesz, \u017ce ubrania Ready to pole mo\u017cesz zmierzy\u0107 i sprawdzi\u0107 zanim kupisz? Albo kupi\u0107 i odebra\u0107 osobi\u015bcie? Sprawd\u017a gdzie mamy showroomy.\" \/>\n<meta name=\"robots\" content=\"index, follow, max-snippet:-1, max-image-preview:large, max-video-preview:-1\" \/>\n<link rel=\"canonical\" href=\"https:\/\/readytopole.pl\/en\/showroom\/\" \/>\n<meta property=\"og:locale\" content=\"en_US\" \/>\n<meta property=\"og:type\" content=\"article\" \/>\n<meta property=\"og:title\" content=\"Showroomy - Ready to Pole\" \/>\n<meta property=\"og:description\" content=\"Czy wiesz, \u017ce ubrania Ready to pole mo\u017cesz zmierzy\u0107 i sprawdzi\u0107 zanim kupisz? Albo kupi\u0107 i odebra\u0107 osobi\u015bcie? Sprawd\u017a gdzie mamy showroomy.\" \/>\n<meta property=\"og:url\" content=\"https:\/\/readytopole.pl\/en\/showroom\/\" \/>\n<meta property=\"og:site_name\" content=\"Ready to Pole\" \/>\n<meta property=\"article:publisher\" content=\"https:\/\/www.facebook.com\/people\/readytopole\/100084322415310\/\" \/>\n<meta property=\"article:modified_time\" content=\"2026-03-03T19:00:59+00:00\" \/>\n<meta property=\"og:image\" content=\"https:\/\/readytopole.pl\/wp-content\/uploads\/2023\/02\/ReadyToPole-01-scaled.jpg\" \/>\n\t<meta property=\"og:image:width\" content=\"1920\" \/>\n\t<meta property=\"og:image:height\" content=\"1280\" \/>\n\t<meta property=\"og:image:type\" content=\"image\/jpeg\" \/>\n<meta name=\"twitter:card\" content=\"summary_large_image\" \/>\n<meta name=\"twitter:label1\" content=\"Est. reading time\" \/>\n\t<meta name=\"twitter:data1\" content=\"2 minutes\" \/>\n<script type=\"application\/ld+json\" class=\"yoast-schema-graph\">{\"@context\":\"https:\\\/\\\/schema.org\",\"@graph\":[{\"@type\":\"WebPage\",\"@id\":\"https:\\\/\\\/readytopole.pl\\\/showroom\\\/\",\"url\":\"https:\\\/\\\/readytopole.pl\\\/showroom\\\/\",\"name\":\"Showroomy - Ready to Pole\",\"isPartOf\":{\"@id\":\"https:\\\/\\\/readytopole.pl\\\/#website\"},\"primaryImageOfPage\":{\"@id\":\"https:\\\/\\\/readytopole.pl\\\/showroom\\\/#primaryimage\"},\"image\":{\"@id\":\"https:\\\/\\\/readytopole.pl\\\/showroom\\\/#primaryimage\"},\"thumbnailUrl\":\"https:\\\/\\\/readytopole.pl\\\/wp-content\\\/uploads\\\/2023\\\/02\\\/ReadyToPole-01-scaled.jpg\",\"datePublished\":\"2024-06-17T12:20:32+00:00\",\"dateModified\":\"2026-03-03T19:00:59+00:00\",\"description\":\"Czy wiesz, \u017ce ubrania Ready to pole mo\u017cesz zmierzy\u0107 i sprawdzi\u0107 zanim kupisz? Albo kupi\u0107 i odebra\u0107 osobi\u015bcie? Sprawd\u017a gdzie mamy showroomy.\",\"breadcrumb\":{\"@id\":\"https:\\\/\\\/readytopole.pl\\\/showroom\\\/#breadcrumb\"},\"inLanguage\":\"en-US\",\"potentialAction\":[{\"@type\":\"ReadAction\",\"target\":[\"https:\\\/\\\/readytopole.pl\\\/showroom\\\/\"]}]},{\"@type\":\"ImageObject\",\"inLanguage\":\"en-US\",\"@id\":\"https:\\\/\\\/readytopole.pl\\\/showroom\\\/#primaryimage\",\"url\":\"https:\\\/\\\/readytopole.pl\\\/wp-content\\\/uploads\\\/2023\\\/02\\\/ReadyToPole-01-scaled.jpg\",\"contentUrl\":\"https:\\\/\\\/readytopole.pl\\\/wp-content\\\/uploads\\\/2023\\\/02\\\/ReadyToPole-01-scaled.jpg\",\"width\":1920,\"height\":1280,\"caption\":\"Ready to pole to polska marka odzie\u017cowa tworz\u0105ca stroje do pole dance. Stworzona z my\u015bl\u0105 o kobietach, kt\u00f3re chc\u0105 si\u0119 czu\u0107 na treningu komfortowo i atrakcyjnie. Ubrania Ready to pole tworzymy i testujemy z najwi\u0119ksz\u0105 krytyk\u0105, po to, \u017ceby powsta\u0142o co\u015b pi\u0119knego, wygodnego i nietuzinkowego. Mamy nadziej\u0119, \u017ce pokochasz nasze ubrania i poczujesz w nich kobiec\u0105 moc!\"},{\"@type\":\"BreadcrumbList\",\"@id\":\"https:\\\/\\\/readytopole.pl\\\/showroom\\\/#breadcrumb\",\"itemListElement\":[{\"@type\":\"ListItem\",\"position\":1,\"name\":\"Strona g\u0142\u00f3wna\",\"item\":\"https:\\\/\\\/readytopole.pl\\\/\"},{\"@type\":\"ListItem\",\"position\":2,\"name\":\"Showroomy\"}]},{\"@type\":\"WebSite\",\"@id\":\"https:\\\/\\\/readytopole.pl\\\/#website\",\"url\":\"https:\\\/\\\/readytopole.pl\\\/\",\"name\":\"Ready to Pole | Polewear - Slow Fashion dla Pole Dance\",\"description\":\"Blog | Sklep z odzie\u017c\u0105 do Poledance\",\"publisher\":{\"@id\":\"https:\\\/\\\/readytopole.pl\\\/#organization\"},\"alternateName\":\"Ready to pole\",\"potentialAction\":[{\"@type\":\"SearchAction\",\"target\":{\"@type\":\"EntryPoint\",\"urlTemplate\":\"https:\\\/\\\/readytopole.pl\\\/?s={search_term_string}\"},\"query-input\":{\"@type\":\"PropertyValueSpecification\",\"valueRequired\":true,\"valueName\":\"search_term_string\"}}],\"inLanguage\":\"en-US\"},{\"@type\":\"Organization\",\"@id\":\"https:\\\/\\\/readytopole.pl\\\/#organization\",\"name\":\"Ready to pole\",\"alternateName\":\"Rtp\",\"url\":\"https:\\\/\\\/readytopole.pl\\\/\",\"logo\":{\"@type\":\"ImageObject\",\"inLanguage\":\"en-US\",\"@id\":\"https:\\\/\\\/readytopole.pl\\\/#\\\/schema\\\/logo\\\/image\\\/\",\"url\":\"https:\\\/\\\/readytopole.pl\\\/wp-content\\\/uploads\\\/2023\\\/02\\\/cropped-cropped-RTP-logotyp-gold-effect-v1.png\",\"contentUrl\":\"https:\\\/\\\/readytopole.pl\\\/wp-content\\\/uploads\\\/2023\\\/02\\\/cropped-cropped-RTP-logotyp-gold-effect-v1.png\",\"width\":1200,\"height\":1200,\"caption\":\"Ready to pole\"},\"image\":{\"@id\":\"https:\\\/\\\/readytopole.pl\\\/#\\\/schema\\\/logo\\\/image\\\/\"},\"sameAs\":[\"https:\\\/\\\/www.facebook.com\\\/people\\\/readytopole\\\/100084322415310\\\/\",\"https:\\\/\\\/www.instagram.com\\\/readytopole\\\/?igshid=YmMyMTA2M2Y=\"]}]}<\/script>\n<!-- \/ Yoast SEO plugin. -->","yoast_head_json":{"title":"Showroomy - Ready to Pole","description":"Czy wiesz, \u017ce ubrania Ready to pole mo\u017cesz zmierzy\u0107 i sprawdzi\u0107 zanim kupisz? Albo kupi\u0107 i odebra\u0107 osobi\u015bcie? Sprawd\u017a gdzie mamy showroomy.","robots":{"index":"index","follow":"follow","max-snippet":"max-snippet:-1","max-image-preview":"max-image-preview:large","max-video-preview":"max-video-preview:-1"},"canonical":"https:\/\/readytopole.pl\/en\/showroom\/","og_locale":"en_US","og_type":"article","og_title":"Showroomy - Ready to Pole","og_description":"Czy wiesz, \u017ce ubrania Ready to pole mo\u017cesz zmierzy\u0107 i sprawdzi\u0107 zanim kupisz? Albo kupi\u0107 i odebra\u0107 osobi\u015bcie? Sprawd\u017a gdzie mamy showroomy.","og_url":"https:\/\/readytopole.pl\/en\/showroom\/","og_site_name":"Ready to Pole","article_publisher":"https:\/\/www.facebook.com\/people\/readytopole\/100084322415310\/","article_modified_time":"2026-03-03T19:00:59+00:00","og_image":[{"width":1920,"height":1280,"url":"https:\/\/readytopole.pl\/wp-content\/uploads\/2023\/02\/ReadyToPole-01-scaled.jpg","type":"image\/jpeg"}],"twitter_card":"summary_large_image","twitter_misc":{"Est. reading time":"2 minutes"},"schema":{"@context":"https:\/\/schema.org","@graph":[{"@type":"WebPage","@id":"https:\/\/readytopole.pl\/showroom\/","url":"https:\/\/readytopole.pl\/showroom\/","name":"Showroomy - Ready to Pole","isPartOf":{"@id":"https:\/\/readytopole.pl\/#website"},"primaryImageOfPage":{"@id":"https:\/\/readytopole.pl\/showroom\/#primaryimage"},"image":{"@id":"https:\/\/readytopole.pl\/showroom\/#primaryimage"},"thumbnailUrl":"https:\/\/readytopole.pl\/wp-content\/uploads\/2023\/02\/ReadyToPole-01-scaled.jpg","datePublished":"2024-06-17T12:20:32+00:00","dateModified":"2026-03-03T19:00:59+00:00","description":"Czy wiesz, \u017ce ubrania Ready to pole mo\u017cesz zmierzy\u0107 i sprawdzi\u0107 zanim kupisz? Albo kupi\u0107 i odebra\u0107 osobi\u015bcie? Sprawd\u017a gdzie mamy showroomy.","breadcrumb":{"@id":"https:\/\/readytopole.pl\/showroom\/#breadcrumb"},"inLanguage":"en-US","potentialAction":[{"@type":"ReadAction","target":["https:\/\/readytopole.pl\/showroom\/"]}]},{"@type":"ImageObject","inLanguage":"en-US","@id":"https:\/\/readytopole.pl\/showroom\/#primaryimage","url":"https:\/\/readytopole.pl\/wp-content\/uploads\/2023\/02\/ReadyToPole-01-scaled.jpg","contentUrl":"https:\/\/readytopole.pl\/wp-content\/uploads\/2023\/02\/ReadyToPole-01-scaled.jpg","width":1920,"height":1280,"caption":"Ready to pole to polska marka odzie\u017cowa tworz\u0105ca stroje do pole dance. Stworzona z my\u015bl\u0105 o kobietach, kt\u00f3re chc\u0105 si\u0119 czu\u0107 na treningu komfortowo i atrakcyjnie. Ubrania Ready to pole tworzymy i testujemy z najwi\u0119ksz\u0105 krytyk\u0105, po to, \u017ceby powsta\u0142o co\u015b pi\u0119knego, wygodnego i nietuzinkowego. Mamy nadziej\u0119, \u017ce pokochasz nasze ubrania i poczujesz w nich kobiec\u0105 moc!"},{"@type":"BreadcrumbList","@id":"https:\/\/readytopole.pl\/showroom\/#breadcrumb","itemListElement":[{"@type":"ListItem","position":1,"name":"Strona g\u0142\u00f3wna","item":"https:\/\/readytopole.pl\/"},{"@type":"ListItem","position":2,"name":"Showroomy"}]},{"@type":"WebSite","@id":"https:\/\/readytopole.pl\/#website","url":"https:\/\/readytopole.pl\/","name":"Ready to Pole | Polewear - Slow Fashion dla Pole Dance","description":"Blog | Sklep z odzie\u017c\u0105 do Poledance","publisher":{"@id":"https:\/\/readytopole.pl\/#organization"},"alternateName":"Ready to pole","potentialAction":[{"@type":"SearchAction","target":{"@type":"EntryPoint","urlTemplate":"https:\/\/readytopole.pl\/?s={search_term_string}"},"query-input":{"@type":"PropertyValueSpecification","valueRequired":true,"valueName":"search_term_string"}}],"inLanguage":"en-US"},{"@type":"Organization","@id":"https:\/\/readytopole.pl\/#organization","name":"Ready to pole","alternateName":"Rtp","url":"https:\/\/readytopole.pl\/","logo":{"@type":"ImageObject","inLanguage":"en-US","@id":"https:\/\/readytopole.pl\/#\/schema\/logo\/image\/","url":"https:\/\/readytopole.pl\/wp-content\/uploads\/2023\/02\/cropped-cropped-RTP-logotyp-gold-effect-v1.png","contentUrl":"https:\/\/readytopole.pl\/wp-content\/uploads\/2023\/02\/cropped-cropped-RTP-logotyp-gold-effect-v1.png","width":1200,"height":1200,"caption":"Ready to pole"},"image":{"@id":"https:\/\/readytopole.pl\/#\/schema\/logo\/image\/"},"sameAs":["https:\/\/www.facebook.com\/people\/readytopole\/100084322415310\/","https:\/\/www.instagram.com\/readytopole\/?igshid=YmMyMTA2M2Y="]}]}},"_links":{"self":[{"href":"https:\/\/readytopole.pl\/en\/wp-json\/wp\/v2\/pages\/13807","targetHints":{"allow":["GET"]}}],"collection":[{"href":"https:\/\/readytopole.pl\/en\/wp-json\/wp\/v2\/pages"}],"about":[{"href":"https:\/\/readytopole.pl\/en\/wp-json\/wp\/v2\/types\/page"}],"author":[{"embeddable":true,"href":"https:\/\/readytopole.pl\/en\/wp-json\/wp\/v2\/users\/1"}],"replies":[{"embeddable":true,"href":"https:\/\/readytopole.pl\/en\/wp-json\/wp\/v2\/comments?post=13807"}],"version-history":[{"count":28,"href":"https:\/\/readytopole.pl\/en\/wp-json\/wp\/v2\/pages\/13807\/revisions"}],"predecessor-version":[{"id":21389,"href":"https:\/\/readytopole.pl\/en\/wp-json\/wp\/v2\/pages\/13807\/revisions\/21389"}],"wp:featuredmedia":[{"embeddable":true,"href":"https:\/\/readytopole.pl\/en\/wp-json\/wp\/v2\/media\/5141"}],"wp:attachment":[{"href":"https:\/\/readytopole.pl\/en\/wp-json\/wp\/v2\/media?parent=13807"}],"curies":[{"name":"wp","href":"https:\/\/api.w.org\/{rel}","templated":true}]}}